{"id":6335,"date":"2020-08-05T22:41:15","date_gmt":"2020-08-05T17:41:15","guid":{"rendered":"https:\/\/www.medexdtc.com\/ecografia-tiroidea-en-queens-endocrinologo-cerca-de-mi\/"},"modified":"2020-08-05T22:41:15","modified_gmt":"2020-08-05T17:41:15","slug":"thyroid-ultrasound","status":"publish","type":"page","link":"https:\/\/www.medexdtc.com\/es\/thyroid-ultrasound\/","title":{"rendered":"Ecograf\u00eda tiroidea en Queens | Endocrin\u00f3logo cerca de m\u00ed"},"content":{"rendered":"<p>La ecograf\u00eda tiroidea es una t\u00e9cnica de imagen utilizada para examinar la gl\u00e1ndula tiroides, situada en el cuello, que desempe\u00f1a un papel clave en la regulaci\u00f3n del metabolismo, es decir, los procesos que controlan la actividad celular y tisular. \u00bfBuscas <a href=\"https:\/\/www.medexdtc.com\/es\/endocrinology\/\">endocrin\u00f3logo<\/a> cerca de m\u00ed en Queens? Reserva una cita con los mejores endocrin\u00f3logos de Queens en <a href=\"https:\/\/www.medexdtc.com\/es\/\">Medex DTC<\/a>. El procedimiento de prueba permite a tu m\u00e9dico ver tu gl\u00e1ndula tiroides en una pantalla de ordenador. Para obtener un diagn\u00f3stico preciso, llama hoy al Centro de Diagn\u00f3stico y Tratamiento Medex.    <\/p>\n<p>Tu gl\u00e1ndula tiroides equilibra el metabolismo de tu cuerpo, pero no es m\u00e1s que una peque\u00f1a gl\u00e1ndula de la garganta. Est\u00e1 sujeta a muchas anomal\u00edas, causantes de trastornos m\u00e9dicos que incluyen el hipotiroidismo y el hipertiroidismo. Una ecograf\u00eda, tambi\u00e9n llamada ecograf\u00eda m\u00e9dica diagn\u00f3stica o simplemente ecograf\u00eda, es un m\u00e9todo de diagn\u00f3stico por imagen que tu m\u00e9dico de Queens, NY, utiliza para evaluar las estructuras de los tejidos blandos de tu cuerpo. La tecnolog\u00eda utiliza ondas sonoras de alta frecuencia emitidas por un instrumento similar a una varita. Tu <a href=\"https:\/\/www.medexdtc.com\/es\/primary-care\/\">m\u00e9dico de atenci\u00f3n primaria<\/a> o <a href=\"https:\/\/www.medexdtc.com\/es\/endocrinology\/\">endocrin\u00f3logo<\/a> coloca la varita fuera de tu cuerpo -u, ocasionalmente, incluso dentro de \u00e9l- para producir im\u00e1genes en un monitor de ordenador.    <\/p>\n<p>Tu endocrin\u00f3logo del Centro de Diagn\u00f3stico y Tratamiento Medex utiliza estas im\u00e1genes para evaluar diversas enfermedades y afecciones m\u00e9dicas. Proporciona im\u00e1genes visuales de tus tejidos, que tu m\u00e9dico analiza para afinar un diagn\u00f3stico o descartar otras afecciones. Una vez se ha llegado a un diagn\u00f3stico firme, la ecograf\u00eda ayuda a tu m\u00e9dico a determinar el mejor tratamiento para ti.  <\/p>\n<p>Ocasionalmente, tu m\u00e9dico puede utilizar una ecograf\u00eda como parte de una exploraci\u00f3n f\u00edsica normal. Y como una ecograf\u00eda produce una serie continua de im\u00e1genes, a diferencia de una radiograf\u00eda, tambi\u00e9n es la herramienta perfecta para guiar una aguja al lugar correcto para un tratamiento o a un crecimiento anormal para una biopsia. <\/p>\n<h2>Ecograf\u00eda de tiroides<\/h2>\n<p>La gl\u00e1ndula tiroides est\u00e1 situada delante de la tr\u00e1quea, dentro de la garganta. La gl\u00e1ndula segrega hormonas para equilibrar tu metabolismo. Si tu endocrin\u00f3logo te sugiere una ecograf\u00eda del tiroides, puede que se trate de n\u00f3dulos tiroideos, gota u otros crecimientos anormales. Tu m\u00e9dico tambi\u00e9n puede solicitar una ecograf\u00eda tiroidea si otras pruebas resultan anormales.   <\/p>\n<p>Es posible que tu endocrin\u00f3logo desee controlar regularmente el tejido de la tiroides y sus alrededores, sobre todo si has tenido problemas de tiroides en el pasado o tienes antecedentes familiares de afecciones tiroideas. Junto con la ecograf\u00eda tiroidea, tu m\u00e9dico puede solicitar: <\/p>\n<ul>\n<li>Pruebas de funci\u00f3n tiroidea para comprobar tus niveles hormonales<\/li>\n<li>Exploraciones especializadas con yodo inyectado<\/li>\n<li>Una biopsia mediante una aguja muy fina para extraer una muestra de un n\u00f3dulo para su examen por un laboratorio.<\/li>\n<\/ul>\n<h2>Qu\u00e9 revelan las ecograf\u00edas tiroideas<\/h2>\n<p>Un aparato de ultrasonidos emite ondas sonoras que rebotan para crear una imagen, similar a un eco o una radiograf\u00eda. Las diferentes densidades de los tejidos alcanzados por las ondas sonoras determinan las im\u00e1genes resultantes. La m\u00e1quina detecta y forma una imagen de tu tiroides, el tejido circundante y cualquier crecimiento anormal para que tu m\u00e9dico pueda evaluarlo.  <\/p>\n<p>Si hay crecimientos, tu m\u00e9dico busca caracter\u00edsticas espec\u00edficas que indiquen la posible causa y si deben realizarse otras pruebas. Las preguntas que necesitan respuesta son <\/p>\n<ul>\n<li>Si los crecimientos est\u00e1n o no llenos de l\u00edquido, lo que indica que se trata de un quiste benigno<\/li>\n<li>Si fluye sangre a trav\u00e9s de los crecimientos, lo que indica que son tejido vivo<\/li>\n<li>Si hay bordes afilados o difusos en los crecimientos<\/li>\n<li>El n\u00famero o tama\u00f1o de los crecimientos presentes, ya que unos crecimientos m\u00e1s numerosos pueden indicar un bocio<\/li>\n<li>Si un bulto en el tiroides procede del tiroides o de una estructura adyacente<\/li>\n<\/ul>\n<h2>Qu\u00e9 esperar durante una ecograf\u00eda tiroidea<\/h2>\n<p>No necesitar\u00e1s mucha preparaci\u00f3n para la mayor\u00eda de las ecograf\u00edas. Si no puedes permanecer quieto durante toda la prueba -por ejemplo, si un ni\u00f1o peque\u00f1o necesita una ecograf\u00eda-, puede recomendarse medicaci\u00f3n sedante. Antes de la prueba ecogr\u00e1fica, estar\u00e1s:  <\/p>\n<ul>\n<li>Se te pide que te tumbes en una posici\u00f3n determinada sobre una mesa de exploraci\u00f3n<\/li>\n<li>Se te pedir\u00e1 que te quites algo de ropa en la zona de la exploraci\u00f3n<\/li>\n<li>Se te da una bata para que te cambies durante la toma de im\u00e1genes<\/li>\n<li>Se te pide que te quites las joyas, especialmente collares o pendientes colgantes<\/li>\n<\/ul>\n<p>Tu m\u00e9dico o t\u00e9cnico m\u00e9dico te aplica gel en la piel sobre la zona que se va a examinar. Esto reduce la posibilidad de que queden bolsas de aire, que dificultan la obtenci\u00f3n de im\u00e1genes precisas. El gel a base de agua se limpia r\u00e1pida y f\u00e1cilmente de tu piel despu\u00e9s de la prueba.  <\/p>\n<p>Tu t\u00e9cnico o endocrin\u00f3logo presiona un peque\u00f1o dispositivo manual llamado transductor sobre el cuello, la garganta, la mand\u00edbula o la parte superior del t\u00f3rax, entre las clav\u00edculas. El lugar exacto lo determina la gl\u00e1ndula o zona objetivo. El transductor se mueve con cuidado y lentamente, hacia delante y hacia atr\u00e1s, para obtener la mejor imagen posible. Es posible que el t\u00e9cnico tenga que presionar firmemente en varias zonas durante el procedimiento.   <\/p>\n<h2>Resultados de una ecograf\u00eda tiroidea<\/h2>\n<p>Una ecograf\u00eda tiroidea ayuda a tu m\u00e9dico a hacer el diagn\u00f3stico m\u00e1s preciso, ya que la prueba permite a tu m\u00e9dico ver tu gl\u00e1ndula tiroides en un monitor durante la prueba. Las ecograf\u00edas son r\u00e1pidas e indoloras. La mayor\u00eda de las ecograf\u00edas tiroideas duran entre 30 minutos y una hora.  <\/p>\n<p>Puedes volver a tus actividades normales inmediatamente despu\u00e9s de la intervenci\u00f3n. Tu m\u00e9dico recibe una interpretaci\u00f3n y un an\u00e1lisis de un radi\u00f3logo especialmente formado para leer im\u00e1genes ecogr\u00e1ficas. \u00c9sa es una ventaja de una consulta multiespecialidad como el Centro de Diagn\u00f3stico y Tratamiento Medex de Queens, NY.  <\/p>\n<p>Tras el an\u00e1lisis, tu especialista en tiroides determina el mejor tratamiento para tus n\u00f3dulos tiroideos u otros problemas de tiroides. Para recibir la mejor atenci\u00f3n, <a href=\"https:\/\/www.medexdtc.com\/es\/thyroid-ultrasound\/#contact-form\">ponte en contacto con tu endocrino<\/a>. Obtendr\u00e1s el diagn\u00f3stico m\u00e1s preciso y el tratamiento m\u00e1s eficaz.  <\/p>\n<p>Podemos ayudarte a encontrar m\u00e9dico. Llama al <a href=\"tel:+17182758900\">(718) 275-8900<\/a> <\/p>\n<p>Con licencia del estado de Nueva York, Medex es un centro de diagn\u00f3stico y tratamiento del art\u00edculo 28. Nuestros m\u00e9dicos proporcionan atenci\u00f3n integral a pacientes de todas las edades en la zona de Forest Hills, Queens, desde hace m\u00e1s de 15 a\u00f1os. Empieza a recibir atenci\u00f3n experta ahora llamando o concertando una cita en l\u00ednea con uno de los especialistas cualificados.<\/p>\n","protected":false},"excerpt":{"rendered":"<p>La ecograf\u00eda tiroidea es una t\u00e9cnica de imagen utilizada para examinar la gl\u00e1ndula tiroides, situada en el cuello, que desempe\u00f1a un papel clave en la regulaci\u00f3n del metabolismo, es decir, los procesos que controlan la actividad celular y tisular. \u00bfBuscas endocrin\u00f3logo cerca de m\u00ed en Queens? Reserva una cita con los mejores endocrin\u00f3logos de Queens &hellip; <\/p>\n<p class=\"link-more\"><a href=\"https:\/\/www.medexdtc.com\/es\/thyroid-ultrasound\/\" class=\"more-link\">Continue reading<span class=\"screen-reader-text\"> \u00abEcograf\u00eda tiroidea en Queens | Endocrin\u00f3logo cerca de m\u00ed\u00bb<\/span><\/a><\/p>\n","protected":false},"author":3,"featured_media":0,"parent":0,"menu_order":0,"comment_status":"closed","ping_status":"closed","template":"new_inner.php","meta":{"_acf_changed":false,"footnotes":""},"class_list":["post-6335","page","type-page","status-publish","hentry"],"acf":[],"yoast_head":"<!-- This site is optimized with the Yoast SEO plugin v27.3 - https:\/\/yoast.com\/product\/yoast-seo-wordpress\/ -->\n<title>Ecograf\u00eda tiroidea en Forest Hills, Queens, NY | Endocrin\u00f3logo cerca de m\u00ed | Medex - Centro M\u00e9dico de Especialidades M\u00faltiples<\/title>\n<meta name=\"description\" content=\"Para encontrar la causa de tus s\u00edntomas y tratarlos, tu endocrin\u00f3logo de Forest Hills, Queens, NY puede pedirte que te hagas una ecograf\u00eda tiroidea.\" \/>\n<meta name=\"robots\" content=\"index, follow, max-snippet:-1, max-image-preview:large, max-video-preview:-1\" \/>\n<link rel=\"canonical\" href=\"https:\/\/www.medexdtc.com\/es\/thyroid-ultrasound\/\" \/>\n<meta property=\"og:locale\" content=\"es_ES\" \/>\n<meta property=\"og:type\" content=\"article\" \/>\n<meta property=\"og:title\" content=\"Ecograf\u00eda tiroidea en Forest Hills, Queens, NY | Endocrin\u00f3logo cerca de m\u00ed | Medex - Centro M\u00e9dico de Especialidades M\u00faltiples\" \/>\n<meta property=\"og:description\" content=\"Para encontrar la causa de tus s\u00edntomas y tratarlos, tu endocrin\u00f3logo de Forest Hills, Queens, NY puede pedirte que te hagas una ecograf\u00eda tiroidea.\" \/>\n<meta property=\"og:url\" content=\"https:\/\/www.medexdtc.com\/es\/thyroid-ultrasound\/\" \/>\n<meta property=\"og:site_name\" content=\"Medex Diagnostic and Treatment Center - Queens Medical Center - Medical Clinic in Forest Hills, NY\" \/>\n<meta property=\"article:publisher\" content=\"https:\/\/www.facebook.com\/medexny\" \/>\n<meta name=\"twitter:card\" content=\"summary_large_image\" \/>\n<meta name=\"twitter:site\" content=\"@DtcMedex\" \/>\n<meta name=\"twitter:label1\" content=\"Tiempo de lectura\" \/>\n\t<meta name=\"twitter:data1\" content=\"6 minutos\" \/>\n<!-- \/ Yoast SEO plugin. -->","yoast_head_json":{"title":"Ecograf\u00eda tiroidea en Forest Hills, Queens, NY | Endocrin\u00f3logo cerca de m\u00ed | Medex - Centro M\u00e9dico de Especialidades M\u00faltiples","description":"Para encontrar la causa de tus s\u00edntomas y tratarlos, tu endocrin\u00f3logo de Forest Hills, Queens, NY puede pedirte que te hagas una ecograf\u00eda tiroidea.","robots":{"index":"index","follow":"follow","max-snippet":"max-snippet:-1","max-image-preview":"max-image-preview:large","max-video-preview":"max-video-preview:-1"},"canonical":"https:\/\/www.medexdtc.com\/es\/thyroid-ultrasound\/","og_locale":"es_ES","og_type":"article","og_title":"Ecograf\u00eda tiroidea en Forest Hills, Queens, NY | Endocrin\u00f3logo cerca de m\u00ed | Medex - Centro M\u00e9dico de Especialidades M\u00faltiples","og_description":"Para encontrar la causa de tus s\u00edntomas y tratarlos, tu endocrin\u00f3logo de Forest Hills, Queens, NY puede pedirte que te hagas una ecograf\u00eda tiroidea.","og_url":"https:\/\/www.medexdtc.com\/es\/thyroid-ultrasound\/","og_site_name":"Medex Diagnostic and Treatment Center - Queens Medical Center - Medical Clinic in Forest Hills, NY","article_publisher":"https:\/\/www.facebook.com\/medexny","twitter_card":"summary_large_image","twitter_site":"@DtcMedex","twitter_misc":{"Tiempo de lectura":"6 minutos"},"schema":{"@context":"https:\/\/schema.org","@graph":[{"@type":"WebPage","@id":"https:\/\/www.medexdtc.com\/es\/thyroid-ultrasound\/","url":"https:\/\/www.medexdtc.com\/es\/thyroid-ultrasound\/","name":"Ecograf\u00eda tiroidea en Forest Hills, Queens, NY | Endocrin\u00f3logo cerca de m\u00ed | Medex - Centro M\u00e9dico de Especialidades M\u00faltiples","isPartOf":{"@id":"https:\/\/www.medexdtc.com\/es\/#website"},"datePublished":"2020-08-05T17:41:15+00:00","description":"Para encontrar la causa de tus s\u00edntomas y tratarlos, tu endocrin\u00f3logo de Forest Hills, Queens, NY puede pedirte que te hagas una ecograf\u00eda tiroidea.","breadcrumb":{"@id":"https:\/\/www.medexdtc.com\/es\/thyroid-ultrasound\/#breadcrumb"},"inLanguage":"es","potentialAction":[{"@type":"ReadAction","target":["https:\/\/www.medexdtc.com\/es\/thyroid-ultrasound\/"]}]},{"@type":"BreadcrumbList","@id":"https:\/\/www.medexdtc.com\/es\/thyroid-ultrasound\/#breadcrumb","itemListElement":[{"@type":"ListItem","position":1,"name":"Home","item":"https:\/\/www.medexdtc.com\/es\/"},{"@type":"ListItem","position":2,"name":"Ecograf\u00eda tiroidea en Queens | Endocrin\u00f3logo cerca de m\u00ed"}]},{"@type":"WebSite","@id":"https:\/\/www.medexdtc.com\/es\/#website","url":"https:\/\/www.medexdtc.com\/es\/","name":"Medex DTC","description":"Medex Diagnostic and Treatment Center is a Medical Center in Queens, NY is a dynamic multi-specialty clinic. Physicians delivering high quality individualized care in Forest Hills, Queens, NY.","publisher":{"@id":"https:\/\/www.medexdtc.com\/es\/#organization"},"potentialAction":[{"@type":"SearchAction","target":{"@type":"EntryPoint","urlTemplate":"https:\/\/www.medexdtc.com\/es\/?s={search_term_string}"},"query-input":{"@type":"PropertyValueSpecification","valueRequired":true,"valueName":"search_term_string"}}],"inLanguage":"es"},{"@type":"Organization","@id":"https:\/\/www.medexdtc.com\/es\/#organization","name":"Medex DCT","url":"https:\/\/www.medexdtc.com\/es\/","logo":{"@type":"ImageObject","inLanguage":"es","@id":"https:\/\/www.medexdtc.com\/es\/#\/schema\/logo\/image\/","url":"https:\/\/www.medexdtc.com\/wp-content\/uploads\/2024\/11\/medex-diagnostic-and-treatment-center-in-queens-NY.png","contentUrl":"https:\/\/www.medexdtc.com\/wp-content\/uploads\/2024\/11\/medex-diagnostic-and-treatment-center-in-queens-NY.png","width":226,"height":47,"caption":"Medex DCT"},"image":{"@id":"https:\/\/www.medexdtc.com\/es\/#\/schema\/logo\/image\/"},"sameAs":["https:\/\/www.facebook.com\/medexny","https:\/\/x.com\/DtcMedex","https:\/\/www.instagram.com\/medexdtc\/","https:\/\/www.linkedin.com\/company\/medex-diagnostic-and-treatment-center\/about\/"]}]}},"jetpack_sharing_enabled":true,"_links":{"self":[{"href":"https:\/\/www.medexdtc.com\/es\/wp-json\/wp\/v2\/pages\/6335","targetHints":{"allow":["GET"]}}],"collection":[{"href":"https:\/\/www.medexdtc.com\/es\/wp-json\/wp\/v2\/pages"}],"about":[{"href":"https:\/\/www.medexdtc.com\/es\/wp-json\/wp\/v2\/types\/page"}],"author":[{"embeddable":true,"href":"https:\/\/www.medexdtc.com\/es\/wp-json\/wp\/v2\/users\/3"}],"replies":[{"embeddable":true,"href":"https:\/\/www.medexdtc.com\/es\/wp-json\/wp\/v2\/comments?post=6335"}],"version-history":[{"count":0,"href":"https:\/\/www.medexdtc.com\/es\/wp-json\/wp\/v2\/pages\/6335\/revisions"}],"wp:attachment":[{"href":"https:\/\/www.medexdtc.com\/es\/wp-json\/wp\/v2\/media?parent=6335"}],"curies":[{"name":"wp","href":"https:\/\/api.w.org\/{rel}","templated":true}]}}