{"id":6338,"date":"2020-08-05T23:11:12","date_gmt":"2020-08-05T18:11:12","guid":{"rendered":"https:\/\/www.medexdtc.com\/mejores-gastroenterologos-en-forest-hills-queens-ny\/"},"modified":"2020-08-05T23:11:12","modified_gmt":"2020-08-05T18:11:12","slug":"gastroenterology","status":"publish","type":"page","link":"https:\/\/www.medexdtc.com\/es\/gastroenterology\/","title":{"rendered":"Mejores Gastroenter\u00f3logos en Forest Hills, Queens, NY"},"content":{"rendered":"<section id=\"about-madex-content-area\" class=\"about-madex-content-sec\">\n<div class=\"treatment-boxes about-madex-boxes\">\n<div>\n<p class=\"treatment-box-para\"><strong>El ardor de est\u00f3mago ocasional es inc\u00f3modo, pero cuando se convierte en algo habitual, necesitas un tratamiento eficaz. Con el tipo de atenci\u00f3n que recibes cuando visitas a los especialistas del Centro de Diagn\u00f3stico y Tratamiento Medex de Queens (Nueva York), puedes tener bajo control los s\u00edntomas de la ERGE. Y cuando se trata de cuidados preventivos para problemas intestinales, no hay mejor lugar para recibir una atenci\u00f3n compasiva y especializada. Aunque la prevenci\u00f3n es con mucho el mejor m\u00e9todo para evitar el dolor abdominal y el c\u00e1ncer de colon, la intervenci\u00f3n precoz impide que esos problemas se agraven. Llama hoy para pedir cita.    <\/strong><\/p>\n<p class=\"treatment-box-para\">Descubre una atenci\u00f3n experta con el <a href=\"https:\/\/www.medexdtc.com\/es\/medex-dtc-medicos-de-queens\/dr-boris-chusid\/\">mejor gastroenter\u00f3logo de Queens<\/a> en el Centro de Diagn\u00f3stico y Tratamiento Medex, especializado en servicios completos de gastroenterolog\u00eda para satisfacer todas tus necesidades de salud digestiva. El ardor de est\u00f3mago ocasional es inc\u00f3modo, pero cuando se convierte en algo habitual, necesitas un tratamiento eficaz. Con el tipo de atenci\u00f3n que recibes cuando visitas a los m\u00e9dicos del Centro de Diagn\u00f3stico y Tratamiento Medex, puedes controlar tus s\u00edntomas de ERGE. Y cuando se trata de cuidados preventivos para problemas intestinales, no hay mejor lugar para recibir una atenci\u00f3n compasiva. Aunque la prevenci\u00f3n es con mucho el mejor m\u00e9todo para evitar el dolor abdominal y el c\u00e1ncer de colon, la intervenci\u00f3n precoz impide que esos problemas se agraven. Llama hoy para pedir cita.     <\/p>\n<\/div>\n<\/div>\n<\/section>\n<p><strong><a href=\"https:\/\/www.medexdtc.com\/es\/medex-dtc-medicos-de-queens\/dr-boris-chusid\/\">Boris Chusid, MD Gastroenter\u00f3logo Queens, NY  <\/a><\/strong><\/p>\n<div class=\"wp-block-buttons\">\n<div class=\"wp-block-button\"><a class=\"wp-block-button__link has-vivid-red-background-color has-background wp-element-button\" href=\"https:\/\/app.nexhealth.com\/appt\/medex-diagnostic-and-treatment-center\">Schedule Appointment<\/a><\/div>\n<\/div>\n<div><\/div>\n<div><\/div>\n<blockquote><p><strong>Nota<\/strong>:  <em>Los proveedores de gastroenterolog\u00eda de Queens en Medex, situado en Forest Hills, Queens, NY, aceptan <strong>los principales seguros, incluidos Medicare, Medicaid, HIP, Emblemhealth, GHI, MetroPlus y Fidelis<\/strong>. Nuestros m\u00e9dicos mejor valorados ofrecen una gama completa de procedimientos m\u00e9dicos y se encuentran entre los mejores gastroenter\u00f3logos de la regi\u00f3n. <\/em><\/p><\/blockquote>\n<p>La gastroenterolog\u00eda es el campo de la medicina destinado a prevenir, diagnosticar y tratar los problemas del tubo digestivo. El tubo digestivo est\u00e1 formado por: <\/p>\n<ul>\n<li>Est\u00f3mago<\/li>\n<li>Es\u00f3fago<\/li>\n<li>Colon y recto<\/li>\n<li>Intestino delgado<\/li>\n<li>H\u00edgado<\/li>\n<li>Conductos biliares<\/li>\n<li>P\u00e1ncreas<\/li>\n<li>Ves\u00edcula biliar<\/li>\n<\/ul>\n<p>Puede que los problemas en cualquiera de estos \u00f3rganos no sean una gran conversaci\u00f3n durante la cena, pero deber\u00edas hablar de ello con tu gastroenter\u00f3logo del Centro de Diagn\u00f3stico y Tratamiento Medex de Queens, NY. Inicia esa conversaci\u00f3n durante tu primera visita con un especialista o con tu <a href=\"https:\/\/www.medexdtc.com\/es\/primary-care\/\">m\u00e9dico de atenci\u00f3n primaria<\/a>. <\/p>\n<p>Tampoco tienes que esperar a que la enfermedad se agrave para buscar tratamiento. Cuanto antes se detecten los problemas, antes y m\u00e1s f\u00e1cilmente podr\u00e1 tratarse. Adem\u00e1s, las medidas preventivas son la mejor manera de evitar problemas mayores. As\u00ed que, si has tenido problemas gastrointestinales en el pasado, haz que la visita a un especialista forme parte de tu chequeo m\u00e9dico.   <\/p>\n<h2>Mejores Gastroenter\u00f3logos en Forest Hills, Queens, NY<\/h2>\n<p>Dr. Boris Chusid, MDGastroenter\u00f3logo 718.275.8900 Forest Hills, NY<\/p>\n<p>Experiencia del paciente<\/p>\n<p>\u00abMedex en Forest Hills, N.Y. tiene un servicio excelente. Los doctores y el personal son muy acogedores y se adaptan a tus necesidades y horarios. Recomendar\u00eda encarecidamente a cualquiera que viniera aqu\u00ed\u00bb. &#8211; Jane<\/p>\n<p>111-29 Queens Blvd<br \/>\nForest Hills, NY 11375<br \/>\nTel\u00e9fono: (718) 275-8900<\/p>\n<p>4.0<\/p>\n<p>M\u00e1s de 100 opiniones<\/p>\n<p><a href=\"https:\/\/goo.gl\/maps\/P9drFAKbbXpwVDxG9\">Ver m\u00e1s de 100 opiniones \u00ab<\/a><\/p>\n<h2>C\u00f3mo prevenir los trastornos gastrointestinales<\/h2>\n<p>La mayor\u00eda de los trastornos gastrointestinales son totalmente evitables. Sin embargo, si no se tratan, pueden dar lugar a complicaciones graves que pueden causar da\u00f1os permanentes y requerir procedimientos invasivos. Tu especialista del Centro de Diagn\u00f3stico y Tratamiento Medex te proporciona un plan detallado para reducir e incluso eliminar trastornos molestos, como:  <\/p>\n<ul>\n<li>Diarrea<\/li>\n<li>Estre\u00f1imiento<\/li>\n<li>Hemorroides<\/li>\n<li><a href=\"https:\/\/www.medexdtc.com\/es\/gerd\/\">ERGE y acidez estomacal<\/a><\/li>\n<li>Gases e hinchaz\u00f3n<\/li>\n<li>S\u00edndrome del intestino irritable (SII)<\/li>\n<li>Gastritis<\/li>\n<li>Diverticulitis<\/li>\n<li>Fisuras anales<\/li>\n<\/ul>\n<p>Tu gastroenter\u00f3logo te recomienda t\u00e9cnicas de eficacia probada para evitar muchos problemas estomacales y gastrointestinales, como:<\/p>\n<ul>\n<li>Seguir una dieta rica en fibra<\/li>\n<li>Hacer suficiente ejercicio<\/li>\n<li>Reducir la cantidad de productos l\u00e1cteos que consumes<\/li>\n<li>Reducir el estr\u00e9s<\/li>\n<li>Mover los intestinos con prontitud cuando aparece la urgencia<\/li>\n<li>Evitar el uso excesivo de laxantes y ablandadores de heces que debilitan los m\u00fasculos intestinales<\/li>\n<li>Eliminar los anti\u00e1cidos que contienen aluminio o calcio<\/li>\n<li>Reducir el consumo de cafe\u00edna<\/li>\n<\/ul>\n<p>Puedes desarrollar problemas gastrointestinales sin tener la culpa. El embarazo, por ejemplo, suele provocar hemorroides y otros problemas estomacales. Los medicamentos, como los comprimidos de hierro, los analg\u00e9sicos fuertes y los antidepresivos, pueden provocar estre\u00f1imiento o gases. Tu especialista te ofrece una serie de alternativas y t\u00e9cnicas para reducir tus molestias.   <\/p>\n<h2>Pantalla para tu vida<\/h2>\n<p>El c\u00e1ncer colorrectal es el segundo tipo de c\u00e1ncer m\u00e1s frecuente en Estados Unidos. Sin embargo, es uno de los c\u00e1nceres m\u00e1s prevenibles y curables, sobre todo cuando se detecta precozmente. El m\u00e9todo de cribado preferido es <a href=\"https:\/\/www.medexdtc.com\/es\/colonoscopy\/\">la colonoscopia<\/a>, que se realiza peri\u00f3dicamente siguiendo las recomendaciones de tu gastroenter\u00f3logo. Durante el procedimiento, tu m\u00e9dico comprueba si hay c\u00e9lulas cancerosas y extirpa p\u00f3lipos, que son posibles precursores del c\u00e1ncer de colon.   <\/p>\n<p>En el Centro de Diagn\u00f3stico y Tratamiento Medex, los m\u00e9dicos conf\u00edan en los procedimientos de cribado m\u00e1s modernos para detectar problemas gastrointestinales antes de que estallen en una enfermedad en toda regla. Otras herramientas de diagn\u00f3stico son: <\/p>\n<ul>\n<li>Una <a href=\"https:\/\/www.medexdtc.com\/es\/upper-endoscopy\/\">endoscopia<\/a> digestiva alta, utilizada para detectar y a menudo tratar los s\u00edntomas gastrointestinales altos<\/li>\n<li>Pruebas de enfermedades de transmisi\u00f3n sexual (ETS) para descubrir verrugas anales<\/li>\n<li>Pruebas de enzimas hep\u00e1ticas que descarten problemas hep\u00e1ticos como origen del dolor abdominal<\/li>\n<li>Un an\u00e1lisis de muestras de heces para buscar infecciones<\/li>\n<li>Un TAC para determinar la gravedad de la diverticulitis<\/li>\n<li>Una prueba de aliento para diagnosticar trastornos digestivos<\/li>\n<li>Tratamientos con c\u00e1psula del intestino delgado para examinar la secci\u00f3n media de tu tubo digestivo<\/li>\n<\/ul>\n<h2>Opciones de tratamiento gastrointestinal<\/h2>\n<p>Dado que en el procesamiento de los alimentos para tu cuerpo intervienen tantos \u00f3rganos diferentes, los tratamientos de las afecciones gastrointestinales var\u00edan significativamente. Por ejemplo, extirpar p\u00f3lipos durante una colonoscopia puede ser todo lo que necesitas para prevenir el c\u00e1ncer. Sin embargo, si esperas demasiado, el c\u00e1ncer puede extenderse desde el colon a todo el cuerpo, requiriendo tratamientos extensos como radioterapia, quimioterapia y cirug\u00eda.  <\/p>\n<p>Aunque tu gastroenter\u00f3logo prefiere detectar precozmente los problemas gastrointestinales y proporcionar cambios en el estilo de vida como tratamiento m\u00e1s eficaz, puede que necesites tratamientos avanzados, entre ellos:<\/p>\n<ul>\n<li>Medicamentos para afecciones como el SII<\/li>\n<li>Cirug\u00eda m\u00ednimamente invasiva para extirpar hemorroides o reparar fisuras anales<\/li>\n<li>Antibi\u00f3ticos para tratar infecciones<\/li>\n<\/ul>\n<h2>Revisiones peri\u00f3dicas y atenci\u00f3n de urgencia<\/h2>\n<p>La forma m\u00e1s productiva de mantenerse sano es someterse a revisiones peri\u00f3dicas con tu gastroenter\u00f3logo, sobre todo si tienes antecedentes familiares de trastornos gastrointestinales o has padecido afecciones previas del tracto gastrointestinal. Todas las personas mayores de 50 a\u00f1os deben mantener un programa regular de revisiones colorrectales, normalmente cada cinco a\u00f1os si se extirparon p\u00f3lipos. Busca tratamiento lo antes posible si experimentas s\u00edntomas m\u00e1s graves, como:  <\/p>\n<ul>\n<li>Hemorragia anal<\/li>\n<li>Cambios en tus deposiciones normales<\/li>\n<li>Gases intensos o dolor abdominal<\/li>\n<li>P\u00e9rdida de peso que no puedes explicar<\/li>\n<li>Fatiga<\/li>\n<li>Almorranas, que son co\u00e1gulos de sangre que causan dolor al defecar<\/li>\n<li>Diarrea o estre\u00f1imiento duraderos o alternantes<\/li>\n<\/ul>\n<p><strong>Informa a tu m\u00e9dico de cabecera si tienes alg\u00fan s\u00edntoma digestivo inusual o molesto, para que pueda derivarte a un gastroenter\u00f3logo del Centro de Diagn\u00f3stico y Tratamiento Medex. Es s\u00f3lo una de las ventajas de hacer de una consulta multiespecialidad tu primera parada para recibir atenci\u00f3n m\u00e9dica. Cuanto antes visites a tu gastroenter\u00f3logo, m\u00e1s posibilidades tendr\u00e1s de prevenir complicaciones m\u00e1s graves. <a href=\"https:\/\/www.medexdtc.com\/es\/gastroenterology\/#contact-form\">Ponte en contacto hoy mismo con los expertos en gastroenterolog\u00eda<\/a> para concertar una cita en Queens.  <\/strong><\/p>\n<p>Podemos ayudarte a encontrar m\u00e9dico. Llama al <a href=\"tel:+17182758900\">(718) 275-8900<\/a> <\/p>\n<p>Con licencia del estado de Nueva York, Medex es un centro de diagn\u00f3stico y tratamiento del art\u00edculo 28. Nuestros m\u00e9dicos proporcionan atenci\u00f3n integral a pacientes de todas las edades en la zona de Forest Hills, Queens, desde hace m\u00e1s de 15 a\u00f1os. Empieza a recibir atenci\u00f3n experta ahora llamando o concertando una cita en l\u00ednea con uno de los especialistas cualificados.  <\/p>\n<h2><img fetchpriority=\"high\" decoding=\"async\" class=\"about-madex-images alignnone\" src=\"https:\/\/www.medexdtc.com\/wp-content\/uploads\/2020\/08\/Gastroenterology.jpg\" alt=\"Gastroenterolog\u00eda Queens\" width=\"585\" height=\"615\"><\/h2>\n","protected":false},"excerpt":{"rendered":"<p>El ardor de est\u00f3mago ocasional es inc\u00f3modo, pero cuando se convierte en algo habitual, necesitas un tratamiento eficaz. Con el tipo de atenci\u00f3n que recibes cuando visitas a los especialistas del Centro de Diagn\u00f3stico y Tratamiento Medex de Queens (Nueva York), puedes tener bajo control los s\u00edntomas de la ERGE. Y cuando se trata de &hellip; <\/p>\n<p class=\"link-more\"><a href=\"https:\/\/www.medexdtc.com\/es\/gastroenterology\/\" class=\"more-link\">Continue reading<span class=\"screen-reader-text\"> \u00abMejores Gastroenter\u00f3logos en Forest Hills, Queens, NY\u00bb<\/span><\/a><\/p>\n","protected":false},"author":3,"featured_media":0,"parent":0,"menu_order":0,"comment_status":"closed","ping_status":"closed","template":"new_inner.php","meta":{"_acf_changed":false,"footnotes":""},"class_list":["post-6338","page","type-page","status-publish","hentry"],"acf":[],"yoast_head":"<!-- This site is optimized with the Yoast SEO plugin v27.5 - https:\/\/yoast.com\/product\/yoast-seo-wordpress\/ -->\n<title>Gastroenterolog\u00eda Queens | Gastroenter\u00f3logos en Forest Hills, Queens, NY<\/title>\n<meta name=\"description\" content=\"Los gastroenter\u00f3logos de Forest Hills, Queens, NY tratan desde el reflujo \u00e1cido hasta problemas digestivos. Aceptamos Medicare, Medicaid, HIP, Emblemhealth, GHI, MetroPlus, Fidelis.\" \/>\n<meta name=\"robots\" content=\"index, follow, max-snippet:-1, max-image-preview:large, max-video-preview:-1\" \/>\n<link rel=\"canonical\" href=\"https:\/\/www.medexdtc.com\/es\/gastroenterology\/\" \/>\n<meta property=\"og:locale\" content=\"es_ES\" \/>\n<meta property=\"og:type\" content=\"article\" \/>\n<meta property=\"og:title\" content=\"Gastroenterolog\u00eda Queens | Gastroenter\u00f3logos en Forest Hills, Queens, NY\" \/>\n<meta property=\"og:description\" content=\"Los gastroenter\u00f3logos de Forest Hills, Queens, NY tratan desde el reflujo \u00e1cido hasta problemas digestivos. Aceptamos Medicare, Medicaid, HIP, Emblemhealth, GHI, MetroPlus, Fidelis.\" \/>\n<meta property=\"og:url\" content=\"https:\/\/www.medexdtc.com\/es\/gastroenterology\/\" \/>\n<meta property=\"og:site_name\" content=\"Medex Diagnostic and Treatment Center - Queens Medical Center - Medical Clinic in Forest Hills, NY\" \/>\n<meta property=\"article:publisher\" content=\"https:\/\/www.facebook.com\/medexny\" \/>\n<meta property=\"og:image\" content=\"https:\/\/www.medexdtc.com\/wp-content\/uploads\/2020\/08\/Gastroenterology.jpg\" \/>\n<meta name=\"twitter:card\" content=\"summary_large_image\" \/>\n<meta name=\"twitter:site\" content=\"@DtcMedex\" \/>\n<meta name=\"twitter:label1\" content=\"Tiempo de lectura\" \/>\n\t<meta name=\"twitter:data1\" content=\"7 minutos\" \/>\n<!-- \/ Yoast SEO plugin. -->","yoast_head_json":{"title":"Gastroenterolog\u00eda Queens | Gastroenter\u00f3logos en Forest Hills, Queens, NY","description":"Los gastroenter\u00f3logos de Forest Hills, Queens, NY tratan desde el reflujo \u00e1cido hasta problemas digestivos. Aceptamos Medicare, Medicaid, HIP, Emblemhealth, GHI, MetroPlus, Fidelis.","robots":{"index":"index","follow":"follow","max-snippet":"max-snippet:-1","max-image-preview":"max-image-preview:large","max-video-preview":"max-video-preview:-1"},"canonical":"https:\/\/www.medexdtc.com\/es\/gastroenterology\/","og_locale":"es_ES","og_type":"article","og_title":"Gastroenterolog\u00eda Queens | Gastroenter\u00f3logos en Forest Hills, Queens, NY","og_description":"Los gastroenter\u00f3logos de Forest Hills, Queens, NY tratan desde el reflujo \u00e1cido hasta problemas digestivos. Aceptamos Medicare, Medicaid, HIP, Emblemhealth, GHI, MetroPlus, Fidelis.","og_url":"https:\/\/www.medexdtc.com\/es\/gastroenterology\/","og_site_name":"Medex Diagnostic and Treatment Center - Queens Medical Center - Medical Clinic in Forest Hills, NY","article_publisher":"https:\/\/www.facebook.com\/medexny","og_image":[{"url":"https:\/\/www.medexdtc.com\/wp-content\/uploads\/2020\/08\/Gastroenterology.jpg","type":"","width":"","height":""}],"twitter_card":"summary_large_image","twitter_site":"@DtcMedex","twitter_misc":{"Tiempo de lectura":"7 minutos"},"schema":{"@context":"https:\/\/schema.org","@graph":[{"@type":"WebPage","@id":"https:\/\/www.medexdtc.com\/es\/gastroenterology\/","url":"https:\/\/www.medexdtc.com\/es\/gastroenterology\/","name":"Gastroenterolog\u00eda Queens | Gastroenter\u00f3logos en Forest Hills, Queens, NY","isPartOf":{"@id":"https:\/\/www.medexdtc.com\/es\/#website"},"primaryImageOfPage":{"@id":"https:\/\/www.medexdtc.com\/es\/gastroenterology\/#primaryimage"},"image":{"@id":"https:\/\/www.medexdtc.com\/es\/gastroenterology\/#primaryimage"},"thumbnailUrl":"https:\/\/www.medexdtc.com\/wp-content\/uploads\/2020\/08\/Gastroenterology.jpg","datePublished":"2020-08-05T18:11:12+00:00","description":"Los gastroenter\u00f3logos de Forest Hills, Queens, NY tratan desde el reflujo \u00e1cido hasta problemas digestivos. Aceptamos Medicare, Medicaid, HIP, Emblemhealth, GHI, MetroPlus, Fidelis.","breadcrumb":{"@id":"https:\/\/www.medexdtc.com\/es\/gastroenterology\/#breadcrumb"},"inLanguage":"es","potentialAction":[{"@type":"ReadAction","target":["https:\/\/www.medexdtc.com\/es\/gastroenterology\/"]}]},{"@type":"ImageObject","inLanguage":"es","@id":"https:\/\/www.medexdtc.com\/es\/gastroenterology\/#primaryimage","url":"https:\/\/www.medexdtc.com\/wp-content\/uploads\/2020\/08\/Gastroenterology.jpg","contentUrl":"https:\/\/www.medexdtc.com\/wp-content\/uploads\/2020\/08\/Gastroenterology.jpg"},{"@type":"BreadcrumbList","@id":"https:\/\/www.medexdtc.com\/es\/gastroenterology\/#breadcrumb","itemListElement":[{"@type":"ListItem","position":1,"name":"Home","item":"https:\/\/www.medexdtc.com\/es\/"},{"@type":"ListItem","position":2,"name":"Mejores Gastroenter\u00f3logos en Forest Hills, Queens, NY"}]},{"@type":"WebSite","@id":"https:\/\/www.medexdtc.com\/es\/#website","url":"https:\/\/www.medexdtc.com\/es\/","name":"Medex DTC","description":"Medex Diagnostic and Treatment Center is a Medical Center in Queens, NY is a dynamic multi-specialty clinic. Physicians delivering high quality individualized care in Forest Hills, Queens, NY.","publisher":{"@id":"https:\/\/www.medexdtc.com\/es\/#organization"},"potentialAction":[{"@type":"SearchAction","target":{"@type":"EntryPoint","urlTemplate":"https:\/\/www.medexdtc.com\/es\/?s={search_term_string}"},"query-input":{"@type":"PropertyValueSpecification","valueRequired":true,"valueName":"search_term_string"}}],"inLanguage":"es"},{"@type":"Organization","@id":"https:\/\/www.medexdtc.com\/es\/#organization","name":"Medex DCT","url":"https:\/\/www.medexdtc.com\/es\/","logo":{"@type":"ImageObject","inLanguage":"es","@id":"https:\/\/www.medexdtc.com\/es\/#\/schema\/logo\/image\/","url":"https:\/\/www.medexdtc.com\/wp-content\/uploads\/2024\/11\/medex-diagnostic-and-treatment-center-in-queens-NY.png","contentUrl":"https:\/\/www.medexdtc.com\/wp-content\/uploads\/2024\/11\/medex-diagnostic-and-treatment-center-in-queens-NY.png","width":226,"height":47,"caption":"Medex DCT"},"image":{"@id":"https:\/\/www.medexdtc.com\/es\/#\/schema\/logo\/image\/"},"sameAs":["https:\/\/www.facebook.com\/medexny","https:\/\/x.com\/DtcMedex","https:\/\/www.instagram.com\/medexdtc\/","https:\/\/www.linkedin.com\/company\/medex-diagnostic-and-treatment-center\/about\/"]}]}},"jetpack_sharing_enabled":true,"_links":{"self":[{"href":"https:\/\/www.medexdtc.com\/es\/wp-json\/wp\/v2\/pages\/6338","targetHints":{"allow":["GET"]}}],"collection":[{"href":"https:\/\/www.medexdtc.com\/es\/wp-json\/wp\/v2\/pages"}],"about":[{"href":"https:\/\/www.medexdtc.com\/es\/wp-json\/wp\/v2\/types\/page"}],"author":[{"embeddable":true,"href":"https:\/\/www.medexdtc.com\/es\/wp-json\/wp\/v2\/users\/3"}],"replies":[{"embeddable":true,"href":"https:\/\/www.medexdtc.com\/es\/wp-json\/wp\/v2\/comments?post=6338"}],"version-history":[{"count":0,"href":"https:\/\/www.medexdtc.com\/es\/wp-json\/wp\/v2\/pages\/6338\/revisions"}],"wp:attachment":[{"href":"https:\/\/www.medexdtc.com\/es\/wp-json\/wp\/v2\/media?parent=6338"}],"curies":[{"name":"wp","href":"https:\/\/api.w.org\/{rel}","templated":true}]}}