{"id":6350,"date":"2020-06-09T21:41:14","date_gmt":"2020-06-09T16:41:14","guid":{"rendered":"https:\/\/www.medexdtc.com\/testimonios\/"},"modified":"2020-06-09T21:41:14","modified_gmt":"2020-06-09T16:41:14","slug":"testimonials","status":"publish","type":"page","link":"https:\/\/www.medexdtc.com\/es\/testimonials\/","title":{"rendered":"Testimonios"},"content":{"rendered":"","protected":false},"excerpt":{"rendered":"","protected":false},"author":3,"featured_media":0,"parent":0,"menu_order":0,"comment_status":"closed","ping_status":"closed","template":"testimonials-page.php","meta":{"_acf_changed":false,"footnotes":""},"class_list":["post-6350","page","type-page","status-publish","hentry"],"acf":[],"yoast_head":"<!-- This site is optimized with the Yoast SEO plugin v27.3 - https:\/\/yoast.com\/product\/yoast-seo-wordpress\/ -->\n<title>Testimonios | Medex - Centro M\u00e9dico Multiespecialidad en Forest Hills, Queens, NY<\/title>\n<meta name=\"description\" content=\"Los m\u00e9dicos mejor valorados ofrecen una atenci\u00f3n individualizada de alta calidad en el Centro de Diagn\u00f3stico y Tratamiento Medex de Forest Hills, Queens, NY\" \/>\n<meta name=\"robots\" content=\"index, follow, max-snippet:-1, max-image-preview:large, max-video-preview:-1\" \/>\n<link rel=\"canonical\" href=\"https:\/\/www.medexdtc.com\/es\/testimonials\/\" \/>\n<meta property=\"og:locale\" content=\"es_ES\" \/>\n<meta property=\"og:type\" content=\"article\" \/>\n<meta property=\"og:title\" content=\"Testimonios | Medex - Centro M\u00e9dico Multiespecialidad en Forest Hills, Queens, NY\" \/>\n<meta property=\"og:description\" content=\"Los m\u00e9dicos mejor valorados ofrecen una atenci\u00f3n individualizada de alta calidad en el Centro de Diagn\u00f3stico y Tratamiento Medex de Forest Hills, Queens, NY\" \/>\n<meta property=\"og:url\" content=\"https:\/\/www.medexdtc.com\/es\/testimonials\/\" \/>\n<meta property=\"og:site_name\" content=\"Medex Diagnostic and Treatment Center - Queens Medical Center - Medical Clinic in Forest Hills, NY\" \/>\n<meta property=\"article:publisher\" content=\"https:\/\/www.facebook.com\/medexny\" \/>\n<meta name=\"twitter:card\" content=\"summary_large_image\" \/>\n<meta name=\"twitter:site\" content=\"@DtcMedex\" \/>\n<!-- \/ Yoast SEO plugin. -->","yoast_head_json":{"title":"Testimonios | Medex - Centro M\u00e9dico Multiespecialidad en Forest Hills, Queens, NY","description":"Los m\u00e9dicos mejor valorados ofrecen una atenci\u00f3n individualizada de alta calidad en el Centro de Diagn\u00f3stico y Tratamiento Medex de Forest Hills, Queens, NY","robots":{"index":"index","follow":"follow","max-snippet":"max-snippet:-1","max-image-preview":"max-image-preview:large","max-video-preview":"max-video-preview:-1"},"canonical":"https:\/\/www.medexdtc.com\/es\/testimonials\/","og_locale":"es_ES","og_type":"article","og_title":"Testimonios | Medex - Centro M\u00e9dico Multiespecialidad en Forest Hills, Queens, NY","og_description":"Los m\u00e9dicos mejor valorados ofrecen una atenci\u00f3n individualizada de alta calidad en el Centro de Diagn\u00f3stico y Tratamiento Medex de Forest Hills, Queens, NY","og_url":"https:\/\/www.medexdtc.com\/es\/testimonials\/","og_site_name":"Medex Diagnostic and Treatment Center - Queens Medical Center - Medical Clinic in Forest Hills, NY","article_publisher":"https:\/\/www.facebook.com\/medexny","twitter_card":"summary_large_image","twitter_site":"@DtcMedex","schema":{"@context":"https:\/\/schema.org","@graph":[{"@type":"WebPage","@id":"https:\/\/www.medexdtc.com\/es\/testimonials\/","url":"https:\/\/www.medexdtc.com\/es\/testimonials\/","name":"Testimonios | Medex - Centro M\u00e9dico Multiespecialidad en Forest Hills, Queens, NY","isPartOf":{"@id":"https:\/\/www.medexdtc.com\/es\/#website"},"datePublished":"2020-06-09T16:41:14+00:00","description":"Los m\u00e9dicos mejor valorados ofrecen una atenci\u00f3n individualizada de alta calidad en el Centro de Diagn\u00f3stico y Tratamiento Medex de Forest Hills, Queens, NY","breadcrumb":{"@id":"https:\/\/www.medexdtc.com\/es\/testimonials\/#breadcrumb"},"inLanguage":"es","potentialAction":[{"@type":"ReadAction","target":["https:\/\/www.medexdtc.com\/es\/testimonials\/"]}]},{"@type":"BreadcrumbList","@id":"https:\/\/www.medexdtc.com\/es\/testimonials\/#breadcrumb","itemListElement":[{"@type":"ListItem","position":1,"name":"Home","item":"https:\/\/www.medexdtc.com\/es\/"},{"@type":"ListItem","position":2,"name":"Testimonios"}]},{"@type":"WebSite","@id":"https:\/\/www.medexdtc.com\/es\/#website","url":"https:\/\/www.medexdtc.com\/es\/","name":"Medex DTC","description":"Medex Diagnostic and Treatment Center is a Medical Center in Queens, NY is a dynamic multi-specialty clinic. Physicians delivering high quality individualized care in Forest Hills, Queens, NY.","publisher":{"@id":"https:\/\/www.medexdtc.com\/es\/#organization"},"potentialAction":[{"@type":"SearchAction","target":{"@type":"EntryPoint","urlTemplate":"https:\/\/www.medexdtc.com\/es\/?s={search_term_string}"},"query-input":{"@type":"PropertyValueSpecification","valueRequired":true,"valueName":"search_term_string"}}],"inLanguage":"es"},{"@type":"Organization","@id":"https:\/\/www.medexdtc.com\/es\/#organization","name":"Medex DCT","url":"https:\/\/www.medexdtc.com\/es\/","logo":{"@type":"ImageObject","inLanguage":"es","@id":"https:\/\/www.medexdtc.com\/es\/#\/schema\/logo\/image\/","url":"https:\/\/www.medexdtc.com\/wp-content\/uploads\/2024\/11\/medex-diagnostic-and-treatment-center-in-queens-NY.png","contentUrl":"https:\/\/www.medexdtc.com\/wp-content\/uploads\/2024\/11\/medex-diagnostic-and-treatment-center-in-queens-NY.png","width":226,"height":47,"caption":"Medex DCT"},"image":{"@id":"https:\/\/www.medexdtc.com\/es\/#\/schema\/logo\/image\/"},"sameAs":["https:\/\/www.facebook.com\/medexny","https:\/\/x.com\/DtcMedex","https:\/\/www.instagram.com\/medexdtc\/","https:\/\/www.linkedin.com\/company\/medex-diagnostic-and-treatment-center\/about\/"]}]}},"jetpack_sharing_enabled":true,"_links":{"self":[{"href":"https:\/\/www.medexdtc.com\/es\/wp-json\/wp\/v2\/pages\/6350","targetHints":{"allow":["GET"]}}],"collection":[{"href":"https:\/\/www.medexdtc.com\/es\/wp-json\/wp\/v2\/pages"}],"about":[{"href":"https:\/\/www.medexdtc.com\/es\/wp-json\/wp\/v2\/types\/page"}],"author":[{"embeddable":true,"href":"https:\/\/www.medexdtc.com\/es\/wp-json\/wp\/v2\/users\/3"}],"replies":[{"embeddable":true,"href":"https:\/\/www.medexdtc.com\/es\/wp-json\/wp\/v2\/comments?post=6350"}],"version-history":[{"count":0,"href":"https:\/\/www.medexdtc.com\/es\/wp-json\/wp\/v2\/pages\/6350\/revisions"}],"wp:attachment":[{"href":"https:\/\/www.medexdtc.com\/es\/wp-json\/wp\/v2\/media?parent=6350"}],"curies":[{"name":"wp","href":"https:\/\/api.w.org\/{rel}","templated":true}]}}