{"id":6353,"date":"2020-08-05T23:11:51","date_gmt":"2020-08-05T18:11:51","guid":{"rendered":"https:\/\/www.medexdtc.com\/aranas-vasculares\/"},"modified":"2020-08-05T23:11:51","modified_gmt":"2020-08-05T18:11:51","slug":"spider-veins","status":"publish","type":"page","link":"https:\/\/www.medexdtc.com\/es\/spider-veins\/","title":{"rendered":"Ara\u00f1as vasculares"},"content":{"rendered":"<p>Las ara\u00f1as vasculares son vasos sangu\u00edneos dilatados o rotos cerca de la superficie de la piel, por eso son tan visibles. Y es el aspecto de las antiest\u00e9ticas venas retorcidas en forma de telara\u00f1a lo que lleva a la mayor\u00eda de la gente al m\u00e9dico para recibir tratamiento. Tu especialista en venas del Centro de Diagn\u00f3stico y Tratamiento Medex tiene a\u00f1os de experiencia en el tratamiento y prevenci\u00f3n de ara\u00f1as vasculares, varices y otros trastornos venosos. Cuando se trata de ara\u00f1as vasculares, m\u00e1s vale prevenir que curar. Llama hoy para una evaluaci\u00f3n en Queens, NY.    <\/p>\n<p>Las ara\u00f1as vasculares deben su nombre a los racimos que forman, que parecen telara\u00f1as. Suelen aparecer en la cara, las piernas o el abdomen. Aunque est\u00e1n relacionadas con <a href=\"https:\/\/www.medexdtc.com\/varicose-veins\/\">las varices<\/a>, las ara\u00f1as vasculares rara vez resultan dolorosas y no crecen tanto como sus hom\u00f3logas retorcidas y abultadas. Tu m\u00e9dico del Centro de Diagn\u00f3stico y Tratamiento Medex de Queens, NY, diagnostica si tienes ara\u00f1as vasculares superficiales o varices m\u00e1s profundas.   <\/p>\n<p>Aunque las varices y las ara\u00f1as vasculares difieren entre s\u00ed, ambas pueden prevenirse con medios similares. Tanto si acabas de empezar a notar los primeros leves signos de las ara\u00f1as vasculares, como si la debilidad de los vasos sangu\u00edneos es com\u00fan en tu familia, habla con tu <a href=\"https:\/\/www.medexdtc.com\/veins\/\">m\u00e9dico especialista en venas var<\/a> icosas sobre la prevenci\u00f3n, antes de que se conviertan en un problema o despu\u00e9s de haberlas tenido una vez. Entre las medidas para reducir las ara\u00f1as vasculares se incluyen:  <\/p>\n<ul>\n<li>Apl\u00edcate generosamente protector solar en las partes del cuerpo expuestas al sol, sobre todo si tienes la piel clara.<\/li>\n<li>Usa medias de compresi\u00f3n, sobre todo cuando sepas que vas a estar mucho tiempo de pie. Son especialmente \u00fatiles si trabajas en enfermer\u00eda, ense\u00f1anza, hosteler\u00eda o comercio. <\/li>\n<li>Haz ejercicio regularmente para mejorar la circulaci\u00f3n sangu\u00ednea de las piernas y fortalecer los m\u00fasculos. Caminar, montar en bicicleta y nadar son formas sencillas y de bajo impacto de mejorar el tono muscular y la circulaci\u00f3n de las piernas. <\/li>\n<li>Mant\u00e9n un peso saludable. El sobrepeso sobrecarga innecesariamente el cuerpo y es especialmente perjudicial para los vasos sangu\u00edneos y las v\u00e1lvulas de las piernas, que est\u00e1n sobrecargados.<\/li>\n<li>Reduce la presi\u00f3n sobre las venas de las piernas. No te sientes con las piernas cruzadas y evita llevar tacones altos. Mejora a\u00fan m\u00e1s la circulaci\u00f3n elevando las piernas cada d\u00eda.  <\/li>\n<\/ul>\n<h2>\u00bfQu\u00e9 causa las ara\u00f1as vasculares?<\/h2>\n<p>Las ara\u00f1as vasculares son el resultado de v\u00e1lvulas debilitadas en tus venas que no se cierran adecuadamente despu\u00e9s de que la sangre fluya a trav\u00e9s de ellas. Las v\u00e1lvulas defectuosas hacen que la sangre se acumule o incluso fluya hacia atr\u00e1s. Cuando esto ocurre, tus vasos sangu\u00edneos se debilitan y adelgazan. Pueden romperse, abultarse u oscurecerse, provocando varices y ara\u00f1as vasculares.   <\/p>\n<p>Las ara\u00f1as vasculares son una afecci\u00f3n relativamente frecuente, que se da en aproximadamente el 40% de las mujeres y cerca del 30% de los hombres. La gen\u00e9tica tambi\u00e9n influye en el desarrollo de las ara\u00f1as vasculares, mientras que permanecer de pie durante periodos prolongados aumenta el riesgo. Otras causas son:  <\/p>\n<ul>\n<li>Una lesi\u00f3n en la vena<\/li>\n<li>Cambios hormonales y medicamentos hormonales sustitutivos<\/li>\n<li>Exposici\u00f3n excesiva a los rayos ultravioleta<\/li>\n<li>Abuso de alcohol y tabaco, ya que ambos restringen el flujo sangu\u00edneo<\/li>\n<li>Envejecimiento, ya que el desgaste de los vasos sangu\u00edneos y las v\u00e1lvulas hace que simplemente cedan<\/li>\n<li><a href=\"https:\/\/www.medexdtc.com\/es\/obesity\/\">Obesidad<\/a>, que estresa tus venas<\/li>\n<li>Un estilo de vida demasiado sedentario<\/li>\n<\/ul>\n<h2>S\u00edntomas de las ara\u00f1as vasculares<\/h2>\n<p>Tu especialista en venas varicosas de Queens suele reconocer las ara\u00f1as vasculares durante el examen. Pero en el Centro de Diagn\u00f3stico y Tratamiento Medex, tu m\u00e9dico tiene acceso a las herramientas de diagn\u00f3stico m\u00e1s modernas para hacer un diagn\u00f3stico definitivo. Un diagn\u00f3stico preciso descarta cualquier afecci\u00f3n subyacente causante de tus vasos sangu\u00edneos rotos.  <\/p>\n<p>A diferencia del dolor y la palpitaci\u00f3n asociados a las varices, normalmente no sientes s\u00edntomas dolorosos con las ara\u00f1as vasculares. Las ara\u00f1as vasculares pueden ser inc\u00f3modas, pero raramente dolorosas. Algunos de los s\u00edntomas leves son  <\/p>\n<ul>\n<li>Un aspecto desagradable en tu piel<\/li>\n<li>Presi\u00f3n donde aparecen, sobre todo en las piernas<\/li>\n<li>Calambres en las piernas<\/li>\n<li>Luz palpitante<\/li>\n<li>Malestar despu\u00e9s de sentarse<\/li>\n<\/ul>\n<h2>Tratamiento de las ara\u00f1as vasculares<\/h2>\n<p>Uno de los tratamientos m\u00e1s seguros, exitosos y eficaces es <a href=\"https:\/\/www.medexdtc.com\/sclerotherapy-for-spider-veins\/\">la escleroterapia<\/a>. Tu especialista en venas varicosas Medex inyecta en las ara\u00f1as vasculares una soluci\u00f3n que hace que se colapsen. Una vez que las venas son reabsorbidas por el organismo y se interrumpe el flujo sangu\u00edneo, las l\u00edneas rojas o azules en forma de telara\u00f1a desaparecen en pocas semanas. La escleroterapia tiene una eficacia de casi el 90% cuando la realiza un m\u00e9dico capacitado.   <\/p>\n<p>Otro tratamiento popular de las ara\u00f1as vasculares se basa en el l\u00e1ser. Este tratamiento funciona especialmente bien en las ara\u00f1as vasculares m\u00e1s finas que son dif\u00edciles de tratar mediante inyecciones. El l\u00e1ser calienta pulsos bajo tu piel, donde aparecen las ara\u00f1as vasculares. El resultado es el mismo que el de la escleroterapia.   <\/p>\n<h2>Razones para tratar las ara\u00f1as vasculares<\/h2>\n<p>Las ara\u00f1as vasculares no se convierten en varices, que pueden llegar a ser mortales por trombosis venosa profunda, co\u00e1gulos sangu\u00edneos y \u00falceras. El tratamiento de las ara\u00f1as vasculares suele realizarse con fines est\u00e9ticos, raz\u00f3n suficiente para la mayor\u00eda de la gente. Las marcas visibles en la cara, brazos o piernas pueden provocar problemas psicol\u00f3gicos como <a href=\"https:\/\/www.medexdtc.com\/es\/depression\/\">depresi\u00f3n<\/a> y baja autoestima.  <\/p>\n<p>Aunque las ara\u00f1as vasculares tratadas no volver\u00e1n a aparecer, sigues teniendo un mayor riesgo de desarrollar otras nuevas. Para evitarlo, sigue rigurosamente las recomendaciones de tu m\u00e9dico especialista en venas varicosas de Queens. Para obtener la mejor calidad de vida posible, establece una relaci\u00f3n a largo plazo con los m\u00e9dicos del Centro de Diagn\u00f3stico y Tratamiento Medex, de especialidades m\u00faltiples, para todas tus necesidades sanitarias. <a href=\"https:\/\/www.medexdtc.com\/es\/spider-veins\/#contact-form\">Ponte en contacto con la consulta hoy mismo<\/a> para concertar una cita.  <\/p>\n<p>Podemos ayudarte a encontrar m\u00e9dico. Llama al <a href=\"tel:+17182758900\">(718) 275-8900<\/a> <\/p>\n<p>Con licencia del estado de Nueva York, Medex es un centro de diagn\u00f3stico y tratamiento del art\u00edculo 28. Nuestros m\u00e9dicos proporcionan atenci\u00f3n integral a pacientes de todas las edades en la zona de Forest Hills, Queens, desde hace m\u00e1s de 15 a\u00f1os. Empieza a recibir atenci\u00f3n experta ahora llamando o concertando una cita en l\u00ednea con uno de los especialistas cualificados.<\/p>\n","protected":false},"excerpt":{"rendered":"<p>Las ara\u00f1as vasculares son vasos sangu\u00edneos dilatados o rotos cerca de la superficie de la piel, por eso son tan visibles. Y es el aspecto de las antiest\u00e9ticas venas retorcidas en forma de telara\u00f1a lo que lleva a la mayor\u00eda de la gente al m\u00e9dico para recibir tratamiento. Tu especialista en venas del Centro de &hellip; <\/p>\n<p class=\"link-more\"><a href=\"https:\/\/www.medexdtc.com\/es\/spider-veins\/\" class=\"more-link\">Continue reading<span class=\"screen-reader-text\"> \u00abAra\u00f1as vasculares\u00bb<\/span><\/a><\/p>\n","protected":false},"author":3,"featured_media":0,"parent":0,"menu_order":0,"comment_status":"closed","ping_status":"closed","template":"new_inner.php","meta":{"_acf_changed":false,"footnotes":""},"class_list":["post-6353","page","type-page","status-publish","hentry"],"acf":[],"yoast_head":"<!-- This site is optimized with the Yoast SEO plugin v27.5 - https:\/\/yoast.com\/product\/yoast-seo-wordpress\/ -->\n<title>Tratamiento de ara\u00f1as vasculares | Los mejores m\u00e9dicos de venas varicosas en Forest Hills, Queens, NY | Medex - Multi-Specialty Medical Center<\/title>\n<meta name=\"description\" content=\"En el Centro M\u00e9dico de Especialidades M\u00faltiples de Forest Hills, Queens, NY, nuestros m\u00e9dicos y especialistas en venas har\u00e1n desaparecer tus ara\u00f1as vasculares, mediante tratamientos como la escleroterapia, la terapia con l\u00e1ser.\" \/>\n<meta name=\"robots\" content=\"index, follow, max-snippet:-1, max-image-preview:large, max-video-preview:-1\" \/>\n<link rel=\"canonical\" href=\"https:\/\/www.medexdtc.com\/es\/spider-veins\/\" \/>\n<meta property=\"og:locale\" content=\"es_ES\" \/>\n<meta property=\"og:type\" content=\"article\" \/>\n<meta property=\"og:title\" content=\"Tratamiento de ara\u00f1as vasculares | Los mejores m\u00e9dicos de venas varicosas en Forest Hills, Queens, NY | Medex - Multi-Specialty Medical Center\" \/>\n<meta property=\"og:description\" content=\"En el Centro M\u00e9dico de Especialidades M\u00faltiples de Forest Hills, Queens, NY, nuestros m\u00e9dicos y especialistas en venas har\u00e1n desaparecer tus ara\u00f1as vasculares, mediante tratamientos como la escleroterapia, la terapia con l\u00e1ser.\" \/>\n<meta property=\"og:url\" content=\"https:\/\/www.medexdtc.com\/es\/spider-veins\/\" \/>\n<meta property=\"og:site_name\" content=\"Medex Diagnostic and Treatment Center - Queens Medical Center - Medical Clinic in Forest Hills, NY\" \/>\n<meta property=\"article:publisher\" content=\"https:\/\/www.facebook.com\/medexny\" \/>\n<meta name=\"twitter:card\" content=\"summary_large_image\" \/>\n<meta name=\"twitter:site\" content=\"@DtcMedex\" \/>\n<meta name=\"twitter:label1\" content=\"Tiempo de lectura\" \/>\n\t<meta name=\"twitter:data1\" content=\"6 minutos\" \/>\n<!-- \/ Yoast SEO plugin. -->","yoast_head_json":{"title":"Tratamiento de ara\u00f1as vasculares | Los mejores m\u00e9dicos de venas varicosas en Forest Hills, Queens, NY | Medex - Multi-Specialty Medical Center","description":"En el Centro M\u00e9dico de Especialidades M\u00faltiples de Forest Hills, Queens, NY, nuestros m\u00e9dicos y especialistas en venas har\u00e1n desaparecer tus ara\u00f1as vasculares, mediante tratamientos como la escleroterapia, la terapia con l\u00e1ser.","robots":{"index":"index","follow":"follow","max-snippet":"max-snippet:-1","max-image-preview":"max-image-preview:large","max-video-preview":"max-video-preview:-1"},"canonical":"https:\/\/www.medexdtc.com\/es\/spider-veins\/","og_locale":"es_ES","og_type":"article","og_title":"Tratamiento de ara\u00f1as vasculares | Los mejores m\u00e9dicos de venas varicosas en Forest Hills, Queens, NY | Medex - Multi-Specialty Medical Center","og_description":"En el Centro M\u00e9dico de Especialidades M\u00faltiples de Forest Hills, Queens, NY, nuestros m\u00e9dicos y especialistas en venas har\u00e1n desaparecer tus ara\u00f1as vasculares, mediante tratamientos como la escleroterapia, la terapia con l\u00e1ser.","og_url":"https:\/\/www.medexdtc.com\/es\/spider-veins\/","og_site_name":"Medex Diagnostic and Treatment Center - Queens Medical Center - Medical Clinic in Forest Hills, NY","article_publisher":"https:\/\/www.facebook.com\/medexny","twitter_card":"summary_large_image","twitter_site":"@DtcMedex","twitter_misc":{"Tiempo de lectura":"6 minutos"},"schema":{"@context":"https:\/\/schema.org","@graph":[{"@type":"WebPage","@id":"https:\/\/www.medexdtc.com\/es\/spider-veins\/","url":"https:\/\/www.medexdtc.com\/es\/spider-veins\/","name":"Tratamiento de ara\u00f1as vasculares | Los mejores m\u00e9dicos de venas varicosas en Forest Hills, Queens, NY | Medex - Multi-Specialty Medical Center","isPartOf":{"@id":"https:\/\/www.medexdtc.com\/es\/#website"},"datePublished":"2020-08-05T18:11:51+00:00","description":"En el Centro M\u00e9dico de Especialidades M\u00faltiples de Forest Hills, Queens, NY, nuestros m\u00e9dicos y especialistas en venas har\u00e1n desaparecer tus ara\u00f1as vasculares, mediante tratamientos como la escleroterapia, la terapia con l\u00e1ser.","breadcrumb":{"@id":"https:\/\/www.medexdtc.com\/es\/spider-veins\/#breadcrumb"},"inLanguage":"es","potentialAction":[{"@type":"ReadAction","target":["https:\/\/www.medexdtc.com\/es\/spider-veins\/"]}]},{"@type":"BreadcrumbList","@id":"https:\/\/www.medexdtc.com\/es\/spider-veins\/#breadcrumb","itemListElement":[{"@type":"ListItem","position":1,"name":"Home","item":"https:\/\/www.medexdtc.com\/es\/"},{"@type":"ListItem","position":2,"name":"Ara\u00f1as vasculares"}]},{"@type":"WebSite","@id":"https:\/\/www.medexdtc.com\/es\/#website","url":"https:\/\/www.medexdtc.com\/es\/","name":"Medex DTC","description":"Medex Diagnostic and Treatment Center is a Medical Center in Queens, NY is a dynamic multi-specialty clinic. Physicians delivering high quality individualized care in Forest Hills, Queens, NY.","publisher":{"@id":"https:\/\/www.medexdtc.com\/es\/#organization"},"potentialAction":[{"@type":"SearchAction","target":{"@type":"EntryPoint","urlTemplate":"https:\/\/www.medexdtc.com\/es\/?s={search_term_string}"},"query-input":{"@type":"PropertyValueSpecification","valueRequired":true,"valueName":"search_term_string"}}],"inLanguage":"es"},{"@type":"Organization","@id":"https:\/\/www.medexdtc.com\/es\/#organization","name":"Medex DCT","url":"https:\/\/www.medexdtc.com\/es\/","logo":{"@type":"ImageObject","inLanguage":"es","@id":"https:\/\/www.medexdtc.com\/es\/#\/schema\/logo\/image\/","url":"https:\/\/www.medexdtc.com\/wp-content\/uploads\/2024\/11\/medex-diagnostic-and-treatment-center-in-queens-NY.png","contentUrl":"https:\/\/www.medexdtc.com\/wp-content\/uploads\/2024\/11\/medex-diagnostic-and-treatment-center-in-queens-NY.png","width":226,"height":47,"caption":"Medex DCT"},"image":{"@id":"https:\/\/www.medexdtc.com\/es\/#\/schema\/logo\/image\/"},"sameAs":["https:\/\/www.facebook.com\/medexny","https:\/\/x.com\/DtcMedex","https:\/\/www.instagram.com\/medexdtc\/","https:\/\/www.linkedin.com\/company\/medex-diagnostic-and-treatment-center\/about\/"]}]}},"jetpack_sharing_enabled":true,"_links":{"self":[{"href":"https:\/\/www.medexdtc.com\/es\/wp-json\/wp\/v2\/pages\/6353","targetHints":{"allow":["GET"]}}],"collection":[{"href":"https:\/\/www.medexdtc.com\/es\/wp-json\/wp\/v2\/pages"}],"about":[{"href":"https:\/\/www.medexdtc.com\/es\/wp-json\/wp\/v2\/types\/page"}],"author":[{"embeddable":true,"href":"https:\/\/www.medexdtc.com\/es\/wp-json\/wp\/v2\/users\/3"}],"replies":[{"embeddable":true,"href":"https:\/\/www.medexdtc.com\/es\/wp-json\/wp\/v2\/comments?post=6353"}],"version-history":[{"count":0,"href":"https:\/\/www.medexdtc.com\/es\/wp-json\/wp\/v2\/pages\/6353\/revisions"}],"wp:attachment":[{"href":"https:\/\/www.medexdtc.com\/es\/wp-json\/wp\/v2\/media?parent=6353"}],"curies":[{"name":"wp","href":"https:\/\/api.w.org\/{rel}","templated":true}]}}