{"id":6354,"date":"2020-08-05T22:48:42","date_gmt":"2020-08-05T17:48:42","guid":{"rendered":"https:\/\/www.medexdtc.com\/eliminacion-de-estrias\/"},"modified":"2020-08-05T22:48:42","modified_gmt":"2020-08-05T17:48:42","slug":"stretch-mark-removal","status":"publish","type":"page","link":"https:\/\/www.medexdtc.com\/es\/stretch-mark-removal\/","title":{"rendered":"Eliminaci\u00f3n de estr\u00edas"},"content":{"rendered":"<p>La mayor\u00eda de la gente piensa que s\u00f3lo las mujeres tienen que lidiar con las estr\u00edas, pero los hombres tambi\u00e9n las tienen, sobre todo por el r\u00e1pido aumento de peso y m\u00fasculo. Son dif\u00edciles de prevenir, independientemente de c\u00f3mo las hayas contra\u00eddo. Tienes que visitar a un dermat\u00f3logo experimentado como los del Centro de Diagn\u00f3stico y Tratamiento Medex de Queens, Nueva York. En una sola visita, tienes acceso a muchos especialistas diferentes y a la tecnolog\u00eda m\u00e1s avanzada. Llama hoy para una evaluaci\u00f3n.    <\/p>\n<p>Al ser el \u00f3rgano m\u00e1s grande del cuerpo, la piel sufre mucho. Consta de tres capas principales que trabajan juntas para proteger tu cuerpo. Las tres capas de la piel reaccionan de forma diferente a los cambios que se producen en tu cuerpo o a los da\u00f1os medioambientales.  <\/p>\n<p>El aumento repentino de peso o el embarazo provocan a veces una ruptura del col\u00e1geno situado en la capa media. El resultado son las estr\u00edas. Al parecerse a un tejido cicatricial leve, las estr\u00edas dejan ver los vasos sangu\u00edneos subyacentes a trav\u00e9s del col\u00e1geno roto.  <\/p>\n<p>Las estr\u00edas son indoloras. Suelen aparecer en las caderas, nalgas, pechos, muslos o abdomen, y suelen desaparecer con el tiempo. La producci\u00f3n de col\u00e1geno disminuye, los vasos sangu\u00edneos se estrechan y las marcas pierden color.  <\/p>\n<h2>\u00bfQu\u00e9 aspecto tienen las estr\u00edas?<\/h2>\n<p>El aspecto de las estr\u00edas var\u00eda, dependiendo del tiempo que lleves con ellas y de c\u00f3mo se hayan producido. Puedes notar hendiduras o l\u00edneas en la piel. Las estr\u00edas pueden cubrir un punto peque\u00f1o o abarcar zonas mucho m\u00e1s grandes.  <\/p>\n<p>Estas rayas o l\u00edneas suelen empezar siendo de color rojo, azul, morado o rosa. El color de las estr\u00edas se desvanece con el tiempo hasta volverse blanco o plateado. Tu tipo y color de piel pueden afectar al aspecto y gravedad de las estr\u00edas.  <\/p>\n<h2>\u00bfPor qu\u00e9 salen estr\u00edas?<\/h2>\n<p>Aunque cualquiera -hombre o mujer- puede desarrollar estr\u00edas, no est\u00e1 claro por qu\u00e9 algunas personas tienen m\u00e1s tendencia que otras. Algunos factores contribuyentes pueden ser: <\/p>\n<ul>\n<li>Embarazo, especialmente a una edad temprana<\/li>\n<li>Gen\u00e9tica familiar: si tienes familiares con estr\u00edas, es muy probable que t\u00fa tambi\u00e9n acabes teni\u00e9ndolas.<\/li>\n<li>Tipos de piel m\u00e1s claros y claros, que parecen m\u00e1s susceptibles<\/li>\n<li>Aumento r\u00e1pido o significativo de peso o incluso de m\u00fasculo<\/li>\n<li>Un diagn\u00f3stico de enfermedad de Cushing, s\u00edndrome de Marfan u otras afecciones gen\u00e9ticas<\/li>\n<li>Elegir someterse a una operaci\u00f3n de aumento de pecho<\/li>\n<li>Niveles elevados de hormonas esteroideas, que debilitan la capa de col\u00e1geno de la piel<\/li>\n<\/ul>\n<p>Muchas empresas de cosm\u00e9ticos venden cremas o pomadas t\u00f3picas para combatir o cubrir las estr\u00edas. A pesar de que se diga lo contrario, una vez que se forman las estr\u00edas, nunca desaparecen del todo. Algunos tratamientos son m\u00e1s eficaces que otros para reducir su aparici\u00f3n. Habla con tu <a href=\"https:\/\/www.medexdtc.com\/es\/dermatology\/\">dermat\u00f3logo<\/a> del Centro de Diagn\u00f3stico y Tratamiento Medex de Queens, NY.   <\/p>\n<h2>\u00bfCu\u00e1les son tus opciones de tratamiento para las estr\u00edas?<\/h2>\n<p>Aparte de la cirug\u00eda radical para eliminar el exceso de piel despu\u00e9s de haber perdido mucho peso, no hay ning\u00fan tratamiento probado para eliminar las estr\u00edas de forma completa y permanente. Hay algunas opciones para reducir temporalmente su visibilidad o cubrirlas. Los tratamientos que minimizan su aparici\u00f3n incluyen:  <\/p>\n<ul>\n<li><strong>Cremas retinoides que incluyen tretino\u00edna.<\/strong>  Este medicamento recetado ayuda a reconstruir el col\u00e1geno que hay debajo de la capa superior de la piel, donde est\u00e1 el da\u00f1o. Estas cremas retinoides funcionan mejor en estr\u00edas nuevas y recientes. Las cremas parecen menos eficaces en las estr\u00edas m\u00e1s antiguas.  <\/li>\n<li><strong>Microdermoabrasi\u00f3n.<\/strong>  La microdermoabrasi\u00f3n es un proceso mec\u00e1nico en el que se utiliza un dispositivo manual que proyecta diminutos cristales sobre la piel y estimula el col\u00e1geno de las primeras capas de la piel para que se reafirme y crezca sano.<\/li>\n<li><strong>Terapias con l\u00e1ser y luz.<\/strong>  La luz pulsada intensa (IPL) es un l\u00e1ser m\u00e9dico que ha demostrado ser una forma eficaz de tratamiento para algunas personas. Este delicado procedimiento aumenta la producci\u00f3n de col\u00e1geno con el tiempo. Este procedimiento s\u00f3lo debe realizarlo un cirujano pl\u00e1stico o dermat\u00f3logo certificado.  <\/li>\n<li><strong>Cirug\u00eda pl\u00e1stica.<\/strong>  Si has experimentado una p\u00e9rdida de peso importante y tienes la piel fl\u00e1cida, este tratamiento invasivo elimina el exceso de piel y tensa otras zonas. Puedes experimentar algunas cicatrices. <\/li>\n<li><strong>Microneedling.<\/strong>  Unas agujas diminutas en manos de un experto pinchan tu piel, llegando a la capa media y aprovechando las capacidades curativas naturales de tu piel. El aumento de la producci\u00f3n de col\u00e1geno reduce el aspecto de tus estr\u00edas. <\/li>\n<li><strong>Tratamientos cut\u00e1neos con plasma de fibroblastos.<\/strong>  Este tratamiento incluye ultrasonidos. El fibroblasto, un tratamiento nuevo y vanguardista, estimula las propiedades curativas naturales de tu piel para reconstruir las fibras de col\u00e1geno y elastina. Tras extraer sangre de tu brazo, tu m\u00e9dico Medex utiliza una centrifugadora para separar el plasma del resto de tu sangre. El plasma resultante se inyecta en la capa media de tu piel para poner en marcha el proceso de curaci\u00f3n y reducir la aparici\u00f3n de marcas.   <\/li>\n<\/ul>\n<p>El mejor tratamiento para las estr\u00edas es la prevenci\u00f3n. Puedes trabajar para prevenir las estr\u00edas manteniendo un peso saludable y consultando a tu m\u00e9dico durante el embarazo para mejorar la elasticidad de tu piel. Las mejores opciones de tratamiento, como el plasma de fibroblastos, devuelven un aspecto m\u00e1s terso y juvenil.  <\/p>\n<p>Aunque las estr\u00edas no suponen ning\u00fan peligro para tu salud, pueden ser antiest\u00e9ticas. Cuando est\u00e9s lista para deshacerte de ellas, <a href=\"https:\/\/www.medexdtc.com\/es\/stretch-mark-removal\/#contact-form\">ponte en contacto con el Centro de Diagn\u00f3stico y Tratamiento Medex<\/a> de Queens, Nueva York, para informarte sobre tus opciones de la mano de un especialista en dermatolog\u00eda con experiencia. <\/p>\n<p>Podemos ayudarte a encontrar m\u00e9dico. Llama al <a href=\"tel:+17182758900\">(718) 275-8900<\/a> <\/p>\n<p>Con licencia del estado de Nueva York, Medex es un centro de diagn\u00f3stico y tratamiento del art\u00edculo 28. Nuestros m\u00e9dicos proporcionan atenci\u00f3n integral a pacientes de todas las edades en la zona de Forest Hills, Queens, desde hace m\u00e1s de 15 a\u00f1os. Empieza a recibir atenci\u00f3n experta ahora llamando o concertando una cita en l\u00ednea con uno de los especialistas cualificados.<\/p>\n","protected":false},"excerpt":{"rendered":"<p>La mayor\u00eda de la gente piensa que s\u00f3lo las mujeres tienen que lidiar con las estr\u00edas, pero los hombres tambi\u00e9n las tienen, sobre todo por el r\u00e1pido aumento de peso y m\u00fasculo. Son dif\u00edciles de prevenir, independientemente de c\u00f3mo las hayas contra\u00eddo. Tienes que visitar a un dermat\u00f3logo experimentado como los del Centro de Diagn\u00f3stico &hellip; <\/p>\n<p class=\"link-more\"><a href=\"https:\/\/www.medexdtc.com\/es\/stretch-mark-removal\/\" class=\"more-link\">Continue reading<span class=\"screen-reader-text\"> \u00abEliminaci\u00f3n de estr\u00edas\u00bb<\/span><\/a><\/p>\n","protected":false},"author":3,"featured_media":0,"parent":0,"menu_order":0,"comment_status":"closed","ping_status":"closed","template":"new_inner.php","meta":{"_acf_changed":false,"footnotes":""},"class_list":["post-6354","page","type-page","status-publish","hentry"],"acf":[],"yoast_head":"<!-- This site is optimized with the Yoast SEO plugin v27.5 - https:\/\/yoast.com\/product\/yoast-seo-wordpress\/ -->\n<title>Eliminaci\u00f3n de estr\u00edas en Forest Hills, Queens, NY | Medex - Multi-Specialty Medical Center<\/title>\n<meta name=\"description\" content=\"Nuestro experimentado dermat\u00f3logo del Centro de Diagn\u00f3stico y Tratamiento Medex de Forest Hills, Queens, NY, ofrece m\u00faltiples opciones de tratamiento para las estr\u00edas\" \/>\n<meta name=\"robots\" content=\"index, follow, max-snippet:-1, max-image-preview:large, max-video-preview:-1\" \/>\n<link rel=\"canonical\" href=\"https:\/\/www.medexdtc.com\/es\/stretch-mark-removal\/\" \/>\n<meta property=\"og:locale\" content=\"es_ES\" \/>\n<meta property=\"og:type\" content=\"article\" \/>\n<meta property=\"og:title\" content=\"Eliminaci\u00f3n de estr\u00edas en Forest Hills, Queens, NY | Medex - Multi-Specialty Medical Center\" \/>\n<meta property=\"og:description\" content=\"Nuestro experimentado dermat\u00f3logo del Centro de Diagn\u00f3stico y Tratamiento Medex de Forest Hills, Queens, NY, ofrece m\u00faltiples opciones de tratamiento para las estr\u00edas\" \/>\n<meta property=\"og:url\" content=\"https:\/\/www.medexdtc.com\/es\/stretch-mark-removal\/\" \/>\n<meta property=\"og:site_name\" content=\"Medex Diagnostic and Treatment Center - Queens Medical Center - Medical Clinic in Forest Hills, NY\" \/>\n<meta property=\"article:publisher\" content=\"https:\/\/www.facebook.com\/medexny\" \/>\n<meta name=\"twitter:card\" content=\"summary_large_image\" \/>\n<meta name=\"twitter:site\" content=\"@DtcMedex\" \/>\n<meta name=\"twitter:label1\" content=\"Tiempo de lectura\" \/>\n\t<meta name=\"twitter:data1\" content=\"5 minutos\" \/>\n<!-- \/ Yoast SEO plugin. -->","yoast_head_json":{"title":"Eliminaci\u00f3n de estr\u00edas en Forest Hills, Queens, NY | Medex - Multi-Specialty Medical Center","description":"Nuestro experimentado dermat\u00f3logo del Centro de Diagn\u00f3stico y Tratamiento Medex de Forest Hills, Queens, NY, ofrece m\u00faltiples opciones de tratamiento para las estr\u00edas","robots":{"index":"index","follow":"follow","max-snippet":"max-snippet:-1","max-image-preview":"max-image-preview:large","max-video-preview":"max-video-preview:-1"},"canonical":"https:\/\/www.medexdtc.com\/es\/stretch-mark-removal\/","og_locale":"es_ES","og_type":"article","og_title":"Eliminaci\u00f3n de estr\u00edas en Forest Hills, Queens, NY | Medex - Multi-Specialty Medical Center","og_description":"Nuestro experimentado dermat\u00f3logo del Centro de Diagn\u00f3stico y Tratamiento Medex de Forest Hills, Queens, NY, ofrece m\u00faltiples opciones de tratamiento para las estr\u00edas","og_url":"https:\/\/www.medexdtc.com\/es\/stretch-mark-removal\/","og_site_name":"Medex Diagnostic and Treatment Center - Queens Medical Center - Medical Clinic in Forest Hills, NY","article_publisher":"https:\/\/www.facebook.com\/medexny","twitter_card":"summary_large_image","twitter_site":"@DtcMedex","twitter_misc":{"Tiempo de lectura":"5 minutos"},"schema":{"@context":"https:\/\/schema.org","@graph":[{"@type":"WebPage","@id":"https:\/\/www.medexdtc.com\/es\/stretch-mark-removal\/","url":"https:\/\/www.medexdtc.com\/es\/stretch-mark-removal\/","name":"Eliminaci\u00f3n de estr\u00edas en Forest Hills, Queens, NY | Medex - Multi-Specialty Medical Center","isPartOf":{"@id":"https:\/\/www.medexdtc.com\/es\/#website"},"datePublished":"2020-08-05T17:48:42+00:00","description":"Nuestro experimentado dermat\u00f3logo del Centro de Diagn\u00f3stico y Tratamiento Medex de Forest Hills, Queens, NY, ofrece m\u00faltiples opciones de tratamiento para las estr\u00edas","breadcrumb":{"@id":"https:\/\/www.medexdtc.com\/es\/stretch-mark-removal\/#breadcrumb"},"inLanguage":"es","potentialAction":[{"@type":"ReadAction","target":["https:\/\/www.medexdtc.com\/es\/stretch-mark-removal\/"]}]},{"@type":"BreadcrumbList","@id":"https:\/\/www.medexdtc.com\/es\/stretch-mark-removal\/#breadcrumb","itemListElement":[{"@type":"ListItem","position":1,"name":"Home","item":"https:\/\/www.medexdtc.com\/es\/"},{"@type":"ListItem","position":2,"name":"Eliminaci\u00f3n de estr\u00edas"}]},{"@type":"WebSite","@id":"https:\/\/www.medexdtc.com\/es\/#website","url":"https:\/\/www.medexdtc.com\/es\/","name":"Medex DTC","description":"Medex Diagnostic and Treatment Center is a Medical Center in Queens, NY is a dynamic multi-specialty clinic. Physicians delivering high quality individualized care in Forest Hills, Queens, NY.","publisher":{"@id":"https:\/\/www.medexdtc.com\/es\/#organization"},"potentialAction":[{"@type":"SearchAction","target":{"@type":"EntryPoint","urlTemplate":"https:\/\/www.medexdtc.com\/es\/?s={search_term_string}"},"query-input":{"@type":"PropertyValueSpecification","valueRequired":true,"valueName":"search_term_string"}}],"inLanguage":"es"},{"@type":"Organization","@id":"https:\/\/www.medexdtc.com\/es\/#organization","name":"Medex DCT","url":"https:\/\/www.medexdtc.com\/es\/","logo":{"@type":"ImageObject","inLanguage":"es","@id":"https:\/\/www.medexdtc.com\/es\/#\/schema\/logo\/image\/","url":"https:\/\/www.medexdtc.com\/wp-content\/uploads\/2024\/11\/medex-diagnostic-and-treatment-center-in-queens-NY.png","contentUrl":"https:\/\/www.medexdtc.com\/wp-content\/uploads\/2024\/11\/medex-diagnostic-and-treatment-center-in-queens-NY.png","width":226,"height":47,"caption":"Medex DCT"},"image":{"@id":"https:\/\/www.medexdtc.com\/es\/#\/schema\/logo\/image\/"},"sameAs":["https:\/\/www.facebook.com\/medexny","https:\/\/x.com\/DtcMedex","https:\/\/www.instagram.com\/medexdtc\/","https:\/\/www.linkedin.com\/company\/medex-diagnostic-and-treatment-center\/about\/"]}]}},"jetpack_sharing_enabled":true,"_links":{"self":[{"href":"https:\/\/www.medexdtc.com\/es\/wp-json\/wp\/v2\/pages\/6354","targetHints":{"allow":["GET"]}}],"collection":[{"href":"https:\/\/www.medexdtc.com\/es\/wp-json\/wp\/v2\/pages"}],"about":[{"href":"https:\/\/www.medexdtc.com\/es\/wp-json\/wp\/v2\/types\/page"}],"author":[{"embeddable":true,"href":"https:\/\/www.medexdtc.com\/es\/wp-json\/wp\/v2\/users\/3"}],"replies":[{"embeddable":true,"href":"https:\/\/www.medexdtc.com\/es\/wp-json\/wp\/v2\/comments?post=6354"}],"version-history":[{"count":0,"href":"https:\/\/www.medexdtc.com\/es\/wp-json\/wp\/v2\/pages\/6354\/revisions"}],"wp:attachment":[{"href":"https:\/\/www.medexdtc.com\/es\/wp-json\/wp\/v2\/media?parent=6354"}],"curies":[{"name":"wp","href":"https:\/\/api.w.org\/{rel}","templated":true}]}}