{"id":6357,"date":"2020-08-05T23:10:51","date_gmt":"2020-08-05T18:10:51","guid":{"rendered":"https:\/\/www.medexdtc.com\/ecografia-en-queens\/"},"modified":"2020-08-05T23:10:51","modified_gmt":"2020-08-05T18:10:51","slug":"sonogram","status":"publish","type":"page","link":"https:\/\/www.medexdtc.com\/es\/sonogram\/","title":{"rendered":"Ecograf\u00eda en Queens"},"content":{"rendered":"<p>Herramienta habitual de los obstetras desde la d\u00e9cada de 1960, las ecograf\u00edas proporcionan im\u00e1genes del feto dentro del \u00fatero de la madre. Esta tecnolog\u00eda ecogr\u00e1fica permite a tu m\u00e9dico de Queens vigilar de cerca la salud de la madre y el ni\u00f1o durante el embarazo. Los posibles problemas se identifican y tratan con prontitud. Normalmente se realizan por primera vez durante el trimestre inicial, pero las ecograf\u00edas proporcionan informaci\u00f3n valiosa durante todo el embarazo. Son seguras, eficaces y forman parte de la atenci\u00f3n prenatal de toda mujer. Llama al Centro de Diagn\u00f3stico y Tratamiento Medex para concertar una cita prenatal.     <\/p>\n<p>Las ecograf\u00edas son pruebas de ultrasonido que generan una imagen del feto dentro de tu \u00fatero. Estas im\u00e1genes permiten a tu <a href=\"https:\/\/www.medexdtc.com\/es\/ginecologia-queens-los-mejores-ginecologos-en-forest-hills-queens-ny\/\">ginec\u00f3logo<\/a> observar con seguridad el crecimiento y desarrollo de tu beb\u00e9 mientras a\u00fan est\u00e1 en tu \u00fatero. Al rebotar las ondas sonoras en tus tejidos internos, las ecograf\u00edas proporcionan una imagen precisa de los movimientos de tu hijo, con fines diagn\u00f3sticos y preventivos.  <\/p>\n<p>Tu primera ecograf\u00eda fetal suele tener lugar durante el primer trimestre. Las im\u00e1genes de la ecograf\u00eda confirman tu embarazo y ayudan a tu m\u00e9dico a determinar cu\u00e1nto tiempo llevas embarazada. Con esta informaci\u00f3n, tu ginec\u00f3logo prenatal te proporciona una fecha estimada del parto. Si tu embarazo transcurre sin incidentes, la siguiente ecograf\u00eda se realiza en el segundo trimestre, para garantizar un crecimiento y un desarrollo anat\u00f3mico adecuados.   <\/p>\n<p>Si tu m\u00e9dico tiene alguna duda sobre tu embarazo o el crecimiento del beb\u00e9, puedes necesitar ecograf\u00edas de seguimiento o incluso otras pruebas de imagen, como una resonancia magn\u00e9tica o RM. Las pruebas adicionales ayudan a diagnosticar y tratar las anomal\u00edas. Afortunadamente, todo lo que necesitas para un apoyo prenatal adecuado est\u00e1 disponible en el Centro de Diagn\u00f3stico y Tratamiento Medex de Queens, NY.  <\/p>\n<h2>Tipos de ecograf\u00edas disponibles<\/h2>\n<p>Dependiendo de tu estado, tu m\u00e9dico elige entre seis tipos distintos de ecograf\u00eda para ver tu abdomen. Todas son herramientas de diagn\u00f3stico indoloras, seguras y eficaces. Todas env\u00edan ondas sonoras a tu \u00fatero y traducen las ondas reflejadas en una imagen en un monitor. Aunque todas son habituales, la mayor\u00eda de los m\u00e9dicos prefieren utilizar una ecograf\u00eda transabdominal o una transvaginal. Los seis tipos de ecograf\u00edas son:    <\/p>\n<ol>\n<li><strong>Ecograf\u00eda transabdominal.<\/strong>  Tu t\u00e9cnico Medex mueve una varita o transductor por tu abdomen, presionando ligeramente para obtener la mejor visi\u00f3n.<\/li>\n<li><strong>Ecograf\u00eda transvaginal.<\/strong>  Esta ecograf\u00eda es necesaria al principio del embarazo o si la ecograf\u00eda transabdominal no proporciona una imagen clara. Como su nombre indica, esta prueba de imagen se realiza introduciendo una varita fina en tu vagina. <\/li>\n<li><strong>Ecocardiograf\u00eda fetal.<\/strong>  Esta prueba controla la frecuencia cardiaca de tu beb\u00e9 para detectar cualquier cardiopat\u00eda cong\u00e9nita.<\/li>\n<li><strong>Ecograf\u00eda 3D.<\/strong>  Este examen ayuda a tu m\u00e9dico a identificar cualquier anomal\u00eda facial u otras afecciones neurol\u00f3gicas.<\/li>\n<li><strong>Evaluaci\u00f3n ecogr\u00e1fica especializada.<\/strong>  Se trata de una prueba m\u00e1s avanzada que ayuda a tu m\u00e9dico a diagnosticar y, en su caso, tratar cualquier desarrollo inusual o sospechoso.<\/li>\n<li><strong>Ecograf\u00eda Doppler.<\/strong>  Esta ecograf\u00eda especializada detecta movimientos diminutos. Es especialmente \u00fatil para observar el flujo sangu\u00edneo de tu beb\u00e9. <\/li>\n<\/ol>\n<h2>Razones por las que tu m\u00e9dico solicita una ecograf\u00eda<\/h2>\n<p>Las ecograf\u00edas durante el embarazo permiten a tu m\u00e9dico de Queens vigilar de cerca el desarrollo de tu beb\u00e9. Tener acceso a im\u00e1genes claras del crecimiento de tu beb\u00e9 ayuda a tu especialista prenatal a proporcionar el mejor tratamiento posible para muchas anomal\u00edas fetales, protegiendo tanto a la madre como al ni\u00f1o. Otras razones por las que tu m\u00e9dico puede solicitar una ecograf\u00eda son:  <\/p>\n<ul>\n<li>Confirma un embarazo.<\/li>\n<li>Determina si llevas m\u00e1s de un beb\u00e9. Los partos m\u00faltiples requieren una vigilancia m\u00e1s estrecha. <\/li>\n<li>Detectar la ubicaci\u00f3n y el tama\u00f1o del feto. En ocasiones, un feto puede empezar a desarrollarse fuera del \u00fatero, en tus trompas de Falopio. Esto puede poner en peligro tu vida, ya que la rotura de una trompa de Falopio provoca una hemorragia interna.  <\/li>\n<li>Calcula cu\u00e1nto tiempo llevas embarazada. Conocer la duraci\u00f3n del embarazo permite a tu m\u00e9dico comprobar la evoluci\u00f3n normal de referencia. <\/li>\n<li>Vigila el crecimiento de tu beb\u00e9, controlando su frecuencia cardiaca, su respiraci\u00f3n y sus movimientos.<\/li>\n<li>Eval\u00faa la salud de tu placenta. Estos tejidos proporcionan a tu beb\u00e9 los nutrientes adecuados para su desarrollo. <\/li>\n<li>Investiga cualquier complicaci\u00f3n. Si empiezas a sangrar o a tener calambres, tu m\u00e9dico debe determinar la causa. <\/li>\n<li>Detectar defectos cong\u00e9nitos.<\/li>\n<li>Realizar otras pruebas prenatales, como guiar la aguja utilizada para la amniocentesis u otras pruebas de toma de muestras.<\/li>\n<li>Identifica la posici\u00f3n de tu beb\u00e9 antes del parto. La mayor\u00eda de los beb\u00e9s nacen con la cabeza por delante; las orientaciones diferentes pueden requerir manipulaci\u00f3n manual o una ces\u00e1rea para protegerte a ti y a tu beb\u00e9. <\/li>\n<\/ul>\n<h2>\u00bfQu\u00e9 ocurre durante una ecograf\u00eda?<\/h2>\n<p>Las ecograf\u00edas fetales tienen una larga historia. Se consideran muy seguras cuando las realizan m\u00e9dicos y t\u00e9cnicos formados, como ocurre siempre en el Centro de Diagn\u00f3stico y Tratamiento Medex. Durante el procedimiento, te reclinas en una camilla con el abdomen desnudo. El t\u00e9cnico te aplica un gel en el vientre para mejorar la conducci\u00f3n de las ondas sonoras.   <\/p>\n<p>Durante la ecograf\u00eda, el t\u00e9cnico mueve el transductor -una varita o sonda que emite las ondas sonoras- por tu abdomen para obtener una imagen clara de tu beb\u00e9. Seg\u00fan la fase del embarazo en que te encuentres, podr\u00e1s ver brazos, piernas, manos, pies y una cara. Mientras tanto, tu m\u00e9dico prenatal toma medidas y comprueba si hay anomal\u00edas.  <\/p>\n<p>Una vez finalizado el proceso de obtenci\u00f3n de im\u00e1genes, el t\u00e9cnico te limpia el gel de la piel. Te re\u00fanes con tu ginec\u00f3logo Medex, que interpreta los resultados y comenta cualquier duda. La ecograf\u00eda permite a tu m\u00e9dico manteneros a ti y a tu beb\u00e9 lo m\u00e1s sanos posible. <a href=\"https:\/\/www.medexdtc.com\/es\/sonogram\/#contact-form\">Ponte en contacto con este centro multiespecialidad de Queens<\/a> para recibir la mejor atenci\u00f3n prenatal, que incluye las ecograf\u00edas que sean necesarias.  <\/p>\n<p>Podemos ayudarte a encontrar m\u00e9dico. Llama al <a href=\"tel:+17182758900\">(718) 275-8900<\/a> <\/p>\n<p>Con licencia del estado de Nueva York, Medex es un centro de diagn\u00f3stico y tratamiento del art\u00edculo 28. Nuestros m\u00e9dicos proporcionan atenci\u00f3n integral a pacientes de todas las edades en la zona de Forest Hills, Queens, desde hace m\u00e1s de 15 a\u00f1os. Empieza a recibir atenci\u00f3n experta ahora llamando o concertando una cita en l\u00ednea con uno de los especialistas cualificados.<\/p>\n","protected":false},"excerpt":{"rendered":"<p>Herramienta habitual de los obstetras desde la d\u00e9cada de 1960, las ecograf\u00edas proporcionan im\u00e1genes del feto dentro del \u00fatero de la madre. Esta tecnolog\u00eda ecogr\u00e1fica permite a tu m\u00e9dico de Queens vigilar de cerca la salud de la madre y el ni\u00f1o durante el embarazo. Los posibles problemas se identifican y tratan con prontitud. Normalmente &hellip; <\/p>\n<p class=\"link-more\"><a href=\"https:\/\/www.medexdtc.com\/es\/sonogram\/\" class=\"more-link\">Continue reading<span class=\"screen-reader-text\"> \u00abEcograf\u00eda en Queens\u00bb<\/span><\/a><\/p>\n","protected":false},"author":3,"featured_media":0,"parent":0,"menu_order":0,"comment_status":"closed","ping_status":"closed","template":"new_inner.php","meta":{"_acf_changed":false,"footnotes":""},"class_list":["post-6357","page","type-page","status-publish","hentry"],"acf":[],"yoast_head":"<!-- This site is optimized with the Yoast SEO plugin v27.3 - https:\/\/yoast.com\/product\/yoast-seo-wordpress\/ -->\n<title>Ecograf\u00eda | Los mejores ginec\u00f3logos en Forest Hills, Queens, NY | Medex - Multi-Specialty Medical Center<\/title>\n<meta name=\"description\" content=\"Una ecograf\u00eda es una tecnolog\u00eda de ultrasonidos que permite a nuestro m\u00e9dico de Forest Hills, Queens, NY, controlar de cerca la salud de la madre y el ni\u00f1o durante el embarazo.\" \/>\n<meta name=\"robots\" content=\"index, follow, max-snippet:-1, max-image-preview:large, max-video-preview:-1\" \/>\n<link rel=\"canonical\" href=\"https:\/\/www.medexdtc.com\/es\/sonogram\/\" \/>\n<meta property=\"og:locale\" content=\"es_ES\" \/>\n<meta property=\"og:type\" content=\"article\" \/>\n<meta property=\"og:title\" content=\"Ecograf\u00eda | Los mejores ginec\u00f3logos en Forest Hills, Queens, NY | Medex - Multi-Specialty Medical Center\" \/>\n<meta property=\"og:description\" content=\"Una ecograf\u00eda es una tecnolog\u00eda de ultrasonidos que permite a nuestro m\u00e9dico de Forest Hills, Queens, NY, controlar de cerca la salud de la madre y el ni\u00f1o durante el embarazo.\" \/>\n<meta property=\"og:url\" content=\"https:\/\/www.medexdtc.com\/es\/sonogram\/\" \/>\n<meta property=\"og:site_name\" content=\"Medex Diagnostic and Treatment Center - Queens Medical Center - Medical Clinic in Forest Hills, NY\" \/>\n<meta property=\"article:publisher\" content=\"https:\/\/www.facebook.com\/medexny\" \/>\n<meta name=\"twitter:card\" content=\"summary_large_image\" \/>\n<meta name=\"twitter:site\" content=\"@DtcMedex\" \/>\n<meta name=\"twitter:label1\" content=\"Tiempo de lectura\" \/>\n\t<meta name=\"twitter:data1\" content=\"6 minutos\" \/>\n<!-- \/ Yoast SEO plugin. -->","yoast_head_json":{"title":"Ecograf\u00eda | Los mejores ginec\u00f3logos en Forest Hills, Queens, NY | Medex - Multi-Specialty Medical Center","description":"Una ecograf\u00eda es una tecnolog\u00eda de ultrasonidos que permite a nuestro m\u00e9dico de Forest Hills, Queens, NY, controlar de cerca la salud de la madre y el ni\u00f1o durante el embarazo.","robots":{"index":"index","follow":"follow","max-snippet":"max-snippet:-1","max-image-preview":"max-image-preview:large","max-video-preview":"max-video-preview:-1"},"canonical":"https:\/\/www.medexdtc.com\/es\/sonogram\/","og_locale":"es_ES","og_type":"article","og_title":"Ecograf\u00eda | Los mejores ginec\u00f3logos en Forest Hills, Queens, NY | Medex - Multi-Specialty Medical Center","og_description":"Una ecograf\u00eda es una tecnolog\u00eda de ultrasonidos que permite a nuestro m\u00e9dico de Forest Hills, Queens, NY, controlar de cerca la salud de la madre y el ni\u00f1o durante el embarazo.","og_url":"https:\/\/www.medexdtc.com\/es\/sonogram\/","og_site_name":"Medex Diagnostic and Treatment Center - Queens Medical Center - Medical Clinic in Forest Hills, NY","article_publisher":"https:\/\/www.facebook.com\/medexny","twitter_card":"summary_large_image","twitter_site":"@DtcMedex","twitter_misc":{"Tiempo de lectura":"6 minutos"},"schema":{"@context":"https:\/\/schema.org","@graph":[{"@type":"WebPage","@id":"https:\/\/www.medexdtc.com\/es\/sonogram\/","url":"https:\/\/www.medexdtc.com\/es\/sonogram\/","name":"Ecograf\u00eda | Los mejores ginec\u00f3logos en Forest Hills, Queens, NY | Medex - Multi-Specialty Medical Center","isPartOf":{"@id":"https:\/\/www.medexdtc.com\/es\/#website"},"datePublished":"2020-08-05T18:10:51+00:00","description":"Una ecograf\u00eda es una tecnolog\u00eda de ultrasonidos que permite a nuestro m\u00e9dico de Forest Hills, Queens, NY, controlar de cerca la salud de la madre y el ni\u00f1o durante el embarazo.","breadcrumb":{"@id":"https:\/\/www.medexdtc.com\/es\/sonogram\/#breadcrumb"},"inLanguage":"es","potentialAction":[{"@type":"ReadAction","target":["https:\/\/www.medexdtc.com\/es\/sonogram\/"]}]},{"@type":"BreadcrumbList","@id":"https:\/\/www.medexdtc.com\/es\/sonogram\/#breadcrumb","itemListElement":[{"@type":"ListItem","position":1,"name":"Home","item":"https:\/\/www.medexdtc.com\/es\/"},{"@type":"ListItem","position":2,"name":"Ecograf\u00eda en Queens"}]},{"@type":"WebSite","@id":"https:\/\/www.medexdtc.com\/es\/#website","url":"https:\/\/www.medexdtc.com\/es\/","name":"Medex DTC","description":"Medex Diagnostic and Treatment Center is a Medical Center in Queens, NY is a dynamic multi-specialty clinic. Physicians delivering high quality individualized care in Forest Hills, Queens, NY.","publisher":{"@id":"https:\/\/www.medexdtc.com\/es\/#organization"},"potentialAction":[{"@type":"SearchAction","target":{"@type":"EntryPoint","urlTemplate":"https:\/\/www.medexdtc.com\/es\/?s={search_term_string}"},"query-input":{"@type":"PropertyValueSpecification","valueRequired":true,"valueName":"search_term_string"}}],"inLanguage":"es"},{"@type":"Organization","@id":"https:\/\/www.medexdtc.com\/es\/#organization","name":"Medex DCT","url":"https:\/\/www.medexdtc.com\/es\/","logo":{"@type":"ImageObject","inLanguage":"es","@id":"https:\/\/www.medexdtc.com\/es\/#\/schema\/logo\/image\/","url":"https:\/\/www.medexdtc.com\/wp-content\/uploads\/2024\/11\/medex-diagnostic-and-treatment-center-in-queens-NY.png","contentUrl":"https:\/\/www.medexdtc.com\/wp-content\/uploads\/2024\/11\/medex-diagnostic-and-treatment-center-in-queens-NY.png","width":226,"height":47,"caption":"Medex DCT"},"image":{"@id":"https:\/\/www.medexdtc.com\/es\/#\/schema\/logo\/image\/"},"sameAs":["https:\/\/www.facebook.com\/medexny","https:\/\/x.com\/DtcMedex","https:\/\/www.instagram.com\/medexdtc\/","https:\/\/www.linkedin.com\/company\/medex-diagnostic-and-treatment-center\/about\/"]}]}},"jetpack_sharing_enabled":true,"_links":{"self":[{"href":"https:\/\/www.medexdtc.com\/es\/wp-json\/wp\/v2\/pages\/6357","targetHints":{"allow":["GET"]}}],"collection":[{"href":"https:\/\/www.medexdtc.com\/es\/wp-json\/wp\/v2\/pages"}],"about":[{"href":"https:\/\/www.medexdtc.com\/es\/wp-json\/wp\/v2\/types\/page"}],"author":[{"embeddable":true,"href":"https:\/\/www.medexdtc.com\/es\/wp-json\/wp\/v2\/users\/3"}],"replies":[{"embeddable":true,"href":"https:\/\/www.medexdtc.com\/es\/wp-json\/wp\/v2\/comments?post=6357"}],"version-history":[{"count":0,"href":"https:\/\/www.medexdtc.com\/es\/wp-json\/wp\/v2\/pages\/6357\/revisions"}],"wp:attachment":[{"href":"https:\/\/www.medexdtc.com\/es\/wp-json\/wp\/v2\/media?parent=6357"}],"curies":[{"name":"wp","href":"https:\/\/api.w.org\/{rel}","templated":true}]}}