{"id":6358,"date":"2020-08-05T22:59:22","date_gmt":"2020-08-05T17:59:22","guid":{"rendered":"https:\/\/www.medexdtc.com\/descompresion-vertebral\/"},"modified":"2020-08-05T22:59:22","modified_gmt":"2020-08-05T17:59:22","slug":"spinal-decompression","status":"publish","type":"page","link":"https:\/\/www.medexdtc.com\/es\/spinal-decompression\/","title":{"rendered":"Descompresi\u00f3n vertebral"},"content":{"rendered":"<p>El dolor de espalda es un mal com\u00fan en EEUU. El dolor de espalda cr\u00f3nico o intenso es lo bastante debilitante como para perturbar tu vida cotidiana. Ven al Centro de Diagn\u00f3stico y Tratamiento Medex de Queens, NY, para recibir tratamientos no quir\u00fargicos que eliminen tu dolor. La descompresi\u00f3n espinal es una herramienta m\u00e1s de la amplia caja de herramientas de tratamientos de Medex. Podr\u00eda ser perfecta para ti. Llama a la consulta multiespecialidad para averiguarlo.     <\/p>\n<p>Tu columna vertebral est\u00e1 formada por 24 v\u00e9rtebras superpuestas. Entre cada una de estas v\u00e9rtebras hay discos amortiguadores rellenos de gel -junto con tendones, m\u00fasculos y ligamentos- que proporcionan estabilidad a todo tu esqueleto. Dentro de la columna vertebral est\u00e1 tu columna vertebral, el tronco principal de tu sistema nervioso.  <\/p>\n<p>Cuando empiezas a desarrollar <a href=\"https:\/\/www.medexdtc.com\/es\/back-pain\/\">dolor de espalda<\/a>, puede tratarse s\u00f3lo de un tir\u00f3n muscular. Pero lo m\u00e1s frecuente es que el dolor se deba a que algo en tu columna vertebral se ha desalineado. Puedes experimentar el dolor en otras partes del cuerpo, como las caderas, en lugar de en la espalda o adem\u00e1s de en ella. Todos los dolores que se originan en la columna vertebral pueden volverse cr\u00f3nicos y provocar <a href=\"https:\/\/www.medexdtc.com\/es\/depression\/\">depresi\u00f3n<\/a> psicol\u00f3gica.   <\/p>\n<p>Tu m\u00e9dico de columna del Centro de Diagn\u00f3stico y Tratamiento Medex de Queens, Nueva York, ofrece una serie de <a href=\"https:\/\/www.medexdtc.com\/es\/tratamiento-del-dolor-en-queens\/\">procedimientos para el tratamiento del dolor<\/a>. Aunque existen procedimientos quir\u00fargicos para aliviar el dolor de espalda, la descompresi\u00f3n vertebral suele ser un tratamiento <a href=\"https:\/\/www.medexdtc.com\/es\/physical-therapy\/\">de fisioterapia<\/a> especialmente eficaz si el dolor est\u00e1 en el cuello o en la parte baja de la espalda. El proceso abre tu columna vertebral, aliviando la presi\u00f3n en los puntos de dolor. Ha demostrado su eficacia como tratamiento no invasivo para aliviar el dolor.   <\/p>\n<h2>Prevenir el dolor de espalda<\/h2>\n<p>Los m\u00e9dicos de Medex abogan ante todo por la prevenci\u00f3n. Prep\u00e1rate para hablar de las medidas preventivas para tu dolor de espalda, a fin de proteger tu columna vertebral o evitar que tu dolor empeore. Hacer cambios saludables en tu estilo de vida minimiza las posibilidades de lesionarte la espalda. Estos cambios incluyen   <\/p>\n<ul>\n<li><strong>Perder peso Si <a href=\"https:\/\/www.medexdtc.com\/es\/obesity\/\">eres obeso<\/a>.<\/strong> Cada kilo de m\u00e1s ejerce presi\u00f3n sobre tu columna vertebral cuando caminas.<\/li>\n<li><strong>Tratar las enfermedades relacionadas con la obesidad.<\/strong> El peso adicional te hace susceptible a enfermedades como <a href=\"https:\/\/www.medexdtc.com\/es\/diabetes\/\">la diabetes<\/a>, <a href=\"https:\/\/www.medexdtc.com\/es\/high-blood-pressure\/\">la hipertensi\u00f3n<\/a> y el colesterol alto, que dificultan la r\u00e1pida recuperaci\u00f3n de las lesiones.<\/li>\n<li><strong>Levantar cosas pesadas de forma incorrecta.<\/strong>  Utiliza las piernas en lugar de la espalda. Pero aseg\u00farate de doblar las rodillas para evitar <a href=\"https:\/\/www.medexdtc.com\/es\/knee-pain\/\">el dolor de rodillas<\/a>. <\/li>\n<li><strong>Deja de fumar.<\/strong>  Cada calada estrecha tus vasos sangu\u00edneos, lo que tiene muchas consecuencias perjudiciales. Fumar tambi\u00e9n aumenta tus probabilidades de padecer <a href=\"https:\/\/www.medexdtc.com\/es\/heart-disease\/\">enfermedades cardiovasculares<\/a>. <\/li>\n<li><strong>Evitar estar sentado o conducir durante muchas horas.<\/strong>  Haz pausas frecuentes para estirar la columna vertebral. Lev\u00e1ntate y camina. Aunque algunas ocupaciones ponen en peligro tu columna vertebral por levantar objetos pesados, los trabajos que te obligan a estar sentado durante horas son igual de peligrosos.  <\/li>\n<li><strong>Observar una buena postura.<\/strong>  S\u00e9 consciente de c\u00f3mo caminas, te pones de pie y te sientas. Mant\u00e9n la espalda recta para evitar sobrecargar la columna lumbar. Una buena postura previene el dolor de espalda.  <\/li>\n<li><strong>Hacer ejercicios saludables para la espalda.<\/strong>  Para mantener sana la columna vertebral, calienta antes de hacer ejercicio. Pregunta a tu fisioterapeuta de Queens por ejercicios que estiren y fortalezcan los m\u00fasculos de la espalda. <\/li>\n<\/ul>\n<h2>\u00bfCu\u00e1ndo debes considerar la descompresi\u00f3n vertebral?<\/h2>\n<p>Casi el 80% de los estadounidenses se quejan de dolor de espalda en alg\u00fan momento de su vida. De hecho, el dolor de espalda se ha convertido en el principal motivo de baja laboral en Estados Unidos. Aunque los analg\u00e9sicos, el reposo y las bolsas de hielo ayudan hasta cierto punto, algunos problemas de espalda requieren un enfoque mucho m\u00e1s en\u00e9rgico del tratamiento del dolor.  <\/p>\n<p>Puedes optar por una intervenci\u00f3n quir\u00fargica para tratar el dolor de espalda, pero no suele ser la primera opci\u00f3n para combatirlo. El centro de atenci\u00f3n multiespecialidad del Centro de Diagn\u00f3stico y Tratamiento Medex ofrece descompresi\u00f3n espinal no invasiva para afecciones m\u00e9dicas que incluyen: <\/p>\n<ul>\n<li>Ci\u00e1tica, que provoca dolor, debilidad y sensaci\u00f3n de hormigueo en las piernas<\/li>\n<li>Discos abultados y <a href=\"https:\/\/www.medexdtc.com\/es\/herniated-discs\/\">hernias discales<\/a>, en las que la sustancia gelatinosa del disco irrita un nervio espinal cercano.<\/li>\n<li>Enfermedad discal degenerativa, una erosi\u00f3n gradual de tus discos que hace que pierdan su capacidad de soportar peso.<\/li>\n<li>S\u00edndrome facetario posterior, una afecci\u00f3n que se desarrolla debido a la degeneraci\u00f3n o lesi\u00f3n de los discos, lo que hace que tus v\u00e9rtebras se desplacen y se desalineen.<\/li>\n<li>Dolor radicular, causado por ra\u00edces nerviosas espinales da\u00f1adas<\/li>\n<li>Estenosis espinal, una afecci\u00f3n que estrecha una secci\u00f3n de tu columna vertebral, sometiendo a tensi\u00f3n a los nervios de su interior.<\/li>\n<\/ul>\n<h2>C\u00f3mo funciona la descompresi\u00f3n vertebral<\/h2>\n<p>El proceso no quir\u00fargico utiliza un sistema de tirones que se calculan por \u00e1ngulo y peso. Un ordenador determina la fuerza espinal precisa y dirigida que debe aplicarse a lo largo de tu columna lumbar y cervical para liberar la presi\u00f3n sobre los discos. A medida que aumenta la distancia entre las v\u00e9rtebras, se desarrolla una fuerza negativa similar al vac\u00edo en la m\u00e9dula espinal. Esta fuerza negativa:   <\/p>\n<ul>\n<li>Favorece que el agua, el ox\u00edgeno y los nutrientes fluyan de nuevo hacia los discos para aumentar la cicatrizaci\u00f3n<\/li>\n<li>Obliga al gel de los discos herniados a volver a la capa dura<\/li>\n<li>Ayuda a los discos degenerativos a recuperar su altura anterior de soporte de peso<\/li>\n<\/ul>\n<p>La descompresi\u00f3n vertebral no es un tipo de tratamiento \u00fanico. Tu m\u00e9dico de Queens tiene que introducir par\u00e1metros personalizados caso por caso. Y el n\u00famero de sesiones de tratamiento que necesitas depende de la gravedad de tu afecci\u00f3n. <a href=\"https:\/\/www.medexdtc.com\/es\/spinal-decompression\/#contact-form\">Ponte en contacto con un fisioterapeuta experimentado<\/a> del Centro de Diagn\u00f3stico y Tratamiento Medex para averiguar si la descompresi\u00f3n vertebral puede aliviar tu dolor de espalda.  <\/p>\n<p>Podemos ayudarte a encontrar m\u00e9dico. Llama al <a href=\"tel:+17182758900\">(718) 275-8900<\/a> <\/p>\n<p>Con licencia del estado de Nueva York, Medex es un centro de diagn\u00f3stico y tratamiento del art\u00edculo 28. Nuestros m\u00e9dicos proporcionan atenci\u00f3n integral a pacientes de todas las edades en la zona de Forest Hills, Queens, desde hace m\u00e1s de 15 a\u00f1os. Empieza a recibir atenci\u00f3n experta ahora llamando o concertando una cita en l\u00ednea con uno de los especialistas cualificados.<\/p>\n","protected":false},"excerpt":{"rendered":"<p>El dolor de espalda es un mal com\u00fan en EEUU. El dolor de espalda cr\u00f3nico o intenso es lo bastante debilitante como para perturbar tu vida cotidiana. Ven al Centro de Diagn\u00f3stico y Tratamiento Medex de Queens, NY, para recibir tratamientos no quir\u00fargicos que eliminen tu dolor. La descompresi\u00f3n espinal es una herramienta m\u00e1s de &hellip; <\/p>\n<p class=\"link-more\"><a href=\"https:\/\/www.medexdtc.com\/es\/spinal-decompression\/\" class=\"more-link\">Continue reading<span class=\"screen-reader-text\"> \u00abDescompresi\u00f3n vertebral\u00bb<\/span><\/a><\/p>\n","protected":false},"author":3,"featured_media":0,"parent":0,"menu_order":0,"comment_status":"closed","ping_status":"closed","template":"new_inner.php","meta":{"_acf_changed":false,"footnotes":""},"class_list":["post-6358","page","type-page","status-publish","hentry"],"acf":[],"yoast_head":"<!-- This site is optimized with the Yoast SEO plugin v27.5 - https:\/\/yoast.com\/product\/yoast-seo-wordpress\/ -->\n<title>Terapia de descompresi\u00f3n espinal | Los mejores m\u00e9dicos para el tratamiento del dolor en Forest Hills, Queens, NY | Medex - Multi-Specialty Medical Center<\/title>\n<meta name=\"description\" content=\"El dolor de espalda cr\u00f3nico o intenso es lo bastante debilitante como para perturbar tu vida cotidiana. Ponte en contacto con un fisioterapeuta del Centro de Diagn\u00f3stico y Tratamiento Medex de Forest Hills, Queens, NY, para averiguar si la descompresi\u00f3n espinal puede aliviar tu dolor de espalda.\" \/>\n<meta name=\"robots\" content=\"index, follow, max-snippet:-1, max-image-preview:large, max-video-preview:-1\" \/>\n<link rel=\"canonical\" href=\"https:\/\/www.medexdtc.com\/es\/spinal-decompression\/\" \/>\n<meta property=\"og:locale\" content=\"es_ES\" \/>\n<meta property=\"og:type\" content=\"article\" \/>\n<meta property=\"og:title\" content=\"Terapia de descompresi\u00f3n espinal | Los mejores m\u00e9dicos para el tratamiento del dolor en Forest Hills, Queens, NY | Medex - Multi-Specialty Medical Center\" \/>\n<meta property=\"og:description\" content=\"El dolor de espalda cr\u00f3nico o intenso es lo bastante debilitante como para perturbar tu vida cotidiana. Ponte en contacto con un fisioterapeuta del Centro de Diagn\u00f3stico y Tratamiento Medex de Forest Hills, Queens, NY, para averiguar si la descompresi\u00f3n espinal puede aliviar tu dolor de espalda.\" \/>\n<meta property=\"og:url\" content=\"https:\/\/www.medexdtc.com\/es\/spinal-decompression\/\" \/>\n<meta property=\"og:site_name\" content=\"Medex Diagnostic and Treatment Center - Queens Medical Center - Medical Clinic in Forest Hills, NY\" \/>\n<meta property=\"article:publisher\" content=\"https:\/\/www.facebook.com\/medexny\" \/>\n<meta name=\"twitter:card\" content=\"summary_large_image\" \/>\n<meta name=\"twitter:site\" content=\"@DtcMedex\" \/>\n<meta name=\"twitter:label1\" content=\"Tiempo de lectura\" \/>\n\t<meta name=\"twitter:data1\" content=\"6 minutos\" \/>\n<!-- \/ Yoast SEO plugin. -->","yoast_head_json":{"title":"Terapia de descompresi\u00f3n espinal | Los mejores m\u00e9dicos para el tratamiento del dolor en Forest Hills, Queens, NY | Medex - Multi-Specialty Medical Center","description":"El dolor de espalda cr\u00f3nico o intenso es lo bastante debilitante como para perturbar tu vida cotidiana. Ponte en contacto con un fisioterapeuta del Centro de Diagn\u00f3stico y Tratamiento Medex de Forest Hills, Queens, NY, para averiguar si la descompresi\u00f3n espinal puede aliviar tu dolor de espalda.","robots":{"index":"index","follow":"follow","max-snippet":"max-snippet:-1","max-image-preview":"max-image-preview:large","max-video-preview":"max-video-preview:-1"},"canonical":"https:\/\/www.medexdtc.com\/es\/spinal-decompression\/","og_locale":"es_ES","og_type":"article","og_title":"Terapia de descompresi\u00f3n espinal | Los mejores m\u00e9dicos para el tratamiento del dolor en Forest Hills, Queens, NY | Medex - Multi-Specialty Medical Center","og_description":"El dolor de espalda cr\u00f3nico o intenso es lo bastante debilitante como para perturbar tu vida cotidiana. Ponte en contacto con un fisioterapeuta del Centro de Diagn\u00f3stico y Tratamiento Medex de Forest Hills, Queens, NY, para averiguar si la descompresi\u00f3n espinal puede aliviar tu dolor de espalda.","og_url":"https:\/\/www.medexdtc.com\/es\/spinal-decompression\/","og_site_name":"Medex Diagnostic and Treatment Center - Queens Medical Center - Medical Clinic in Forest Hills, NY","article_publisher":"https:\/\/www.facebook.com\/medexny","twitter_card":"summary_large_image","twitter_site":"@DtcMedex","twitter_misc":{"Tiempo de lectura":"6 minutos"},"schema":{"@context":"https:\/\/schema.org","@graph":[{"@type":"WebPage","@id":"https:\/\/www.medexdtc.com\/es\/spinal-decompression\/","url":"https:\/\/www.medexdtc.com\/es\/spinal-decompression\/","name":"Terapia de descompresi\u00f3n espinal | Los mejores m\u00e9dicos para el tratamiento del dolor en Forest Hills, Queens, NY | Medex - Multi-Specialty Medical Center","isPartOf":{"@id":"https:\/\/www.medexdtc.com\/es\/#website"},"datePublished":"2020-08-05T17:59:22+00:00","description":"El dolor de espalda cr\u00f3nico o intenso es lo bastante debilitante como para perturbar tu vida cotidiana. Ponte en contacto con un fisioterapeuta del Centro de Diagn\u00f3stico y Tratamiento Medex de Forest Hills, Queens, NY, para averiguar si la descompresi\u00f3n espinal puede aliviar tu dolor de espalda.","breadcrumb":{"@id":"https:\/\/www.medexdtc.com\/es\/spinal-decompression\/#breadcrumb"},"inLanguage":"es","potentialAction":[{"@type":"ReadAction","target":["https:\/\/www.medexdtc.com\/es\/spinal-decompression\/"]}]},{"@type":"BreadcrumbList","@id":"https:\/\/www.medexdtc.com\/es\/spinal-decompression\/#breadcrumb","itemListElement":[{"@type":"ListItem","position":1,"name":"Home","item":"https:\/\/www.medexdtc.com\/es\/"},{"@type":"ListItem","position":2,"name":"Descompresi\u00f3n vertebral"}]},{"@type":"WebSite","@id":"https:\/\/www.medexdtc.com\/es\/#website","url":"https:\/\/www.medexdtc.com\/es\/","name":"Medex DTC","description":"Medex Diagnostic and Treatment Center is a Medical Center in Queens, NY is a dynamic multi-specialty clinic. Physicians delivering high quality individualized care in Forest Hills, Queens, NY.","publisher":{"@id":"https:\/\/www.medexdtc.com\/es\/#organization"},"potentialAction":[{"@type":"SearchAction","target":{"@type":"EntryPoint","urlTemplate":"https:\/\/www.medexdtc.com\/es\/?s={search_term_string}"},"query-input":{"@type":"PropertyValueSpecification","valueRequired":true,"valueName":"search_term_string"}}],"inLanguage":"es"},{"@type":"Organization","@id":"https:\/\/www.medexdtc.com\/es\/#organization","name":"Medex DCT","url":"https:\/\/www.medexdtc.com\/es\/","logo":{"@type":"ImageObject","inLanguage":"es","@id":"https:\/\/www.medexdtc.com\/es\/#\/schema\/logo\/image\/","url":"https:\/\/www.medexdtc.com\/wp-content\/uploads\/2024\/11\/medex-diagnostic-and-treatment-center-in-queens-NY.png","contentUrl":"https:\/\/www.medexdtc.com\/wp-content\/uploads\/2024\/11\/medex-diagnostic-and-treatment-center-in-queens-NY.png","width":226,"height":47,"caption":"Medex DCT"},"image":{"@id":"https:\/\/www.medexdtc.com\/es\/#\/schema\/logo\/image\/"},"sameAs":["https:\/\/www.facebook.com\/medexny","https:\/\/x.com\/DtcMedex","https:\/\/www.instagram.com\/medexdtc\/","https:\/\/www.linkedin.com\/company\/medex-diagnostic-and-treatment-center\/about\/"]}]}},"jetpack_sharing_enabled":true,"_links":{"self":[{"href":"https:\/\/www.medexdtc.com\/es\/wp-json\/wp\/v2\/pages\/6358","targetHints":{"allow":["GET"]}}],"collection":[{"href":"https:\/\/www.medexdtc.com\/es\/wp-json\/wp\/v2\/pages"}],"about":[{"href":"https:\/\/www.medexdtc.com\/es\/wp-json\/wp\/v2\/types\/page"}],"author":[{"embeddable":true,"href":"https:\/\/www.medexdtc.com\/es\/wp-json\/wp\/v2\/users\/3"}],"replies":[{"embeddable":true,"href":"https:\/\/www.medexdtc.com\/es\/wp-json\/wp\/v2\/comments?post=6358"}],"version-history":[{"count":0,"href":"https:\/\/www.medexdtc.com\/es\/wp-json\/wp\/v2\/pages\/6358\/revisions"}],"wp:attachment":[{"href":"https:\/\/www.medexdtc.com\/es\/wp-json\/wp\/v2\/media?parent=6358"}],"curies":[{"name":"wp","href":"https:\/\/api.w.org\/{rel}","templated":true}]}}