{"id":6368,"date":"2020-08-05T22:51:01","date_gmt":"2020-08-05T17:51:01","guid":{"rendered":"https:\/\/www.medexdtc.com\/escleroterapia-para-las-aranas-vasculares\/"},"modified":"2020-08-05T22:51:01","modified_gmt":"2020-08-05T17:51:01","slug":"sclerotherapy-for-spider-veins","status":"publish","type":"page","link":"https:\/\/www.medexdtc.com\/es\/sclerotherapy-for-spider-veins\/","title":{"rendered":"Escleroterapia para las ara\u00f1as vasculares"},"content":{"rendered":"<p>Las ara\u00f1as vasculares se forman en distintas partes de tu cuerpo por diversos motivos. Aparecen como venas en forma de telara\u00f1a visibles en la superficie de tu piel, las ara\u00f1as vasculares no son potencialmente mortales, pero son inc\u00f3modas y antiest\u00e9ticas. La escleroterapia es uno de los tratamientos m\u00e1s eficaces para las ara\u00f1as vasculares. Es un procedimiento seguro y m\u00ednimamente invasivo que destruye las venas desde dentro, permitiendo que sean reabsorbidas por tu cuerpo. Si sufres ara\u00f1as vasculares, llama al Centro de Diagn\u00f3stico y Tratamiento Medex de Queens (Nueva York) para averiguar si la escleroterapia es adecuada para ti.    <\/p>\n<p>Pueden aparecer <a href=\"https:\/\/www.medexdtc.com\/es\/spider-veins\/\">ara\u00f1as vas<\/a> culares diminutas en la cara, brazos, manos o piernas a medida que envejeces o como respuesta a una lesi\u00f3n, traumatismo o enfermedad. Son distintas de las <a href=\"https:\/\/www.medexdtc.com\/varicose-veins\/\">varices<\/a> m\u00e1s grandes. Tu <a href=\"https:\/\/www.medexdtc.com\/veins\/\">especialista en venas var<\/a> icosas del Centro de Diagn\u00f3stico y Tratamiento Medex de Queens, Nueva York, te recomienda opciones de tratamiento para tus ara\u00f1as vasculares tras un examen. El mejor tratamiento para ti puede ser la escleroterapia.   <\/p>\n<p>M\u00e9todo de tratamiento seguro y eficaz desde los a\u00f1os 30, la escleroterapia se basa en una soluci\u00f3n salina o qu\u00edmica. Un especialista en venas inyecta la soluci\u00f3n en las ara\u00f1as vasculares visibles para que se encojan y desaparezcan. Tambi\u00e9n puedes notar una mejora del flujo sangu\u00edneo, sobre todo si has padecido hinchaz\u00f3n cr\u00f3nica por insuficiencia venosa o eficacia inadecuada de las v\u00e1lvulas.  <\/p>\n<h2>\u00bfQui\u00e9n se beneficia de la escleroterapia?<\/h2>\n<p>Aunque cualquiera puede desarrollar ara\u00f1as vasculares, algunos individuos son m\u00e1s susceptibles. Entre los que responden bien a la escleroterapia est\u00e1n: <\/p>\n<ul>\n<li>Cualquier persona que permanezca de pie durante largos periodos de tiempo, como un trabajador de f\u00e1brica, un empleado de correos, un peluquero o un profesor<\/li>\n<li>Los que han sufrido una lesi\u00f3n o traumatismo en la piel<\/li>\n<li>Mujeres que experimentan una fluctuaci\u00f3n hormonal importante debido a la pubertad, el embarazo o la menopausia<\/li>\n<li>Mujeres que toman anticonceptivos o se someten a terapia hormonal sustitutiva<\/li>\n<li>Cualquier persona que tenga antecedentes personales o familiares de enfermedades venosas o de cirug\u00eda venosa<\/li>\n<li>Los que tienen antecedentes de co\u00e1gulos sangu\u00edneos<\/li>\n<li>Personas que luchan contra <a href=\"https:\/\/www.medexdtc.com\/es\/obesity\/\">la obesidad<\/a><\/li>\n<li>Cualquier persona con una exposici\u00f3n importante a los rayos ultravioleta<\/li>\n<li>Los que padecen afecciones que provocan un aumento de la presi\u00f3n abdominal, como estre\u00f1imiento o tumores<\/li>\n<li>Fumadores<\/li>\n<\/ul>\n<p>Las ara\u00f1as vasculares no siempre van acompa\u00f1adas de otros s\u00edntomas, pero junto con las llamativas venas azules, rojas o moradas, tambi\u00e9n puedes experimentar molestias, calambres o dolor, sobre todo en las piernas. A veces tambi\u00e9n se produce ardor, pesadez y hormigueo. Ocasionalmente, puedes notar hinchaz\u00f3n alrededor de los tobillos.  <\/p>\n<h2>\u00bfQu\u00e9 implica un procedimiento de escleroterapia?<\/h2>\n<p>Tu especialista en venas varicosas Medex suele prescribir primero otros tratamientos, ya que la escleroterapia es m\u00ednimamente invasiva. Otros remedios incluyen cambios en el estilo de vida, como estar menos de pie, caminar o nadar m\u00e1s, perder peso y llevar medias de sujeci\u00f3n. Si estos cambios no han reducido tus s\u00edntomas, el siguiente paso es la escleroterapia. El proceso implica una serie de pasos, entre ellos:   <\/p>\n<ol>\n<li>Hasta 72 horas antes de la intervenci\u00f3n, debes evitar ciertos medicamentos que aumentan el flujo sangu\u00edneo, como el ibuprofeno, la aspirina y otros antiinflamatorios.<\/li>\n<li>Tu m\u00e9dico especialista en venas varicosas realiza una exploraci\u00f3n f\u00edsica para descartar afecciones subyacentes descalificadoras, como el embarazo y ciertas afecciones cardiacas.<\/li>\n<li>Tu m\u00e9dico analiza tu historial m\u00e9dico para encontrar cambios en tu estilo de vida que puedan mejorar el \u00e9xito del procedimiento de escleroterapia. Aseg\u00farate de enumerar todos los medicamentos o suplementos que tomas, incluidos los remedios a base de plantas. <\/li>\n<li>Dependiendo de la profundidad de tus ara\u00f1as vasculares, tu m\u00e9dico puede utilizar anestesia t\u00f3pica o local, pero no siempre es necesario.<\/li>\n<li>Con una aguja muy fina, el m\u00e9dico inyecta con precisi\u00f3n una soluci\u00f3n salina o qu\u00edmica en las venas afectadas.<\/li>\n<li>La sal o las sustancias qu\u00edmicas de la soluci\u00f3n irritan el revestimiento de los diminutos vasos sangu\u00edneos, lo que provoca el colapso de las venas.<\/li>\n<li>Tu sangre encuentra venas cercanas por las que fluir, por lo que el tejido circundante no se ve afectado.<\/li>\n<li>Con el tiempo, tu cuerpo absorbe el tejido venoso muerto, y las ara\u00f1as vasculares desaparecen.<\/li>\n<\/ol>\n<p>Puedes sentir alguna ligera molestia, calambres o ardor durante el procedimiento de 30 minutos o inmediatamente despu\u00e9s. Estas sensaciones desaparecen r\u00e1pidamente. Tu m\u00e9dico Medex decide cu\u00e1ntas venas inyectar durante una sesi\u00f3n, bas\u00e1ndose en el n\u00famero de tus ara\u00f1as vasculares, su tama\u00f1o, la localizaci\u00f3n y tu estado general de salud.  <\/p>\n<h2>\u00bfQu\u00e9 puedes esperar despu\u00e9s de la escleroterapia?<\/h2>\n<p>Puedes volver al trabajo inmediatamente, siempre que no sea extenuante. Para las ara\u00f1as vasculares de las piernas y los tobillos, tu m\u00e9dico de venas prescribe llevar medias de sujeci\u00f3n durante un par de semanas. Para las ara\u00f1as vasculares de los brazos, se recomiendan vendas de compresi\u00f3n alrededor de la zona tratada. Otras limitaciones a corto plazo son   <\/p>\n<ul>\n<li>Evita la actividad aer\u00f3bica y levantar objetos pesados durante una o dos semanas despu\u00e9s de la intervenci\u00f3n.<\/li>\n<li>Sigue evitando los antiinflamatorios hasta 72 horas despu\u00e9s de la intervenci\u00f3n.<\/li>\n<li>Evita los ba\u00f1os calientes, las duchas largas y las compresas calientes durante el primer d\u00eda.<\/li>\n<li>Mantente alejado de la luz solar directa, que puede causar manchas en la piel.<\/li>\n<\/ul>\n<p>Se te anima a que camines y te muevas libremente, ya que esto ayuda a tu cuerpo a adaptarse e impide que se formen co\u00e1gulos de sangre. Tus ara\u00f1as vasculares se reducen y desaparecen en un plazo de tres a seis semanas. No volver\u00e1n a aparecer, aunque con el tiempo pueden aparecer nuevas ara\u00f1as vasculares. <a href=\"https:\/\/www.medexdtc.com\/es\/sclerotherapy-for-spider-veins\/#contact-form\">Ponte en contacto con el Centro de Diagn\u00f3stico y Tratamiento Medex<\/a> de Queens, Nueva York, para saber c\u00f3mo reducir las molestias y el aspecto de tus ara\u00f1as vasculares con escleroterapia.  <\/p>\n<p>Podemos ayudarte a encontrar m\u00e9dico. Llama al <a href=\"tel:+17182758900\">(718) 275-8900<\/a> <\/p>\n<p>Con licencia del estado de Nueva York, Medex es un centro de diagn\u00f3stico y tratamiento del art\u00edculo 28. Nuestros m\u00e9dicos proporcionan atenci\u00f3n integral a pacientes de todas las edades en la zona de Forest Hills, Queens, desde hace m\u00e1s de 15 a\u00f1os. Empieza a recibir atenci\u00f3n experta ahora llamando o concertando una cita en l\u00ednea con uno de los especialistas cualificados.<\/p>\n","protected":false},"excerpt":{"rendered":"<p>Las ara\u00f1as vasculares se forman en distintas partes de tu cuerpo por diversos motivos. Aparecen como venas en forma de telara\u00f1a visibles en la superficie de tu piel, las ara\u00f1as vasculares no son potencialmente mortales, pero son inc\u00f3modas y antiest\u00e9ticas. La escleroterapia es uno de los tratamientos m\u00e1s eficaces para las ara\u00f1as vasculares. Es un &hellip; <\/p>\n<p class=\"link-more\"><a href=\"https:\/\/www.medexdtc.com\/es\/sclerotherapy-for-spider-veins\/\" class=\"more-link\">Continue reading<span class=\"screen-reader-text\"> \u00abEscleroterapia para las ara\u00f1as vasculares\u00bb<\/span><\/a><\/p>\n","protected":false},"author":3,"featured_media":0,"parent":0,"menu_order":0,"comment_status":"closed","ping_status":"closed","template":"new_inner.php","meta":{"_acf_changed":false,"footnotes":""},"class_list":["post-6368","page","type-page","status-publish","hentry"],"acf":[],"yoast_head":"<!-- This site is optimized with the Yoast SEO plugin v27.5 - https:\/\/yoast.com\/product\/yoast-seo-wordpress\/ -->\n<title>Escleroterapia para ara\u00f1as vasculares | Los mejores m\u00e9dicos de venas varicosas en Forest Hills, Queens, NY | Medex - Multi-Specialty Medical Center<\/title>\n<meta name=\"description\" content=\"La escleroterapia es un procedimiento m\u00ednimamente invasivo que destruye las venas desde el interior, permitiendo que sean reabsorbidas por tu cuerpo. Si sufres ara\u00f1as vasculares, llama al Centro de Diagn\u00f3stico y Tratamiento Medex de Forest Hills, Queens, NY, para averiguar si la escleroterapia es adecuada para ti.\" \/>\n<meta name=\"robots\" content=\"index, follow, max-snippet:-1, max-image-preview:large, max-video-preview:-1\" \/>\n<link rel=\"canonical\" href=\"https:\/\/www.medexdtc.com\/es\/sclerotherapy-for-spider-veins\/\" \/>\n<meta property=\"og:locale\" content=\"es_ES\" \/>\n<meta property=\"og:type\" content=\"article\" \/>\n<meta property=\"og:title\" content=\"Escleroterapia para ara\u00f1as vasculares | Los mejores m\u00e9dicos de venas varicosas en Forest Hills, Queens, NY | Medex - Multi-Specialty Medical Center\" \/>\n<meta property=\"og:description\" content=\"La escleroterapia es un procedimiento m\u00ednimamente invasivo que destruye las venas desde el interior, permitiendo que sean reabsorbidas por tu cuerpo. Si sufres ara\u00f1as vasculares, llama al Centro de Diagn\u00f3stico y Tratamiento Medex de Forest Hills, Queens, NY, para averiguar si la escleroterapia es adecuada para ti.\" \/>\n<meta property=\"og:url\" content=\"https:\/\/www.medexdtc.com\/es\/sclerotherapy-for-spider-veins\/\" \/>\n<meta property=\"og:site_name\" content=\"Medex Diagnostic and Treatment Center - Queens Medical Center - Medical Clinic in Forest Hills, NY\" \/>\n<meta property=\"article:publisher\" content=\"https:\/\/www.facebook.com\/medexny\" \/>\n<meta name=\"twitter:card\" content=\"summary_large_image\" \/>\n<meta name=\"twitter:site\" content=\"@DtcMedex\" \/>\n<meta name=\"twitter:label1\" content=\"Tiempo de lectura\" \/>\n\t<meta name=\"twitter:data1\" content=\"6 minutos\" \/>\n<!-- \/ Yoast SEO plugin. -->","yoast_head_json":{"title":"Escleroterapia para ara\u00f1as vasculares | Los mejores m\u00e9dicos de venas varicosas en Forest Hills, Queens, NY | Medex - Multi-Specialty Medical Center","description":"La escleroterapia es un procedimiento m\u00ednimamente invasivo que destruye las venas desde el interior, permitiendo que sean reabsorbidas por tu cuerpo. Si sufres ara\u00f1as vasculares, llama al Centro de Diagn\u00f3stico y Tratamiento Medex de Forest Hills, Queens, NY, para averiguar si la escleroterapia es adecuada para ti.","robots":{"index":"index","follow":"follow","max-snippet":"max-snippet:-1","max-image-preview":"max-image-preview:large","max-video-preview":"max-video-preview:-1"},"canonical":"https:\/\/www.medexdtc.com\/es\/sclerotherapy-for-spider-veins\/","og_locale":"es_ES","og_type":"article","og_title":"Escleroterapia para ara\u00f1as vasculares | Los mejores m\u00e9dicos de venas varicosas en Forest Hills, Queens, NY | Medex - Multi-Specialty Medical Center","og_description":"La escleroterapia es un procedimiento m\u00ednimamente invasivo que destruye las venas desde el interior, permitiendo que sean reabsorbidas por tu cuerpo. Si sufres ara\u00f1as vasculares, llama al Centro de Diagn\u00f3stico y Tratamiento Medex de Forest Hills, Queens, NY, para averiguar si la escleroterapia es adecuada para ti.","og_url":"https:\/\/www.medexdtc.com\/es\/sclerotherapy-for-spider-veins\/","og_site_name":"Medex Diagnostic and Treatment Center - Queens Medical Center - Medical Clinic in Forest Hills, NY","article_publisher":"https:\/\/www.facebook.com\/medexny","twitter_card":"summary_large_image","twitter_site":"@DtcMedex","twitter_misc":{"Tiempo de lectura":"6 minutos"},"schema":{"@context":"https:\/\/schema.org","@graph":[{"@type":"WebPage","@id":"https:\/\/www.medexdtc.com\/es\/sclerotherapy-for-spider-veins\/","url":"https:\/\/www.medexdtc.com\/es\/sclerotherapy-for-spider-veins\/","name":"Escleroterapia para ara\u00f1as vasculares | Los mejores m\u00e9dicos de venas varicosas en Forest Hills, Queens, NY | Medex - Multi-Specialty Medical Center","isPartOf":{"@id":"https:\/\/www.medexdtc.com\/es\/#website"},"datePublished":"2020-08-05T17:51:01+00:00","description":"La escleroterapia es un procedimiento m\u00ednimamente invasivo que destruye las venas desde el interior, permitiendo que sean reabsorbidas por tu cuerpo. Si sufres ara\u00f1as vasculares, llama al Centro de Diagn\u00f3stico y Tratamiento Medex de Forest Hills, Queens, NY, para averiguar si la escleroterapia es adecuada para ti.","breadcrumb":{"@id":"https:\/\/www.medexdtc.com\/es\/sclerotherapy-for-spider-veins\/#breadcrumb"},"inLanguage":"es","potentialAction":[{"@type":"ReadAction","target":["https:\/\/www.medexdtc.com\/es\/sclerotherapy-for-spider-veins\/"]}]},{"@type":"BreadcrumbList","@id":"https:\/\/www.medexdtc.com\/es\/sclerotherapy-for-spider-veins\/#breadcrumb","itemListElement":[{"@type":"ListItem","position":1,"name":"Home","item":"https:\/\/www.medexdtc.com\/es\/"},{"@type":"ListItem","position":2,"name":"Escleroterapia para las ara\u00f1as vasculares"}]},{"@type":"WebSite","@id":"https:\/\/www.medexdtc.com\/es\/#website","url":"https:\/\/www.medexdtc.com\/es\/","name":"Medex DTC","description":"Medex Diagnostic and Treatment Center is a Medical Center in Queens, NY is a dynamic multi-specialty clinic. Physicians delivering high quality individualized care in Forest Hills, Queens, NY.","publisher":{"@id":"https:\/\/www.medexdtc.com\/es\/#organization"},"potentialAction":[{"@type":"SearchAction","target":{"@type":"EntryPoint","urlTemplate":"https:\/\/www.medexdtc.com\/es\/?s={search_term_string}"},"query-input":{"@type":"PropertyValueSpecification","valueRequired":true,"valueName":"search_term_string"}}],"inLanguage":"es"},{"@type":"Organization","@id":"https:\/\/www.medexdtc.com\/es\/#organization","name":"Medex DCT","url":"https:\/\/www.medexdtc.com\/es\/","logo":{"@type":"ImageObject","inLanguage":"es","@id":"https:\/\/www.medexdtc.com\/es\/#\/schema\/logo\/image\/","url":"https:\/\/www.medexdtc.com\/wp-content\/uploads\/2024\/11\/medex-diagnostic-and-treatment-center-in-queens-NY.png","contentUrl":"https:\/\/www.medexdtc.com\/wp-content\/uploads\/2024\/11\/medex-diagnostic-and-treatment-center-in-queens-NY.png","width":226,"height":47,"caption":"Medex DCT"},"image":{"@id":"https:\/\/www.medexdtc.com\/es\/#\/schema\/logo\/image\/"},"sameAs":["https:\/\/www.facebook.com\/medexny","https:\/\/x.com\/DtcMedex","https:\/\/www.instagram.com\/medexdtc\/","https:\/\/www.linkedin.com\/company\/medex-diagnostic-and-treatment-center\/about\/"]}]}},"jetpack_sharing_enabled":true,"_links":{"self":[{"href":"https:\/\/www.medexdtc.com\/es\/wp-json\/wp\/v2\/pages\/6368","targetHints":{"allow":["GET"]}}],"collection":[{"href":"https:\/\/www.medexdtc.com\/es\/wp-json\/wp\/v2\/pages"}],"about":[{"href":"https:\/\/www.medexdtc.com\/es\/wp-json\/wp\/v2\/types\/page"}],"author":[{"embeddable":true,"href":"https:\/\/www.medexdtc.com\/es\/wp-json\/wp\/v2\/users\/3"}],"replies":[{"embeddable":true,"href":"https:\/\/www.medexdtc.com\/es\/wp-json\/wp\/v2\/comments?post=6368"}],"version-history":[{"count":0,"href":"https:\/\/www.medexdtc.com\/es\/wp-json\/wp\/v2\/pages\/6368\/revisions"}],"wp:attachment":[{"href":"https:\/\/www.medexdtc.com\/es\/wp-json\/wp\/v2\/media?parent=6368"}],"curies":[{"name":"wp","href":"https:\/\/api.w.org\/{rel}","templated":true}]}}