{"id":6377,"date":"2025-04-14T05:01:10","date_gmt":"2025-04-14T00:01:10","guid":{"rendered":"https:\/\/www.medexdtc.com\/lesiones-por-latigazo-cervical-signos-y-sintomas-molestos-comunes\/"},"modified":"2025-09-15T04:33:08","modified_gmt":"2025-09-14T23:33:08","slug":"whiplash-injuries-common-bothersome-signs-and-symptoms","status":"publish","type":"page","link":"https:\/\/www.medexdtc.com\/es\/whiplash-injuries-common-bothersome-signs-and-symptoms\/","title":{"rendered":"Lesiones por latigazo cervical: Signos y S\u00edntomas Molestos Comunes"},"content":{"rendered":"<h2 class=\"wp-block-heading\">Lesiones por latigazo cervical: Signos y S\u00edntomas Molestos Comunes<\/h2><p>Cuando te ves implicado en un accidente de autom\u00f3vil, una de las lesiones m\u00e1s frecuentes es el latigazo cervical. Esta lesi\u00f3n se produce cuando la cabeza y el cuello son forzados hacia atr\u00e1s, y luego hacia delante, en un movimiento r\u00e1pido, repentino y en\u00e9rgico. <\/p><p>Esta acci\u00f3n hace que la columna cervical experimente un nivel extremo de tensi\u00f3n.<\/p><p>Muchas lesiones de latigazo cervical est\u00e1n causadas por accidentes de autom\u00f3vil en los que la persona que sufre la lesi\u00f3n fue golpeada en la parte trasera de su veh\u00edculo.<\/p><p>El latigazo cervical tambi\u00e9n puede denominarse CAD, o s\u00edndrome de aceleraci\u00f3n\/desaceleraci\u00f3n cervical.<\/p><figure class=\"wp-block-image\"><img decoding=\"async\" src=\"https:\/\/nofaultdoctorqueens.com\/wp-content\/uploads\/2018\/04\/whiplash-image-425x334.jpg\" alt=\"\" class=\"wp-image-204836\" title=\"\"\/><\/figure><h2 class=\"wp-block-heading\">\u00bfQui\u00e9n tiene m\u00e1s riesgo de sufrir lesiones por latigazo cervical?<\/h2><p>Hay algunos factores de riesgo que influyen en una lesi\u00f3n por latigazo cervical. Las mujeres son m\u00e1s susceptibles que los hombres con este tipo de lesi\u00f3n de experimentar un periodo de recuperaci\u00f3n m\u00e1s largo. Las personas mayores suelen tardar m\u00e1s en recuperarse de un latigazo cervical que las m\u00e1s j\u00f3venes.  <\/p><p>Si hay dolor intenso en el momento de la lesi\u00f3n, el tiempo de recuperaci\u00f3n tambi\u00e9n tiende a ser m\u00e1s largo. Las personas a las que se ha diagnosticado previamente un trastorno de estr\u00e9s postraum\u00e1tico tambi\u00e9n pueden experimentar un tiempo de recuperaci\u00f3n m\u00e1s largo si sufren este tipo de lesi\u00f3n en un accidente de tr\u00e1fico. <\/p><h2 class=\"wp-block-heading\">\u00bfCu\u00e1les son los s\u00edntomas del latigazo cervical?<\/h2><p>El latigazo cervical puede causar s\u00edntomas en el momento de la lesi\u00f3n. Algunas personas pueden experimentar un retraso de hasta 24 horas antes de empezar a sentir los efectos de la lesi\u00f3n. El s\u00edntoma molesto m\u00e1s frecuente del latigazo cervical es el dolor de cuello. Algunas personas s\u00f3lo experimentan un dolor leve debido a la lesi\u00f3n, que puede tratarse f\u00e1cilmente. Otras pueden experimentar entumecimiento u hormigueo en el cuello. El dolor del latigazo cervical tambi\u00e9n puede ser intenso y extremo, reduciendo la calidad de vida de la persona lesionada hasta que pueda tratarse la afecci\u00f3n.     <\/p><p>Adem\u00e1s del dolor, el latigazo cervical tambi\u00e9n puede reducir la amplitud de movimiento de una persona. Puede crear inestabilidad en el cuello. Puede haber rigidez muscular, con o sin dolor. El latigazo cervical tambi\u00e9n puede causar dolor en los hombros o en la parte superior de la espalda. Algunas personas tambi\u00e9n pueden sufrir dolores de cabeza, incluso migra\u00f1as, debido al impacto de esta lesi\u00f3n. El hormigueo, el entumecimiento o la debilidad muscular pueden irradiarse desde el cuello, hacia los hombros e incluso hacia el brazo en algunas personas. Lo que hace que el latigazo cervical sea dif\u00edcil de diagnosticar, sobre todo en los casos de lesiones sin culpa, es que los s\u00edntomas son similares a los de otras lesiones. Las lesiones concurrentes que no est\u00e1n relacionadas con el accidente tambi\u00e9n pueden tener s\u00edntomas similares, como un nervio pinzado, una lesi\u00f3n de hombro o una picadura reciente.       <\/p><p>Tambi\u00e9n pueden aparecer s\u00edntomas adicionales despu\u00e9s de producirse la lesi\u00f3n por latigazo cervical.<\/p><ul class=\"wp-block-list\"><li>Esto crea una sensaci\u00f3n de zumbido o pitido en uno o ambos o\u00eddos.<\/li>\n\n<li>Es posible sufrir una conmoci\u00f3n cerebral cuando se produce un latigazo cervical, sobre todo si la cabeza entr\u00f3 en contacto con un objeto del veh\u00edculo.<\/li>\n\n<li><strong>D\u00e9ficits visuales.<\/strong>  Los problemas de visi\u00f3n pueden incluir visi\u00f3n borrosa y distorsi\u00f3n.<\/li>\n\n<li><strong>Cambios de emoci\u00f3n.<\/strong>  Las personas que sufren una lesi\u00f3n por latigazo cervical pueden ponerse ansiosas, frustrarse o experimentar un ataque de p\u00e1nico en circunstancias extremas.<\/li>\n\n<li>Las lesiones por latigazo cervical pueden dificultar el sue\u00f1o de algunos pacientes, incluso con soportes cervicales adecuados.<\/li><\/ul><p>Si el impacto del accidente de tr\u00e1fico es lo bastante grave, se sabe que el latigazo cervical tambi\u00e9n crea problemas de memoria, de concentraci\u00f3n y de pensamiento. Los s\u00edntomas cognitivos pueden aparecer inmediatamente. Algunos pueden no notarse hasta pasados varios d\u00edas desde que se produjo la lesi\u00f3n.  <\/p><h2 class=\"wp-block-heading\">Qu\u00e9 esperar de una lesi\u00f3n por latigazo cervical<\/h2><p><strong><em>Si has experimentado s\u00edntomas f\u00edsicos tras un accidente de coche, acude a un m\u00e9dico para que te haga un chequeo.<\/em><\/strong><\/p><p>Cuando se produce una lesi\u00f3n por latigazo cervical, la mayor\u00eda de los pacientes pueden recuperarse totalmente en los 90 d\u00edas siguientes al incidente. Sin embargo, algunas personas pueden tener s\u00edntomas que duran mucho m\u00e1s tiempo. Se sabe que el dolor cr\u00f3nico de una lesi\u00f3n por latigazo cervical, en algunos casos, dura a\u00f1os. Incluso con t\u00e9cnicas de control del dolor y un plan de tratamiento eficaz administrado por m\u00e9dicos sin culpa, los s\u00edntomas cr\u00f3nicos del latigazo cervical pueden afectar a la calidad de vida de una persona.   <\/p><p>Hay algunos signos de que una lesi\u00f3n por latigazo cervical es grave y requiere atenci\u00f3n m\u00e9dica inmediata.<\/p><ul class=\"wp-block-list\"><li>Mejora de los problemas de salud mental, como el insomnio, la depresi\u00f3n o el aumento de la irritabilidad.<\/li>\n\n<li>Dolor, debilidad, entumecimiento o sensaci\u00f3n de hormigueo que se irradia por el hombro, el brazo y la mano, aunque no se sienta dolor en el cuello.<\/li>\n\n<li>Se siente inestabilidad en el cuello.<\/li><\/ul><p>Retrasar el tratamiento de una lesi\u00f3n por latigazo cervical puede reducir la eficacia global del plan de tratamiento.<\/p><p>El latigazo cervical es una lesi\u00f3n que estar\u00eda cubierta por las obligaciones sin culpa. Si has tenido un accidente de coche recientemente y sientes dolor en el cuello, los hombros o la parte superior de la espalda, acude a un m\u00e9dico cualificado sin culpa tan pronto como puedas para garantizar la calidad de tu salud personal. <\/p>","protected":false},"excerpt":{"rendered":"<p>Lesiones por latigazo cervical: Signos y S\u00edntomas Molestos Comunes Cuando te ves implicado en un accidente de autom\u00f3vil, una de las lesiones m\u00e1s frecuentes es el latigazo cervical. Esta lesi\u00f3n se produce cuando la cabeza y el cuello son forzados hacia atr\u00e1s, y luego hacia delante, en un movimiento r\u00e1pido, repentino y en\u00e9rgico. Esta acci\u00f3n &hellip; <\/p>\n<p class=\"link-more\"><a href=\"https:\/\/www.medexdtc.com\/es\/whiplash-injuries-common-bothersome-signs-and-symptoms\/\" class=\"more-link\">Continue reading<span class=\"screen-reader-text\"> \u00abLesiones por latigazo cervical: Signos y S\u00edntomas Molestos Comunes\u00bb<\/span><\/a><\/p>\n","protected":false},"author":3,"featured_media":0,"parent":0,"menu_order":0,"comment_status":"closed","ping_status":"closed","template":"new_inner.php","meta":{"_acf_changed":false,"footnotes":""},"class_list":["post-6377","page","type-page","status-publish","hentry"],"acf":[],"yoast_head":"<!-- This site is optimized with the Yoast SEO plugin v27.5 - https:\/\/yoast.com\/product\/yoast-seo-wordpress\/ -->\n<title>Lesiones por latigazo cervical Signos y s\u00edntomas. Doctor Sin Culpa Queens.<\/title>\n<meta name=\"description\" content=\"\u00bfTe has visto implicado en un accidente de tr\u00e1fico en el estado de Nueva York y necesitas saber m\u00e1s sobre las lesiones por latigazo cervical? Lee la gu\u00eda del m\u00e9dico sin culpa de Queens sobre los molestos signos y s\u00edntomas habituales de este tipo de lesiones.\" \/>\n<meta name=\"robots\" content=\"index, follow, max-snippet:-1, max-image-preview:large, max-video-preview:-1\" \/>\n<link rel=\"canonical\" href=\"https:\/\/www.medexdtc.com\/es\/whiplash-injuries-common-bothersome-signs-and-symptoms\/\" \/>\n<meta property=\"og:locale\" content=\"es_ES\" \/>\n<meta property=\"og:type\" content=\"article\" \/>\n<meta property=\"og:title\" content=\"Lesiones por latigazo cervical Signos y s\u00edntomas. Doctor Sin Culpa Queens.\" \/>\n<meta property=\"og:description\" content=\"\u00bfTe has visto implicado en un accidente de tr\u00e1fico en el estado de Nueva York y necesitas saber m\u00e1s sobre las lesiones por latigazo cervical? Lee la gu\u00eda del m\u00e9dico sin culpa de Queens sobre los molestos signos y s\u00edntomas habituales de este tipo de lesiones.\" \/>\n<meta property=\"og:url\" content=\"https:\/\/www.medexdtc.com\/es\/whiplash-injuries-common-bothersome-signs-and-symptoms\/\" \/>\n<meta property=\"og:site_name\" content=\"Medex Diagnostic and Treatment Center - Queens Medical Center - Medical Clinic in Forest Hills, NY\" \/>\n<meta property=\"article:publisher\" content=\"https:\/\/www.facebook.com\/medexny\" \/>\n<meta property=\"article:modified_time\" content=\"2025-09-14T23:33:08+00:00\" \/>\n<meta name=\"twitter:card\" content=\"summary_large_image\" \/>\n<meta name=\"twitter:site\" content=\"@DtcMedex\" \/>\n<meta name=\"twitter:label1\" content=\"Tiempo de lectura\" \/>\n\t<meta name=\"twitter:data1\" content=\"5 minutos\" \/>\n<!-- \/ Yoast SEO plugin. -->","yoast_head_json":{"title":"Lesiones por latigazo cervical Signos y s\u00edntomas. Doctor Sin Culpa Queens.","description":"\u00bfTe has visto implicado en un accidente de tr\u00e1fico en el estado de Nueva York y necesitas saber m\u00e1s sobre las lesiones por latigazo cervical? Lee la gu\u00eda del m\u00e9dico sin culpa de Queens sobre los molestos signos y s\u00edntomas habituales de este tipo de lesiones.","robots":{"index":"index","follow":"follow","max-snippet":"max-snippet:-1","max-image-preview":"max-image-preview:large","max-video-preview":"max-video-preview:-1"},"canonical":"https:\/\/www.medexdtc.com\/es\/whiplash-injuries-common-bothersome-signs-and-symptoms\/","og_locale":"es_ES","og_type":"article","og_title":"Lesiones por latigazo cervical Signos y s\u00edntomas. Doctor Sin Culpa Queens.","og_description":"\u00bfTe has visto implicado en un accidente de tr\u00e1fico en el estado de Nueva York y necesitas saber m\u00e1s sobre las lesiones por latigazo cervical? Lee la gu\u00eda del m\u00e9dico sin culpa de Queens sobre los molestos signos y s\u00edntomas habituales de este tipo de lesiones.","og_url":"https:\/\/www.medexdtc.com\/es\/whiplash-injuries-common-bothersome-signs-and-symptoms\/","og_site_name":"Medex Diagnostic and Treatment Center - Queens Medical Center - Medical Clinic in Forest Hills, NY","article_publisher":"https:\/\/www.facebook.com\/medexny","article_modified_time":"2025-09-14T23:33:08+00:00","twitter_card":"summary_large_image","twitter_site":"@DtcMedex","twitter_misc":{"Tiempo de lectura":"5 minutos"},"schema":{"@context":"https:\/\/schema.org","@graph":[{"@type":"WebPage","@id":"https:\/\/www.medexdtc.com\/es\/whiplash-injuries-common-bothersome-signs-and-symptoms\/","url":"https:\/\/www.medexdtc.com\/es\/whiplash-injuries-common-bothersome-signs-and-symptoms\/","name":"Lesiones por latigazo cervical Signos y s\u00edntomas. Doctor Sin Culpa Queens.","isPartOf":{"@id":"https:\/\/www.medexdtc.com\/es\/#website"},"primaryImageOfPage":{"@id":"https:\/\/www.medexdtc.com\/es\/whiplash-injuries-common-bothersome-signs-and-symptoms\/#primaryimage"},"image":{"@id":"https:\/\/www.medexdtc.com\/es\/whiplash-injuries-common-bothersome-signs-and-symptoms\/#primaryimage"},"thumbnailUrl":"https:\/\/nofaultdoctorqueens.com\/wp-content\/uploads\/2018\/04\/whiplash-image-425x334.jpg","datePublished":"2025-04-14T00:01:10+00:00","dateModified":"2025-09-14T23:33:08+00:00","description":"\u00bfTe has visto implicado en un accidente de tr\u00e1fico en el estado de Nueva York y necesitas saber m\u00e1s sobre las lesiones por latigazo cervical? Lee la gu\u00eda del m\u00e9dico sin culpa de Queens sobre los molestos signos y s\u00edntomas habituales de este tipo de lesiones.","breadcrumb":{"@id":"https:\/\/www.medexdtc.com\/es\/whiplash-injuries-common-bothersome-signs-and-symptoms\/#breadcrumb"},"inLanguage":"es","potentialAction":[{"@type":"ReadAction","target":["https:\/\/www.medexdtc.com\/es\/whiplash-injuries-common-bothersome-signs-and-symptoms\/"]}]},{"@type":"ImageObject","inLanguage":"es","@id":"https:\/\/www.medexdtc.com\/es\/whiplash-injuries-common-bothersome-signs-and-symptoms\/#primaryimage","url":"https:\/\/nofaultdoctorqueens.com\/wp-content\/uploads\/2018\/04\/whiplash-image-425x334.jpg","contentUrl":"https:\/\/nofaultdoctorqueens.com\/wp-content\/uploads\/2018\/04\/whiplash-image-425x334.jpg"},{"@type":"BreadcrumbList","@id":"https:\/\/www.medexdtc.com\/es\/whiplash-injuries-common-bothersome-signs-and-symptoms\/#breadcrumb","itemListElement":[{"@type":"ListItem","position":1,"name":"Home","item":"https:\/\/www.medexdtc.com\/es\/"},{"@type":"ListItem","position":2,"name":"Lesiones por latigazo cervical: Signos y S\u00edntomas Molestos Comunes"}]},{"@type":"WebSite","@id":"https:\/\/www.medexdtc.com\/es\/#website","url":"https:\/\/www.medexdtc.com\/es\/","name":"Medex DTC","description":"Medex Diagnostic and Treatment Center is a Medical Center in Queens, NY is a dynamic multi-specialty clinic. Physicians delivering high quality individualized care in Forest Hills, Queens, NY.","publisher":{"@id":"https:\/\/www.medexdtc.com\/es\/#organization"},"potentialAction":[{"@type":"SearchAction","target":{"@type":"EntryPoint","urlTemplate":"https:\/\/www.medexdtc.com\/es\/?s={search_term_string}"},"query-input":{"@type":"PropertyValueSpecification","valueRequired":true,"valueName":"search_term_string"}}],"inLanguage":"es"},{"@type":"Organization","@id":"https:\/\/www.medexdtc.com\/es\/#organization","name":"Medex DCT","url":"https:\/\/www.medexdtc.com\/es\/","logo":{"@type":"ImageObject","inLanguage":"es","@id":"https:\/\/www.medexdtc.com\/es\/#\/schema\/logo\/image\/","url":"https:\/\/www.medexdtc.com\/wp-content\/uploads\/2024\/11\/medex-diagnostic-and-treatment-center-in-queens-NY.png","contentUrl":"https:\/\/www.medexdtc.com\/wp-content\/uploads\/2024\/11\/medex-diagnostic-and-treatment-center-in-queens-NY.png","width":226,"height":47,"caption":"Medex DCT"},"image":{"@id":"https:\/\/www.medexdtc.com\/es\/#\/schema\/logo\/image\/"},"sameAs":["https:\/\/www.facebook.com\/medexny","https:\/\/x.com\/DtcMedex","https:\/\/www.instagram.com\/medexdtc\/","https:\/\/www.linkedin.com\/company\/medex-diagnostic-and-treatment-center\/about\/"]}]}},"jetpack_sharing_enabled":true,"_links":{"self":[{"href":"https:\/\/www.medexdtc.com\/es\/wp-json\/wp\/v2\/pages\/6377","targetHints":{"allow":["GET"]}}],"collection":[{"href":"https:\/\/www.medexdtc.com\/es\/wp-json\/wp\/v2\/pages"}],"about":[{"href":"https:\/\/www.medexdtc.com\/es\/wp-json\/wp\/v2\/types\/page"}],"author":[{"embeddable":true,"href":"https:\/\/www.medexdtc.com\/es\/wp-json\/wp\/v2\/users\/3"}],"replies":[{"embeddable":true,"href":"https:\/\/www.medexdtc.com\/es\/wp-json\/wp\/v2\/comments?post=6377"}],"version-history":[{"count":1,"href":"https:\/\/www.medexdtc.com\/es\/wp-json\/wp\/v2\/pages\/6377\/revisions"}],"predecessor-version":[{"id":6379,"href":"https:\/\/www.medexdtc.com\/es\/wp-json\/wp\/v2\/pages\/6377\/revisions\/6379"}],"wp:attachment":[{"href":"https:\/\/www.medexdtc.com\/es\/wp-json\/wp\/v2\/media?parent=6377"}],"curies":[{"name":"wp","href":"https:\/\/api.w.org\/{rel}","templated":true}]}}