{"id":6382,"date":"2025-04-16T06:55:59","date_gmt":"2025-04-16T01:55:59","guid":{"rendered":"https:\/\/www.medexdtc.com\/clinica-de-compensacion-laboral-en-queens-ny\/"},"modified":"2025-09-15T04:33:07","modified_gmt":"2025-09-14T23:33:07","slug":"workers-comp-clinic-in-queens-ny","status":"publish","type":"page","link":"https:\/\/www.medexdtc.com\/es\/workers-comp-clinic-in-queens-ny\/","title":{"rendered":"Cl\u00ednica de Compensaci\u00f3n Laboral en Queens, NY"},"content":{"rendered":"<p>Nuestro objetivo es proporcionarte la atenci\u00f3n r\u00e1pida que necesitas tras sufrir un accidente o lesi\u00f3n laboral. Queremos que te recuperes lo mejor posible. Tu salud es siempre nuestra prioridad n\u00ba 1.  <\/p><h2 class=\"wp-block-heading\">Nuestra cl\u00ednica de accidentes de trabajo<\/h2><p>Fundada como Centro de Diagn\u00f3stico y Tratamiento Medex, nuestra cl\u00ednica lleva m\u00e1s de 15 a\u00f1os al servicio de la comunidad de Forest Hills, NY. Somos una consulta de grupo con una \u00fanica ubicaci\u00f3n, lo que resulta c\u00f3modo para nuestros pacientes porque todas las especialidades est\u00e1n cubiertas bajo un mismo techo. Eso significa que si tienes una afecci\u00f3n de indemnizaci\u00f3n por accidente laboral que debe ser tratada, sabes exactamente d\u00f3nde acudir para cada cita.  <\/p><p>Nuestro equipo de m\u00e9dicos cubre m\u00e1s de 20 especialidades con experiencia demostrada en el campo elegido. Como m\u00e9dicos especialistas en Indemnizaci\u00f3n Laboral, el equipo que tenemos en nuestra cl\u00ednica no est\u00e1 en condiciones de juzgarte a ti, ni a tu lesi\u00f3n, ni a la afecci\u00f3n relacionada con el trabajo que pueda requerir tratamiento. <\/p><p>Si te has lesionado en el trabajo, es probable que ahora mismo tengas algunas preguntas que te gustar\u00eda que te respondieran. Aunque cada caso se trata individualmente, esto es lo que puedes esperar cuando visites nuestra cl\u00ednica. <\/p><h3 class=\"wp-block-heading\">Centro de Diagn\u00f3stico y Tratamiento Medex<\/h3><p>Nuestra cl\u00ednica lleva m\u00e1s de 15 a\u00f1os atendiendo a la comunidad de Forest Hills, NY, con servicios sanitarios expertos. Nuestros especialistas evaluar\u00e1n las lesiones por Indemnizaci\u00f3n Laboral y los problemas de salud relacionados con el trabajo para garantizar que puedas recuperarte en el menor tiempo posible. Las lesiones que pueden considerarse causa relacionada con el trabajo en el Estado de Nueva York incluyen accidentes de autom\u00f3vil, resbalones o ca\u00eddas, lesiones por uso repetitivo o accidentes que causan lesiones en el trabajo, como el derrumbe de un andamio.  <\/p><p>Nuestro centro de diagn\u00f3stico y tratamiento est\u00e1 convenientemente situado en las l\u00edneas de autob\u00fas QM18 y Q60 para facilitar el acceso. Tambi\u00e9n puedes llegar en metro por la 75\u00aa Avenida (F, E). Tambi\u00e9n ofrecemos aparcamiento validado gratuito, para garantizar que todo el mundo tenga acceso a la atenci\u00f3n que necesita.  <\/p><figure class=\"wp-block-image\"><img decoding=\"async\" src=\"https:\/\/workerscompdrqueens.com\/wp-content\/uploads\/2018\/04\/about-image-medex.jpg\" alt=\"Cl&#xED;nica de accidentes laborales\" class=\"wp-image-464\" title=\"\"\/><\/figure><h2 class=\"wp-block-heading\">Lesiones y tratamiento<\/h2><p>Las lesiones que puedes sufrir relacionadas con tu trabajo pueden ser numerosas. Las lesiones m\u00e1s frecuentes por accidentes son las de tejidos blandos, como esguinces, distensiones y tirones. Una lesi\u00f3n de este tipo implica alg\u00fan tipo de da\u00f1o en los ligamentos, tendones y m\u00fasculos. \u00c9stos son tus tejidos conjuntivos.   <\/p><p>Las lesiones relacionadas con el trabajo, que afectan a cualquier parte de tu cuerpo, son de los tipos de lesiones m\u00e1s comunes que nuestra cl\u00ednica atiende durante las consultas posteriores a un accidente.  <\/p><ul class=\"wp-block-list\"><li><strong>Estamos situados en las l\u00edneas de autob\u00fas QM18 y Q60.<\/strong><\/li>\n\n<li><strong>Estamos en la Avenida 75 (E,F) del metro.<\/strong><\/li>\n\n<li><strong>Ofrecemos aparcamiento validado gratuito para quienes se desplacen en coche hasta nuestro local.<\/strong><\/li><\/ul><p>Entendemos que los accidentes son inevitables. Estar implicado en uno puede ser una experiencia devastadora, sobre todo si has sufrido una lesi\u00f3n durante el mismo. Desde que se promulg\u00f3 la Ley de Indemnizaci\u00f3n por Accidentes de Trabajo en los a\u00f1os 70, las compa\u00f1\u00edas de seguros est\u00e1n obligadas en Nueva York a pagar los gastos m\u00e9dicos leg\u00edtimos derivados de accidentes y lesiones relacionados con tu trabajo.  <\/p><p>Nueva York es uno de los 12 estados que ofrecen cobertura de Indemnizaci\u00f3n por Accidentes de Trabajo.<\/p><h3 class=\"wp-block-heading\">Proceso de indemnizaci\u00f3n por accidente laboral<\/h3><p>Navegar por los distintos pasos del proceso de Indemnizaci\u00f3n Laboral puede llevar mucho tiempo, ser confuso y frustrante. Descubrir\u00e1s que nuestro experto personal te ayudar\u00e1 en este proceso, paso a paso, siempre que necesites ayuda. De ese modo, el complejo mundo de la documentaci\u00f3n no interferir\u00e1 con el tratamiento que necesitas para empezar a sentirte mejor.  <\/p><p>Existen directrices de tratamiento publicadas por la Junta de Indemnizaci\u00f3n por Accidentes de Trabajo. Nuestro equipo conoce perfectamente lo que esperan, lo que nos permite tratar tu lesi\u00f3n, enfermedad o afecci\u00f3n de la forma m\u00e1s adecuada. Nuestro equipo tambi\u00e9n trabajar\u00e1 con solicitudes de variaci\u00f3n, como el formulario MG-2 o MG-2.1, para garantizar que tu plan de tratamiento pueda aplicarse seg\u00fan las expectativas actuales de la cobertura de Indemnizaci\u00f3n por Accidentes de Trabajo.  <\/p><p>Rellenamos los formularios necesarios para asegurarnos de que sigues cobrando, aunque te hayas lesionado. La documentaci\u00f3n requerida se cumplimentar\u00e1 de forma exhaustiva y profesional, lo que permitir\u00e1 que tu caso se eval\u00fae adecuadamente. Eso te permitir\u00e1 recibir la indemnizaci\u00f3n a la que tengas derecho.  <\/p><p>Ver\u00e1s que nuestros especialistas est\u00e1n disponibles para tratar una amplia gama de lesiones laborales.<\/p><h3 class=\"wp-block-heading\">C\u00f3mo podemos ayudarte<\/h3><p>Por ley, nuestro centro de diagn\u00f3stico y tratamiento acepta pagos de la Indemnizaci\u00f3n por Accidentes de Trabajo. Facturamos directamente a la Indemnizaci\u00f3n por Accidentes de Trabajo, eliminando una preocupaci\u00f3n m\u00e1s de tu recuperaci\u00f3n post-accidente. Eso significa que puedes centrarte en tu recuperaci\u00f3n sin tratar de encontrar los fondos necesarios para pagar tus citas, medicamentos y otras necesidades posteriores al accidente.  <\/p><p>Nuestro objetivo es proporcionarte la atenci\u00f3n expeditiva que necesitas tras sufrir una lesi\u00f3n por accidente laboral. Queremos que te recuperes lo mejor posible. Tratar con las compa\u00f1\u00edas de seguros y todo ese papeleo ya es bastante duro. Recibir un plan de tratamiento adecuado y un diagn\u00f3stico preciso no deber\u00eda a\u00f1adir estr\u00e9s a tu d\u00eda a d\u00eda.   <\/p>","protected":false},"excerpt":{"rendered":"<p>Nuestro objetivo es proporcionarte la atenci\u00f3n r\u00e1pida que necesitas tras sufrir un accidente o lesi\u00f3n laboral. Queremos que te recuperes lo mejor posible. Tu salud es siempre nuestra prioridad n\u00ba 1. Nuestra cl\u00ednica de accidentes de trabajo Fundada como Centro de Diagn\u00f3stico y Tratamiento Medex, nuestra cl\u00ednica lleva m\u00e1s de 15 a\u00f1os al servicio de &hellip; <\/p>\n<p class=\"link-more\"><a href=\"https:\/\/www.medexdtc.com\/es\/workers-comp-clinic-in-queens-ny\/\" class=\"more-link\">Continue reading<span class=\"screen-reader-text\"> \u00abCl\u00ednica de Compensaci\u00f3n Laboral en Queens, NY\u00bb<\/span><\/a><\/p>\n","protected":false},"author":3,"featured_media":0,"parent":0,"menu_order":0,"comment_status":"closed","ping_status":"closed","template":"new_inner.php","meta":{"_acf_changed":false,"footnotes":""},"class_list":["post-6382","page","type-page","status-publish","hentry"],"acf":[],"yoast_head":"<!-- This site is optimized with the Yoast SEO plugin v27.5 - https:\/\/yoast.com\/product\/yoast-seo-wordpress\/ -->\n<title>Cl\u00ednica de Compensaci\u00f3n Laboral - M\u00e9dico de Compensaci\u00f3n Laboral Queens<\/title>\n<meta name=\"description\" content=\"Nuestro objetivo es proporcionarte la atenci\u00f3n r\u00e1pida que necesitas tras sufrir un accidente o lesi\u00f3n laboral. \u00a1Queremos que te recuperes lo mejor posible!\" \/>\n<meta name=\"robots\" content=\"index, follow, max-snippet:-1, max-image-preview:large, max-video-preview:-1\" \/>\n<link rel=\"canonical\" href=\"https:\/\/www.medexdtc.com\/es\/workers-comp-clinic-in-queens-ny\/\" \/>\n<meta property=\"og:locale\" content=\"es_ES\" \/>\n<meta property=\"og:type\" content=\"article\" \/>\n<meta property=\"og:title\" content=\"Cl\u00ednica de Compensaci\u00f3n Laboral - M\u00e9dico de Compensaci\u00f3n Laboral Queens\" \/>\n<meta property=\"og:description\" content=\"Nuestro objetivo es proporcionarte la atenci\u00f3n r\u00e1pida que necesitas tras sufrir un accidente o lesi\u00f3n laboral. \u00a1Queremos que te recuperes lo mejor posible!\" \/>\n<meta property=\"og:url\" content=\"https:\/\/www.medexdtc.com\/es\/workers-comp-clinic-in-queens-ny\/\" \/>\n<meta property=\"og:site_name\" content=\"Medex Diagnostic and Treatment Center - Queens Medical Center - Medical Clinic in Forest Hills, NY\" \/>\n<meta property=\"article:publisher\" content=\"https:\/\/www.facebook.com\/medexny\" \/>\n<meta property=\"article:modified_time\" content=\"2025-09-14T23:33:07+00:00\" \/>\n<meta name=\"twitter:card\" content=\"summary_large_image\" \/>\n<meta name=\"twitter:site\" content=\"@DtcMedex\" \/>\n<meta name=\"twitter:label1\" content=\"Tiempo de lectura\" \/>\n\t<meta name=\"twitter:data1\" content=\"5 minutos\" \/>\n<!-- \/ Yoast SEO plugin. -->","yoast_head_json":{"title":"Cl\u00ednica de Compensaci\u00f3n Laboral - M\u00e9dico de Compensaci\u00f3n Laboral Queens","description":"Nuestro objetivo es proporcionarte la atenci\u00f3n r\u00e1pida que necesitas tras sufrir un accidente o lesi\u00f3n laboral. \u00a1Queremos que te recuperes lo mejor posible!","robots":{"index":"index","follow":"follow","max-snippet":"max-snippet:-1","max-image-preview":"max-image-preview:large","max-video-preview":"max-video-preview:-1"},"canonical":"https:\/\/www.medexdtc.com\/es\/workers-comp-clinic-in-queens-ny\/","og_locale":"es_ES","og_type":"article","og_title":"Cl\u00ednica de Compensaci\u00f3n Laboral - M\u00e9dico de Compensaci\u00f3n Laboral Queens","og_description":"Nuestro objetivo es proporcionarte la atenci\u00f3n r\u00e1pida que necesitas tras sufrir un accidente o lesi\u00f3n laboral. \u00a1Queremos que te recuperes lo mejor posible!","og_url":"https:\/\/www.medexdtc.com\/es\/workers-comp-clinic-in-queens-ny\/","og_site_name":"Medex Diagnostic and Treatment Center - Queens Medical Center - Medical Clinic in Forest Hills, NY","article_publisher":"https:\/\/www.facebook.com\/medexny","article_modified_time":"2025-09-14T23:33:07+00:00","twitter_card":"summary_large_image","twitter_site":"@DtcMedex","twitter_misc":{"Tiempo de lectura":"5 minutos"},"schema":{"@context":"https:\/\/schema.org","@graph":[{"@type":"WebPage","@id":"https:\/\/www.medexdtc.com\/es\/workers-comp-clinic-in-queens-ny\/","url":"https:\/\/www.medexdtc.com\/es\/workers-comp-clinic-in-queens-ny\/","name":"Cl\u00ednica de Compensaci\u00f3n Laboral - M\u00e9dico de Compensaci\u00f3n Laboral Queens","isPartOf":{"@id":"https:\/\/www.medexdtc.com\/es\/#website"},"primaryImageOfPage":{"@id":"https:\/\/www.medexdtc.com\/es\/workers-comp-clinic-in-queens-ny\/#primaryimage"},"image":{"@id":"https:\/\/www.medexdtc.com\/es\/workers-comp-clinic-in-queens-ny\/#primaryimage"},"thumbnailUrl":"https:\/\/workerscompdrqueens.com\/wp-content\/uploads\/2018\/04\/about-image-medex.jpg","datePublished":"2025-04-16T01:55:59+00:00","dateModified":"2025-09-14T23:33:07+00:00","description":"Nuestro objetivo es proporcionarte la atenci\u00f3n r\u00e1pida que necesitas tras sufrir un accidente o lesi\u00f3n laboral. \u00a1Queremos que te recuperes lo mejor posible!","breadcrumb":{"@id":"https:\/\/www.medexdtc.com\/es\/workers-comp-clinic-in-queens-ny\/#breadcrumb"},"inLanguage":"es","potentialAction":[{"@type":"ReadAction","target":["https:\/\/www.medexdtc.com\/es\/workers-comp-clinic-in-queens-ny\/"]}]},{"@type":"ImageObject","inLanguage":"es","@id":"https:\/\/www.medexdtc.com\/es\/workers-comp-clinic-in-queens-ny\/#primaryimage","url":"https:\/\/workerscompdrqueens.com\/wp-content\/uploads\/2018\/04\/about-image-medex.jpg","contentUrl":"https:\/\/workerscompdrqueens.com\/wp-content\/uploads\/2018\/04\/about-image-medex.jpg"},{"@type":"BreadcrumbList","@id":"https:\/\/www.medexdtc.com\/es\/workers-comp-clinic-in-queens-ny\/#breadcrumb","itemListElement":[{"@type":"ListItem","position":1,"name":"Home","item":"https:\/\/www.medexdtc.com\/es\/"},{"@type":"ListItem","position":2,"name":"Cl\u00ednica de Compensaci\u00f3n Laboral en Queens, NY"}]},{"@type":"WebSite","@id":"https:\/\/www.medexdtc.com\/es\/#website","url":"https:\/\/www.medexdtc.com\/es\/","name":"Medex DTC","description":"Medex Diagnostic and Treatment Center is a Medical Center in Queens, NY is a dynamic multi-specialty clinic. Physicians delivering high quality individualized care in Forest Hills, Queens, NY.","publisher":{"@id":"https:\/\/www.medexdtc.com\/es\/#organization"},"potentialAction":[{"@type":"SearchAction","target":{"@type":"EntryPoint","urlTemplate":"https:\/\/www.medexdtc.com\/es\/?s={search_term_string}"},"query-input":{"@type":"PropertyValueSpecification","valueRequired":true,"valueName":"search_term_string"}}],"inLanguage":"es"},{"@type":"Organization","@id":"https:\/\/www.medexdtc.com\/es\/#organization","name":"Medex DCT","url":"https:\/\/www.medexdtc.com\/es\/","logo":{"@type":"ImageObject","inLanguage":"es","@id":"https:\/\/www.medexdtc.com\/es\/#\/schema\/logo\/image\/","url":"https:\/\/www.medexdtc.com\/wp-content\/uploads\/2024\/11\/medex-diagnostic-and-treatment-center-in-queens-NY.png","contentUrl":"https:\/\/www.medexdtc.com\/wp-content\/uploads\/2024\/11\/medex-diagnostic-and-treatment-center-in-queens-NY.png","width":226,"height":47,"caption":"Medex DCT"},"image":{"@id":"https:\/\/www.medexdtc.com\/es\/#\/schema\/logo\/image\/"},"sameAs":["https:\/\/www.facebook.com\/medexny","https:\/\/x.com\/DtcMedex","https:\/\/www.instagram.com\/medexdtc\/","https:\/\/www.linkedin.com\/company\/medex-diagnostic-and-treatment-center\/about\/"]}]}},"jetpack_sharing_enabled":true,"_links":{"self":[{"href":"https:\/\/www.medexdtc.com\/es\/wp-json\/wp\/v2\/pages\/6382","targetHints":{"allow":["GET"]}}],"collection":[{"href":"https:\/\/www.medexdtc.com\/es\/wp-json\/wp\/v2\/pages"}],"about":[{"href":"https:\/\/www.medexdtc.com\/es\/wp-json\/wp\/v2\/types\/page"}],"author":[{"embeddable":true,"href":"https:\/\/www.medexdtc.com\/es\/wp-json\/wp\/v2\/users\/3"}],"replies":[{"embeddable":true,"href":"https:\/\/www.medexdtc.com\/es\/wp-json\/wp\/v2\/comments?post=6382"}],"version-history":[{"count":1,"href":"https:\/\/www.medexdtc.com\/es\/wp-json\/wp\/v2\/pages\/6382\/revisions"}],"predecessor-version":[{"id":6385,"href":"https:\/\/www.medexdtc.com\/es\/wp-json\/wp\/v2\/pages\/6382\/revisions\/6385"}],"wp:attachment":[{"href":"https:\/\/www.medexdtc.com\/es\/wp-json\/wp\/v2\/media?parent=6382"}],"curies":[{"name":"wp","href":"https:\/\/api.w.org\/{rel}","templated":true}]}}