{"id":6384,"date":"2025-04-14T04:57:59","date_gmt":"2025-04-13T23:57:59","guid":{"rendered":"https:\/\/www.medexdtc.com\/que-hacer-si-tienes-un-accidente-de-trafico-en-el-estado-de-nueva-york\/"},"modified":"2025-09-15T04:33:08","modified_gmt":"2025-09-14T23:33:08","slug":"what-to-do-if-youre-in-an-auto-accident-in-new-york-state","status":"publish","type":"page","link":"https:\/\/www.medexdtc.com\/es\/what-to-do-if-youre-in-an-auto-accident-in-new-york-state\/","title":{"rendered":"\u00bfQu\u00e9 hacer si tienes un accidente de tr\u00e1fico en el estado de Nueva York?"},"content":{"rendered":"<h2 class=\"wp-block-heading\">Nadie busca un accidente de tr\u00e1fico<\/h2><p>Son una de esas cosas que ocurren a veces. En un d\u00eda normal en el Estado de Nueva York, hay 48 personas que resultar\u00e1n heridas a causa de un accidente que se produzca. Esa cifra incluye a conductores y pasajeros de veh\u00edculos. Incluye a los ciclistas que pueden resultar heridos por un veh\u00edculo, as\u00ed como a los peatones que pueden ser atropellados por un veh\u00edculo.   <\/p><p>Si sufres un accidente de coche en el Estado de Nueva York, tu primer paso debe ser una evaluaci\u00f3n de tu salud. Busca atenci\u00f3n m\u00e9dica de urgencia si es necesario.Una vez que tu salud no est\u00e9 en peligro, deber\u00e1s seguir los pasos requeridos para la asistencia sin culpa, a fin de asegurarte de que los gastos que te correspondan tras el accidente est\u00e9n debidamente cubiertos. <\/p><figure class=\"wp-block-image\"><img decoding=\"async\" src=\"https:\/\/nofaultdoctorqueens.com\/wp-content\/uploads\/2018\/04\/car-accident-425x334.jpg\" alt=\"\" class=\"wp-image-204793\" title=\"\"\/><\/figure><h2 class=\"wp-block-heading\">Pasos a seguir en las necesidades sanitarias sin culpa<\/h2><h4 class=\"wp-block-heading\">1. Pon en orden tu documentaci\u00f3n.<\/h4><p>Hay varias disposiciones en las leyes de sin culpa que pretenden reducir las reclamaciones fraudulentas. El desafortunado efecto secundario de estas estipulaciones es que hacer una reclamaci\u00f3n sin culpa puede parecer un proceso contradictorio. Tendr\u00e1s que rellenar la solicitud para asegurarte de que la aseguradora no tiene un motivo v\u00e1lido para denegar tu solicitud.  <\/p><p>Tendr\u00e1s que rellenar el formulario NF-2 en el estado de Nueva York. Suele proporcionarlo la compa\u00f1\u00eda de seguros del veh\u00edculo que cumpl\u00eda los requisitos y que te golpe\u00f3. En los accidentes de dos veh\u00edculos, la recomendaci\u00f3n habitual es solicitar la solicitud sin culpa a ambas compa\u00f1\u00edas de seguros. Puedes solicitar la solicitud por tel\u00e9fono. Sin embargo, debido a los plazos exigidos, es muy recomendable solicitarla por correo, con acuse de recibo.    <\/p><h4 class=\"wp-block-heading\">2. Archiva en el tiempo adecuado.<\/h4><p>Tienes 30 d\u00edas a partir de la fecha del accidente de coche para presentar la solicitud sin culpa. La presentaci\u00f3n de la solicitud no crea la obligaci\u00f3n de reclamar. <\/p><p>Algunas personas suponen que su propio seguro m\u00e9dico cubrir\u00e1 las lesiones de un accidente de coche. Puede que no sea as\u00ed. Rellena el formulario dentro del plazo de 30 d\u00edas para garantizar la protecci\u00f3n de tus derechos.  <\/p><h4 class=\"wp-block-heading\">3. Env\u00eda tu formulario al transportista correcto.<\/h4><p>El formulario NF-2 debe enviarse a la compa\u00f1\u00eda de seguros del coche que te golpe\u00f3. Muchas solicitudes que cumplen los requisitos se deniegan porque la documentaci\u00f3n se env\u00eda a la compa\u00f1\u00eda de seguros de la persona que se cree culpable del accidente de coche. <\/p><p>Si no puedes determinar qu\u00e9 veh\u00edculo es el que realmente caus\u00f3 tu lesi\u00f3n, ponte en contacto con las fuerzas de seguridad. El informe policial obtendr\u00e1 la informaci\u00f3n que necesitas para la solicitud sin culpa. Busca un c\u00f3digo de 3 d\u00edgitos en el informe policial, ya que identificar\u00e1 a la compa\u00f1\u00eda de seguros con la que hay que ponerse en contacto.  <\/p><p>Si el informe policial no puede determinar el veh\u00edculo que te golpe\u00f3, env\u00eda una notificaci\u00f3n a la Corporaci\u00f3n de Indemnizaci\u00f3n por Accidente de Veh\u00edculo de Motor. Este organismo rellena las lagunas de cobertura de quienes tienen una reclamaci\u00f3n v\u00e1lida cuando no hay cobertura de seguro. Luego, si descubres qui\u00e9n debe recibir la solicitud, puedes retirar tu reclamaci\u00f3n.  <\/p><h4 class=\"wp-block-heading\">4. Reclama juntos los salarios perdidos.<\/h4><p>La cobertura sanitaria sin culpa incluye la posibilidad de reclamar los gastos de bolsillo, como los salarios perdidos. Los empresarios deben enviar pruebas de los salarios mediante un informe de verificaci\u00f3n. Actualmente tienes derecho a percibir hasta el 80% de los salarios perdidos que est\u00e9n directamente relacionados con el accidente de tr\u00e1fico, con una prestaci\u00f3n m\u00e1xima de 2.000 $ al mes.  <\/p><p>El M\u00e9dico Sin Culpa de Queens tambi\u00e9n te proporcionar\u00eda una nota informando a tu empresario de la duraci\u00f3n y el alcance de tu incapacidad relacionada con el accidente.<\/p><p>Los gastos de bolsillo tambi\u00e9n pueden incluir los gastos de desplazamiento para las citas m\u00e9dicas, la medicaci\u00f3n y el equipo m\u00e9dico.<\/p><h4 class=\"wp-block-heading\">5. Acude al m\u00e9dico.<\/h4><p>Concierta una cita con nuestra cl\u00ednica en el (718) 260-6590 si has sufrido un accidente de tr\u00e1fico con lesiones. Podemos ayudarte a volver al camino de la recuperaci\u00f3n. <\/p><p>Algunas compa\u00f1\u00edas de seguros pueden exigirte que acudas a un m\u00e9dico concertado para verificar el estado de tu salud. En tal circunstancia, deber\u00e1s pedir cita en una cl\u00ednica determinada. <\/p><h4 class=\"wp-block-heading\">Aunque se apruebe una solicitud sin culpa, no es una prestaci\u00f3n que proporcione beneficios indefinidamente.<\/h4><p>La mayor\u00eda de las p\u00f3lizas del estado de Nueva York ofrecen una prestaci\u00f3n de 50.000 $. Eso puede cubrir los gastos de ambulancia, hospitalizaci\u00f3n, pruebas diagn\u00f3sticas y necesidades a largo plazo, como fisioterapia. Aseg\u00farate de acudir a todas las citas m\u00e9dicas. Cumple tus obligaciones de tratamiento. Sigue las instrucciones de tu plan de tratamiento. Si no sigues alguno de estos pasos, puede resultarte m\u00e1s dif\u00edcil acceder a las prestaciones a las que puedas tener derecho.     <\/p>","protected":false},"excerpt":{"rendered":"<p>Nadie busca un accidente de tr\u00e1fico Son una de esas cosas que ocurren a veces. En un d\u00eda normal en el Estado de Nueva York, hay 48 personas que resultar\u00e1n heridas a causa de un accidente que se produzca. Esa cifra incluye a conductores y pasajeros de veh\u00edculos. Incluye a los ciclistas que pueden resultar &hellip; <\/p>\n<p class=\"link-more\"><a href=\"https:\/\/www.medexdtc.com\/es\/what-to-do-if-youre-in-an-auto-accident-in-new-york-state\/\" class=\"more-link\">Continue reading<span class=\"screen-reader-text\"> \u00ab\u00bfQu\u00e9 hacer si tienes un accidente de tr\u00e1fico en el estado de Nueva York?\u00bb<\/span><\/a><\/p>\n","protected":false},"author":3,"featured_media":0,"parent":0,"menu_order":0,"comment_status":"closed","ping_status":"closed","template":"new_inner.php","meta":{"_acf_changed":false,"footnotes":""},"class_list":["post-6384","page","type-page","status-publish","hentry"],"acf":[],"yoast_head":"<!-- This site is optimized with the Yoast SEO plugin v27.5 - https:\/\/yoast.com\/product\/yoast-seo-wordpress\/ -->\n<title>Qu\u00e9 hacer si tienes un accidente de coche en el estado de Nueva York. M\u00e9dico Sin Culpa Queens.<\/title>\n<meta name=\"description\" content=\"Averigua qu\u00e9 hacer si te ves implicado en un accidente de tr\u00e1fico en el estado de Nueva York. Elige a No-Fault Doctor Queens para todas tus necesidades de solicitud de asistencia sanitaria sin culpa. Ponte en contacto con nosotros hoy mismo.\" \/>\n<meta name=\"robots\" content=\"index, follow, max-snippet:-1, max-image-preview:large, max-video-preview:-1\" \/>\n<link rel=\"canonical\" href=\"https:\/\/www.medexdtc.com\/es\/what-to-do-if-youre-in-an-auto-accident-in-new-york-state\/\" \/>\n<meta property=\"og:locale\" content=\"es_ES\" \/>\n<meta property=\"og:type\" content=\"article\" \/>\n<meta property=\"og:title\" content=\"Qu\u00e9 hacer si tienes un accidente de coche en el estado de Nueva York. M\u00e9dico Sin Culpa Queens.\" \/>\n<meta property=\"og:description\" content=\"Averigua qu\u00e9 hacer si te ves implicado en un accidente de tr\u00e1fico en el estado de Nueva York. Elige a No-Fault Doctor Queens para todas tus necesidades de solicitud de asistencia sanitaria sin culpa. Ponte en contacto con nosotros hoy mismo.\" \/>\n<meta property=\"og:url\" content=\"https:\/\/www.medexdtc.com\/es\/what-to-do-if-youre-in-an-auto-accident-in-new-york-state\/\" \/>\n<meta property=\"og:site_name\" content=\"Medex Diagnostic and Treatment Center - Queens Medical Center - Medical Clinic in Forest Hills, NY\" \/>\n<meta property=\"article:publisher\" content=\"https:\/\/www.facebook.com\/medexny\" \/>\n<meta property=\"article:modified_time\" content=\"2025-09-14T23:33:08+00:00\" \/>\n<meta name=\"twitter:card\" content=\"summary_large_image\" \/>\n<meta name=\"twitter:site\" content=\"@DtcMedex\" \/>\n<meta name=\"twitter:label1\" content=\"Tiempo de lectura\" \/>\n\t<meta name=\"twitter:data1\" content=\"4 minutos\" \/>\n<!-- \/ Yoast SEO plugin. -->","yoast_head_json":{"title":"Qu\u00e9 hacer si tienes un accidente de coche en el estado de Nueva York. M\u00e9dico Sin Culpa Queens.","description":"Averigua qu\u00e9 hacer si te ves implicado en un accidente de tr\u00e1fico en el estado de Nueva York. Elige a No-Fault Doctor Queens para todas tus necesidades de solicitud de asistencia sanitaria sin culpa. Ponte en contacto con nosotros hoy mismo.","robots":{"index":"index","follow":"follow","max-snippet":"max-snippet:-1","max-image-preview":"max-image-preview:large","max-video-preview":"max-video-preview:-1"},"canonical":"https:\/\/www.medexdtc.com\/es\/what-to-do-if-youre-in-an-auto-accident-in-new-york-state\/","og_locale":"es_ES","og_type":"article","og_title":"Qu\u00e9 hacer si tienes un accidente de coche en el estado de Nueva York. M\u00e9dico Sin Culpa Queens.","og_description":"Averigua qu\u00e9 hacer si te ves implicado en un accidente de tr\u00e1fico en el estado de Nueva York. Elige a No-Fault Doctor Queens para todas tus necesidades de solicitud de asistencia sanitaria sin culpa. Ponte en contacto con nosotros hoy mismo.","og_url":"https:\/\/www.medexdtc.com\/es\/what-to-do-if-youre-in-an-auto-accident-in-new-york-state\/","og_site_name":"Medex Diagnostic and Treatment Center - Queens Medical Center - Medical Clinic in Forest Hills, NY","article_publisher":"https:\/\/www.facebook.com\/medexny","article_modified_time":"2025-09-14T23:33:08+00:00","twitter_card":"summary_large_image","twitter_site":"@DtcMedex","twitter_misc":{"Tiempo de lectura":"4 minutos"},"schema":{"@context":"https:\/\/schema.org","@graph":[{"@type":"WebPage","@id":"https:\/\/www.medexdtc.com\/es\/what-to-do-if-youre-in-an-auto-accident-in-new-york-state\/","url":"https:\/\/www.medexdtc.com\/es\/what-to-do-if-youre-in-an-auto-accident-in-new-york-state\/","name":"Qu\u00e9 hacer si tienes un accidente de coche en el estado de Nueva York. M\u00e9dico Sin Culpa Queens.","isPartOf":{"@id":"https:\/\/www.medexdtc.com\/es\/#website"},"primaryImageOfPage":{"@id":"https:\/\/www.medexdtc.com\/es\/what-to-do-if-youre-in-an-auto-accident-in-new-york-state\/#primaryimage"},"image":{"@id":"https:\/\/www.medexdtc.com\/es\/what-to-do-if-youre-in-an-auto-accident-in-new-york-state\/#primaryimage"},"thumbnailUrl":"https:\/\/nofaultdoctorqueens.com\/wp-content\/uploads\/2018\/04\/car-accident-425x334.jpg","datePublished":"2025-04-13T23:57:59+00:00","dateModified":"2025-09-14T23:33:08+00:00","description":"Averigua qu\u00e9 hacer si te ves implicado en un accidente de tr\u00e1fico en el estado de Nueva York. Elige a No-Fault Doctor Queens para todas tus necesidades de solicitud de asistencia sanitaria sin culpa. Ponte en contacto con nosotros hoy mismo.","breadcrumb":{"@id":"https:\/\/www.medexdtc.com\/es\/what-to-do-if-youre-in-an-auto-accident-in-new-york-state\/#breadcrumb"},"inLanguage":"es","potentialAction":[{"@type":"ReadAction","target":["https:\/\/www.medexdtc.com\/es\/what-to-do-if-youre-in-an-auto-accident-in-new-york-state\/"]}]},{"@type":"ImageObject","inLanguage":"es","@id":"https:\/\/www.medexdtc.com\/es\/what-to-do-if-youre-in-an-auto-accident-in-new-york-state\/#primaryimage","url":"https:\/\/nofaultdoctorqueens.com\/wp-content\/uploads\/2018\/04\/car-accident-425x334.jpg","contentUrl":"https:\/\/nofaultdoctorqueens.com\/wp-content\/uploads\/2018\/04\/car-accident-425x334.jpg"},{"@type":"BreadcrumbList","@id":"https:\/\/www.medexdtc.com\/es\/what-to-do-if-youre-in-an-auto-accident-in-new-york-state\/#breadcrumb","itemListElement":[{"@type":"ListItem","position":1,"name":"Home","item":"https:\/\/www.medexdtc.com\/es\/"},{"@type":"ListItem","position":2,"name":"\u00bfQu\u00e9 hacer si tienes un accidente de tr\u00e1fico en el estado de Nueva York?"}]},{"@type":"WebSite","@id":"https:\/\/www.medexdtc.com\/es\/#website","url":"https:\/\/www.medexdtc.com\/es\/","name":"Medex DTC","description":"Medex Diagnostic and Treatment Center is a Medical Center in Queens, NY is a dynamic multi-specialty clinic. Physicians delivering high quality individualized care in Forest Hills, Queens, NY.","publisher":{"@id":"https:\/\/www.medexdtc.com\/es\/#organization"},"potentialAction":[{"@type":"SearchAction","target":{"@type":"EntryPoint","urlTemplate":"https:\/\/www.medexdtc.com\/es\/?s={search_term_string}"},"query-input":{"@type":"PropertyValueSpecification","valueRequired":true,"valueName":"search_term_string"}}],"inLanguage":"es"},{"@type":"Organization","@id":"https:\/\/www.medexdtc.com\/es\/#organization","name":"Medex DCT","url":"https:\/\/www.medexdtc.com\/es\/","logo":{"@type":"ImageObject","inLanguage":"es","@id":"https:\/\/www.medexdtc.com\/es\/#\/schema\/logo\/image\/","url":"https:\/\/www.medexdtc.com\/wp-content\/uploads\/2024\/11\/medex-diagnostic-and-treatment-center-in-queens-NY.png","contentUrl":"https:\/\/www.medexdtc.com\/wp-content\/uploads\/2024\/11\/medex-diagnostic-and-treatment-center-in-queens-NY.png","width":226,"height":47,"caption":"Medex DCT"},"image":{"@id":"https:\/\/www.medexdtc.com\/es\/#\/schema\/logo\/image\/"},"sameAs":["https:\/\/www.facebook.com\/medexny","https:\/\/x.com\/DtcMedex","https:\/\/www.instagram.com\/medexdtc\/","https:\/\/www.linkedin.com\/company\/medex-diagnostic-and-treatment-center\/about\/"]}]}},"jetpack_sharing_enabled":true,"_links":{"self":[{"href":"https:\/\/www.medexdtc.com\/es\/wp-json\/wp\/v2\/pages\/6384","targetHints":{"allow":["GET"]}}],"collection":[{"href":"https:\/\/www.medexdtc.com\/es\/wp-json\/wp\/v2\/pages"}],"about":[{"href":"https:\/\/www.medexdtc.com\/es\/wp-json\/wp\/v2\/types\/page"}],"author":[{"embeddable":true,"href":"https:\/\/www.medexdtc.com\/es\/wp-json\/wp\/v2\/users\/3"}],"replies":[{"embeddable":true,"href":"https:\/\/www.medexdtc.com\/es\/wp-json\/wp\/v2\/comments?post=6384"}],"version-history":[{"count":1,"href":"https:\/\/www.medexdtc.com\/es\/wp-json\/wp\/v2\/pages\/6384\/revisions"}],"predecessor-version":[{"id":6387,"href":"https:\/\/www.medexdtc.com\/es\/wp-json\/wp\/v2\/pages\/6384\/revisions\/6387"}],"wp:attachment":[{"href":"https:\/\/www.medexdtc.com\/es\/wp-json\/wp\/v2\/media?parent=6384"}],"curies":[{"name":"wp","href":"https:\/\/api.w.org\/{rel}","templated":true}]}}