{"id":6390,"date":"2025-04-14T04:52:20","date_gmt":"2025-04-13T23:52:20","guid":{"rendered":"https:\/\/www.medexdtc.com\/quien-paga-los-cuidados-en-los-casos-de-lesiones-sin-culpa\/"},"modified":"2025-09-15T04:33:07","modified_gmt":"2025-09-14T23:33:07","slug":"who-pays-for-care-in-no-fault-injury-cases","status":"publish","type":"page","link":"https:\/\/www.medexdtc.com\/es\/who-pays-for-care-in-no-fault-injury-cases\/","title":{"rendered":"\u00bfQui\u00e9n paga los cuidados en los casos de lesiones sin culpa?"},"content":{"rendered":"<p>Te has lesionado en un accidente de tr\u00e1fico. Ahora necesitas ir al m\u00e9dico. \u00bfQui\u00e9n va a pagar los cuidados que recibas?  <\/p><p>Si te lesionas a causa de un accidente de autom\u00f3vil en el estado de Nueva York, es probable que las compa\u00f1\u00edas de seguros sin culpa sean responsables de tu asistencia, aunque sea de urgencia. El proveedor m\u00e9dico necesita saber que est\u00e1s all\u00ed porque un accidente de coche ha causado la lesi\u00f3n. Entonces, el proveedor facturar\u00e1 directamente a la compa\u00f1\u00eda de seguros sin culpa. La ley de no culpabilidad de Nueva York hace posible que se cubran los tratamientos m\u00e9dicos, independientemente de qui\u00e9n sea declarado culpable del accidente.   <\/p><figure class=\"wp-block-image\"><img decoding=\"async\" src=\"https:\/\/nofaultdoctorqueens.com\/wp-content\/uploads\/2018\/04\/bills-image-425x334.jpg\" alt=\"\" class=\"wp-image-204842\" title=\"\"\/><\/figure><h2 class=\"wp-block-heading\">\u00bfQu\u00e9 servicios m\u00e9dicos cubre la asistencia sin culpa?<\/h2><p>No-Fault Doctor Queens es un centro completo de diagn\u00f3stico y tratamiento. Ofrecemos m\u00e1s de 20 especialidades m\u00e9dicas diferentes dentro de nuestra cl\u00ednica. Eso significa que la mayor\u00eda de los servicios que puedas necesitar para el tratamiento post-accidente est\u00e1n contenidos en nuestras instalaciones.  <\/p><p>La norma general de cobertura para una solicitud aprobada sin culpa es que cualquier servicio necesario para ayudarte a recuperarte re\u00fane los requisitos hasta alcanzar el tope m\u00e1ximo de prestaciones. La mayor\u00eda de los conductores del estado de Nueva York tienen el tope m\u00ednimo obligatorio de 50.000 $. <\/p><p>Aqu\u00ed tienes una lista parcial de los gastos m\u00e9dicos que cubre la cobertura sin culpa.<\/p><ul class=\"wp-block-list\"><li>Servicios de ambulancia<\/li>\n\n<li>Estancias hospitalarias<\/li>\n\n<li>Terapia ocupacional<\/li>\n\n<li>Ortopedia<\/li>\n\n<li>Fisioterapia<\/li>\n\n<li>Atenci\u00f3n primaria<\/li>\n\n<li>Recetas<\/li>\n\n<li>Rehabilitaci\u00f3n<\/li>\n\n<li>Procedimientos quir\u00fargicos<\/li>\n\n<li>Servicios de rayos X<\/li><\/ul><p>Es importante que cuentes a tu m\u00e9dico todo lo que te molesta despu\u00e9s de haber sufrido lesiones en un accidente de tr\u00e1fico. No omitas nada, aunque no te parezca un s\u00edntoma importante. Los especialistas de nuestra cl\u00ednica pueden pensar lo contrario.  <\/p><p>Nuestro objetivo es sencillo: proporcionarte los cuidados que necesitas para volver a ponerte en pie.<\/p><h2 class=\"wp-block-heading\">Verificaci\u00f3n de las opciones de tratamiento sin culpa<\/h2><p>Si tus lesiones son algo leves y no requieren intervenci\u00f3n m\u00e9dica inmediata, puedes iniciar el proceso de comprobaci\u00f3n de tu lesi\u00f3n en cuanto presentes tu solicitud sin culpa.<\/p><p>Las lesiones graves que requieren atenci\u00f3n inmediata suelen retrasar el proceso de verificaci\u00f3n.<\/p><p>En alg\u00fan momento, sin embargo, la compa\u00f1\u00eda de seguros querr\u00e1 verificar tus lesiones mediante un reconocimiento m\u00e9dico independiente. Es necesario acudir a una cita programada. En el estado de Nueva York, las compa\u00f1\u00edas de seguros pueden denegar retroactivamente las prestaciones hasta la fecha del accidente si no acudes a esta cita independiente. Tambi\u00e9n pueden pedirte que prestes declaraci\u00f3n en un interrogatorio bajo juramento. La compa\u00f1\u00eda de seguros te har\u00e1 preguntas bajo juramento y tus respuestas constar\u00e1n en acta.    <\/p><p>En No-Fault Doctor Queens, comprendemos que todos estos requisitos pueden crearte un ambiente estresante. Por eso nuestro principal objetivo es siempre la atenci\u00f3n individualizada que necesitas para sentirte mejor. Recibir la atenci\u00f3n m\u00e9dica que necesitas ser\u00e1 siempre el paso m\u00e1s importante que des tras sufrir una lesi\u00f3n en un accidente de tr\u00e1fico.  <\/p><h2 class=\"wp-block-heading\">C\u00f3mo controlar el dolor tras una lesi\u00f3n<\/h2><p>El control del dolor tambi\u00e9n est\u00e1 cubierto por el seguro sin franquicia. Tu m\u00e9dico puede recetarte medicamentos espec\u00edficos que te ayuden a reducir la intensidad del dolor. Tambi\u00e9n puede haber recomendaciones espec\u00edficas de tu m\u00e9dico que te orienten hacia un menor dolor general durante tu recuperaci\u00f3n. Una recomendaci\u00f3n habitual es seguir una dieta sana y hacer tanto ejercicio como sea posible durante la recuperaci\u00f3n. La combinaci\u00f3n de una buena alimentaci\u00f3n y actividades f\u00edsicas evitar\u00e1 un aumento de peso innecesario.    <\/p><p>Para muchas lesiones, los ejercicios de resistencia tambi\u00e9n forman parte del proceso de recuperaci\u00f3n. Estos ejercicios est\u00e1n dise\u00f1ados para fortalecer tu formaci\u00f3n \u00f3sea. Tambi\u00e9n es importante calentar antes de realizar los ejercicios recomendados, ya que as\u00ed se reducen las posibilidades de que se produzca un tir\u00f3n o una distensi\u00f3n muscular. Es posible que te pidan que restrinjas el peso que cargas mientras te recuperas. La rigidez muscular tiende a empezar a aparecer entre 24 y 48 horas despu\u00e9s de reducir los niveles de actividad debido a una lesi\u00f3n. Volver a una rutina normal, aunque s\u00f3lo sea brevemente o a menor velocidad, puede ayudar a mejorar el proceso de recuperaci\u00f3n.     <\/p><h2 class=\"wp-block-heading\">\u00bfA qui\u00e9n puedo acudir para recibir tratamiento tras un accidente de tr\u00e1fico?<\/h2><p>Si has sufrido lesiones graves en un accidente de tr\u00e1fico, busca atenci\u00f3n m\u00e9dica inmediata. Es posible que luego recibas \u00f3rdenes de hacer un seguimiento con un m\u00e9dico para tratamientos continuados, prescripciones o fisioterapia. <\/p><p>Para quienes est\u00e9n gestionando una lesi\u00f3n que requiera tratamientos continuados, debes elegir un m\u00e9dico o cl\u00ednica de Nueva York que acepte el seguro sin culpa. Si no lo hace, es probable que el proveedor facture a tu seguro m\u00e9dico personal. Esa acci\u00f3n puede tener resultados inesperados que pueden costarte m\u00e1s que si buscaras atenci\u00f3n de un m\u00e9dico sin culpa.  <\/p><p>En No-Fault Doctor Queens, nuestra cl\u00ednica facturar\u00e1 directamente a la compa\u00f1\u00eda de seguros sin culpa. El Estado de Nueva York fija las tarifas de reembolso que se pagan mediante este proceso. As\u00ed, no tienes que preocuparte por las facturas.  <\/p><p>Preoc\u00fapate s\u00f3lo de mejorar.<\/p>","protected":false},"excerpt":{"rendered":"<p>Te has lesionado en un accidente de tr\u00e1fico. Ahora necesitas ir al m\u00e9dico. \u00bfQui\u00e9n va a pagar los cuidados que recibas? Si te lesionas a causa de un accidente de autom\u00f3vil en el estado de Nueva York, es probable que las compa\u00f1\u00edas de seguros sin culpa sean responsables de tu asistencia, aunque sea de urgencia. &hellip; <\/p>\n<p class=\"link-more\"><a href=\"https:\/\/www.medexdtc.com\/es\/who-pays-for-care-in-no-fault-injury-cases\/\" class=\"more-link\">Continue reading<span class=\"screen-reader-text\"> \u00ab\u00bfQui\u00e9n paga los cuidados en los casos de lesiones sin culpa?\u00bb<\/span><\/a><\/p>\n","protected":false},"author":3,"featured_media":0,"parent":0,"menu_order":0,"comment_status":"closed","ping_status":"closed","template":"new_inner.php","meta":{"_acf_changed":false,"footnotes":""},"class_list":["post-6390","page","type-page","status-publish","hentry"],"acf":[],"yoast_head":"<!-- This site is optimized with the Yoast SEO plugin v27.5 - https:\/\/yoast.com\/product\/yoast-seo-wordpress\/ -->\n<title>\u00bfQui\u00e9n paga los cuidados en los casos de lesiones sin culpa? Doctor Sin Culpa Queens<\/title>\n<meta name=\"description\" content=\"Si te has visto implicado en un accidente de tr\u00e1fico, necesitas saber qu\u00e9 servicios m\u00e9dicos cubre la asistencia sin culpa. Lee la gu\u00eda M\u00e9dico sin culpa Queens, y reserva cita con nuestros m\u00e9dicos.\" \/>\n<meta name=\"robots\" content=\"index, follow, max-snippet:-1, max-image-preview:large, max-video-preview:-1\" \/>\n<link rel=\"canonical\" href=\"https:\/\/www.medexdtc.com\/es\/who-pays-for-care-in-no-fault-injury-cases\/\" \/>\n<meta property=\"og:locale\" content=\"es_ES\" \/>\n<meta property=\"og:type\" content=\"article\" \/>\n<meta property=\"og:title\" content=\"\u00bfQui\u00e9n paga los cuidados en los casos de lesiones sin culpa? Doctor Sin Culpa Queens\" \/>\n<meta property=\"og:description\" content=\"Si te has visto implicado en un accidente de tr\u00e1fico, necesitas saber qu\u00e9 servicios m\u00e9dicos cubre la asistencia sin culpa. Lee la gu\u00eda M\u00e9dico sin culpa Queens, y reserva cita con nuestros m\u00e9dicos.\" \/>\n<meta property=\"og:url\" content=\"https:\/\/www.medexdtc.com\/es\/who-pays-for-care-in-no-fault-injury-cases\/\" \/>\n<meta property=\"og:site_name\" content=\"Medex Diagnostic and Treatment Center - Queens Medical Center - Medical Clinic in Forest Hills, NY\" \/>\n<meta property=\"article:publisher\" content=\"https:\/\/www.facebook.com\/medexny\" \/>\n<meta property=\"article:modified_time\" content=\"2025-09-14T23:33:07+00:00\" \/>\n<meta name=\"twitter:card\" content=\"summary_large_image\" \/>\n<meta name=\"twitter:site\" content=\"@DtcMedex\" \/>\n<meta name=\"twitter:label1\" content=\"Tiempo de lectura\" \/>\n\t<meta name=\"twitter:data1\" content=\"5 minutos\" \/>\n<!-- \/ Yoast SEO plugin. -->","yoast_head_json":{"title":"\u00bfQui\u00e9n paga los cuidados en los casos de lesiones sin culpa? Doctor Sin Culpa Queens","description":"Si te has visto implicado en un accidente de tr\u00e1fico, necesitas saber qu\u00e9 servicios m\u00e9dicos cubre la asistencia sin culpa. Lee la gu\u00eda M\u00e9dico sin culpa Queens, y reserva cita con nuestros m\u00e9dicos.","robots":{"index":"index","follow":"follow","max-snippet":"max-snippet:-1","max-image-preview":"max-image-preview:large","max-video-preview":"max-video-preview:-1"},"canonical":"https:\/\/www.medexdtc.com\/es\/who-pays-for-care-in-no-fault-injury-cases\/","og_locale":"es_ES","og_type":"article","og_title":"\u00bfQui\u00e9n paga los cuidados en los casos de lesiones sin culpa? Doctor Sin Culpa Queens","og_description":"Si te has visto implicado en un accidente de tr\u00e1fico, necesitas saber qu\u00e9 servicios m\u00e9dicos cubre la asistencia sin culpa. Lee la gu\u00eda M\u00e9dico sin culpa Queens, y reserva cita con nuestros m\u00e9dicos.","og_url":"https:\/\/www.medexdtc.com\/es\/who-pays-for-care-in-no-fault-injury-cases\/","og_site_name":"Medex Diagnostic and Treatment Center - Queens Medical Center - Medical Clinic in Forest Hills, NY","article_publisher":"https:\/\/www.facebook.com\/medexny","article_modified_time":"2025-09-14T23:33:07+00:00","twitter_card":"summary_large_image","twitter_site":"@DtcMedex","twitter_misc":{"Tiempo de lectura":"5 minutos"},"schema":{"@context":"https:\/\/schema.org","@graph":[{"@type":"WebPage","@id":"https:\/\/www.medexdtc.com\/es\/who-pays-for-care-in-no-fault-injury-cases\/","url":"https:\/\/www.medexdtc.com\/es\/who-pays-for-care-in-no-fault-injury-cases\/","name":"\u00bfQui\u00e9n paga los cuidados en los casos de lesiones sin culpa? Doctor Sin Culpa Queens","isPartOf":{"@id":"https:\/\/www.medexdtc.com\/es\/#website"},"primaryImageOfPage":{"@id":"https:\/\/www.medexdtc.com\/es\/who-pays-for-care-in-no-fault-injury-cases\/#primaryimage"},"image":{"@id":"https:\/\/www.medexdtc.com\/es\/who-pays-for-care-in-no-fault-injury-cases\/#primaryimage"},"thumbnailUrl":"https:\/\/nofaultdoctorqueens.com\/wp-content\/uploads\/2018\/04\/bills-image-425x334.jpg","datePublished":"2025-04-13T23:52:20+00:00","dateModified":"2025-09-14T23:33:07+00:00","description":"Si te has visto implicado en un accidente de tr\u00e1fico, necesitas saber qu\u00e9 servicios m\u00e9dicos cubre la asistencia sin culpa. Lee la gu\u00eda M\u00e9dico sin culpa Queens, y reserva cita con nuestros m\u00e9dicos.","breadcrumb":{"@id":"https:\/\/www.medexdtc.com\/es\/who-pays-for-care-in-no-fault-injury-cases\/#breadcrumb"},"inLanguage":"es","potentialAction":[{"@type":"ReadAction","target":["https:\/\/www.medexdtc.com\/es\/who-pays-for-care-in-no-fault-injury-cases\/"]}]},{"@type":"ImageObject","inLanguage":"es","@id":"https:\/\/www.medexdtc.com\/es\/who-pays-for-care-in-no-fault-injury-cases\/#primaryimage","url":"https:\/\/nofaultdoctorqueens.com\/wp-content\/uploads\/2018\/04\/bills-image-425x334.jpg","contentUrl":"https:\/\/nofaultdoctorqueens.com\/wp-content\/uploads\/2018\/04\/bills-image-425x334.jpg"},{"@type":"BreadcrumbList","@id":"https:\/\/www.medexdtc.com\/es\/who-pays-for-care-in-no-fault-injury-cases\/#breadcrumb","itemListElement":[{"@type":"ListItem","position":1,"name":"Home","item":"https:\/\/www.medexdtc.com\/es\/"},{"@type":"ListItem","position":2,"name":"\u00bfQui\u00e9n paga los cuidados en los casos de lesiones sin culpa?"}]},{"@type":"WebSite","@id":"https:\/\/www.medexdtc.com\/es\/#website","url":"https:\/\/www.medexdtc.com\/es\/","name":"Medex DTC","description":"Medex Diagnostic and Treatment Center is a Medical Center in Queens, NY is a dynamic multi-specialty clinic. Physicians delivering high quality individualized care in Forest Hills, Queens, NY.","publisher":{"@id":"https:\/\/www.medexdtc.com\/es\/#organization"},"potentialAction":[{"@type":"SearchAction","target":{"@type":"EntryPoint","urlTemplate":"https:\/\/www.medexdtc.com\/es\/?s={search_term_string}"},"query-input":{"@type":"PropertyValueSpecification","valueRequired":true,"valueName":"search_term_string"}}],"inLanguage":"es"},{"@type":"Organization","@id":"https:\/\/www.medexdtc.com\/es\/#organization","name":"Medex DCT","url":"https:\/\/www.medexdtc.com\/es\/","logo":{"@type":"ImageObject","inLanguage":"es","@id":"https:\/\/www.medexdtc.com\/es\/#\/schema\/logo\/image\/","url":"https:\/\/www.medexdtc.com\/wp-content\/uploads\/2024\/11\/medex-diagnostic-and-treatment-center-in-queens-NY.png","contentUrl":"https:\/\/www.medexdtc.com\/wp-content\/uploads\/2024\/11\/medex-diagnostic-and-treatment-center-in-queens-NY.png","width":226,"height":47,"caption":"Medex DCT"},"image":{"@id":"https:\/\/www.medexdtc.com\/es\/#\/schema\/logo\/image\/"},"sameAs":["https:\/\/www.facebook.com\/medexny","https:\/\/x.com\/DtcMedex","https:\/\/www.instagram.com\/medexdtc\/","https:\/\/www.linkedin.com\/company\/medex-diagnostic-and-treatment-center\/about\/"]}]}},"jetpack_sharing_enabled":true,"_links":{"self":[{"href":"https:\/\/www.medexdtc.com\/es\/wp-json\/wp\/v2\/pages\/6390","targetHints":{"allow":["GET"]}}],"collection":[{"href":"https:\/\/www.medexdtc.com\/es\/wp-json\/wp\/v2\/pages"}],"about":[{"href":"https:\/\/www.medexdtc.com\/es\/wp-json\/wp\/v2\/types\/page"}],"author":[{"embeddable":true,"href":"https:\/\/www.medexdtc.com\/es\/wp-json\/wp\/v2\/users\/3"}],"replies":[{"embeddable":true,"href":"https:\/\/www.medexdtc.com\/es\/wp-json\/wp\/v2\/comments?post=6390"}],"version-history":[{"count":1,"href":"https:\/\/www.medexdtc.com\/es\/wp-json\/wp\/v2\/pages\/6390\/revisions"}],"predecessor-version":[{"id":6391,"href":"https:\/\/www.medexdtc.com\/es\/wp-json\/wp\/v2\/pages\/6390\/revisions\/6391"}],"wp:attachment":[{"href":"https:\/\/www.medexdtc.com\/es\/wp-json\/wp\/v2\/media?parent=6390"}],"curies":[{"name":"wp","href":"https:\/\/api.w.org\/{rel}","templated":true}]}}