{"id":6395,"date":"2025-04-07T05:57:24","date_gmt":"2025-04-07T00:57:24","guid":{"rendered":"https:\/\/www.medexdtc.com\/que-es-el-seguro-sin-culpa-en-el-estado-de-nueva-york\/"},"modified":"2025-09-15T04:33:08","modified_gmt":"2025-09-14T23:33:08","slug":"what-is-no-fault-insurance-in-new-york-state","status":"publish","type":"page","link":"https:\/\/www.medexdtc.com\/es\/what-is-no-fault-insurance-in-new-york-state\/","title":{"rendered":"\u00bfQu\u00e9 es el seguro sin culpa en el estado de Nueva York?"},"content":{"rendered":"<h2 class=\"wp-block-heading\">Seguro sin culpa en el estado de Nueva York<\/h2><p>En el estado de Nueva York, muchas personas que sufren lesiones en accidentes de tr\u00e1fico tienen derecho a reclamar al seguro. El estado exige una cobertura obligatoria sin culpa. Si sufres lesiones, debes presentar una solicitud de no culpabilidad a la compa\u00f1\u00eda de seguros del veh\u00edculo que te golpe\u00f3.  <\/p><p>Este tipo de cobertura suele llamarse \u00abProtecci\u00f3n de Da\u00f1os Personales\u00bb. A veces se abrevia como PIP. <\/p><p>Este tipo de cobertura est\u00e1 disponible para conductores, peatones y ciclistas que resulten heridos al ser atropellados por otro veh\u00edculo. El seguro sin culpa paga entonces los gastos m\u00e9dicos necesarios, los salarios perdidos y otros costes directamente relacionados con tu asistencia tras el accidente. <\/p><figure class=\"wp-block-image\"><img decoding=\"async\" src=\"https:\/\/nofaultdoctorqueens.com\/wp-content\/uploads\/2018\/04\/nyc-road-425x334.jpg\" alt=\"\" class=\"wp-image-204825\" title=\"\"\/><\/figure><h2 class=\"wp-block-heading\">Datos importantes que debes conocer sobre el seguro sin culpa en NY<\/h2><p>Una p\u00f3liza est\u00e1ndar de seguro sin culpa pagar\u00e1 a las personas que cumplan los requisitos hasta 50.000 $ por los tratamientos m\u00e9dicos necesarios tras el accidente. Esta cantidad cubre todos los gastos que cumplan los requisitos, como los salarios perdidos. Algunos conductores o propietarios de veh\u00edculos pueden tener una cobertura opcional de seguro sin culpa con un importe m\u00e1ximo superior en la p\u00f3liza.  <\/p><p>Aqu\u00ed tienes otros 4 datos importantes que querr\u00e1s saber sobre el seguro sin culpa en el estado de Nueva York.<\/p><ul class=\"wp-block-list\"><li><strong>Los da\u00f1os materiales no est\u00e1n cubiertos.  <\/strong>No puedes presentar una solicitud sin culpa para cubrir los gastos de da\u00f1os materiales, incluidos los da\u00f1os al veh\u00edculo.<\/li>\n\n<li><strong>Es una reclamaci\u00f3n independiente que debe presentarse.<\/strong>  Si presentas una demanda por da\u00f1os personales a causa de un accidente de tr\u00e1fico, la solicitud de no culpabilidad no forma parte de ese procedimiento. Debes presentar la solicitud por separado. <\/li>\n\n<li><strong>Debe presentarse en un plazo determinado.<\/strong>  Debes presentar una solicitud sin culpa a la compa\u00f1\u00eda de seguros correspondiente en el plazo de 30 d\u00edas desde el accidente. Se te puede permitir presentar la solicitud despu\u00e9s del plazo de 30 d\u00edas en circunstancias claras y espec\u00edficas que hayan hecho imposible cumplir este requisito. <\/li>\n\n<li><strong>No cubre el dolor y el sufrimiento.<\/strong>  Si presentas una solicitud sin culpa, tienes derecho a reclamar da\u00f1os econ\u00f3micos al conductor culpable. La cobertura sin culpa no incluye ninguna indemnizaci\u00f3n por dolor y sufrimiento. <\/li><\/ul><p>La cobertura PIP cubre pr\u00e1cticamente cualquier necesidad m\u00e9dica que puedas tener relacionada con un accidente. Una vez aprobada, pagar\u00e1 tratamientos m\u00e9dicos que incluyen pruebas diagn\u00f3sticas, estancias hospitalarias, rehabilitaci\u00f3n f\u00edsica y otros gastos sanitarios diversos. A menudo se aplican l\u00edmites legales a la cobertura sin culpa.  <\/p><h3 class=\"wp-block-heading\">\u00bfQu\u00e9 ocurre si no puedo trabajar tras un accidente de tr\u00e1fico?<\/h3><p>Si te han diagnosticado una incapacidad temporal o permanente a causa de un accidente de autom\u00f3vil, es posible que no tengas el alta m\u00e9dica para reincorporarte a tu puesto de trabajo. En esta circunstancia, la cobertura sin culpa te reembolsar\u00eda los salarios perdidos. <\/p><p>La indemnizaci\u00f3n por salarios perdidos sigue un formato espec\u00edfico.<\/p><p>1. Para quienes tienen derecho a una incapacidad de corta duraci\u00f3n, este tipo de cobertura de la empresa pagar\u00e1 tras la primera semana de baja laboral a raz\u00f3n del 50% de tu salario total. Esta cobertura proporciona un m\u00e1ximo de 175 $ semanales, durante un m\u00e1ximo de 26 semanas.<br\/>2. El seguro sin culpa cubre hasta el 80% de tu salario, hasta 500 $ semanales, con una compensaci\u00f3n por cualquier pago por incapacidad de corta duraci\u00f3n. <\/p><p>Si no puedes trabajar a causa de una lesi\u00f3n por accidente de tr\u00e1fico, tambi\u00e9n tienes derecho a un m\u00e1ximo de 25 $ diarios, durante un m\u00e1ximo de 12 meses, para gastos de transporte de ida y vuelta al m\u00e9dico.<\/p><p>Si no puedes realizar tus tareas dom\u00e9sticas habituales a causa de una lesi\u00f3n, la cobertura del seguro sin culpa incluye la opci\u00f3n de contratar ayuda. La prestaci\u00f3n m\u00e1xima en este \u00e1mbito tambi\u00e9n es de 25 $ al d\u00eda, durante un periodo de 12 meses. <\/p><h2 class=\"wp-block-heading\">Sobrevivir tras un accidente con un seguro m\u00e9dico sin culpa<\/h2><p>En No-Fault Doctor Queens, comprendemos las m\u00faltiples dificultades que entra\u00f1a una lesi\u00f3n grave causada por un accidente de autom\u00f3vil. Aunque tus gastos sanitarios est\u00e9n cubiertos, la indemnizaci\u00f3n por salarios perdidos puede ser una fracci\u00f3n de lo que est\u00e1s acostumbrado a ganar. <\/p><h3 class=\"wp-block-heading\">Puede llegar a ser muy dif\u00edcil llegar a fin de mes.<\/h3><p>Aunque no podemos proporcionarte asesoramiento jur\u00eddico sobre lo que puedes o debes hacer, nuestro equipo de m\u00e9dicos est\u00e1 preparado para garantizar que puedas recuperarte lo antes posible. El objetivo que tenemos en nuestra cl\u00ednica es trabajar contigo para crear un plan de tratamiento que minimice el impacto sanitario de tu lesi\u00f3n. <\/p><p>Al hacerlo, esperamos reducir las repercusiones que una lesi\u00f3n puede causar en otros aspectos de tu vida.<\/p><p>Tanto si t\u00fa causaste el accidente como si fue otro el culpable, al seguro sin culpa no le importa. Su objetivo es asegurarse de que puedas acceder a la asistencia sanitaria que necesitas. Si has sufrido una lesi\u00f3n reciente, ponte en contacto con nuestra cl\u00ednica llamando al (718) 260-6590 para concertar tu cita de inmediato.  <\/p>","protected":false},"excerpt":{"rendered":"<p>Seguro sin culpa en el estado de Nueva York En el estado de Nueva York, muchas personas que sufren lesiones en accidentes de tr\u00e1fico tienen derecho a reclamar al seguro. El estado exige una cobertura obligatoria sin culpa. Si sufres lesiones, debes presentar una solicitud de no culpabilidad a la compa\u00f1\u00eda de seguros del veh\u00edculo &hellip; <\/p>\n<p class=\"link-more\"><a href=\"https:\/\/www.medexdtc.com\/es\/what-is-no-fault-insurance-in-new-york-state\/\" class=\"more-link\">Continue reading<span class=\"screen-reader-text\"> \u00ab\u00bfQu\u00e9 es el seguro sin culpa en el estado de Nueva York?\u00bb<\/span><\/a><\/p>\n","protected":false},"author":3,"featured_media":0,"parent":0,"menu_order":0,"comment_status":"closed","ping_status":"closed","template":"new_inner.php","meta":{"_acf_changed":false,"footnotes":""},"class_list":["post-6395","page","type-page","status-publish","hentry"],"acf":[],"yoast_head":"<!-- This site is optimized with the Yoast SEO plugin v27.4 - https:\/\/yoast.com\/product\/yoast-seo-wordpress\/ -->\n<title>\u00bfQu\u00e9 es el seguro sin culpa en el estado de Nueva York? M\u00e9dico sin culpa Queens<\/title>\n<meta name=\"description\" content=\"M\u00e1s informaci\u00f3n sobre el seguro sin culpa en el estado de Nueva York. El objetivo de la consulta No-Fault Doctor Queens es trabajar contigo para conseguir un plan de tratamiento que minimice el impacto sanitario de tu lesi\u00f3n, al tiempo que te proporciona los mejores servicios de acuerdo con la cobertura de tu seguro.\" \/>\n<meta name=\"robots\" content=\"index, follow, max-snippet:-1, max-image-preview:large, max-video-preview:-1\" \/>\n<link rel=\"canonical\" href=\"https:\/\/www.medexdtc.com\/es\/what-is-no-fault-insurance-in-new-york-state\/\" \/>\n<meta property=\"og:locale\" content=\"es_ES\" \/>\n<meta property=\"og:type\" content=\"article\" \/>\n<meta property=\"og:title\" content=\"\u00bfQu\u00e9 es el seguro sin culpa en el estado de Nueva York? M\u00e9dico sin culpa Queens\" \/>\n<meta property=\"og:description\" content=\"M\u00e1s informaci\u00f3n sobre el seguro sin culpa en el estado de Nueva York. El objetivo de la consulta No-Fault Doctor Queens es trabajar contigo para conseguir un plan de tratamiento que minimice el impacto sanitario de tu lesi\u00f3n, al tiempo que te proporciona los mejores servicios de acuerdo con la cobertura de tu seguro.\" \/>\n<meta property=\"og:url\" content=\"https:\/\/www.medexdtc.com\/es\/what-is-no-fault-insurance-in-new-york-state\/\" \/>\n<meta property=\"og:site_name\" content=\"Medex Diagnostic and Treatment Center - Queens Medical Center - Medical Clinic in Forest Hills, NY\" \/>\n<meta property=\"article:publisher\" content=\"https:\/\/www.facebook.com\/medexny\" \/>\n<meta property=\"article:modified_time\" content=\"2025-09-14T23:33:08+00:00\" \/>\n<meta name=\"twitter:card\" content=\"summary_large_image\" \/>\n<meta name=\"twitter:site\" content=\"@DtcMedex\" \/>\n<meta name=\"twitter:label1\" content=\"Tiempo de lectura\" \/>\n\t<meta name=\"twitter:data1\" content=\"4 minutos\" \/>\n<!-- \/ Yoast SEO plugin. -->","yoast_head_json":{"title":"\u00bfQu\u00e9 es el seguro sin culpa en el estado de Nueva York? M\u00e9dico sin culpa Queens","description":"M\u00e1s informaci\u00f3n sobre el seguro sin culpa en el estado de Nueva York. El objetivo de la consulta No-Fault Doctor Queens es trabajar contigo para conseguir un plan de tratamiento que minimice el impacto sanitario de tu lesi\u00f3n, al tiempo que te proporciona los mejores servicios de acuerdo con la cobertura de tu seguro.","robots":{"index":"index","follow":"follow","max-snippet":"max-snippet:-1","max-image-preview":"max-image-preview:large","max-video-preview":"max-video-preview:-1"},"canonical":"https:\/\/www.medexdtc.com\/es\/what-is-no-fault-insurance-in-new-york-state\/","og_locale":"es_ES","og_type":"article","og_title":"\u00bfQu\u00e9 es el seguro sin culpa en el estado de Nueva York? M\u00e9dico sin culpa Queens","og_description":"M\u00e1s informaci\u00f3n sobre el seguro sin culpa en el estado de Nueva York. El objetivo de la consulta No-Fault Doctor Queens es trabajar contigo para conseguir un plan de tratamiento que minimice el impacto sanitario de tu lesi\u00f3n, al tiempo que te proporciona los mejores servicios de acuerdo con la cobertura de tu seguro.","og_url":"https:\/\/www.medexdtc.com\/es\/what-is-no-fault-insurance-in-new-york-state\/","og_site_name":"Medex Diagnostic and Treatment Center - Queens Medical Center - Medical Clinic in Forest Hills, NY","article_publisher":"https:\/\/www.facebook.com\/medexny","article_modified_time":"2025-09-14T23:33:08+00:00","twitter_card":"summary_large_image","twitter_site":"@DtcMedex","twitter_misc":{"Tiempo de lectura":"4 minutos"},"schema":{"@context":"https:\/\/schema.org","@graph":[{"@type":"WebPage","@id":"https:\/\/www.medexdtc.com\/es\/what-is-no-fault-insurance-in-new-york-state\/","url":"https:\/\/www.medexdtc.com\/es\/what-is-no-fault-insurance-in-new-york-state\/","name":"\u00bfQu\u00e9 es el seguro sin culpa en el estado de Nueva York? M\u00e9dico sin culpa Queens","isPartOf":{"@id":"https:\/\/www.medexdtc.com\/es\/#website"},"primaryImageOfPage":{"@id":"https:\/\/www.medexdtc.com\/es\/what-is-no-fault-insurance-in-new-york-state\/#primaryimage"},"image":{"@id":"https:\/\/www.medexdtc.com\/es\/what-is-no-fault-insurance-in-new-york-state\/#primaryimage"},"thumbnailUrl":"https:\/\/nofaultdoctorqueens.com\/wp-content\/uploads\/2018\/04\/nyc-road-425x334.jpg","datePublished":"2025-04-07T00:57:24+00:00","dateModified":"2025-09-14T23:33:08+00:00","description":"M\u00e1s informaci\u00f3n sobre el seguro sin culpa en el estado de Nueva York. El objetivo de la consulta No-Fault Doctor Queens es trabajar contigo para conseguir un plan de tratamiento que minimice el impacto sanitario de tu lesi\u00f3n, al tiempo que te proporciona los mejores servicios de acuerdo con la cobertura de tu seguro.","breadcrumb":{"@id":"https:\/\/www.medexdtc.com\/es\/what-is-no-fault-insurance-in-new-york-state\/#breadcrumb"},"inLanguage":"es","potentialAction":[{"@type":"ReadAction","target":["https:\/\/www.medexdtc.com\/es\/what-is-no-fault-insurance-in-new-york-state\/"]}]},{"@type":"ImageObject","inLanguage":"es","@id":"https:\/\/www.medexdtc.com\/es\/what-is-no-fault-insurance-in-new-york-state\/#primaryimage","url":"https:\/\/nofaultdoctorqueens.com\/wp-content\/uploads\/2018\/04\/nyc-road-425x334.jpg","contentUrl":"https:\/\/nofaultdoctorqueens.com\/wp-content\/uploads\/2018\/04\/nyc-road-425x334.jpg"},{"@type":"BreadcrumbList","@id":"https:\/\/www.medexdtc.com\/es\/what-is-no-fault-insurance-in-new-york-state\/#breadcrumb","itemListElement":[{"@type":"ListItem","position":1,"name":"Home","item":"https:\/\/www.medexdtc.com\/es\/"},{"@type":"ListItem","position":2,"name":"\u00bfQu\u00e9 es el seguro sin culpa en el estado de Nueva York?"}]},{"@type":"WebSite","@id":"https:\/\/www.medexdtc.com\/es\/#website","url":"https:\/\/www.medexdtc.com\/es\/","name":"Medex DTC","description":"Medex Diagnostic and Treatment Center is a Medical Center in Queens, NY is a dynamic multi-specialty clinic. Physicians delivering high quality individualized care in Forest Hills, Queens, NY.","publisher":{"@id":"https:\/\/www.medexdtc.com\/es\/#organization"},"potentialAction":[{"@type":"SearchAction","target":{"@type":"EntryPoint","urlTemplate":"https:\/\/www.medexdtc.com\/es\/?s={search_term_string}"},"query-input":{"@type":"PropertyValueSpecification","valueRequired":true,"valueName":"search_term_string"}}],"inLanguage":"es"},{"@type":"Organization","@id":"https:\/\/www.medexdtc.com\/es\/#organization","name":"Medex DCT","url":"https:\/\/www.medexdtc.com\/es\/","logo":{"@type":"ImageObject","inLanguage":"es","@id":"https:\/\/www.medexdtc.com\/es\/#\/schema\/logo\/image\/","url":"https:\/\/www.medexdtc.com\/wp-content\/uploads\/2024\/11\/medex-diagnostic-and-treatment-center-in-queens-NY.png","contentUrl":"https:\/\/www.medexdtc.com\/wp-content\/uploads\/2024\/11\/medex-diagnostic-and-treatment-center-in-queens-NY.png","width":226,"height":47,"caption":"Medex DCT"},"image":{"@id":"https:\/\/www.medexdtc.com\/es\/#\/schema\/logo\/image\/"},"sameAs":["https:\/\/www.facebook.com\/medexny","https:\/\/x.com\/DtcMedex","https:\/\/www.instagram.com\/medexdtc\/","https:\/\/www.linkedin.com\/company\/medex-diagnostic-and-treatment-center\/about\/"]}]}},"jetpack_sharing_enabled":true,"_links":{"self":[{"href":"https:\/\/www.medexdtc.com\/es\/wp-json\/wp\/v2\/pages\/6395","targetHints":{"allow":["GET"]}}],"collection":[{"href":"https:\/\/www.medexdtc.com\/es\/wp-json\/wp\/v2\/pages"}],"about":[{"href":"https:\/\/www.medexdtc.com\/es\/wp-json\/wp\/v2\/types\/page"}],"author":[{"embeddable":true,"href":"https:\/\/www.medexdtc.com\/es\/wp-json\/wp\/v2\/users\/3"}],"replies":[{"embeddable":true,"href":"https:\/\/www.medexdtc.com\/es\/wp-json\/wp\/v2\/comments?post=6395"}],"version-history":[{"count":1,"href":"https:\/\/www.medexdtc.com\/es\/wp-json\/wp\/v2\/pages\/6395\/revisions"}],"predecessor-version":[{"id":6396,"href":"https:\/\/www.medexdtc.com\/es\/wp-json\/wp\/v2\/pages\/6395\/revisions\/6396"}],"wp:attachment":[{"href":"https:\/\/www.medexdtc.com\/es\/wp-json\/wp\/v2\/media?parent=6395"}],"curies":[{"name":"wp","href":"https:\/\/api.w.org\/{rel}","templated":true}]}}