{"id":6401,"date":"2020-08-05T23:00:49","date_gmt":"2020-08-05T18:00:49","guid":{"rendered":"https:\/\/www.medexdtc.com\/vertigo-mareo-y-equilibrio\/"},"modified":"2020-08-05T23:00:49","modified_gmt":"2020-08-05T18:00:49","slug":"vertigo-dizziness-balance","status":"publish","type":"page","link":"https:\/\/www.medexdtc.com\/es\/vertigo-dizziness-balance\/","title":{"rendered":"V\u00e9rtigo, mareo y equilibrio"},"content":{"rendered":"<p>Puesto que el equilibrio est\u00e1 casi exclusivamente relacionado con la salud de tu o\u00eddo interno, tu punto de contacto para encontrar una soluci\u00f3n que detenga los efectos potencialmente peligrosos del mareo y el v\u00e9rtigo es tu otorrinolaring\u00f3logo. En el Centro de Diagn\u00f3stico y Tratamiento Medex de Queens (Nueva York), tu m\u00e9dico de atenci\u00f3n primaria puede remitirte al otorrinolaring\u00f3logo interno. Tambi\u00e9n puedes llamar directamente para pedir cita y encontrar las opciones preventivas y de tratamiento que mejor se adapten a tu situaci\u00f3n concreta. Cada persona experimenta los problemas de equilibrio de forma diferente y en Medex se te presta atenci\u00f3n y cuidados individualizados. Llama hoy para pedir cita.    <\/p>\n<p>Hasta el 15 por ciento de los estadounidenses experimenta alg\u00fan problema de equilibrio cada a\u00f1o. Y el mareo es una de las razones m\u00e1s frecuentes por las que los estadounidenses mayores acaban en urgencias. Mareo es una palabra general que puede referirse a estar aturdido, desequilibrado o desmayado. El v\u00e9rtigo, en cambio, significa que tienes la sensaci\u00f3n de moverte y dar vueltas aunque no sea as\u00ed.   <\/p>\n<p>Hay muchas causas posibles de mareo, v\u00e9rtigo y problemas de equilibrio, y hay otras tantas soluciones. Tu <a href=\"https:\/\/www.medexdtc.com\/es\/otorrinolaringologos-en-queens\/\">otorrinolaring\u00f3logo<\/a> del Centro de Diagn\u00f3stico y Tratamiento Medex de Queens, NY, averiguar\u00e1 qu\u00e9 te est\u00e1 afectando. Y lo mejor de todo es que Medex dispone de la tecnolog\u00eda m\u00e9dica m\u00e1s avanzada para solucionar tu problema.  <\/p>\n<h2>Mantener la salud y el equilibrio del o\u00eddo<\/h2>\n<p>La salud de tus o\u00eddos, combinada con un estilo de vida sano en general, previene los mareos y el v\u00e9rtigo. Aun as\u00ed, es posible padecer estas afecciones aunque est\u00e9s completamente sano. Las mejores medidas para prevenir los trastornos del equilibrio son  <\/p>\n<ul>\n<li>Mant\u00e9n una dieta sana<\/li>\n<li>Evita el exceso de sodio<\/li>\n<li>Evita demasiada cafe\u00edna<\/li>\n<li>Dejar de fumar o reducir el consumo de tabaco<\/li>\n<li>Limita la ingesta de alcohol<\/li>\n<li>Acude regularmente a tu otorrinolaring\u00f3logo para asegurarte de que tus o\u00eddos internos est\u00e1n sanos.<\/li>\n<li>Come con regularidad, en lugar de esperar mucho tiempo entre comidas<\/li>\n<li>Limpia tus o\u00eddos de forma regular y adecuada<\/li>\n<\/ul>\n<h2>Causas del mareo y el v\u00e9rtigo<\/h2>\n<p>Algunos mareos y v\u00e9rtigos est\u00e1n causados por afecciones distintas de los problemas de o\u00eddo. Tu otorrinolaring\u00f3logo de Medex se basa en un examen y pruebas minuciosos para descartar estas otras afecciones frecuentes. Estos problemas f\u00edsicos suelen tener otros s\u00edntomas adem\u00e1s del mareo, lo que ayuda a tu m\u00e9dico a identificarlos. Las otras afecciones que causan v\u00e9rtigo son   <\/p>\n<ul>\n<li>Deshidrataci\u00f3n<\/li>\n<li>Tensi\u00f3n arterial baja<\/li>\n<li>Ansiedad<\/li>\n<li>Medicamentos<\/li>\n<li>Alergias<\/li>\n<li>Problemas neurol\u00f3gicos<\/li>\n<li>Arritmia cardiaca<\/li>\n<li>Accidente cerebrovascular<\/li>\n<\/ul>\n<p>Aunque el v\u00e9rtigo puede deberse a problemas distintos de los trastornos del o\u00eddo interno, es m\u00e1s probable que est\u00e9 causado por problemas de o\u00eddo. Normalmente, cuando tienes v\u00e9rtigo, el sistema que controla tu equilibrio env\u00eda se\u00f1ales confusas al cerebro, y la mayor parte de tu sistema de control del equilibrio se aloja en el o\u00eddo interno. Afecciones comunes como la presencia de l\u00edquido en el o\u00eddo o una infecci\u00f3n del o\u00eddo interno alteran tu equilibrio.  <\/p>\n<h2>Los o\u00eddos y el v\u00e9rtigo<\/h2>\n<p>Tu otorrinolaring\u00f3logo del Centro de Diagn\u00f3stico y Tratamiento Medex es un experto en los distintos tipos de v\u00e9rtigo, ya que casi siempre est\u00e1n implicados los o\u00eddos. Los problemas m\u00e1s frecuentes del o\u00eddo interno que provocan v\u00e9rtigo son: <\/p>\n<ul>\n<li><strong>V\u00e9rtigo posicional parox\u00edstico benigno (VPPB).<\/strong>  Esta afecci\u00f3n se produce cuando al mover la cabeza o el cuerpo se descontrola el sistema del o\u00eddo interno.<\/li>\n<li><strong>Laberintitis.<\/strong>  Se trata de una infecci\u00f3n del o\u00eddo interno, a menudo relacionada con la gripe. Puede provocar v\u00e9rtigo. <\/li>\n<li><strong>Enfermedad de Meniere.<\/strong>  Esta causa de v\u00e9rtigo implica p\u00e9rdida de audici\u00f3n, pero a\u00fan no se conoce bien.<\/li>\n<li><strong>Neuronitis vestibular.<\/strong>  Se trata de una inflamaci\u00f3n del nervio vestibular, que provoca v\u00e9rtigo.<\/li>\n<li><strong>F\u00edstula perilinf\u00e1tica.<\/strong>  Esta afecci\u00f3n se refiere a una fuga en el o\u00eddo interno que provoca mareos y v\u00e9rtigo.<\/li>\n<\/ul>\n<h2>Complicaciones y se\u00f1ales de alarma<\/h2>\n<p>En la mayor\u00eda de los casos, los problemas que causan el mareo y el v\u00e9rtigo no son peligrosos por s\u00ed mismos. Pero dan miedo porque interfieren en tu capacidad para realizar las actividades cotidianas habituales. El mareo y el v\u00e9rtigo afectan a aspectos de tu vida de varias maneras, entre otras:  <\/p>\n<ul>\n<li>Trabajar en cualquier situaci\u00f3n<\/li>\n<li>Manejo de maquinaria<\/li>\n<li>Seguir siendo independiente<\/li>\n<li>Mantenerse mentalmente sano<\/li>\n<li>Tener la capacidad de ser espont\u00e1neo<\/li>\n<li>Aumento de la ansiedad<\/li>\n<li>Crear problemas interpersonales<\/li>\n<\/ul>\n<p>Consulta a tu otorrinolaring\u00f3logo Medex al primer s\u00edntoma de mareo o v\u00e9rtigo. Necesitas un diagn\u00f3stico preciso antes de iniciar cualquier tratamiento. Garantiza tu seguridad y trata otros s\u00edntomas que suelen aparecer junto con el mareo y el v\u00e9rtigo. Estos otros s\u00edntomas incluyen   <\/p>\n<ul>\n<li>P\u00e9rdida auditiva<\/li>\n<li>Visi\u00f3n borrosa<\/li>\n<li>P\u00e9rdida de conocimiento<\/li>\n<li>Dificultad de concentraci\u00f3n<\/li>\n<li>Hormigueo o entumecimiento<\/li>\n<li>Fiebre<\/li>\n<li>Nuevo tipo de dolor de cabeza<\/li>\n<\/ul>\n<h2>Tratamientos para los problemas de equilibrio<\/h2>\n<p>Como hay tantas situaciones y afecciones que causan problemas de equilibrio, tu otorrinolaring\u00f3logo de Queens se basa en un historial m\u00e9dico detallado, as\u00ed como en diversas pruebas y tratamientos para encontrar una soluci\u00f3n para ti. Pueden ser necesarios antibi\u00f3ticos u otros medicamentos si tienes una infecci\u00f3n de o\u00eddo. Tu m\u00e9dico puede realizar un procedimiento para eliminar el l\u00edquido del o\u00eddo, o puede administrarte un diur\u00e9tico o un medicamento esteroide para disminuir la acumulaci\u00f3n de l\u00edquido.  <\/p>\n<p>En raras ocasiones, tienen que derivarte a un neur\u00f3logo o someterte a una intervenci\u00f3n quir\u00fargica para corregir un trastorno del o\u00eddo que no responde a la medicaci\u00f3n. Sin embargo, lo m\u00e1s frecuente es que tu otorrinolaring\u00f3logo te sugiera ejercicios, medicamentos y ajustes del estilo de vida para eliminar tus mareos y v\u00e9rtigos. Estos cambios te ayudar\u00e1n, al menos, a controlar eficazmente los s\u00edntomas. <a href=\"https:\/\/www.medexdtc.com\/es\/vertigo-dizziness-balance\/#contact-form\">Ponte en contacto con el Centro de Diagn\u00f3stico y Tratamiento Medex<\/a> antes de rendirte a una vida de mareos.  <\/p>\n<p>Podemos ayudarte a encontrar m\u00e9dico. Llama al <a href=\"tel:+17182758900\">(718) 275-8900<\/a> <\/p>\n<p>Con licencia del estado de Nueva York, Medex es un centro de diagn\u00f3stico y tratamiento del art\u00edculo 28. Nuestros m\u00e9dicos proporcionan atenci\u00f3n integral a pacientes de todas las edades en la zona de Forest Hills, Queens, desde hace m\u00e1s de 15 a\u00f1os. Empieza a recibir atenci\u00f3n experta ahora llamando o concertando una cita en l\u00ednea con uno de los especialistas cualificados.<\/p>\n","protected":false},"excerpt":{"rendered":"<p>Puesto que el equilibrio est\u00e1 casi exclusivamente relacionado con la salud de tu o\u00eddo interno, tu punto de contacto para encontrar una soluci\u00f3n que detenga los efectos potencialmente peligrosos del mareo y el v\u00e9rtigo es tu otorrinolaring\u00f3logo. En el Centro de Diagn\u00f3stico y Tratamiento Medex de Queens (Nueva York), tu m\u00e9dico de atenci\u00f3n primaria puede &hellip; <\/p>\n<p class=\"link-more\"><a href=\"https:\/\/www.medexdtc.com\/es\/vertigo-dizziness-balance\/\" class=\"more-link\">Continue reading<span class=\"screen-reader-text\"> \u00abV\u00e9rtigo, mareo y equilibrio\u00bb<\/span><\/a><\/p>\n","protected":false},"author":3,"featured_media":0,"parent":0,"menu_order":0,"comment_status":"closed","ping_status":"closed","template":"new_inner.php","meta":{"_acf_changed":false,"footnotes":""},"class_list":["post-6401","page","type-page","status-publish","hentry"],"acf":[],"yoast_head":"<!-- This site is optimized with the Yoast SEO plugin v27.5 - https:\/\/yoast.com\/product\/yoast-seo-wordpress\/ -->\n<title>V\u00e9rtigo, mareos y equilibrio | Otorrinolaring\u00f3logo en Forest Hills, Queens, NY | Medex - Multi-Specialty Medical Center<\/title>\n<meta name=\"description\" content=\"Hay muchas causas posibles de mareo, v\u00e9rtigo y problemas de equilibrio, y hay otras tantas soluciones. Tu otorrinolaring\u00f3logo del Centro de Diagn\u00f3stico y Tratamiento Medex de Forest Hills, Queens, NY, averigua qu\u00e9 te est\u00e1 afectando\" \/>\n<meta name=\"robots\" content=\"index, follow, max-snippet:-1, max-image-preview:large, max-video-preview:-1\" \/>\n<link rel=\"canonical\" href=\"https:\/\/www.medexdtc.com\/es\/vertigo-dizziness-balance\/\" \/>\n<meta property=\"og:locale\" content=\"es_ES\" \/>\n<meta property=\"og:type\" content=\"article\" \/>\n<meta property=\"og:title\" content=\"V\u00e9rtigo, mareos y equilibrio | Otorrinolaring\u00f3logo en Forest Hills, Queens, NY | Medex - Multi-Specialty Medical Center\" \/>\n<meta property=\"og:description\" content=\"Hay muchas causas posibles de mareo, v\u00e9rtigo y problemas de equilibrio, y hay otras tantas soluciones. Tu otorrinolaring\u00f3logo del Centro de Diagn\u00f3stico y Tratamiento Medex de Forest Hills, Queens, NY, averigua qu\u00e9 te est\u00e1 afectando\" \/>\n<meta property=\"og:url\" content=\"https:\/\/www.medexdtc.com\/es\/vertigo-dizziness-balance\/\" \/>\n<meta property=\"og:site_name\" content=\"Medex Diagnostic and Treatment Center - Queens Medical Center - Medical Clinic in Forest Hills, NY\" \/>\n<meta property=\"article:publisher\" content=\"https:\/\/www.facebook.com\/medexny\" \/>\n<meta name=\"twitter:card\" content=\"summary_large_image\" \/>\n<meta name=\"twitter:site\" content=\"@DtcMedex\" \/>\n<meta name=\"twitter:label1\" content=\"Tiempo de lectura\" \/>\n\t<meta name=\"twitter:data1\" content=\"6 minutos\" \/>\n<!-- \/ Yoast SEO plugin. -->","yoast_head_json":{"title":"V\u00e9rtigo, mareos y equilibrio | Otorrinolaring\u00f3logo en Forest Hills, Queens, NY | Medex - Multi-Specialty Medical Center","description":"Hay muchas causas posibles de mareo, v\u00e9rtigo y problemas de equilibrio, y hay otras tantas soluciones. Tu otorrinolaring\u00f3logo del Centro de Diagn\u00f3stico y Tratamiento Medex de Forest Hills, Queens, NY, averigua qu\u00e9 te est\u00e1 afectando","robots":{"index":"index","follow":"follow","max-snippet":"max-snippet:-1","max-image-preview":"max-image-preview:large","max-video-preview":"max-video-preview:-1"},"canonical":"https:\/\/www.medexdtc.com\/es\/vertigo-dizziness-balance\/","og_locale":"es_ES","og_type":"article","og_title":"V\u00e9rtigo, mareos y equilibrio | Otorrinolaring\u00f3logo en Forest Hills, Queens, NY | Medex - Multi-Specialty Medical Center","og_description":"Hay muchas causas posibles de mareo, v\u00e9rtigo y problemas de equilibrio, y hay otras tantas soluciones. Tu otorrinolaring\u00f3logo del Centro de Diagn\u00f3stico y Tratamiento Medex de Forest Hills, Queens, NY, averigua qu\u00e9 te est\u00e1 afectando","og_url":"https:\/\/www.medexdtc.com\/es\/vertigo-dizziness-balance\/","og_site_name":"Medex Diagnostic and Treatment Center - Queens Medical Center - Medical Clinic in Forest Hills, NY","article_publisher":"https:\/\/www.facebook.com\/medexny","twitter_card":"summary_large_image","twitter_site":"@DtcMedex","twitter_misc":{"Tiempo de lectura":"6 minutos"},"schema":{"@context":"https:\/\/schema.org","@graph":[{"@type":"WebPage","@id":"https:\/\/www.medexdtc.com\/es\/vertigo-dizziness-balance\/","url":"https:\/\/www.medexdtc.com\/es\/vertigo-dizziness-balance\/","name":"V\u00e9rtigo, mareos y equilibrio | Otorrinolaring\u00f3logo en Forest Hills, Queens, NY | Medex - Multi-Specialty Medical Center","isPartOf":{"@id":"https:\/\/www.medexdtc.com\/es\/#website"},"datePublished":"2020-08-05T18:00:49+00:00","description":"Hay muchas causas posibles de mareo, v\u00e9rtigo y problemas de equilibrio, y hay otras tantas soluciones. Tu otorrinolaring\u00f3logo del Centro de Diagn\u00f3stico y Tratamiento Medex de Forest Hills, Queens, NY, averigua qu\u00e9 te est\u00e1 afectando","breadcrumb":{"@id":"https:\/\/www.medexdtc.com\/es\/vertigo-dizziness-balance\/#breadcrumb"},"inLanguage":"es","potentialAction":[{"@type":"ReadAction","target":["https:\/\/www.medexdtc.com\/es\/vertigo-dizziness-balance\/"]}]},{"@type":"BreadcrumbList","@id":"https:\/\/www.medexdtc.com\/es\/vertigo-dizziness-balance\/#breadcrumb","itemListElement":[{"@type":"ListItem","position":1,"name":"Home","item":"https:\/\/www.medexdtc.com\/es\/"},{"@type":"ListItem","position":2,"name":"V\u00e9rtigo, mareo y equilibrio"}]},{"@type":"WebSite","@id":"https:\/\/www.medexdtc.com\/es\/#website","url":"https:\/\/www.medexdtc.com\/es\/","name":"Medex DTC","description":"Medex Diagnostic and Treatment Center is a Medical Center in Queens, NY is a dynamic multi-specialty clinic. Physicians delivering high quality individualized care in Forest Hills, Queens, NY.","publisher":{"@id":"https:\/\/www.medexdtc.com\/es\/#organization"},"potentialAction":[{"@type":"SearchAction","target":{"@type":"EntryPoint","urlTemplate":"https:\/\/www.medexdtc.com\/es\/?s={search_term_string}"},"query-input":{"@type":"PropertyValueSpecification","valueRequired":true,"valueName":"search_term_string"}}],"inLanguage":"es"},{"@type":"Organization","@id":"https:\/\/www.medexdtc.com\/es\/#organization","name":"Medex DCT","url":"https:\/\/www.medexdtc.com\/es\/","logo":{"@type":"ImageObject","inLanguage":"es","@id":"https:\/\/www.medexdtc.com\/es\/#\/schema\/logo\/image\/","url":"https:\/\/www.medexdtc.com\/wp-content\/uploads\/2024\/11\/medex-diagnostic-and-treatment-center-in-queens-NY.png","contentUrl":"https:\/\/www.medexdtc.com\/wp-content\/uploads\/2024\/11\/medex-diagnostic-and-treatment-center-in-queens-NY.png","width":226,"height":47,"caption":"Medex DCT"},"image":{"@id":"https:\/\/www.medexdtc.com\/es\/#\/schema\/logo\/image\/"},"sameAs":["https:\/\/www.facebook.com\/medexny","https:\/\/x.com\/DtcMedex","https:\/\/www.instagram.com\/medexdtc\/","https:\/\/www.linkedin.com\/company\/medex-diagnostic-and-treatment-center\/about\/"]}]}},"jetpack_sharing_enabled":true,"_links":{"self":[{"href":"https:\/\/www.medexdtc.com\/es\/wp-json\/wp\/v2\/pages\/6401","targetHints":{"allow":["GET"]}}],"collection":[{"href":"https:\/\/www.medexdtc.com\/es\/wp-json\/wp\/v2\/pages"}],"about":[{"href":"https:\/\/www.medexdtc.com\/es\/wp-json\/wp\/v2\/types\/page"}],"author":[{"embeddable":true,"href":"https:\/\/www.medexdtc.com\/es\/wp-json\/wp\/v2\/users\/3"}],"replies":[{"embeddable":true,"href":"https:\/\/www.medexdtc.com\/es\/wp-json\/wp\/v2\/comments?post=6401"}],"version-history":[{"count":0,"href":"https:\/\/www.medexdtc.com\/es\/wp-json\/wp\/v2\/pages\/6401\/revisions"}],"wp:attachment":[{"href":"https:\/\/www.medexdtc.com\/es\/wp-json\/wp\/v2\/media?parent=6401"}],"curies":[{"name":"wp","href":"https:\/\/api.w.org\/{rel}","templated":true}]}}