{"id":6405,"date":"2020-08-05T23:09:28","date_gmt":"2020-08-05T18:09:28","guid":{"rendered":"https:\/\/www.medexdtc.com\/medicos-y-especialistas-en-tratamiento-de-venas\/"},"modified":"2020-08-05T23:09:28","modified_gmt":"2020-08-05T18:09:28","slug":"veins","status":"publish","type":"page","link":"https:\/\/www.medexdtc.com\/es\/veins\/","title":{"rendered":"M\u00e9dicos y especialistas en tratamiento de venas"},"content":{"rendered":"<section id=\"about-madex-content-area\" class=\"about-madex-content-sec\">\n<div class=\"treatment-boxes about-madex-boxes\"><img fetchpriority=\"high\" decoding=\"async\" class=\"about-madex-images\" src=\"https:\/\/www.medexdtc.com\/wp-content\/uploads\/2020\/08\/Veins.jpg\" width=\"585\" height=\"615\"><\/p>\n<p>Las venas, arterias y capilares son los vasos que transportan la sangre vital por todo el cuerpo. Tu salud y longevidad dependen de que mantengas las venas limpias y fluidas. Un adulto medio tiene unos 160.000 kil\u00f3metros de vasos sangu\u00edneos. La mayor\u00eda son m\u00e1s diminutos que un mech\u00f3n de pelo, pero otros, como la aorta, pueden medir hasta tres cent\u00edmetros de ancho. Aprende las mejores medidas preventivas para mantener sanos los vasos sangu\u00edneos con los expertos m\u00e9dicos especialistas en venas del Centro de Diagn\u00f3stico y Tratamiento Medex de Queens, NY. Llama hoy mismo.     <\/p>\n<\/div>\n<\/section>\n<p>Las venas forman el sistema que transporta la sangre desde los tejidos de todo tu cuerpo hasta el coraz\u00f3n. All\u00ed reciben ox\u00edgeno fresco y vuelven a moverse por tu cuerpo a trav\u00e9s de las arterias. En la mayor parte de tu cuerpo, las venas trabajan contra la fuerza de la gravedad. Por eso se producen tantos problemas venosos en los pies y las piernas.   <\/p>\n<p>Las v\u00e1lvulas de las venas que mantienen tu sangre en movimiento deben mantenerse sanas para permitir un flujo sangu\u00edneo fluido e ininterrumpido. Cuando las v\u00e1lvulas no funcionan correctamente, puedes desarrollar afecciones como: <\/p>\n<ul>\n<li><a href=\"https:\/\/www.medexdtc.com\/varicose-veins\/\">Varices<\/a><\/li>\n<li><a href=\"https:\/\/www.medexdtc.com\/es\/spider-veins\/\">Ara\u00f1as vasculares<\/a><\/li>\n<li>Insuficiencia venosa<\/li>\n<li>\u00dalceras por estasis venosa<\/li>\n<\/ul>\n<p>En el Centro de Diagn\u00f3stico y Tratamiento Medex, convenientemente situado en Queens, Nueva York, los especialistas en venas tienen la tecnolog\u00eda y la experiencia necesarias para prevenir los problemas venosos y asegurarse de que mantienes un flujo sangu\u00edneo saludable. Te diagnostican r\u00e1pidamente y te tratan adecuadamente cuando presentas signos de afecciones venosas anormales. <\/p>\n<h2>Afecciones venosas cosm\u00e9ticas frente a m\u00e9dicas<\/h2>\n<p>A menudo, afecciones como las ara\u00f1as vasculares no suponen ning\u00fan riesgo para la salud. Las ara\u00f1as vasculares est\u00e1n causadas por peque\u00f1os vasos sangu\u00edneos que se rompen. Aunque rara vez son dolorosas, se localizan en lugares -como la cara y los brazos- donde pueden causarte verg\u00fcenza y afectar a tu autoestima.  <\/p>\n<p>Las varices, en cambio, causan problemas de circulaci\u00f3n. Pueden incluso provocar co\u00e1gulos sangu\u00edneos potencialmente mortales. A menudo cursan con una serie de s\u00edntomas, entre ellos:  <\/p>\n<ul>\n<li>Picor<\/li>\n<li>Dolor<\/li>\n<li>Quemando<\/li>\n<li>Hinchaz\u00f3n<\/li>\n<li>Sangrado<\/li>\n<\/ul>\n<p>Tanto las ara\u00f1as vasculares como las varices est\u00e1n causadas por v\u00e1lvulas da\u00f1adas o debilitadas. La mayor\u00eda de las veces, puedes prevenir estas afecciones mediante revisiones peri\u00f3dicas con un m\u00e9dico especialista en venas varicosas. <\/p>\n<h2>C\u00f3mo prevenir las ara\u00f1as vasculares y las varices<\/h2>\n<p>Sigue las orientaciones de tu m\u00e9dico Medex para adoptar algunos cambios saludables en tu estilo de vida. Abandonar los h\u00e1bitos poco saludables marca una diferencia significativa en la prevenci\u00f3n de los problemas venosos. Sin embargo, hay algunos factores de riesgo que no puedes evitar, entre ellos  <\/p>\n<ul>\n<li>Embarazo<\/li>\n<li>Antecedentes familiares de problemas venosos<\/li>\n<li>Envejecimiento<\/li>\n<li>El sexo, ya que las mujeres tienen una mayor tendencia a desarrollar problemas venosos<\/li>\n<li>Experiencia previa con co\u00e1gulos sangu\u00edneos<\/li>\n<\/ul>\n<p>Entre los factores de riesgo evitables que aumentan tus probabilidades de desarrollar varices y ara\u00f1as vasculares se incluyen:<\/p>\n<ul>\n<li>Tener sobrepeso u <a href=\"https:\/\/www.medexdtc.com\/es\/obesity\/\">obesidad<\/a><\/li>\n<li>Tomar suplementos hormonales<\/li>\n<li>Ejercer presi\u00f3n sobre la cara tosiendo, vomitando o estornudando con fuerza con frecuencia<\/li>\n<li>Estar de pie o sentado durante largos periodos de tiempo<\/li>\n<li>Pasar horas al sol sin protecci\u00f3n solar<\/li>\n<li>Fumar<\/li>\n<li>Abusar del alcohol y las drogas<\/li>\n<li>Ser sedentario<\/li>\n<\/ul>\n<h2>C\u00f3mo reducir tus riesgos<\/h2>\n<p>Tu m\u00e9dico de Queens te describe los cambios de comportamiento que debes hacer para reducir tus riesgos. Dado que el Centro de Diagn\u00f3stico y Tratamiento Medex es una consulta multiespecialidad, tienes acceso a los expertos adecuados para ayudarte a alcanzar los objetivos de salud que t\u00fa y tu m\u00e9dico de venas acord\u00e9is. <\/p>\n<p>Se calcula que hasta el 90% de las personas que desarrollan ara\u00f1as vasculares tienen antecedentes familiares de esta afecci\u00f3n. Para evitar el desarrollo de las antiest\u00e9ticas venas moradas y problemas venosos m\u00e1s graves, ten en cuenta: <\/p>\n<ul>\n<li>Llevar medias de compresi\u00f3n de venta libre o con receta m\u00e9dica<\/li>\n<li>Tomar descansos regulares cuando tu trabajo exige estar mucho tiempo de pie o sentado<\/li>\n<li>Elevar los pies siempre que sea posible<\/li>\n<li>Buscar tratamiento m\u00e9dico a la primera se\u00f1al de un problema<\/li>\n<\/ul>\n<h2>\u00bfCu\u00e1les son las opciones de tratamiento no quir\u00fargico para los problemas venosos?<\/h2>\n<p>Cuando los cambios en el estilo de vida no proporcionan suficiente alivio, los tratamientos no quir\u00fargicos y m\u00ednimamente invasivos son la siguiente l\u00ednea de defensa contra el empeoramiento de los problemas venosos. Dependiendo de la gravedad de tu problema venoso, tu especialista en venas puede recomendarte: <\/p>\n<ul>\n<li>Ablaci\u00f3n l\u00e1ser endovenosa<\/li>\n<li>Ablaci\u00f3n por radiofrecuencia endovenosa<\/li>\n<li>Venaseal<\/li>\n<li><a href=\"https:\/\/www.medexdtc.com\/es\/sclerotherapy-for-spider-veins\/\">Escleroterapia para las ara\u00f1as vasculares<\/a><\/li>\n<li>Escleroterapia para las varices<\/li>\n<li>Terapia l\u00e1ser para las ara\u00f1as vasculares<\/li>\n<li>Tratamiento de \u00falceras<\/li>\n<li><a href=\"https:\/\/www.medexdtc.com\/es\/ambulatory-phlebectomy\/\">Flebectom\u00eda ambulatoria<\/a><\/li>\n<\/ul>\n<h2>Tambi\u00e9n hay opciones quir\u00fargicas<\/h2>\n<p>S\u00f3lo un 10% de las personas con complicaciones venosas graves requieren cirug\u00eda. Como \u00faltimo recurso, tu m\u00e9dico puede recomendarte: <\/p>\n<ul>\n<li><strong>Bypass venoso.<\/strong>  Al igual que el bypass card\u00edaco, el bypass venoso suele reservarse para los problemas venosos de la parte superior del muslo. El cirujano sustituye las venas da\u00f1adas por venas sanas tomadas de otra parte de tu cuerpo. Aunque ver\u00e1s que puedes andar sin dolor, necesitar\u00e1s entre seis y ocho semanas para recuperarte totalmente.  <\/li>\n<li><strong>Extirpaci\u00f3n venosa.<\/strong>  Esta cirug\u00eda m\u00ednimamente invasiva consiste en extirpar una gran vena da\u00f1ada a trav\u00e9s de unas peque\u00f1as aberturas. Despu\u00e9s de una extirpaci\u00f3n venosa, tendr\u00e1s moratones durante un tiempo y necesitar\u00e1s unos 10 d\u00edas para recuperarte completamente. <\/li>\n<li><strong>Ligadura de venas.<\/strong>  Este procedimiento es el tipo de cirug\u00eda menos invasiva. Se realiza a trav\u00e9s de peque\u00f1as incisiones. Tu m\u00e9dico ata la vena errante, pero la deja en tu cuerpo para que se reabsorba. Puedes reanudar tus actividades normales en un par de d\u00edas.   <\/li>\n<\/ul>\n<p>Una intervenci\u00f3n precoz evita da\u00f1os mayores en tus venas. No esperes a estar inm\u00f3vil o con mucho dolor. Para entonces ya es demasiado tarde. Aprov\u00e9chate de los m\u00e9dicos que prefieren centrarse en la prevenci\u00f3n. <a href=\"https:\/\/www.medexdtc.com\/es\/veins\/#contact-form\">Ponte en contacto hoy mismo con el Centro de Diagn\u00f3stico y Tratamiento Medex<\/a> para concertar una cita en Queens con un experto en venas.   <\/p>\n<p>Podemos ayudarte a encontrar m\u00e9dico. Llama al <a href=\"tel:+17182758900\">(718) 275-8900<\/a> <\/p>\n<p>Con licencia del estado de Nueva York, Medex es un centro de diagn\u00f3stico y tratamiento del art\u00edculo 28. Nuestros m\u00e9dicos proporcionan atenci\u00f3n integral a pacientes de todas las edades en la zona de Forest Hills, Queens, desde hace m\u00e1s de 15 a\u00f1os. Empieza a recibir atenci\u00f3n experta ahora llamando o concertando una cita en l\u00ednea con uno de los especialistas cualificados.<\/p>\n","protected":false},"excerpt":{"rendered":"<p>Las venas, arterias y capilares son los vasos que transportan la sangre vital por todo el cuerpo. Tu salud y longevidad dependen de que mantengas las venas limpias y fluidas. Un adulto medio tiene unos 160.000 kil\u00f3metros de vasos sangu\u00edneos. La mayor\u00eda son m\u00e1s diminutos que un mech\u00f3n de pelo, pero otros, como la aorta, &hellip; <\/p>\n<p class=\"link-more\"><a href=\"https:\/\/www.medexdtc.com\/es\/veins\/\" class=\"more-link\">Continue reading<span class=\"screen-reader-text\"> \u00abM\u00e9dicos y especialistas en tratamiento de venas\u00bb<\/span><\/a><\/p>\n","protected":false},"author":3,"featured_media":0,"parent":0,"menu_order":0,"comment_status":"closed","ping_status":"closed","template":"new_inner.php","meta":{"_acf_changed":false,"footnotes":""},"class_list":["post-6405","page","type-page","status-publish","hentry"],"acf":[],"yoast_head":"<!-- This site is optimized with the Yoast SEO plugin v27.5 - https:\/\/yoast.com\/product\/yoast-seo-wordpress\/ -->\n<title>M\u00e9dicos y Especialistas en Tratamiento de Venas en Forest Hills, Queens, NY<\/title>\n<meta name=\"description\" content=\"Aprende las mejores medidas preventivas para mantener sanos los vasos sangu\u00edneos de los m\u00e9dicos expertos en venas del Centro Medex de Forest Hills, Queens, NY\" \/>\n<meta name=\"robots\" content=\"index, follow, max-snippet:-1, max-image-preview:large, max-video-preview:-1\" \/>\n<link rel=\"canonical\" href=\"https:\/\/www.medexdtc.com\/es\/veins\/\" \/>\n<meta property=\"og:locale\" content=\"es_ES\" \/>\n<meta property=\"og:type\" content=\"article\" \/>\n<meta property=\"og:title\" content=\"M\u00e9dicos y Especialistas en Tratamiento de Venas en Forest Hills, Queens, NY\" \/>\n<meta property=\"og:description\" content=\"Aprende las mejores medidas preventivas para mantener sanos los vasos sangu\u00edneos de los m\u00e9dicos expertos en venas del Centro Medex de Forest Hills, Queens, NY\" \/>\n<meta property=\"og:url\" content=\"https:\/\/www.medexdtc.com\/es\/veins\/\" \/>\n<meta property=\"og:site_name\" content=\"Medex Diagnostic and Treatment Center - Queens Medical Center - Medical Clinic in Forest Hills, NY\" \/>\n<meta property=\"article:publisher\" content=\"https:\/\/www.facebook.com\/medexny\" \/>\n<meta property=\"og:image\" content=\"https:\/\/www.medexdtc.com\/wp-content\/uploads\/2020\/08\/Veins.jpg\" \/>\n<meta name=\"twitter:card\" content=\"summary_large_image\" \/>\n<meta name=\"twitter:site\" content=\"@DtcMedex\" \/>\n<meta name=\"twitter:label1\" content=\"Tiempo de lectura\" \/>\n\t<meta name=\"twitter:data1\" content=\"6 minutos\" \/>\n<!-- \/ Yoast SEO plugin. -->","yoast_head_json":{"title":"M\u00e9dicos y Especialistas en Tratamiento de Venas en Forest Hills, Queens, NY","description":"Aprende las mejores medidas preventivas para mantener sanos los vasos sangu\u00edneos de los m\u00e9dicos expertos en venas del Centro Medex de Forest Hills, Queens, NY","robots":{"index":"index","follow":"follow","max-snippet":"max-snippet:-1","max-image-preview":"max-image-preview:large","max-video-preview":"max-video-preview:-1"},"canonical":"https:\/\/www.medexdtc.com\/es\/veins\/","og_locale":"es_ES","og_type":"article","og_title":"M\u00e9dicos y Especialistas en Tratamiento de Venas en Forest Hills, Queens, NY","og_description":"Aprende las mejores medidas preventivas para mantener sanos los vasos sangu\u00edneos de los m\u00e9dicos expertos en venas del Centro Medex de Forest Hills, Queens, NY","og_url":"https:\/\/www.medexdtc.com\/es\/veins\/","og_site_name":"Medex Diagnostic and Treatment Center - Queens Medical Center - Medical Clinic in Forest Hills, NY","article_publisher":"https:\/\/www.facebook.com\/medexny","og_image":[{"url":"https:\/\/www.medexdtc.com\/wp-content\/uploads\/2020\/08\/Veins.jpg","type":"","width":"","height":""}],"twitter_card":"summary_large_image","twitter_site":"@DtcMedex","twitter_misc":{"Tiempo de lectura":"6 minutos"},"schema":{"@context":"https:\/\/schema.org","@graph":[{"@type":"WebPage","@id":"https:\/\/www.medexdtc.com\/es\/veins\/","url":"https:\/\/www.medexdtc.com\/es\/veins\/","name":"M\u00e9dicos y Especialistas en Tratamiento de Venas en Forest Hills, Queens, NY","isPartOf":{"@id":"https:\/\/www.medexdtc.com\/es\/#website"},"primaryImageOfPage":{"@id":"https:\/\/www.medexdtc.com\/es\/veins\/#primaryimage"},"image":{"@id":"https:\/\/www.medexdtc.com\/es\/veins\/#primaryimage"},"thumbnailUrl":"https:\/\/www.medexdtc.com\/wp-content\/uploads\/2020\/08\/Veins.jpg","datePublished":"2020-08-05T18:09:28+00:00","description":"Aprende las mejores medidas preventivas para mantener sanos los vasos sangu\u00edneos de los m\u00e9dicos expertos en venas del Centro Medex de Forest Hills, Queens, NY","breadcrumb":{"@id":"https:\/\/www.medexdtc.com\/es\/veins\/#breadcrumb"},"inLanguage":"es","potentialAction":[{"@type":"ReadAction","target":["https:\/\/www.medexdtc.com\/es\/veins\/"]}]},{"@type":"ImageObject","inLanguage":"es","@id":"https:\/\/www.medexdtc.com\/es\/veins\/#primaryimage","url":"https:\/\/www.medexdtc.com\/wp-content\/uploads\/2020\/08\/Veins.jpg","contentUrl":"https:\/\/www.medexdtc.com\/wp-content\/uploads\/2020\/08\/Veins.jpg"},{"@type":"BreadcrumbList","@id":"https:\/\/www.medexdtc.com\/es\/veins\/#breadcrumb","itemListElement":[{"@type":"ListItem","position":1,"name":"Home","item":"https:\/\/www.medexdtc.com\/es\/"},{"@type":"ListItem","position":2,"name":"M\u00e9dicos y especialistas en tratamiento de venas"}]},{"@type":"WebSite","@id":"https:\/\/www.medexdtc.com\/es\/#website","url":"https:\/\/www.medexdtc.com\/es\/","name":"Medex DTC","description":"Medex Diagnostic and Treatment Center is a Medical Center in Queens, NY is a dynamic multi-specialty clinic. Physicians delivering high quality individualized care in Forest Hills, Queens, NY.","publisher":{"@id":"https:\/\/www.medexdtc.com\/es\/#organization"},"potentialAction":[{"@type":"SearchAction","target":{"@type":"EntryPoint","urlTemplate":"https:\/\/www.medexdtc.com\/es\/?s={search_term_string}"},"query-input":{"@type":"PropertyValueSpecification","valueRequired":true,"valueName":"search_term_string"}}],"inLanguage":"es"},{"@type":"Organization","@id":"https:\/\/www.medexdtc.com\/es\/#organization","name":"Medex DCT","url":"https:\/\/www.medexdtc.com\/es\/","logo":{"@type":"ImageObject","inLanguage":"es","@id":"https:\/\/www.medexdtc.com\/es\/#\/schema\/logo\/image\/","url":"https:\/\/www.medexdtc.com\/wp-content\/uploads\/2024\/11\/medex-diagnostic-and-treatment-center-in-queens-NY.png","contentUrl":"https:\/\/www.medexdtc.com\/wp-content\/uploads\/2024\/11\/medex-diagnostic-and-treatment-center-in-queens-NY.png","width":226,"height":47,"caption":"Medex DCT"},"image":{"@id":"https:\/\/www.medexdtc.com\/es\/#\/schema\/logo\/image\/"},"sameAs":["https:\/\/www.facebook.com\/medexny","https:\/\/x.com\/DtcMedex","https:\/\/www.instagram.com\/medexdtc\/","https:\/\/www.linkedin.com\/company\/medex-diagnostic-and-treatment-center\/about\/"]}]}},"jetpack_sharing_enabled":true,"_links":{"self":[{"href":"https:\/\/www.medexdtc.com\/es\/wp-json\/wp\/v2\/pages\/6405","targetHints":{"allow":["GET"]}}],"collection":[{"href":"https:\/\/www.medexdtc.com\/es\/wp-json\/wp\/v2\/pages"}],"about":[{"href":"https:\/\/www.medexdtc.com\/es\/wp-json\/wp\/v2\/types\/page"}],"author":[{"embeddable":true,"href":"https:\/\/www.medexdtc.com\/es\/wp-json\/wp\/v2\/users\/3"}],"replies":[{"embeddable":true,"href":"https:\/\/www.medexdtc.com\/es\/wp-json\/wp\/v2\/comments?post=6405"}],"version-history":[{"count":0,"href":"https:\/\/www.medexdtc.com\/es\/wp-json\/wp\/v2\/pages\/6405\/revisions"}],"wp:attachment":[{"href":"https:\/\/www.medexdtc.com\/es\/wp-json\/wp\/v2\/media?parent=6405"}],"curies":[{"name":"wp","href":"https:\/\/api.w.org\/{rel}","templated":true}]}}