{"id":6406,"date":"2025-04-09T07:09:38","date_gmt":"2025-04-09T02:09:38","guid":{"rendered":"https:\/\/www.medexdtc.com\/que-es-una-indemnizacion-por-perdida-de-uso\/"},"modified":"2025-09-15T04:33:15","modified_gmt":"2025-09-14T23:33:15","slug":"what-is-a-workers-compensation-schedule-loss-of-use-award","status":"publish","type":"page","link":"https:\/\/www.medexdtc.com\/es\/what-is-a-workers-compensation-schedule-loss-of-use-award\/","title":{"rendered":"\u00bfQu\u00e9 es una indemnizaci\u00f3n por p\u00e9rdida de uso?"},"content":{"rendered":"<h2 class=\"wp-block-heading\">\u00bfQu\u00e9 es una indemnizaci\u00f3n por p\u00e9rdida de uso?<\/h2><p>Seg\u00fan la ley de indemnizaci\u00f3n por accidente de trabajo de Nueva York, se puede conceder una indemnizaci\u00f3n por p\u00e9rdida de uso programada (SLU) cuando un demandante ha alcanzado la mejor\u00eda m\u00e9dica m\u00e1xima (MMI) y las partes de su cuerpo tienen una p\u00e9rdida de uso permanente como consecuencia de su lesi\u00f3n relacionada con el trabajo. Existen dos tipos de incapacidad parcial permanente seg\u00fan la definici\u00f3n de la Junta de Indemnizaci\u00f3n por Accidentes de Trabajo de Nueva York.<br\/>Programa de P\u00e9rdida de Uso <\/p><p>\u00abSe produce una SLU cuando un trabajador ha perdido permanentemente el uso de una extremidad superior (hombro, brazo, mano, mu\u00f1eca, dedo), inferior (cadera, pierna, rodilla, tobillo, pie, dedo del pie), o la vista o el o\u00eddo. La indemnizaci\u00f3n se limita a un determinado n\u00famero de semanas en funci\u00f3n de la parte del cuerpo y la gravedad de la incapacidad, seg\u00fan un baremo establecido por ley. Las prestaciones temporales abonadas se deducen de la indemnizaci\u00f3n total de la SLU\u00bb.<\/p><figure class=\"wp-block-image\"><img decoding=\"async\" src=\"https:\/\/workerscompdrqueens.com\/wp-content\/uploads\/2021\/01\/schedule-image.jpg\" alt=\"\" class=\"wp-image-206207\" title=\"horario-imagen\"\/><\/figure><p>Seg\u00fan la ley de indemnizaci\u00f3n por accidente de trabajo de Nueva York, se puede conceder una indemnizaci\u00f3n por p\u00e9rdida de uso programada (SLU) cuando un demandante ha alcanzado la mejor\u00eda m\u00e9dica m\u00e1xima (MMI) y las partes de su cuerpo tienen una p\u00e9rdida de uso permanente como consecuencia de su lesi\u00f3n relacionada con el trabajo. Existen dos tipos de incapacidad parcial permanente seg\u00fan la definici\u00f3n de la Junta de Indemnizaci\u00f3n por Accidentes de Trabajo de Nueva York. <\/p><h3 class=\"wp-block-heading\"><strong>Lista de siniestros Uso<\/strong><\/h3><p>\u00abSe produce una SLU cuando un trabajador ha perdido permanentemente el uso de una extremidad superior (hombro, brazo, mano, mu\u00f1eca, dedo), inferior (cadera, pierna, rodilla, tobillo, pie, dedo del pie), o la vista o el o\u00eddo. La indemnizaci\u00f3n se limita a un determinado n\u00famero de semanas en funci\u00f3n de la parte del cuerpo y la gravedad de la incapacidad, seg\u00fan un baremo establecido por ley. Las prestaciones temporales abonadas se deducen de la indemnizaci\u00f3n total de la SLU\u00bb.<\/p><h3 class=\"wp-block-heading\"><strong>No programado<\/strong><\/h3><p>\u00abNo programada\u00bb es una incapacidad permanente que afecta a una parte del cuerpo o afecci\u00f3n que no est\u00e1 cubierta por una indemnizaci\u00f3n de la SLU (por ejemplo, columna vertebral, pelvis, pulmones, coraz\u00f3n, cerebro, etc.). Las prestaciones no programadas se basan en la p\u00e9rdida permanente de capacidad laboral del trabajador. Si el accidente de trabajo o la fecha de la incapacidad se produjeron antes del 13 de marzo de 2007, las prestaciones se abonan mientras exista la incapacidad parcial y d\u00e9 lugar a una p\u00e9rdida salarial.\u00bb<\/p><p>Si el accidente o la fecha de la incapacidad se produjeron a partir del 13 de marzo de 2007, las prestaciones se abonan durante un n\u00famero m\u00e1ximo de semanas determinado por la p\u00e9rdida de capacidad asalariada del demandante. El n\u00famero m\u00e1ximo de semanas se indica a continuaci\u00f3n: <\/p><figure class=\"wp-block-table\"><table class=\"has-fixed-layout\"><tbody><tr><td><strong>N\u00famero m\u00e1ximo de semanas a pagar<\/strong><\/td><td><strong>p\u00e9rdida de capacidad laboral<\/strong><\/td><\/tr><tr><td>525 semanas<\/td><td>Superior al 95%<\/td><\/tr><tr><td>500<\/td><td>90% a 95%<\/td><\/tr><tr><td>475<\/td><td>del 85% al 90%<\/td><\/tr><tr><td>450<\/td><td>80% a 85<\/td><\/tr><tr><td>425<\/td><td>del 75% al 80%<\/td><\/tr><tr><td>400<\/td><td>del 70% al 75%<\/td><\/tr><tr><td>375<\/td><td>del 60% al 70%<\/td><\/tr><tr><td>350<\/td><td>50% hasta 60%.<\/td><\/tr><tr><td>300<\/td><td>40% hasta 50%.<\/td><\/tr><tr><td>275<\/td><td>del 30% al 40%.<\/td><\/tr><tr><td>250<\/td><td>15% a 30%.<\/td><\/tr><tr><td>225<\/td><td>15% o menos<\/td><\/tr><\/tbody><\/table><\/figure><h3 class=\"wp-block-heading\"><strong>\u00bfC\u00f3mo se determina el MMI?<\/strong><\/h3><p>Trabajar con un m\u00e9dico experto en accidentes de trabajo en Queens es esencial para que comprenda las implicaciones y pueda determinar con precisi\u00f3n cu\u00e1ndo has alcanzado el MMI. Una vez que tu m\u00e9dico determine que has alcanzado la MMI, debe presentar un informe m\u00e9dico a la Junta que declare que has alcanzado la MMI. El informe que presenten debe incluir un examen de la parte del cuerpo lesionada e indicar tambi\u00e9n el porcentaje de uso funcional que has perdido permanentemente en la parte del cuerpo que te lesionaste.  <\/p><p>Por ejemplo, el informe puede indicar que tienes un 50% menos de funci\u00f3n que antes de la lesi\u00f3n. Esta determinaci\u00f3n es tu SLU. <\/p><p>Se puede conceder una indemnizaci\u00f3n de la SLU por lesiones en cualquiera de los siguientes casos:<\/p><ul class=\"wp-block-list\"><li>Brazo (hombro y codo)<\/li>\n\n<li>Mano (mu\u00f1eca y antebrazo)<\/li>\n\n<li>Dedos y\/o pulgar<\/li>\n\n<li>Pierna (cadera y rodillas)<\/li>\n\n<li>Pie (tobillo)<\/li>\n\n<li>Dedos y\/o dedo gordo<\/li>\n\n<li>Vista (p\u00e9rdida de visi\u00f3n)<\/li>\n\n<li>Audici\u00f3n (p\u00e9rdida de audici\u00f3n)<\/li>\n\n<li>Desfiguraci\u00f3n (cara\/cicatriz, cuello, cuero cabelludo)<\/li><\/ul><p>Como hemos mencionado antes, si te has lesionado en el trabajo, es fundamental que elijas un m\u00e9dico que eval\u00fae y trate tus lesiones y que est\u00e9 familiarizado con el proceso de indemnizaci\u00f3n por accidente laboral de Nueva York, para garantizar que se cumplimente a tiempo la documentaci\u00f3n adecuada para tu reclamaci\u00f3n. As\u00ed pues, si necesitas los servicios de un m\u00e9dico especialista en compensaci\u00f3n laboral en Queens, Nueva York, o en la zona triestatal, el Centro de Diagn\u00f3stico y Tratamiento Medex est\u00e1 aqu\u00ed para ayudarte. El Centro de Diagn\u00f3stico y Tratamiento Medex es una cl\u00ednica de grupo multiespecialidad con un amplio equipo de profesionales experimentados que pueden ayudarte con una amplia gama de lesiones derivadas de accidentes y lesiones laborales.  <\/p>","protected":false},"excerpt":{"rendered":"<p>\u00bfQu\u00e9 es una indemnizaci\u00f3n por p\u00e9rdida de uso? Seg\u00fan la ley de indemnizaci\u00f3n por accidente de trabajo de Nueva York, se puede conceder una indemnizaci\u00f3n por p\u00e9rdida de uso programada (SLU) cuando un demandante ha alcanzado la mejor\u00eda m\u00e9dica m\u00e1xima (MMI) y las partes de su cuerpo tienen una p\u00e9rdida de uso permanente como consecuencia &hellip; <\/p>\n<p class=\"link-more\"><a href=\"https:\/\/www.medexdtc.com\/es\/what-is-a-workers-compensation-schedule-loss-of-use-award\/\" class=\"more-link\">Continue reading<span class=\"screen-reader-text\"> \u00ab\u00bfQu\u00e9 es una indemnizaci\u00f3n por p\u00e9rdida de uso?\u00bb<\/span><\/a><\/p>\n","protected":false},"author":3,"featured_media":0,"parent":0,"menu_order":0,"comment_status":"closed","ping_status":"closed","template":"new_inner.php","meta":{"_acf_changed":false,"footnotes":""},"class_list":["post-6406","page","type-page","status-publish","hentry"],"acf":[],"yoast_head":"<!-- This site is optimized with the Yoast SEO plugin v27.5 - https:\/\/yoast.com\/product\/yoast-seo-wordpress\/ -->\n<title>\u00bfQu\u00e9 es una indemnizaci\u00f3n por p\u00e9rdida de uso?<\/title>\n<meta name=\"description\" content=\"Con arreglo a la legislaci\u00f3n neoyorquina en materia de compensaci\u00f3n a los trabajadores, puede concederse una indemnizaci\u00f3n por p\u00e9rdida de uso programada (SLU) cuando un demandante ha alcanzado la mejor\u00eda m\u00e9dica m\u00e1xima (MMI), y la parte o partes de su cuerpo tienen una p\u00e9rdida de uso permanente como consecuencia de su lesi\u00f3n relacionada con el trabajo.\" \/>\n<meta name=\"robots\" content=\"index, follow, max-snippet:-1, max-image-preview:large, max-video-preview:-1\" \/>\n<link rel=\"canonical\" href=\"https:\/\/www.medexdtc.com\/es\/what-is-a-workers-compensation-schedule-loss-of-use-award\/\" \/>\n<meta property=\"og:locale\" content=\"es_ES\" \/>\n<meta property=\"og:type\" content=\"article\" \/>\n<meta property=\"og:title\" content=\"\u00bfQu\u00e9 es una indemnizaci\u00f3n por p\u00e9rdida de uso?\" \/>\n<meta property=\"og:description\" content=\"Con arreglo a la legislaci\u00f3n neoyorquina en materia de compensaci\u00f3n a los trabajadores, puede concederse una indemnizaci\u00f3n por p\u00e9rdida de uso programada (SLU) cuando un demandante ha alcanzado la mejor\u00eda m\u00e9dica m\u00e1xima (MMI), y la parte o partes de su cuerpo tienen una p\u00e9rdida de uso permanente como consecuencia de su lesi\u00f3n relacionada con el trabajo.\" \/>\n<meta property=\"og:url\" content=\"https:\/\/www.medexdtc.com\/es\/what-is-a-workers-compensation-schedule-loss-of-use-award\/\" \/>\n<meta property=\"og:site_name\" content=\"Medex Diagnostic and Treatment Center - Queens Medical Center - Medical Clinic in Forest Hills, NY\" \/>\n<meta property=\"article:publisher\" content=\"https:\/\/www.facebook.com\/medexny\" \/>\n<meta property=\"article:modified_time\" content=\"2025-09-14T23:33:15+00:00\" \/>\n<meta name=\"twitter:card\" content=\"summary_large_image\" \/>\n<meta name=\"twitter:site\" content=\"@DtcMedex\" \/>\n<meta name=\"twitter:label1\" content=\"Tiempo de lectura\" \/>\n\t<meta name=\"twitter:data1\" content=\"4 minutos\" \/>\n<!-- \/ Yoast SEO plugin. -->","yoast_head_json":{"title":"\u00bfQu\u00e9 es una indemnizaci\u00f3n por p\u00e9rdida de uso?","description":"Con arreglo a la legislaci\u00f3n neoyorquina en materia de compensaci\u00f3n a los trabajadores, puede concederse una indemnizaci\u00f3n por p\u00e9rdida de uso programada (SLU) cuando un demandante ha alcanzado la mejor\u00eda m\u00e9dica m\u00e1xima (MMI), y la parte o partes de su cuerpo tienen una p\u00e9rdida de uso permanente como consecuencia de su lesi\u00f3n relacionada con el trabajo.","robots":{"index":"index","follow":"follow","max-snippet":"max-snippet:-1","max-image-preview":"max-image-preview:large","max-video-preview":"max-video-preview:-1"},"canonical":"https:\/\/www.medexdtc.com\/es\/what-is-a-workers-compensation-schedule-loss-of-use-award\/","og_locale":"es_ES","og_type":"article","og_title":"\u00bfQu\u00e9 es una indemnizaci\u00f3n por p\u00e9rdida de uso?","og_description":"Con arreglo a la legislaci\u00f3n neoyorquina en materia de compensaci\u00f3n a los trabajadores, puede concederse una indemnizaci\u00f3n por p\u00e9rdida de uso programada (SLU) cuando un demandante ha alcanzado la mejor\u00eda m\u00e9dica m\u00e1xima (MMI), y la parte o partes de su cuerpo tienen una p\u00e9rdida de uso permanente como consecuencia de su lesi\u00f3n relacionada con el trabajo.","og_url":"https:\/\/www.medexdtc.com\/es\/what-is-a-workers-compensation-schedule-loss-of-use-award\/","og_site_name":"Medex Diagnostic and Treatment Center - Queens Medical Center - Medical Clinic in Forest Hills, NY","article_publisher":"https:\/\/www.facebook.com\/medexny","article_modified_time":"2025-09-14T23:33:15+00:00","twitter_card":"summary_large_image","twitter_site":"@DtcMedex","twitter_misc":{"Tiempo de lectura":"4 minutos"},"schema":{"@context":"https:\/\/schema.org","@graph":[{"@type":"WebPage","@id":"https:\/\/www.medexdtc.com\/es\/what-is-a-workers-compensation-schedule-loss-of-use-award\/","url":"https:\/\/www.medexdtc.com\/es\/what-is-a-workers-compensation-schedule-loss-of-use-award\/","name":"\u00bfQu\u00e9 es una indemnizaci\u00f3n por p\u00e9rdida de uso?","isPartOf":{"@id":"https:\/\/www.medexdtc.com\/es\/#website"},"primaryImageOfPage":{"@id":"https:\/\/www.medexdtc.com\/es\/what-is-a-workers-compensation-schedule-loss-of-use-award\/#primaryimage"},"image":{"@id":"https:\/\/www.medexdtc.com\/es\/what-is-a-workers-compensation-schedule-loss-of-use-award\/#primaryimage"},"thumbnailUrl":"https:\/\/workerscompdrqueens.com\/wp-content\/uploads\/2021\/01\/schedule-image.jpg","datePublished":"2025-04-09T02:09:38+00:00","dateModified":"2025-09-14T23:33:15+00:00","description":"Con arreglo a la legislaci\u00f3n neoyorquina en materia de compensaci\u00f3n a los trabajadores, puede concederse una indemnizaci\u00f3n por p\u00e9rdida de uso programada (SLU) cuando un demandante ha alcanzado la mejor\u00eda m\u00e9dica m\u00e1xima (MMI), y la parte o partes de su cuerpo tienen una p\u00e9rdida de uso permanente como consecuencia de su lesi\u00f3n relacionada con el trabajo.","breadcrumb":{"@id":"https:\/\/www.medexdtc.com\/es\/what-is-a-workers-compensation-schedule-loss-of-use-award\/#breadcrumb"},"inLanguage":"es","potentialAction":[{"@type":"ReadAction","target":["https:\/\/www.medexdtc.com\/es\/what-is-a-workers-compensation-schedule-loss-of-use-award\/"]}]},{"@type":"ImageObject","inLanguage":"es","@id":"https:\/\/www.medexdtc.com\/es\/what-is-a-workers-compensation-schedule-loss-of-use-award\/#primaryimage","url":"https:\/\/workerscompdrqueens.com\/wp-content\/uploads\/2021\/01\/schedule-image.jpg","contentUrl":"https:\/\/workerscompdrqueens.com\/wp-content\/uploads\/2021\/01\/schedule-image.jpg"},{"@type":"BreadcrumbList","@id":"https:\/\/www.medexdtc.com\/es\/what-is-a-workers-compensation-schedule-loss-of-use-award\/#breadcrumb","itemListElement":[{"@type":"ListItem","position":1,"name":"Home","item":"https:\/\/www.medexdtc.com\/es\/"},{"@type":"ListItem","position":2,"name":"\u00bfQu\u00e9 es una indemnizaci\u00f3n por p\u00e9rdida de uso?"}]},{"@type":"WebSite","@id":"https:\/\/www.medexdtc.com\/es\/#website","url":"https:\/\/www.medexdtc.com\/es\/","name":"Medex DTC","description":"Medex Diagnostic and Treatment Center is a Medical Center in Queens, NY is a dynamic multi-specialty clinic. Physicians delivering high quality individualized care in Forest Hills, Queens, NY.","publisher":{"@id":"https:\/\/www.medexdtc.com\/es\/#organization"},"potentialAction":[{"@type":"SearchAction","target":{"@type":"EntryPoint","urlTemplate":"https:\/\/www.medexdtc.com\/es\/?s={search_term_string}"},"query-input":{"@type":"PropertyValueSpecification","valueRequired":true,"valueName":"search_term_string"}}],"inLanguage":"es"},{"@type":"Organization","@id":"https:\/\/www.medexdtc.com\/es\/#organization","name":"Medex DCT","url":"https:\/\/www.medexdtc.com\/es\/","logo":{"@type":"ImageObject","inLanguage":"es","@id":"https:\/\/www.medexdtc.com\/es\/#\/schema\/logo\/image\/","url":"https:\/\/www.medexdtc.com\/wp-content\/uploads\/2024\/11\/medex-diagnostic-and-treatment-center-in-queens-NY.png","contentUrl":"https:\/\/www.medexdtc.com\/wp-content\/uploads\/2024\/11\/medex-diagnostic-and-treatment-center-in-queens-NY.png","width":226,"height":47,"caption":"Medex DCT"},"image":{"@id":"https:\/\/www.medexdtc.com\/es\/#\/schema\/logo\/image\/"},"sameAs":["https:\/\/www.facebook.com\/medexny","https:\/\/x.com\/DtcMedex","https:\/\/www.instagram.com\/medexdtc\/","https:\/\/www.linkedin.com\/company\/medex-diagnostic-and-treatment-center\/about\/"]}]}},"jetpack_sharing_enabled":true,"_links":{"self":[{"href":"https:\/\/www.medexdtc.com\/es\/wp-json\/wp\/v2\/pages\/6406","targetHints":{"allow":["GET"]}}],"collection":[{"href":"https:\/\/www.medexdtc.com\/es\/wp-json\/wp\/v2\/pages"}],"about":[{"href":"https:\/\/www.medexdtc.com\/es\/wp-json\/wp\/v2\/types\/page"}],"author":[{"embeddable":true,"href":"https:\/\/www.medexdtc.com\/es\/wp-json\/wp\/v2\/users\/3"}],"replies":[{"embeddable":true,"href":"https:\/\/www.medexdtc.com\/es\/wp-json\/wp\/v2\/comments?post=6406"}],"version-history":[{"count":1,"href":"https:\/\/www.medexdtc.com\/es\/wp-json\/wp\/v2\/pages\/6406\/revisions"}],"predecessor-version":[{"id":6408,"href":"https:\/\/www.medexdtc.com\/es\/wp-json\/wp\/v2\/pages\/6406\/revisions\/6408"}],"wp:attachment":[{"href":"https:\/\/www.medexdtc.com\/es\/wp-json\/wp\/v2\/media?parent=6406"}],"curies":[{"name":"wp","href":"https:\/\/api.w.org\/{rel}","templated":true}]}}