{"id":6412,"date":"2025-04-09T07:07:25","date_gmt":"2025-04-09T02:07:25","guid":{"rendered":"https:\/\/www.medexdtc.com\/cuales-son-mis-prestaciones-de-indemnizacion-por-accidente-laboral\/"},"modified":"2025-09-15T04:33:15","modified_gmt":"2025-09-14T23:33:15","slug":"what-are-my-workers-compensation-benefits","status":"publish","type":"page","link":"https:\/\/www.medexdtc.com\/es\/what-are-my-workers-compensation-benefits\/","title":{"rendered":"\u00bfCu\u00e1les son mis prestaciones de indemnizaci\u00f3n por accidente laboral?"},"content":{"rendered":"<h2 class=\"wp-block-heading\">\u00bfCu\u00e1les son mis prestaciones de indemnizaci\u00f3n por accidente laboral?<\/h2><p>Si te has lesionado en el curso normal de tus tareas laborales, o has sufrido una enfermedad a causa de ellas, entonces puedes tener derecho a prestaciones de indemnizaci\u00f3n por accidente laboral.<\/p><p>En el estado de Nueva York, hay varias prestaciones posibles a partir de una reclamaci\u00f3n aceptada por la Junta de Indemnizaci\u00f3n por Accidentes de Trabajo y no impugnada por un empresario. La prestaci\u00f3n por la que pregunta la mayor\u00eda de la gente son las prestaciones econ\u00f3micas. Para muchos trabajadores, las prestaciones de una demanda aprobada no se pagan durante los 7 primeros d\u00edas de una incapacidad diagnosticada. Sin embargo, si la incapacidad se prolonga m\u00e1s de 14 d\u00edas, el trabajador puede percibir prestaciones econ\u00f3micas desde el primer d\u00eda que no trabaja.   <\/p><p>Los trabajadores tienen derecho a dos tercios de su salario medio semanal, multiplicado por su porcentaje de incapacidad. Hay ciertos m\u00e1ximos que no pueden superarse. A continuaci\u00f3n te indicamos las dem\u00e1s prestaciones de indemnizaci\u00f3n por accidente de trabajo a las que tambi\u00e9n puedes tener derecho.  <\/p><figure class=\"wp-block-image\"><img decoding=\"async\" src=\"https:\/\/workerscompdrqueens.com\/wp-content\/uploads\/2018\/05\/blog-image-5.jpg\" alt=\"\" class=\"wp-image-205604\" title=\"\"\/><\/figure><h3 class=\"wp-block-heading\">#1. Prestaciones m\u00e9dicas<\/h3><p>Toda la atenci\u00f3n m\u00e9dica necesaria que est\u00e9 directamente relacionada con una lesi\u00f3n laboral est\u00e1 cubierta por una reclamaci\u00f3n de indemnizaci\u00f3n por accidente laboral aprobada. Quienes prestan la atenci\u00f3n m\u00e9dica deben estar autorizados por la Junta de Indemnizaci\u00f3n por Accidentes de Trabajo, como nuestra oficina. <\/p><p>Las pruebas diagn\u00f3sticas, las intervenciones quir\u00fargicas y las terapias continuas est\u00e1n cubiertas en el apartado de prestaciones m\u00e9dicas. Algunos trabajadores pueden tener que acudir a proveedores o farmacias de la red como parte de su plan de tratamiento. Tu proveedor de asistencia sanitaria no puede cobrar honorarios a un paciente que se acoja a las prestaciones de compensaci\u00f3n a los trabajadores.  <\/p><h3 class=\"wp-block-heading\">#2. Prestaciones Complementarias<\/h3><p>Algunos trabajadores pueden tener derecho a prestaciones complementarias con una reclamaci\u00f3n de indemnizaci\u00f3n por accidente laboral. El total de prestaciones complementarias no puede superar los 215 $ semanales seg\u00fan la estructura actual. Los solicitantes de esta opci\u00f3n deben haber sufrido una lesi\u00f3n o haber recibido prestaciones por una lesi\u00f3n ocurrida antes del 1 de enero de 1979.  <\/p><h3 class=\"wp-block-heading\">#3. Beneficios de kilometraje<\/h3><p>Algunos trabajadores pueden tener derecho a que se les reembolse el kilometraje de autom\u00f3vil que realicen para ir y volver de la consulta del proveedor para sus citas necesarias de indemnizaci\u00f3n por accidente de trabajo. Para reclamar esta prestaci\u00f3n, normalmente hay que presentar un cuadro de kilometraje como parte de la documentaci\u00f3n de la solicitud. <\/p><p><em>Si vas en autob\u00fas o en metro para llegar a tu cita, tambi\u00e9n pueden estar cubiertos los gastos de hacerlo.<\/em><\/p><p>En nuestra cl\u00ednica, proporcionamos aparcamiento validado gratuito para ayudarte a ahorrar en tus gastos iniciales al tramitar una reclamaci\u00f3n de indemnizaci\u00f3n por accidente laboral. Si te has lesionado, ya tienes bastante estr\u00e9s en tu vida. Intentar reunir algo de cambio para pagar el aparcamiento no deber\u00eda ser otra cosa a\u00f1adida a tu lista de responsabilidades.  <\/p><h3 class=\"wp-block-heading\">#4. Prestaciones de la Seguridad Social<\/h3><p>En Estados Unidos, algunos trabajadores que se lesionan en el trabajo pueden tener derecho a recibir prestaciones de la Seguridad Social por su lesi\u00f3n. Para tener derecho a estas prestaciones, los trabajadores deben estar incapacitados de forma continuada durante un periodo de al menos 12 meses o recibir un diagn\u00f3stico de incapacidad permanente. <\/p><p>Se pueden pagar prestaciones mensuales cuando existe un impedimento f\u00edsico o ps\u00edquico determinable m\u00e9dicamente por un m\u00e9dico de accidentes de trabajo autorizado. Para beneficiarte de estas prestaciones, tendr\u00e1s que ponerte en contacto con la oficina local de la Administraci\u00f3n de la Seguridad Social m\u00e1s cercana. <\/p><h3 class=\"wp-block-heading\">#5. Prestaciones por fallecimiento<\/h3><p>Por desgracia, algunas lesiones que se producen en el trabajo son lo bastante graves como para poner en peligro la vida. En 2016, el Departamento de Trabajo de EE.UU. inform\u00f3 de que 5.190 trabajadores murieron mientras trabajaban. Las ca\u00eddas son una de las lesiones m\u00e1s peligrosas, y m\u00e1s comunes, que sufren los trabajadores. En el sector de la construcci\u00f3n, casi el 40% de los incidentes mortales se producen por ca\u00eddas.   <\/p><p>Si un trabajador fallece a causa de una lesi\u00f3n que cumple los requisitos de la legislaci\u00f3n sobre indemnizaci\u00f3n por accidente de trabajo, el c\u00f3nyuge superviviente o los hijos menores de edad tendr\u00edan derecho a una prestaci\u00f3n semanal en met\u00e1lico. La cuant\u00eda es igual a dos tercios del salario medio semanal antes de que se produjera el siniestro. <\/p><p>La sucesi\u00f3n de un trabajador puede tener derecho a recibir un pago \u00fanico y a que se le abonen los gastos funerarios si no existen beneficiarios.<\/p><h2 class=\"wp-block-heading\">Cu\u00e1ndo debes buscar tratamiento para una lesi\u00f3n<\/h2><p>Si te has lesionado en el trabajo, existen limitaciones de tiempo para que busques opciones de tratamiento. Avisa a las partes apropiadas, busca primeros auxilios y, a continuaci\u00f3n, concierta inmediatamente una cita con un profesional sanitario autorizado. <\/p><p>Si necesitas atenci\u00f3n de urgencia, cons\u00edguela.<\/p><p>Los trabajadores que no presenten una reclamaci\u00f3n a tiempo podr\u00edan perder prestaciones como \u00e9stas. Esto suele ocurrir cuando un trabajador no est\u00e1 seguro de haberse lesionado o cree que puede trabajar por una lesi\u00f3n leve que resulta ser m\u00e1s grave de lo que pensaba. <\/p><p>Los accidentes ocurren, pero las lesiones pueden tratarse. Concertemos tu cita hoy mismo. <\/p>","protected":false},"excerpt":{"rendered":"<p>\u00bfCu\u00e1les son mis prestaciones de indemnizaci\u00f3n por accidente laboral? Si te has lesionado en el curso normal de tus tareas laborales, o has sufrido una enfermedad a causa de ellas, entonces puedes tener derecho a prestaciones de indemnizaci\u00f3n por accidente laboral. En el estado de Nueva York, hay varias prestaciones posibles a partir de una &hellip; <\/p>\n<p class=\"link-more\"><a href=\"https:\/\/www.medexdtc.com\/es\/what-are-my-workers-compensation-benefits\/\" class=\"more-link\">Continue reading<span class=\"screen-reader-text\"> \u00ab\u00bfCu\u00e1les son mis prestaciones de indemnizaci\u00f3n por accidente laboral?\u00bb<\/span><\/a><\/p>\n","protected":false},"author":3,"featured_media":0,"parent":0,"menu_order":0,"comment_status":"closed","ping_status":"closed","template":"new_inner.php","meta":{"_acf_changed":false,"footnotes":""},"class_list":["post-6412","page","type-page","status-publish","hentry"],"acf":[],"yoast_head":"<!-- This site is optimized with the Yoast SEO plugin v27.5 - https:\/\/yoast.com\/product\/yoast-seo-wordpress\/ -->\n<title>\u00bfCu\u00e1les son mis prestaciones de indemnizaci\u00f3n por accidente laboral?<\/title>\n<meta name=\"description\" content=\"Si te has lesionado en el curso normal de tus tareas laborales, o has sufrido una enfermedad a causa de ellas, es posible que tengas derecho a prestaciones de indemnizaci\u00f3n por accidente laboral.\" \/>\n<meta name=\"robots\" content=\"index, follow, max-snippet:-1, max-image-preview:large, max-video-preview:-1\" \/>\n<link rel=\"canonical\" href=\"https:\/\/www.medexdtc.com\/es\/what-are-my-workers-compensation-benefits\/\" \/>\n<meta property=\"og:locale\" content=\"es_ES\" \/>\n<meta property=\"og:type\" content=\"article\" \/>\n<meta property=\"og:title\" content=\"\u00bfCu\u00e1les son mis prestaciones de indemnizaci\u00f3n por accidente laboral?\" \/>\n<meta property=\"og:description\" content=\"Si te has lesionado en el curso normal de tus tareas laborales, o has sufrido una enfermedad a causa de ellas, es posible que tengas derecho a prestaciones de indemnizaci\u00f3n por accidente laboral.\" \/>\n<meta property=\"og:url\" content=\"https:\/\/www.medexdtc.com\/es\/what-are-my-workers-compensation-benefits\/\" \/>\n<meta property=\"og:site_name\" content=\"Medex Diagnostic and Treatment Center - Queens Medical Center - Medical Clinic in Forest Hills, NY\" \/>\n<meta property=\"article:publisher\" content=\"https:\/\/www.facebook.com\/medexny\" \/>\n<meta property=\"article:modified_time\" content=\"2025-09-14T23:33:15+00:00\" \/>\n<meta name=\"twitter:card\" content=\"summary_large_image\" \/>\n<meta name=\"twitter:site\" content=\"@DtcMedex\" \/>\n<meta name=\"twitter:label1\" content=\"Tiempo de lectura\" \/>\n\t<meta name=\"twitter:data1\" content=\"5 minutos\" \/>\n<!-- \/ Yoast SEO plugin. -->","yoast_head_json":{"title":"\u00bfCu\u00e1les son mis prestaciones de indemnizaci\u00f3n por accidente laboral?","description":"Si te has lesionado en el curso normal de tus tareas laborales, o has sufrido una enfermedad a causa de ellas, es posible que tengas derecho a prestaciones de indemnizaci\u00f3n por accidente laboral.","robots":{"index":"index","follow":"follow","max-snippet":"max-snippet:-1","max-image-preview":"max-image-preview:large","max-video-preview":"max-video-preview:-1"},"canonical":"https:\/\/www.medexdtc.com\/es\/what-are-my-workers-compensation-benefits\/","og_locale":"es_ES","og_type":"article","og_title":"\u00bfCu\u00e1les son mis prestaciones de indemnizaci\u00f3n por accidente laboral?","og_description":"Si te has lesionado en el curso normal de tus tareas laborales, o has sufrido una enfermedad a causa de ellas, es posible que tengas derecho a prestaciones de indemnizaci\u00f3n por accidente laboral.","og_url":"https:\/\/www.medexdtc.com\/es\/what-are-my-workers-compensation-benefits\/","og_site_name":"Medex Diagnostic and Treatment Center - Queens Medical Center - Medical Clinic in Forest Hills, NY","article_publisher":"https:\/\/www.facebook.com\/medexny","article_modified_time":"2025-09-14T23:33:15+00:00","twitter_card":"summary_large_image","twitter_site":"@DtcMedex","twitter_misc":{"Tiempo de lectura":"5 minutos"},"schema":{"@context":"https:\/\/schema.org","@graph":[{"@type":"WebPage","@id":"https:\/\/www.medexdtc.com\/es\/what-are-my-workers-compensation-benefits\/","url":"https:\/\/www.medexdtc.com\/es\/what-are-my-workers-compensation-benefits\/","name":"\u00bfCu\u00e1les son mis prestaciones de indemnizaci\u00f3n por accidente laboral?","isPartOf":{"@id":"https:\/\/www.medexdtc.com\/es\/#website"},"primaryImageOfPage":{"@id":"https:\/\/www.medexdtc.com\/es\/what-are-my-workers-compensation-benefits\/#primaryimage"},"image":{"@id":"https:\/\/www.medexdtc.com\/es\/what-are-my-workers-compensation-benefits\/#primaryimage"},"thumbnailUrl":"https:\/\/workerscompdrqueens.com\/wp-content\/uploads\/2018\/05\/blog-image-5.jpg","datePublished":"2025-04-09T02:07:25+00:00","dateModified":"2025-09-14T23:33:15+00:00","description":"Si te has lesionado en el curso normal de tus tareas laborales, o has sufrido una enfermedad a causa de ellas, es posible que tengas derecho a prestaciones de indemnizaci\u00f3n por accidente laboral.","breadcrumb":{"@id":"https:\/\/www.medexdtc.com\/es\/what-are-my-workers-compensation-benefits\/#breadcrumb"},"inLanguage":"es","potentialAction":[{"@type":"ReadAction","target":["https:\/\/www.medexdtc.com\/es\/what-are-my-workers-compensation-benefits\/"]}]},{"@type":"ImageObject","inLanguage":"es","@id":"https:\/\/www.medexdtc.com\/es\/what-are-my-workers-compensation-benefits\/#primaryimage","url":"https:\/\/workerscompdrqueens.com\/wp-content\/uploads\/2018\/05\/blog-image-5.jpg","contentUrl":"https:\/\/workerscompdrqueens.com\/wp-content\/uploads\/2018\/05\/blog-image-5.jpg"},{"@type":"BreadcrumbList","@id":"https:\/\/www.medexdtc.com\/es\/what-are-my-workers-compensation-benefits\/#breadcrumb","itemListElement":[{"@type":"ListItem","position":1,"name":"Home","item":"https:\/\/www.medexdtc.com\/es\/"},{"@type":"ListItem","position":2,"name":"\u00bfCu\u00e1les son mis prestaciones de indemnizaci\u00f3n por accidente laboral?"}]},{"@type":"WebSite","@id":"https:\/\/www.medexdtc.com\/es\/#website","url":"https:\/\/www.medexdtc.com\/es\/","name":"Medex DTC","description":"Medex Diagnostic and Treatment Center is a Medical Center in Queens, NY is a dynamic multi-specialty clinic. Physicians delivering high quality individualized care in Forest Hills, Queens, NY.","publisher":{"@id":"https:\/\/www.medexdtc.com\/es\/#organization"},"potentialAction":[{"@type":"SearchAction","target":{"@type":"EntryPoint","urlTemplate":"https:\/\/www.medexdtc.com\/es\/?s={search_term_string}"},"query-input":{"@type":"PropertyValueSpecification","valueRequired":true,"valueName":"search_term_string"}}],"inLanguage":"es"},{"@type":"Organization","@id":"https:\/\/www.medexdtc.com\/es\/#organization","name":"Medex DCT","url":"https:\/\/www.medexdtc.com\/es\/","logo":{"@type":"ImageObject","inLanguage":"es","@id":"https:\/\/www.medexdtc.com\/es\/#\/schema\/logo\/image\/","url":"https:\/\/www.medexdtc.com\/wp-content\/uploads\/2024\/11\/medex-diagnostic-and-treatment-center-in-queens-NY.png","contentUrl":"https:\/\/www.medexdtc.com\/wp-content\/uploads\/2024\/11\/medex-diagnostic-and-treatment-center-in-queens-NY.png","width":226,"height":47,"caption":"Medex DCT"},"image":{"@id":"https:\/\/www.medexdtc.com\/es\/#\/schema\/logo\/image\/"},"sameAs":["https:\/\/www.facebook.com\/medexny","https:\/\/x.com\/DtcMedex","https:\/\/www.instagram.com\/medexdtc\/","https:\/\/www.linkedin.com\/company\/medex-diagnostic-and-treatment-center\/about\/"]}]}},"jetpack_sharing_enabled":true,"_links":{"self":[{"href":"https:\/\/www.medexdtc.com\/es\/wp-json\/wp\/v2\/pages\/6412","targetHints":{"allow":["GET"]}}],"collection":[{"href":"https:\/\/www.medexdtc.com\/es\/wp-json\/wp\/v2\/pages"}],"about":[{"href":"https:\/\/www.medexdtc.com\/es\/wp-json\/wp\/v2\/types\/page"}],"author":[{"embeddable":true,"href":"https:\/\/www.medexdtc.com\/es\/wp-json\/wp\/v2\/users\/3"}],"replies":[{"embeddable":true,"href":"https:\/\/www.medexdtc.com\/es\/wp-json\/wp\/v2\/comments?post=6412"}],"version-history":[{"count":1,"href":"https:\/\/www.medexdtc.com\/es\/wp-json\/wp\/v2\/pages\/6412\/revisions"}],"predecessor-version":[{"id":6413,"href":"https:\/\/www.medexdtc.com\/es\/wp-json\/wp\/v2\/pages\/6412\/revisions\/6413"}],"wp:attachment":[{"href":"https:\/\/www.medexdtc.com\/es\/wp-json\/wp\/v2\/media?parent=6412"}],"curies":[{"name":"wp","href":"https:\/\/api.w.org\/{rel}","templated":true}]}}