{"id":6623,"date":"2025-04-07T05:52:03","date_gmt":"2025-04-07T00:52:03","guid":{"rendered":"https:\/\/www.medexdtc.com\/7-preguntas-que-debes-hacer-a-tu-medico-cuando-busques-asistencia-sin-culpa\/"},"modified":"2025-11-09T23:52:28","modified_gmt":"2025-11-09T18:52:28","slug":"7-questions-to-ask-your-doctor-when-seeking-no-fault-care","status":"publish","type":"page","link":"https:\/\/www.medexdtc.com\/es\/7-questions-to-ask-your-doctor-when-seeking-no-fault-care\/","title":{"rendered":"7 preguntas que debes hacer a tu m\u00e9dico cuando busques asistencia sin culpa"},"content":{"rendered":"<p>Sufrir lesiones en un accidente de tr\u00e1fico puede ser una experiencia aterradora. Es importante que puedas abogar por tus cuidados durante este momento tan importante. Para ello, \u00e9stas son las preguntas que querr\u00e1s hacer a tu m\u00e9dico cuando empiece a desarrollarse tu plan de tratamiento.  <\/p><p>\u00c9stas son siete preguntas importantes que tal vez quieras hacer a tu m\u00e9dico sobre c\u00f3mo proceder con tu tratamiento, los procedimientos y los procesos por los que pasar\u00e1s con tu accidente de tr\u00e1fico. Es importante que te asegures de que est\u00e1s en el camino correcto para ser tratado, recibir el tratamiento y los procedimientos correctos y, en \u00faltima instancia, para tu recuperaci\u00f3n. <\/p><figure class=\"wp-block-image size-full\"><img fetchpriority=\"high\" decoding=\"async\" width=\"1024\" height=\"1024\" src=\"https:\/\/www.medexdtc.com\/wp-content\/uploads\/2025\/11\/Questions-to-Ask-Your-Doctor-When-Seeking-No-Fault-Care-min.png\" alt=\"una ilustraci&#xF3;n de una persona que busca asistencia sin culpa en Queens, NY\" class=\"wp-image-6614\" srcset=\"https:\/\/www.medexdtc.com\/wp-content\/uploads\/2025\/11\/Questions-to-Ask-Your-Doctor-When-Seeking-No-Fault-Care-min.png 1024w, https:\/\/www.medexdtc.com\/wp-content\/uploads\/2025\/11\/Questions-to-Ask-Your-Doctor-When-Seeking-No-Fault-Care-min-300x300.png 300w, https:\/\/www.medexdtc.com\/wp-content\/uploads\/2025\/11\/Questions-to-Ask-Your-Doctor-When-Seeking-No-Fault-Care-min-150x150.png 150w, https:\/\/www.medexdtc.com\/wp-content\/uploads\/2025\/11\/Questions-to-Ask-Your-Doctor-When-Seeking-No-Fault-Care-min-768x768.png 768w, https:\/\/www.medexdtc.com\/wp-content\/uploads\/2025\/11\/Questions-to-Ask-Your-Doctor-When-Seeking-No-Fault-Care-min-100x100.png 100w, https:\/\/www.medexdtc.com\/wp-content\/uploads\/2025\/11\/Questions-to-Ask-Your-Doctor-When-Seeking-No-Fault-Care-min-600x600.png 600w, https:\/\/www.medexdtc.com\/wp-content\/uploads\/2025\/11\/Questions-to-Ask-Your-Doctor-When-Seeking-No-Fault-Care-min-48x48.png 48w\" sizes=\"(max-width: 1024px) 100vw, 1024px\" \/><\/figure><h2 class=\"wp-block-heading\">Pregunta n\u00ba 1: \u00bfCu\u00e1l es la causa del dolor que siento?<\/h2><p>Seamos realistas por un momento. Si te duele algo tras un accidente de tr\u00e1fico, es muy probable que hayas utilizado Google u otro motor de b\u00fasqueda para ver qu\u00e9 te puede pasar. Puede que incluso hayas probado un comprobador de s\u00edntomas en un sitio web m\u00e9dico.  <\/p><p>Hoy en d\u00eda, los pacientes suelen ir al m\u00e9dico, incluso con lesiones por accidente de tr\u00e1fico sin culpa, porque buscan la confirmaci\u00f3n de un autodiagn\u00f3stico. Por eso, una de las preguntas m\u00e1s importantes que hay que hacer es qu\u00e9 cree el m\u00e9dico que puede ser el motivo del dolor. Intenta escuchar con la mente abierta.  <\/p><p>El Dr. Buscador puede tener raz\u00f3n a veces. Permitir que nuestra cl\u00ednica y nuestros especialistas eval\u00faen tu estado, con tu aportaci\u00f3n, suele ser una forma mejor de llegar a un diagn\u00f3stico correcto. <\/p><h2 class=\"wp-block-heading\">Pregunta n\u00ba 2: \u00bfQu\u00e9 s\u00edntomas podr\u00edan indicar un problema m\u00e1s grave?<\/h2><p>Muchas lesiones crean s\u00edntomas \u00fanicos que no siempre siguen las pautas m\u00e9dicas. Alguien con una lesi\u00f3n cervical, por ejemplo, puede sentir un dolor agudo y punzante en la mano. Tambi\u00e9n puede haber otros s\u00edntomas con una lesi\u00f3n que indiquen la existencia de un problema m\u00e1s grave. Aseg\u00farate de preguntar a tu m\u00e9dico qu\u00e9 tipo de s\u00edntomas debes vigilar para asegurarte de que puedes seguir un camino que te lleve a una recuperaci\u00f3n lo m\u00e1s completa posible.   <\/p><h2 class=\"wp-block-heading\">Pregunta n\u00ba 3: \u00bfHay cosas que deber\u00eda dejar de hacer para aliviar mi dolor?<\/h2><p>Con demasiada frecuencia, se pierde el tiempo entre las citas con el m\u00e9dico. Hay algunas cosas buenas que podr\u00edas estar haciendo para facilitar tu recuperaci\u00f3n. Habla con tu m\u00e9dico sobre lo que podr\u00edas hacer en casa para mejorar tu recuperaci\u00f3n. De ese modo, podr\u00e1s adoptar un enfoque proactivo de tu salud, en lugar de uno reactivo.   <\/p><h2 class=\"wp-block-heading\">Pregunta n\u00ba 4: \u00bfPuedo seguir cumpliendo con mis responsabilidades laborales?<\/h2><p>Cuando te has lesionado en un accidente de tr\u00e1fico, puede que no puedas realizar determinadas tareas laborales que se te exigen. Cuando esto ocurre, pueden asignarte una incapacidad de corta o larga duraci\u00f3n. Algunas lesiones pueden incluso crear una incapacidad permanente.  <\/p><p>Si no puedes reincorporarte m\u00e9dicamente al trabajo, en un siniestro sin culpa puedes recibir salarios perdidos como parte de tus prestaciones. Necesitar\u00e1s documentaci\u00f3n de tu m\u00e9dico sobre tu estado de salud. Tu empresa tambi\u00e9n debe presentar una comprobaci\u00f3n de tus salarios. Esta informaci\u00f3n debe presentarse en un plazo determinado.   <\/p><h2 class=\"wp-block-heading\">Pregunta n\u00ba 5: \u00bfCu\u00e1nto deber\u00eda descansar cada d\u00eda?<\/h2><p>Las lesiones suelen requerir alg\u00fan tipo de reposo como parte del proceso de recuperaci\u00f3n. Dado que algunas lesiones provocan s\u00edntomas molestos, como el insomnio, puede ser dif\u00edcil calibrar cu\u00e1nto descanso se est\u00e1 realizando realmente. Habla con tu m\u00e9dico sobre las instrucciones espec\u00edficas de reposo que le gustar\u00eda que siguieras.  <\/p><p>Puede incluir reposo en cama para lesiones graves o personas que puedan requerir una intervenci\u00f3n quir\u00fargica. Suele implicar alg\u00fan tipo de actividad restringida, como un l\u00edmite en la cantidad de peso a cargar. <\/p><h2 class=\"wp-block-heading\">Pregunta 6: \u00bfQu\u00e9 opciones de tratamiento tengo a mi disposici\u00f3n?<\/h2><p>Las lesiones por accidente de tr\u00e1fico suelen provocar dolor. Por eso, una de las opciones de tratamiento m\u00e1s habituales es alg\u00fan tipo de control del dolor. Hay numerosas formas de controlar el dolor en el cuerpo humano. La medicaci\u00f3n con receta o los analg\u00e9sicos de venta libre son s\u00f3lo dos opciones en las que pensar.   <\/p><p>Se te puede animar a que hagas algunos estiramientos cada d\u00eda. El ejercicio puede formar parte de tu plan de tratamiento. La acupuntura puede ser \u00fatil en algunos planes de tratamiento. Haci\u00e9ndote esta pregunta, podr\u00e1s comprender mejor las opciones de que dispones, as\u00ed como el motivo por el que tu m\u00e9dico puede hacerte una recomendaci\u00f3n concreta.   <\/p><h2 class=\"wp-block-heading\">Pregunta 7: \u00bfCu\u00e1nto tardar\u00e1 en desaparecer el dolor?<\/h2><p>Aunque te den un plazo general para tu recuperaci\u00f3n, la esperanza de que se acaben el dolor y las molestias de una lesi\u00f3n puede reducir el estr\u00e9s y la ansiedad. De ese modo, puedes trabajar en la planificaci\u00f3n de tus rutinas diarias en torno a los cuidados que necesitas tras tu accidente de tr\u00e1fico. <\/p><p>En No-Fault Doctor Queens, creemos que un paciente que siente curiosidad es un paciente que trabajar\u00e1 duro para volver a estar sano. Te invitamos a hacer estas preguntas, as\u00ed como cualquier otra que puedas tener, durante una cita. Porque los mejores planes de tratamiento son los que elaboramos juntos.  <\/p>","protected":false},"excerpt":{"rendered":"<p>Sufrir lesiones en un accidente de tr\u00e1fico puede ser una experiencia aterradora. Es importante que puedas abogar por tus cuidados durante este momento tan importante. Para ello, \u00e9stas son las preguntas que querr\u00e1s hacer a tu m\u00e9dico cuando empiece a desarrollarse tu plan de tratamiento. \u00c9stas son siete preguntas importantes que tal vez quieras hacer &hellip; <\/p>\n<p class=\"link-more\"><a href=\"https:\/\/www.medexdtc.com\/es\/7-questions-to-ask-your-doctor-when-seeking-no-fault-care\/\" class=\"more-link\">Continue reading<span class=\"screen-reader-text\"> \u00ab7 preguntas que debes hacer a tu m\u00e9dico cuando busques asistencia sin culpa\u00bb<\/span><\/a><\/p>\n","protected":false},"author":3,"featured_media":6616,"parent":0,"menu_order":0,"comment_status":"closed","ping_status":"closed","template":"new_inner.php","meta":{"_acf_changed":false,"footnotes":""},"class_list":["post-6623","page","type-page","status-publish","has-post-thumbnail","hentry"],"acf":[],"yoast_head":"<!-- This site is optimized with the Yoast SEO plugin v27.4 - https:\/\/yoast.com\/product\/yoast-seo-wordpress\/ -->\n<title>7 preguntas que debes hacer a tu m\u00e9dico sobre la asistencia sin culpa. Reinas de los m\u00e9dicos sin culpa.<\/title>\n<meta name=\"description\" content=\"Inf\u00f3rmate sobre las siete preguntas m\u00e1s importantes que debes hacer a tu m\u00e9dico cuando busques atenci\u00f3n m\u00e9dica Sin Culpa. Aseg\u00farate de que est\u00e1s en el camino correcto hacia la recuperaci\u00f3n con una atenci\u00f3n m\u00e9dica de calidad. Reserva tu cita con nuestros m\u00e9dicos especialistas en Sin Culpa de Queens, NY.\" \/>\n<meta name=\"robots\" content=\"index, follow, max-snippet:-1, max-image-preview:large, max-video-preview:-1\" \/>\n<link rel=\"canonical\" href=\"https:\/\/www.medexdtc.com\/es\/7-questions-to-ask-your-doctor-when-seeking-no-fault-care\/\" \/>\n<meta property=\"og:locale\" content=\"es_ES\" \/>\n<meta property=\"og:type\" content=\"article\" \/>\n<meta property=\"og:title\" content=\"7 preguntas que debes hacer a tu m\u00e9dico sobre la asistencia sin culpa. Reinas de los m\u00e9dicos sin culpa.\" \/>\n<meta property=\"og:description\" content=\"Inf\u00f3rmate sobre las siete preguntas m\u00e1s importantes que debes hacer a tu m\u00e9dico cuando busques atenci\u00f3n m\u00e9dica Sin Culpa. Aseg\u00farate de que est\u00e1s en el camino correcto hacia la recuperaci\u00f3n con una atenci\u00f3n m\u00e9dica de calidad. Reserva tu cita con nuestros m\u00e9dicos especialistas en Sin Culpa de Queens, NY.\" \/>\n<meta property=\"og:url\" content=\"https:\/\/www.medexdtc.com\/es\/7-questions-to-ask-your-doctor-when-seeking-no-fault-care\/\" \/>\n<meta property=\"og:site_name\" content=\"Medex Diagnostic and Treatment Center - Queens Medical Center - Medical Clinic in Forest Hills, NY\" \/>\n<meta property=\"article:publisher\" content=\"https:\/\/www.facebook.com\/medexny\" \/>\n<meta property=\"article:modified_time\" content=\"2025-11-09T18:52:28+00:00\" \/>\n<meta property=\"og:image\" content=\"https:\/\/www.medexdtc.com\/wp-content\/uploads\/2025\/11\/Questions-to-Ask-Your-Doctor-When-Seeking-No-Fault-Care-min.png\" \/>\n\t<meta property=\"og:image:width\" content=\"1024\" \/>\n\t<meta property=\"og:image:height\" content=\"1024\" \/>\n\t<meta property=\"og:image:type\" content=\"image\/png\" \/>\n<meta name=\"twitter:card\" content=\"summary_large_image\" \/>\n<meta name=\"twitter:site\" content=\"@DtcMedex\" \/>\n<meta name=\"twitter:label1\" content=\"Tiempo de lectura\" \/>\n\t<meta name=\"twitter:data1\" content=\"5 minutos\" \/>\n<!-- \/ Yoast SEO plugin. -->","yoast_head_json":{"title":"7 preguntas que debes hacer a tu m\u00e9dico sobre la asistencia sin culpa. Reinas de los m\u00e9dicos sin culpa.","description":"Inf\u00f3rmate sobre las siete preguntas m\u00e1s importantes que debes hacer a tu m\u00e9dico cuando busques atenci\u00f3n m\u00e9dica Sin Culpa. Aseg\u00farate de que est\u00e1s en el camino correcto hacia la recuperaci\u00f3n con una atenci\u00f3n m\u00e9dica de calidad. Reserva tu cita con nuestros m\u00e9dicos especialistas en Sin Culpa de Queens, NY.","robots":{"index":"index","follow":"follow","max-snippet":"max-snippet:-1","max-image-preview":"max-image-preview:large","max-video-preview":"max-video-preview:-1"},"canonical":"https:\/\/www.medexdtc.com\/es\/7-questions-to-ask-your-doctor-when-seeking-no-fault-care\/","og_locale":"es_ES","og_type":"article","og_title":"7 preguntas que debes hacer a tu m\u00e9dico sobre la asistencia sin culpa. Reinas de los m\u00e9dicos sin culpa.","og_description":"Inf\u00f3rmate sobre las siete preguntas m\u00e1s importantes que debes hacer a tu m\u00e9dico cuando busques atenci\u00f3n m\u00e9dica Sin Culpa. Aseg\u00farate de que est\u00e1s en el camino correcto hacia la recuperaci\u00f3n con una atenci\u00f3n m\u00e9dica de calidad. Reserva tu cita con nuestros m\u00e9dicos especialistas en Sin Culpa de Queens, NY.","og_url":"https:\/\/www.medexdtc.com\/es\/7-questions-to-ask-your-doctor-when-seeking-no-fault-care\/","og_site_name":"Medex Diagnostic and Treatment Center - Queens Medical Center - Medical Clinic in Forest Hills, NY","article_publisher":"https:\/\/www.facebook.com\/medexny","article_modified_time":"2025-11-09T18:52:28+00:00","og_image":[{"width":1024,"height":1024,"url":"https:\/\/www.medexdtc.com\/wp-content\/uploads\/2025\/11\/Questions-to-Ask-Your-Doctor-When-Seeking-No-Fault-Care-min.png","type":"image\/png"}],"twitter_card":"summary_large_image","twitter_site":"@DtcMedex","twitter_misc":{"Tiempo de lectura":"5 minutos"},"schema":{"@context":"https:\/\/schema.org","@graph":[{"@type":"WebPage","@id":"https:\/\/www.medexdtc.com\/es\/7-questions-to-ask-your-doctor-when-seeking-no-fault-care\/","url":"https:\/\/www.medexdtc.com\/es\/7-questions-to-ask-your-doctor-when-seeking-no-fault-care\/","name":"7 preguntas que debes hacer a tu m\u00e9dico sobre la asistencia sin culpa. Reinas de los m\u00e9dicos sin culpa.","isPartOf":{"@id":"https:\/\/www.medexdtc.com\/es\/#website"},"primaryImageOfPage":{"@id":"https:\/\/www.medexdtc.com\/es\/7-questions-to-ask-your-doctor-when-seeking-no-fault-care\/#primaryimage"},"image":{"@id":"https:\/\/www.medexdtc.com\/es\/7-questions-to-ask-your-doctor-when-seeking-no-fault-care\/#primaryimage"},"thumbnailUrl":"https:\/\/www.medexdtc.com\/wp-content\/uploads\/2025\/11\/Questions-to-Ask-Your-Doctor-When-Seeking-No-Fault-Care-min.png","datePublished":"2025-04-07T00:52:03+00:00","dateModified":"2025-11-09T18:52:28+00:00","description":"Inf\u00f3rmate sobre las siete preguntas m\u00e1s importantes que debes hacer a tu m\u00e9dico cuando busques atenci\u00f3n m\u00e9dica Sin Culpa. Aseg\u00farate de que est\u00e1s en el camino correcto hacia la recuperaci\u00f3n con una atenci\u00f3n m\u00e9dica de calidad. Reserva tu cita con nuestros m\u00e9dicos especialistas en Sin Culpa de Queens, NY.","breadcrumb":{"@id":"https:\/\/www.medexdtc.com\/es\/7-questions-to-ask-your-doctor-when-seeking-no-fault-care\/#breadcrumb"},"inLanguage":"es","potentialAction":[{"@type":"ReadAction","target":["https:\/\/www.medexdtc.com\/es\/7-questions-to-ask-your-doctor-when-seeking-no-fault-care\/"]}]},{"@type":"ImageObject","inLanguage":"es","@id":"https:\/\/www.medexdtc.com\/es\/7-questions-to-ask-your-doctor-when-seeking-no-fault-care\/#primaryimage","url":"https:\/\/www.medexdtc.com\/wp-content\/uploads\/2025\/11\/Questions-to-Ask-Your-Doctor-When-Seeking-No-Fault-Care-min.png","contentUrl":"https:\/\/www.medexdtc.com\/wp-content\/uploads\/2025\/11\/Questions-to-Ask-Your-Doctor-When-Seeking-No-Fault-Care-min.png","width":1024,"height":1024,"caption":"an illustration of a person Seeking No-Fault Care in queens"},{"@type":"BreadcrumbList","@id":"https:\/\/www.medexdtc.com\/es\/7-questions-to-ask-your-doctor-when-seeking-no-fault-care\/#breadcrumb","itemListElement":[{"@type":"ListItem","position":1,"name":"Home","item":"https:\/\/www.medexdtc.com\/es\/"},{"@type":"ListItem","position":2,"name":"7 preguntas que debes hacer a tu m\u00e9dico cuando busques asistencia sin culpa"}]},{"@type":"WebSite","@id":"https:\/\/www.medexdtc.com\/es\/#website","url":"https:\/\/www.medexdtc.com\/es\/","name":"Medex DTC","description":"Medex Diagnostic and Treatment Center is a Medical Center in Queens, NY is a dynamic multi-specialty clinic. Physicians delivering high quality individualized care in Forest Hills, Queens, NY.","publisher":{"@id":"https:\/\/www.medexdtc.com\/es\/#organization"},"potentialAction":[{"@type":"SearchAction","target":{"@type":"EntryPoint","urlTemplate":"https:\/\/www.medexdtc.com\/es\/?s={search_term_string}"},"query-input":{"@type":"PropertyValueSpecification","valueRequired":true,"valueName":"search_term_string"}}],"inLanguage":"es"},{"@type":"Organization","@id":"https:\/\/www.medexdtc.com\/es\/#organization","name":"Medex DCT","url":"https:\/\/www.medexdtc.com\/es\/","logo":{"@type":"ImageObject","inLanguage":"es","@id":"https:\/\/www.medexdtc.com\/es\/#\/schema\/logo\/image\/","url":"https:\/\/www.medexdtc.com\/wp-content\/uploads\/2024\/11\/medex-diagnostic-and-treatment-center-in-queens-NY.png","contentUrl":"https:\/\/www.medexdtc.com\/wp-content\/uploads\/2024\/11\/medex-diagnostic-and-treatment-center-in-queens-NY.png","width":226,"height":47,"caption":"Medex DCT"},"image":{"@id":"https:\/\/www.medexdtc.com\/es\/#\/schema\/logo\/image\/"},"sameAs":["https:\/\/www.facebook.com\/medexny","https:\/\/x.com\/DtcMedex","https:\/\/www.instagram.com\/medexdtc\/","https:\/\/www.linkedin.com\/company\/medex-diagnostic-and-treatment-center\/about\/"]}]}},"jetpack_sharing_enabled":true,"_links":{"self":[{"href":"https:\/\/www.medexdtc.com\/es\/wp-json\/wp\/v2\/pages\/6623","targetHints":{"allow":["GET"]}}],"collection":[{"href":"https:\/\/www.medexdtc.com\/es\/wp-json\/wp\/v2\/pages"}],"about":[{"href":"https:\/\/www.medexdtc.com\/es\/wp-json\/wp\/v2\/types\/page"}],"author":[{"embeddable":true,"href":"https:\/\/www.medexdtc.com\/es\/wp-json\/wp\/v2\/users\/3"}],"replies":[{"embeddable":true,"href":"https:\/\/www.medexdtc.com\/es\/wp-json\/wp\/v2\/comments?post=6623"}],"version-history":[{"count":2,"href":"https:\/\/www.medexdtc.com\/es\/wp-json\/wp\/v2\/pages\/6623\/revisions"}],"predecessor-version":[{"id":6625,"href":"https:\/\/www.medexdtc.com\/es\/wp-json\/wp\/v2\/pages\/6623\/revisions\/6625"}],"wp:featuredmedia":[{"embeddable":true,"href":"https:\/\/www.medexdtc.com\/es\/wp-json\/wp\/v2\/media\/6616"}],"wp:attachment":[{"href":"https:\/\/www.medexdtc.com\/es\/wp-json\/wp\/v2\/media?parent=6623"}],"curies":[{"name":"wp","href":"https:\/\/api.w.org\/{rel}","templated":true}]}}