{"id":6673,"date":"2025-11-10T02:01:23","date_gmt":"2025-11-09T21:01:23","guid":{"rendered":"https:\/\/www.medexdtc.com\/como-obtener-copias-de-tus-historiales-medicos-y-resultados-de-pruebas\/"},"modified":"2025-11-11T07:34:46","modified_gmt":"2025-11-11T02:34:46","slug":"how-to-obtain-copies-of-your-medical-records-and-test-results","status":"publish","type":"page","link":"https:\/\/www.medexdtc.com\/es\/how-to-obtain-copies-of-your-medical-records-and-test-results\/","title":{"rendered":"C\u00f3mo obtener copias de tus historiales m\u00e9dicos y resultados de pruebas"},"content":{"rendered":"<p>Gestionar tu salud significa tener acceso a tu informaci\u00f3n sanitaria, incluidos los resultados de pruebas, im\u00e1genes, informes de laboratorio, res\u00famenes de visitas e historiales m\u00e9dicos completos. Tanto si necesitas historiales para un nuevo especialista, la escuela o el trabajo, documentaci\u00f3n legal o una revisi\u00f3n personal, el proceso debe ser sencillo y seguro. <\/p><p>En <strong>el Centro de Diagn\u00f3stico y Tratamiento Medex de Queens (Nueva York)<\/strong>, los pacientes tienen derecho legal a solicitar y recibir sus historiales m\u00e9dicos en virtud de <strong>la<\/strong> Ley de Portabilidad y Responsabilidad del Seguro M\u00e9dico <strong>(HIPAA<\/strong> ). Entendemos lo importante que es acceder a tiempo a tus historiales, por eso hemos creado esta gu\u00eda explicativa paso a paso: <\/p><ul class=\"wp-block-list\"><li>Qu\u00e9 son los historiales m\u00e9dicos y qu\u00e9 incluyen<\/li>\n\n<li>Tus derechos seg\u00fan la HIPAA<\/li>\n\n<li>C\u00f3mo solicitar historiales m\u00e9dicos a Medex DTC<\/li>\n\n<li>M\u00e9todos de solicitud aceptados (en persona, correo electr\u00f3nico, fax, portal del paciente)<\/li>\n\n<li>Tasas, plazos y qu\u00e9 esperar<\/li>\n\n<li>C\u00f3mo pueden solicitar en tu nombre terceros (abogados, seguros, otros m\u00e9dicos)<\/li><\/ul><h2 class=\"wp-block-heading\">\u00bfQu\u00e9 se considera historial m\u00e9dico?<\/h2><p>Un <strong>historial m\u00e9dico<\/strong> es un archivo exhaustivo que documenta tu historial sanitario y la atenci\u00f3n que has recibido. Puede incluir: <\/p><ul class=\"wp-block-list\"><li>Res\u00famenes de visitas al consultorio y notas de consulta<\/li>\n\n<li>Resultados de laboratorio (an\u00e1lisis de sangre, cultivos, informes de biopsias)<\/li>\n\n<li>Radiolog\u00eda\/diagn\u00f3stico por imagen (radiograf\u00eda, ecograf\u00eda, resonancia magn\u00e9tica, tomograf\u00eda computarizada)<\/li>\n\n<li>Prescripciones e historial de medicaci\u00f3n<\/li>\n\n<li>Cartilla de vacunaci\u00f3n<\/li>\n\n<li>Planes de tratamiento y derivaciones<\/li>\n\n<li>Facturaci\u00f3n y documentaci\u00f3n del seguro relacionada con la atenci\u00f3n<\/li><\/ul><p>Tu historia cl\u00ednica puede existir en <strong>papel<\/strong>, en un sistema <strong>de historia cl\u00ednica electr\u00f3nica (HCE<\/strong> ) o en ambos.<\/p><p><strong>Tienes derecho a acceder a todo lo anterior, salvo que la ley lo restrinja (por ejemplo, determinadas notas psiqui\u00e1tricas).<\/strong><\/p><h2 class=\"wp-block-heading\">HIPAA: Tu derecho legal a acceder a tus registros<\/h2><p><strong>La HIPAA (Ley de Portabilidad y Responsabilidad del Seguro M\u00e9dico)<\/strong> es una ley federal que protege tu intimidad y te da derecho a acceder a tu historial m\u00e9dico.<\/p><p>Seg\u00fan la HIPAA, tienes derecho a:<\/p><p>Ver y solicitar copias de tus historiales m\u00e9dicos<br\/>Solicitar historiales para ti o para enviarlos a otro proveedor<br\/>Elegir c\u00f3mo quieres recibirlos (en formato electr\u00f3nico o en papel)<br\/>Solicitar correcciones o modificaciones de tus historiales<\/p><p>La HIPAA exige que los proveedores de asistencia sanitaria respondan <strong>en un plazo de 30 d\u00edas<\/strong> desde la recepci\u00f3n de tu solicitud. En la mayor\u00eda de los casos, en Medex DTC los registros se procesan m\u00e1s r\u00e1pidamente. <\/p><figure class=\"wp-block-image size-large\"><img fetchpriority=\"high\" decoding=\"async\" width=\"1024\" height=\"683\" src=\"https:\/\/www.medexdtc.com\/wp-content\/uploads\/2025\/11\/how-to-get-a-copy-of-my-medical-results-min-1024x683.png\" alt=\"C&#xF3;mo obtener copias de tus historiales m&#xE9;dicos y resultados de pruebas\" class=\"wp-image-6667\" srcset=\"https:\/\/www.medexdtc.com\/wp-content\/uploads\/2025\/11\/how-to-get-a-copy-of-my-medical-results-min-1024x683.png 1024w, https:\/\/www.medexdtc.com\/wp-content\/uploads\/2025\/11\/how-to-get-a-copy-of-my-medical-results-min-300x200.png 300w, https:\/\/www.medexdtc.com\/wp-content\/uploads\/2025\/11\/how-to-get-a-copy-of-my-medical-results-min-768x512.png 768w, https:\/\/www.medexdtc.com\/wp-content\/uploads\/2025\/11\/how-to-get-a-copy-of-my-medical-results-min-600x400.png 600w, https:\/\/www.medexdtc.com\/wp-content\/uploads\/2025\/11\/how-to-get-a-copy-of-my-medical-results-min-48x32.png 48w, https:\/\/www.medexdtc.com\/wp-content\/uploads\/2025\/11\/how-to-get-a-copy-of-my-medical-results-min.png 1536w\" sizes=\"(max-width: 1024px) 100vw, 1024px\" \/><\/figure><h3 class=\"wp-block-heading\">Definiciones importantes<\/h3><figure class=\"wp-block-table\"><table class=\"has-fixed-layout\"><thead><tr><th>Plazo<\/th><th>Significado<\/th><\/tr><\/thead><tbody><tr><td><strong>PHI (Informaci\u00f3n sanitaria protegida)<\/strong><\/td><td>Cualquier dato personal de salud vinculado a tu identidad.<\/td><\/tr><tr><td><strong>ROI (Formulario de cesi\u00f3n de informaci\u00f3n)<\/strong><\/td><td>Autorizaci\u00f3n que nos da permiso para enviar tus archivos.<\/td><\/tr><tr><td><strong>Conjunto de r\u00e9cords designados<\/strong><\/td><td>El conjunto completo de historiales m\u00e9dicos que la HIPAA permite obtener a los pacientes.<\/td><\/tr><tr><td><strong>Acceso al portal<\/strong><\/td><td>Portal digital del paciente donde puedes descargar los resultados de laboratorio\/imagen.<\/td><\/tr><\/tbody><\/table><\/figure><hr class=\"wp-block-separator has-alpha-channel-opacity\"\/><h2 class=\"wp-block-heading\">Por qu\u00e9 los pacientes solicitan sus historiales<\/h2><p>Los pacientes piden historiales por muchas razones:<\/p><ul class=\"wp-block-list\"><li>Trasladar la atenci\u00f3n a otro especialista o proveedor<\/li>\n\n<li>Obtener una segunda opini\u00f3n m\u00e9dica<\/li>\n\n<li>Para casos judiciales (accidente de tr\u00e1fico, indemnizaci\u00f3n por accidente laboral, reclamaci\u00f3n por incapacidad)<\/li>\n\n<li>Seguimiento personal del historial m\u00e9dico<\/li>\n\n<li>Para documentaci\u00f3n escolar, laboral, de inmigraci\u00f3n o de viaje<\/li><\/ul><p>Tener copias de tus historiales garantiza la continuidad de la asistencia y una mayor rapidez en la toma de decisiones sobre el tratamiento.<\/p><h2 class=\"wp-block-heading\">C\u00f3mo solicitar historiales m\u00e9dicos en Medex Diagnostic &amp; Treatment Center<\/h2><p>Ofrecemos m\u00faltiples y c\u00f3modas formas de solicitar tus expedientes:<\/p><h3 class=\"wp-block-heading\">Opci\u00f3n 1: Solicita tus expedientes en persona<\/h3><ol class=\"wp-block-list\"><li>Visita el Centro de Diagn\u00f3stico y Tratamiento Medex (Departamento de Comunicados \/ Recepci\u00f3n).<\/li>\n\n<li>Lleva un <strong>documento de identidad<\/strong> v\u00e1lido <strong>con fotograf\u00eda<\/strong> (carn\u00e9 de conducir, pasaporte o carn\u00e9 estatal).<\/li>\n\n<li>Rellena el formulario de <strong>Autorizaci\u00f3n de divulgaci\u00f3n de registros (HIPAA ROI)<\/strong>.<\/li><\/ol><blockquote class=\"wp-block-quote is-layout-flow wp-block-quote-is-layout-flow\"><p><em>Consejo: Si vas a enviar a otra persona a recoger los registros, necesitar\u00e1 un permiso por escrito tuyo y su propio documento de identidad con fotograf\u00eda.<\/em><\/p><\/blockquote><h3 class=\"wp-block-heading\">Opci\u00f3n 2: Solicitud electr\u00f3nica (correo electr\u00f3nico o portal del paciente)<\/h3><p><strong>Env\u00eda un correo electr\u00f3nico a<\/strong><\/p><ul class=\"wp-block-list\"><li>Puedes solicitar los historiales enviando un correo electr\u00f3nico a nuestro equipo de historiales m\u00e9dicos.<\/li>\n\n<li>Recibir\u00e1s un formulario seguro conforme a la HIPAA para que lo firmes electr\u00f3nicamente.<\/li><\/ul><p><strong>Portal del Paciente<\/strong><\/p><ul class=\"wp-block-list\"><li>Algunos resultados de laboratorio e imagen est\u00e1n disponibles directamente dentro del portal del paciente.<\/li>\n\n<li>Si el m\u00e9dico ha publicado los resultados, puedes descargarlos t\u00fa mismo.<\/li><\/ul><h3 class=\"wp-block-heading\">Opci\u00f3n 3: Solicitud por fax (para m\u00e9dicos, abogados, seguros)<\/h3><p>Los m\u00e9dicos, abogados, compa\u00f1\u00edas de seguros y terceros pueden enviar una solicitud por fax.<\/p><p>El fax debe incluir:<\/p><ul class=\"wp-block-list\"><li>Autorizaci\u00f3n HIPAA firmada por el paciente<\/li>\n\n<li>N\u00famero de caso o reclamaci\u00f3n (si procede)<\/li>\n\n<li>Nombre del representante solicitante<\/li>\n\n<li>N\u00famero de tel\u00e9fono de contacto para preguntas<\/li><\/ul><h2 class=\"wp-block-heading\">Informaci\u00f3n necesaria para solicitar un registro<\/h2><p>Para evitar retrasos, aseg\u00farate de que tu solicitud incluye:<\/p><ul class=\"wp-block-list\"><li>Nombre legal completo<\/li>\n\n<li>Fecha de nacimiento<\/li>\n\n<li>N\u00famero de tel\u00e9fono<\/li>\n\n<li>Env\u00eda un correo electr\u00f3nico a<\/li>\n\n<li>Los registros exactos que solicitas (por ejemplo, \u00abResultados de ecograf\u00eda del 21\/10\/2025\u00bb)<\/li>\n\n<li>C\u00f3mo quieres que se entreguen los discos:<ul class=\"wp-block-list\"><li>Copia impresa (recogida o correo)<\/li>\n\n<li>Archivos digitales seguros mediante correo electr\u00f3nico encriptado<\/li>\n\n<li>C\u00e1rgalo en el portal para que puedas acceder a \u00e9l<\/li><\/ul><\/li><\/ul><h2 class=\"wp-block-heading\">\u00bfCu\u00e1nto tiempo se tarda?<\/h2><p>La HIPAA permite hasta <strong>30 d\u00edas<\/strong>, pero Medex DTC suele procesar:<\/p><figure class=\"wp-block-table\"><table class=\"has-fixed-layout\"><thead><tr><th>Tipo de registro<\/th><th>Tiempo estimado de cumplimiento<\/th><\/tr><\/thead><tbody><tr><td>Resultados de laboratorio<\/td><td>3-7 d\u00edas laborables<\/td><\/tr><tr><td>Imagen (Rayos X \/ Ultrasonidos)<\/td><td>3-7 d\u00edas laborables<\/td><\/tr><tr><td>Historial m\u00e9dico completo<\/td><td>5-14 d\u00edas laborables<\/td><\/tr><tr><td>Solicitudes legales\/seguros<\/td><td>10-30 d\u00edas laborables<\/td><\/tr><\/tbody><\/table><\/figure><blockquote class=\"wp-block-quote is-layout-flow wp-block-quote-is-layout-flow\"><p>Solicitar <em>elementos concretos<\/em> (por ejemplo, \u00abecograf\u00eda desde el 12 de junio de 2025\u00bb) es m\u00e1s r\u00e1pido que solicitar <em>todo el historial de registros.<\/em><\/p><\/blockquote><h2 class=\"wp-block-heading\">Tasas y costes de los historiales m\u00e9dicos<\/h2><p>Los proveedores de asistencia sanitaria pueden cobrar una tarifa razonable por copiar y preparar historiales. En Medex seguimos las directrices federales y del Estado de NY. <\/p><p>Las tarifas t\u00edpicas pueden incluir:<\/p><ul class=\"wp-block-list\"><li>Gastos de impresi\u00f3n y copia (por p\u00e1gina)<\/li>\n\n<li>Tasa de tramitaci\u00f3n administrativa para solicitudes de registros voluminosos<\/li>\n\n<li>Franqueo si se env\u00eda por correo<\/li><\/ul><p><strong>No se cobra nada cuando los historiales m\u00e9dicos se env\u00edan directamente a otro m\u00e9dico para que contin\u00fae la atenci\u00f3n.<\/strong><\/p><blockquote class=\"wp-block-quote is-layout-flow wp-block-quote-is-layout-flow\"><p>Si tu solicitud est\u00e1 relacionada con un caso legal, lesiones personales o un seguro, los honorarios pueden ser facturados de acuerdo con la normativa <a href=\"https:\/\/www.medexdtc.com\/es\/workers-comp-clinic-in-queens-ny\/\">del Estado de Nueva York sobre Compensaci\u00f3n Laboral<\/a> y <a href=\"https:\/\/www.medexdtc.com\/es\/no-fault-doctor-queens-ny-no-fault-care\/\">Sin Culpa<\/a>.<\/p><\/blockquote><h2 class=\"wp-block-heading\">\u00bfPuede otra persona solicitar mis expedientes?<\/h2><p>S\u00ed, <strong>con autorizaci\u00f3n escrita del paciente<\/strong>.<\/p><p>Ejemplos:<\/p><ul class=\"wp-block-list\"><li>Abogado que te representa en un caso<\/li>\n\n<li>Familiar que ayuda a gestionar tus cuidados<\/li>\n\n<li>Compa\u00f1\u00eda de seguros<\/li>\n\n<li>Otros centros m\u00e9dicos<\/li><\/ul><p>Deben proporcionar:<\/p><ul class=\"wp-block-list\"><li>Formulario HIPAA ROI firmado<\/li>\n\n<li>Copia del documento de identidad con fotograf\u00eda del paciente<\/li><\/ul><blockquote class=\"wp-block-quote is-layout-flow wp-block-quote-is-layout-flow\"><p>Sin autorizaci\u00f3n por escrito, <strong>legalmente no podemos divulgar tu historial.<\/strong><\/p><\/blockquote><h2 class=\"wp-block-heading\">\u00bfSe pueden denegar los registros?<\/h2><p>En casos muy raros, s\u00ed.<\/p><p>Ejemplos:<\/p><ul class=\"wp-block-list\"><li>Si la divulgaci\u00f3n del expediente puede poner en peligro al paciente o a otra persona<\/li>\n\n<li>Notas de psicoterapia (la HIPAA las excluye del acceso obligatorio)<\/li>\n\n<li>Si la solicitud est\u00e1 incompleta, no est\u00e1 firmada o no se puede verificar la identidad<\/li><\/ul><p>Se te notificar\u00e1 por escrito si no se puede satisfacer una solicitud.<\/p><h2 class=\"wp-block-heading\">C\u00f3mo solicitar una correcci\u00f3n de tu expediente<\/h2><p>La HIPAA tambi\u00e9n te permite solicitar una rectificaci\u00f3n si:<\/p><ul class=\"wp-block-list\"><li>Algo es inexacto<\/li>\n\n<li>La informaci\u00f3n es incompleta<\/li><\/ul><p>Presenta una solicitud por escrito describiendo la correcci\u00f3n.<br\/>Los proveedores tienen <strong>60 d\u00edas<\/strong> para responder.<\/p><h2 class=\"wp-block-heading\">Consejos para evitar retrasos<\/h2><p>Especifica las fechas exactas del servicio<br\/>Solicita los registros <strong>una vez<\/strong> finalizada la visita o la prueba<br\/>Utiliza el mismo nombre que aparece en tu historial m\u00e9dico<br\/>Aseg\u00farate de que el formulario de la HIPAA est\u00e1 firmado y con el DNI adjunto<\/p><h2 class=\"wp-block-heading\">Preguntas frecuentes<\/h2><p><strong>\u00bfPuedo obtener mi historial m\u00e9dico el mismo d\u00eda?<\/strong><br\/>Si tus archivos ya est\u00e1n disponibles y claramente especificados, a menudo es posible recogerlos el mismo d\u00eda para art\u00edculos b\u00e1sicos como los res\u00famenes de visita.<\/p><p><strong>\u00bfEst\u00e1n disponibles en l\u00ednea los resultados de laboratorio?<\/strong><br\/>S\u00ed, la mayor\u00eda de los resultados de laboratorio se publican en tu portal del paciente una vez revisados por tu m\u00e9dico.<\/p><p><strong>\u00bfQu\u00e9 pasa si cambio de m\u00e9dico?<\/strong><br\/>Podemos enviar los historiales directamente a tu nuevo m\u00e9dico <strong>sin coste alguno<\/strong>.<\/p><p><strong>\u00bfPuede mi c\u00f3nyuge\/padre\/amigo recoger mis discos por m\u00ed?<\/strong><br\/>S\u00ed, con autorizaci\u00f3n por escrito y un documento de identidad v\u00e1lido.<\/p><p><strong>\u00bfPuedo solicitar los expedientes de un hijo o de un padre anciano?<\/strong><br\/>S\u00ed, si eres el tutor legal o tienes un poder sanitario\/POA.<\/p><h2 class=\"wp-block-heading\">Por qu\u00e9 es importante el acceso a tu historial m\u00e9dico<\/h2><p>Cuando tienes tu historial, adquieres el control de tu salud.<\/p><p>Los beneficios incluyen:<\/p><ul class=\"wp-block-list\"><li>Obtenci\u00f3n m\u00e1s r\u00e1pida de segundas opiniones<\/li>\n\n<li>Seguimiento de los resultados a lo largo del tiempo<\/li>\n\n<li>Mejora de la comunicaci\u00f3n con los especialistas<\/li>\n\n<li>Reducci\u00f3n de la duplicaci\u00f3n de pruebas<\/li>\n\n<li>Mejor gesti\u00f3n de las enfermedades cr\u00f3nicas (diabetes, hipertensi\u00f3n, etc.)<\/li><\/ul><p>Los pacientes que se mantienen informados tienen <strong>mejores resultados sanitarios<\/strong>.<\/p><p>En <strong>el Centro de Diagn\u00f3stico y Tratamiento Medex de Queens, Nueva York<\/strong>, creemos que todos los pacientes merecen <strong>un acceso r\u00e1pido, seguro y sin estr\u00e9s a sus historiales m\u00e9dicos y resultados de pruebas.<\/strong> Tanto si necesitas tus historiales para uso personal, de otro m\u00e9dico, por motivos legales o para reclamaciones al seguro, nuestro Departamento de Historiales est\u00e1 preparado para ayudarte.<\/p><p><\/p>","protected":false},"excerpt":{"rendered":"<p>Gestionar tu salud significa tener acceso a tu informaci\u00f3n sanitaria, incluidos los resultados de pruebas, im\u00e1genes, informes de laboratorio, res\u00famenes de visitas e historiales m\u00e9dicos completos. Tanto si necesitas historiales para un nuevo especialista, la escuela o el trabajo, documentaci\u00f3n legal o una revisi\u00f3n personal, el proceso debe ser sencillo y seguro. En el Centro &hellip; <\/p>\n<p class=\"link-more\"><a href=\"https:\/\/www.medexdtc.com\/es\/how-to-obtain-copies-of-your-medical-records-and-test-results\/\" class=\"more-link\">Continue reading<span class=\"screen-reader-text\"> \u00abC\u00f3mo obtener copias de tus historiales m\u00e9dicos y resultados de pruebas\u00bb<\/span><\/a><\/p>\n","protected":false},"author":3,"featured_media":6669,"parent":0,"menu_order":0,"comment_status":"closed","ping_status":"closed","template":"new_inner.php","meta":{"_acf_changed":false,"footnotes":""},"class_list":["post-6673","page","type-page","status-publish","has-post-thumbnail","hentry"],"acf":[],"yoast_head":"<!-- This site is optimized with the Yoast SEO plugin v27.3 - https:\/\/yoast.com\/product\/yoast-seo-wordpress\/ -->\n<title>C\u00f3mo solicitar historiales m\u00e9dicos - Medex DTC, Queens NY<\/title>\n<meta name=\"description\" content=\"Inf\u00f3rmate sobre c\u00f3mo obtener tu historial m\u00e9dico o los resultados de tus pruebas en el Centro de Diagn\u00f3stico y Tratamiento Medex de Queens, NY. Proceso de liberaci\u00f3n conforme a la HIPAA. R\u00e1pido y seguro.\" \/>\n<meta name=\"robots\" content=\"index, follow, max-snippet:-1, max-image-preview:large, max-video-preview:-1\" \/>\n<link rel=\"canonical\" href=\"https:\/\/www.medexdtc.com\/es\/how-to-obtain-copies-of-your-medical-records-and-test-results\/\" \/>\n<meta property=\"og:locale\" content=\"es_ES\" \/>\n<meta property=\"og:type\" content=\"article\" \/>\n<meta property=\"og:title\" content=\"C\u00f3mo solicitar historiales m\u00e9dicos - Medex DTC, Queens NY\" \/>\n<meta property=\"og:description\" content=\"Inf\u00f3rmate sobre c\u00f3mo obtener tu historial m\u00e9dico o los resultados de tus pruebas en el Centro de Diagn\u00f3stico y Tratamiento Medex de Queens, NY. Proceso de liberaci\u00f3n conforme a la HIPAA. R\u00e1pido y seguro.\" \/>\n<meta property=\"og:url\" content=\"https:\/\/www.medexdtc.com\/es\/how-to-obtain-copies-of-your-medical-records-and-test-results\/\" \/>\n<meta property=\"og:site_name\" content=\"Medex Diagnostic and Treatment Center - Queens Medical Center - Medical Clinic in Forest Hills, NY\" \/>\n<meta property=\"article:publisher\" content=\"https:\/\/www.facebook.com\/medexny\" \/>\n<meta property=\"article:modified_time\" content=\"2025-11-11T02:34:46+00:00\" \/>\n<meta property=\"og:image\" content=\"https:\/\/www.medexdtc.com\/wp-content\/uploads\/2025\/11\/how-to-get-a-copy-of-my-medical-results-min.png\" \/>\n\t<meta property=\"og:image:width\" content=\"1536\" \/>\n\t<meta property=\"og:image:height\" content=\"1024\" \/>\n\t<meta property=\"og:image:type\" content=\"image\/png\" \/>\n<meta name=\"twitter:card\" content=\"summary_large_image\" \/>\n<meta name=\"twitter:site\" content=\"@DtcMedex\" \/>\n<meta name=\"twitter:label1\" content=\"Tiempo de lectura\" \/>\n\t<meta name=\"twitter:data1\" content=\"8 minutos\" \/>\n<!-- \/ Yoast SEO plugin. -->","yoast_head_json":{"title":"C\u00f3mo solicitar historiales m\u00e9dicos - Medex DTC, Queens NY","description":"Inf\u00f3rmate sobre c\u00f3mo obtener tu historial m\u00e9dico o los resultados de tus pruebas en el Centro de Diagn\u00f3stico y Tratamiento Medex de Queens, NY. Proceso de liberaci\u00f3n conforme a la HIPAA. R\u00e1pido y seguro.","robots":{"index":"index","follow":"follow","max-snippet":"max-snippet:-1","max-image-preview":"max-image-preview:large","max-video-preview":"max-video-preview:-1"},"canonical":"https:\/\/www.medexdtc.com\/es\/how-to-obtain-copies-of-your-medical-records-and-test-results\/","og_locale":"es_ES","og_type":"article","og_title":"C\u00f3mo solicitar historiales m\u00e9dicos - Medex DTC, Queens NY","og_description":"Inf\u00f3rmate sobre c\u00f3mo obtener tu historial m\u00e9dico o los resultados de tus pruebas en el Centro de Diagn\u00f3stico y Tratamiento Medex de Queens, NY. Proceso de liberaci\u00f3n conforme a la HIPAA. R\u00e1pido y seguro.","og_url":"https:\/\/www.medexdtc.com\/es\/how-to-obtain-copies-of-your-medical-records-and-test-results\/","og_site_name":"Medex Diagnostic and Treatment Center - Queens Medical Center - Medical Clinic in Forest Hills, NY","article_publisher":"https:\/\/www.facebook.com\/medexny","article_modified_time":"2025-11-11T02:34:46+00:00","og_image":[{"width":1536,"height":1024,"url":"https:\/\/www.medexdtc.com\/wp-content\/uploads\/2025\/11\/how-to-get-a-copy-of-my-medical-results-min.png","type":"image\/png"}],"twitter_card":"summary_large_image","twitter_site":"@DtcMedex","twitter_misc":{"Tiempo de lectura":"8 minutos"},"schema":{"@context":"https:\/\/schema.org","@graph":[{"@type":"WebPage","@id":"https:\/\/www.medexdtc.com\/es\/how-to-obtain-copies-of-your-medical-records-and-test-results\/","url":"https:\/\/www.medexdtc.com\/es\/how-to-obtain-copies-of-your-medical-records-and-test-results\/","name":"C\u00f3mo solicitar historiales m\u00e9dicos - Medex DTC, Queens NY","isPartOf":{"@id":"https:\/\/www.medexdtc.com\/es\/#website"},"primaryImageOfPage":{"@id":"https:\/\/www.medexdtc.com\/es\/how-to-obtain-copies-of-your-medical-records-and-test-results\/#primaryimage"},"image":{"@id":"https:\/\/www.medexdtc.com\/es\/how-to-obtain-copies-of-your-medical-records-and-test-results\/#primaryimage"},"thumbnailUrl":"https:\/\/www.medexdtc.com\/wp-content\/uploads\/2025\/11\/how-to-get-a-copy-of-my-medical-results-min.png","datePublished":"2025-11-09T21:01:23+00:00","dateModified":"2025-11-11T02:34:46+00:00","description":"Inf\u00f3rmate sobre c\u00f3mo obtener tu historial m\u00e9dico o los resultados de tus pruebas en el Centro de Diagn\u00f3stico y Tratamiento Medex de Queens, NY. Proceso de liberaci\u00f3n conforme a la HIPAA. R\u00e1pido y seguro.","breadcrumb":{"@id":"https:\/\/www.medexdtc.com\/es\/how-to-obtain-copies-of-your-medical-records-and-test-results\/#breadcrumb"},"inLanguage":"es","potentialAction":[{"@type":"ReadAction","target":["https:\/\/www.medexdtc.com\/es\/how-to-obtain-copies-of-your-medical-records-and-test-results\/"]}]},{"@type":"ImageObject","inLanguage":"es","@id":"https:\/\/www.medexdtc.com\/es\/how-to-obtain-copies-of-your-medical-records-and-test-results\/#primaryimage","url":"https:\/\/www.medexdtc.com\/wp-content\/uploads\/2025\/11\/how-to-get-a-copy-of-my-medical-results-min.png","contentUrl":"https:\/\/www.medexdtc.com\/wp-content\/uploads\/2025\/11\/how-to-get-a-copy-of-my-medical-results-min.png","width":1536,"height":1024,"caption":"How to Obtain Copies of Your Medical Records and Test Results"},{"@type":"BreadcrumbList","@id":"https:\/\/www.medexdtc.com\/es\/how-to-obtain-copies-of-your-medical-records-and-test-results\/#breadcrumb","itemListElement":[{"@type":"ListItem","position":1,"name":"Home","item":"https:\/\/www.medexdtc.com\/es\/"},{"@type":"ListItem","position":2,"name":"C\u00f3mo obtener copias de tus historiales m\u00e9dicos y resultados de pruebas"}]},{"@type":"WebSite","@id":"https:\/\/www.medexdtc.com\/es\/#website","url":"https:\/\/www.medexdtc.com\/es\/","name":"Medex DTC","description":"Medex Diagnostic and Treatment Center is a Medical Center in Queens, NY is a dynamic multi-specialty clinic. Physicians delivering high quality individualized care in Forest Hills, Queens, NY.","publisher":{"@id":"https:\/\/www.medexdtc.com\/es\/#organization"},"potentialAction":[{"@type":"SearchAction","target":{"@type":"EntryPoint","urlTemplate":"https:\/\/www.medexdtc.com\/es\/?s={search_term_string}"},"query-input":{"@type":"PropertyValueSpecification","valueRequired":true,"valueName":"search_term_string"}}],"inLanguage":"es"},{"@type":"Organization","@id":"https:\/\/www.medexdtc.com\/es\/#organization","name":"Medex DCT","url":"https:\/\/www.medexdtc.com\/es\/","logo":{"@type":"ImageObject","inLanguage":"es","@id":"https:\/\/www.medexdtc.com\/es\/#\/schema\/logo\/image\/","url":"https:\/\/www.medexdtc.com\/wp-content\/uploads\/2024\/11\/medex-diagnostic-and-treatment-center-in-queens-NY.png","contentUrl":"https:\/\/www.medexdtc.com\/wp-content\/uploads\/2024\/11\/medex-diagnostic-and-treatment-center-in-queens-NY.png","width":226,"height":47,"caption":"Medex DCT"},"image":{"@id":"https:\/\/www.medexdtc.com\/es\/#\/schema\/logo\/image\/"},"sameAs":["https:\/\/www.facebook.com\/medexny","https:\/\/x.com\/DtcMedex","https:\/\/www.instagram.com\/medexdtc\/","https:\/\/www.linkedin.com\/company\/medex-diagnostic-and-treatment-center\/about\/"]}]}},"jetpack_sharing_enabled":true,"_links":{"self":[{"href":"https:\/\/www.medexdtc.com\/es\/wp-json\/wp\/v2\/pages\/6673","targetHints":{"allow":["GET"]}}],"collection":[{"href":"https:\/\/www.medexdtc.com\/es\/wp-json\/wp\/v2\/pages"}],"about":[{"href":"https:\/\/www.medexdtc.com\/es\/wp-json\/wp\/v2\/types\/page"}],"author":[{"embeddable":true,"href":"https:\/\/www.medexdtc.com\/es\/wp-json\/wp\/v2\/users\/3"}],"replies":[{"embeddable":true,"href":"https:\/\/www.medexdtc.com\/es\/wp-json\/wp\/v2\/comments?post=6673"}],"version-history":[{"count":3,"href":"https:\/\/www.medexdtc.com\/es\/wp-json\/wp\/v2\/pages\/6673\/revisions"}],"predecessor-version":[{"id":6683,"href":"https:\/\/www.medexdtc.com\/es\/wp-json\/wp\/v2\/pages\/6673\/revisions\/6683"}],"wp:featuredmedia":[{"embeddable":true,"href":"https:\/\/www.medexdtc.com\/es\/wp-json\/wp\/v2\/media\/6669"}],"wp:attachment":[{"href":"https:\/\/www.medexdtc.com\/es\/wp-json\/wp\/v2\/media?parent=6673"}],"curies":[{"name":"wp","href":"https:\/\/api.w.org\/{rel}","templated":true}]}}