{"id":6795,"date":"2026-01-19T06:19:21","date_gmt":"2026-01-19T01:19:21","guid":{"rendered":"https:\/\/www.medexdtc.com\/cuidados-medicos-criticos-tras-un-accidente-por-resbalon-y-caida\/"},"modified":"2026-01-19T06:23:58","modified_gmt":"2026-01-19T01:23:58","slug":"critical-medical-care-after-a-slip-fall-accident","status":"publish","type":"page","link":"https:\/\/www.medexdtc.com\/es\/critical-medical-care-after-a-slip-fall-accident\/","title":{"rendered":"Cuidados M\u00e9dicos Cr\u00edticos Tras un Accidente por Resbal\u00f3n y Ca\u00edda"},"content":{"rendered":"<p>Los accidentes por resbalones y ca\u00eddas ocurren con m\u00e1s frecuencia de lo que la gente cree, y pueden ocurrir en cualquier parte: en casa, en el trabajo o en lugares p\u00fablicos como tiendas de comestibles, aceras y edificios de apartamentos. Aunque mucha gente tacha estos incidentes de \u00ableves\u00bb, la realidad es que las lesiones por resbalones y ca\u00eddas pueden causar graves complicaciones m\u00e9dicas si no se eval\u00faan y tratan con prontitud. <\/p><p>En <strong>el Centro de Diagn\u00f3stico y Tratamiento Medex<\/strong>, nuestro equipo m\u00e9dico multidisciplinar proporciona <strong>cuidados cr\u00edticos tras el accidente<\/strong> para identificar lesiones ocultas, controlar el dolor y prevenir complicaciones a largo plazo. Si t\u00fa o un ser querido hab\u00e9is sufrido una ca\u00edda, buscar atenci\u00f3n m\u00e9dica inmediata puede proteger tu salud y favorecer tu recuperaci\u00f3n. <\/p><p><strong>Diagn\u00f3stico y Tratamiento Expertos en el Centro de Diagn\u00f3stico y Tratamiento Medex en Queens, NY<\/strong><\/p><p>Art\u00edculos relacionados:<\/p><p><a href=\"https:\/\/www.medexdtc.com\/es\/how-to-file-a-workers-comp-claim\/\">C\u00f3mo presentar una reclamaci\u00f3n de indemnizaci\u00f3n por accidente laboral<\/a><\/p><p><a href=\"https:\/\/www.medexdtc.com\/es\/who-pays-for-care-in-no-fault-injury-cases\/\">\u00bfQui\u00e9n paga los cuidados en los casos de lesiones sin culpa?<\/a><\/p><p><a href=\"https:\/\/www.medexdtc.com\/es\/what-to-do-if-youre-in-an-auto-accident-in-new-york-state\/\">\u00bfQu\u00e9 hacer si tienes un accidente de tr\u00e1fico en el estado de Nueva York?<\/a><\/p><p><a href=\"https:\/\/www.medexdtc.com\/es\/what-is-a-workers-compensation-schedule-loss-of-use-award\/\">\u00bfQu\u00e9 es una indemnizaci\u00f3n por p\u00e9rdida de uso?<\/a><\/p><figure class=\"wp-block-image size-full\"><img fetchpriority=\"high\" decoding=\"async\" width=\"800\" height=\"533\" src=\"https:\/\/www.medexdtc.com\/wp-content\/uploads\/2026\/01\/slip-and-fall-medical-care-in-queens-ny.jpg\" alt=\"Cuidados M\u00e9dicos Cr\u00edticos Tras un Accidente por Resbal\u00f3n y Ca\u00edda\" class=\"wp-image-6788\" srcset=\"https:\/\/www.medexdtc.com\/wp-content\/uploads\/2026\/01\/slip-and-fall-medical-care-in-queens-ny.jpg 800w, https:\/\/www.medexdtc.com\/wp-content\/uploads\/2026\/01\/slip-and-fall-medical-care-in-queens-ny-300x200.jpg 300w, https:\/\/www.medexdtc.com\/wp-content\/uploads\/2026\/01\/slip-and-fall-medical-care-in-queens-ny-768x512.jpg 768w, https:\/\/www.medexdtc.com\/wp-content\/uploads\/2026\/01\/slip-and-fall-medical-care-in-queens-ny-600x400.jpg 600w, https:\/\/www.medexdtc.com\/wp-content\/uploads\/2026\/01\/slip-and-fall-medical-care-in-queens-ny-48x32.jpg 48w\" sizes=\"(max-width: 800px) 100vw, 800px\" \/><\/figure><h2 class=\"wp-block-heading\">Por qu\u00e9 los accidentes por resbalones y ca\u00eddas son m\u00e1s graves de lo que parecen<\/h2><p>Muchas lesiones por resbal\u00f3n y ca\u00edda no son visibles inmediatamente. La adrenalina puede enmascarar el dolor, y los s\u00edntomas pueden tardar horas, o incluso d\u00edas, en aparecer por completo. Lo que al principio parece dolor puede convertirse m\u00e1s tarde en dolor cr\u00f3nico, problemas de movilidad o s\u00edntomas neurol\u00f3gicos.  <\/p><p>Las <strong>lesiones ocultas<\/strong> m\u00e1s frecuentes <strong>tras una ca\u00edda<\/strong> son<\/p><ul class=\"wp-block-list\"><li>Fracturas capilares o por estr\u00e9s<\/li>\n\n<li>Conmociones cerebrales o traumatismos craneoencef\u00e1licos leves (TCE)<\/li>\n\n<li>Discos vertebrales herniados o abultados<\/li>\n\n<li>Da\u00f1os en los tejidos blandos (ligamentos, tendones, m\u00fasculos)<\/li>\n\n<li>Hemorragias internas o lesiones articulares<\/li><\/ul><p>El diagn\u00f3stico precoz es fundamental. Retrasar la atenci\u00f3n puede empeorar las lesiones, prolongar la recuperaci\u00f3n y aumentar el riesgo de da\u00f1os permanentes. <\/p><h2 class=\"wp-block-heading\">Causas y lugares comunes de los accidentes por resbalones y ca\u00eddas<\/h2><p>Los accidentes por resbalones y ca\u00eddas pueden ocurrirle a cualquiera, independientemente de su edad o condici\u00f3n f\u00edsica. Entender d\u00f3nde y por qu\u00e9 ocurren puede ayudarte a reconocer los factores de riesgo. <\/p><h3 class=\"wp-block-heading\">Causas frecuentes<\/h3><ul class=\"wp-block-list\"><li>Suelos mojados o resbaladizos<\/li>\n\n<li>Pavimento irregular o aceras agrietadas<\/li>\n\n<li>Alfombras sueltas o sin asegurar<\/li>\n\n<li>Mala iluminaci\u00f3n<\/li>\n\n<li>Hielo, nieve o escombros<\/li>\n\n<li>Calzado inadecuado<\/li><\/ul><h3 class=\"wp-block-heading\">Lugares de alto riesgo<\/h3><ul class=\"wp-block-list\"><li><strong>Lugares de trabajo<\/strong> (almacenes, obras, oficinas)<\/li>\n\n<li><strong>Espacios p\u00fablicos<\/strong> (tiendas, centros comerciales, aparcamientos, estaciones de metro)<\/li>\n\n<li><strong>Edificios residenciales<\/strong> (escaleras, pasillos, entradas)<\/li>\n\n<li><strong>Viviendas particulares<\/strong> (ba\u00f1os, cocinas, escaleras)<\/li><\/ul><p>Independientemente de d\u00f3nde se produzca la ca\u00edda, la evaluaci\u00f3n m\u00e9dica debe ser tu primer paso.<\/p><h2 class=\"wp-block-heading\">S\u00edntomas a tener en cuenta tras un resbal\u00f3n y ca\u00edda<\/h2><p>No todas las lesiones se presentan inmediatamente. Algunos s\u00edntomas pueden ser sutiles al principio, pero empeoran con el tiempo. <\/p><h3 class=\"wp-block-heading\">Busca atenci\u00f3n m\u00e9dica si experimentas<\/h3><ul class=\"wp-block-list\"><li>Dolor o rigidez persistentes<\/li>\n\n<li>Hinchaz\u00f3n o hematomas<\/li>\n\n<li>Dolores de cabeza o mareos<\/li>\n\n<li>Entumecimiento u hormigueo<\/li>\n\n<li>Amplitud de movimiento limitada<\/li>\n\n<li>Dolor de cuello o espalda<\/li>\n\n<li>N\u00e1useas o confusi\u00f3n<\/li>\n\n<li>Dificultad para andar o estar de pie<\/li><\/ul><p>Estos s\u00edntomas pueden indicar lesiones que requieren pruebas de imagen, la evaluaci\u00f3n de un especialista o un tratamiento continuado.<\/p><h2 class=\"wp-block-heading\">Por qu\u00e9 es esencial la atenci\u00f3n m\u00e9dica inmediata tras una ca\u00edda<\/h2><p>La atenci\u00f3n m\u00e9dica r\u00e1pida tras un accidente por resbal\u00f3n y ca\u00edda no consiste s\u00f3lo en aliviar el dolor, sino en <strong>prevenir problemas de salud a largo plazo<\/strong>.<\/p><h3 class=\"wp-block-heading\">Beneficios de la evaluaci\u00f3n temprana:<\/h3><ul class=\"wp-block-list\"><li>Detecta lesiones ocultas antes de que empeoren<\/li>\n\n<li>Previene el dolor cr\u00f3nico y los problemas de movilidad<\/li>\n\n<li>Documenta las lesiones a efectos legales o de seguros<\/li>\n\n<li>Acelera la recuperaci\u00f3n y la rehabilitaci\u00f3n<\/li>\n\n<li>Reduce el riesgo de complicaciones<\/li><\/ul><p>En el Centro de Diagn\u00f3stico y Tratamiento Medex, adoptamos un <strong>enfoque exhaustivo y basado en pruebas<\/strong> para la atenci\u00f3n tras un accidente, garantizando que no se pase por alto ninguna lesi\u00f3n.<\/p><h2 class=\"wp-block-heading\">Atenci\u00f3n integral de lesiones por resbal\u00f3n y ca\u00edda en el Centro de Diagn\u00f3stico y Tratamiento Medex<\/h2><p>Medex ofrece <strong>atenci\u00f3n multiespecializada en un solo lugar<\/strong>, lo que elimina la necesidad de acudir a varios centros tras un accidente.<\/p><h3 class=\"wp-block-heading\">Servicios de diagn\u00f3stico<\/h3><ul class=\"wp-block-list\"><li><strong>Im\u00e1genes avanzadas<\/strong> para fracturas y lesiones articulares<\/li>\n\n<li><strong>Evaluaciones neurol\u00f3gicas<\/strong> de conmociones cerebrales y lesiones nerviosas<br\/> <a href=\"https:\/\/www.medexdtc.com\/es\/neurologia-en-forest-hills-queens-ny\/\">Servicios de Neurolog\u00eda<\/a><\/li>\n\n<li><strong>Evaluaciones ortop\u00e9dicas<\/strong> de lesiones \u00f3seas, articulares y de columna vertebral<br\/><a href=\"https:\/\/www.medexdtc.com\/es\/orthopedics\/\">Atenci\u00f3n Ortop\u00e9dica<\/a><\/li><\/ul><h3 class=\"wp-block-heading\">Servicios de tratamiento y recuperaci\u00f3n<\/h3><ul class=\"wp-block-list\"><li><strong>Evaluaci\u00f3n de atenci\u00f3n primaria<\/strong> para la gesti\u00f3n global de lesiones<br\/> <a href=\"https:\/\/www.medexdtc.com\/es\/primary-care\/\">M\u00e9dicos de atenci\u00f3n primaria en Queens<\/a><\/li>\n\n<li><strong>Tratamiento del dolor y planificaci\u00f3n de la rehabilitaci\u00f3n<\/strong><br\/> <a href=\"https:\/\/www.medexdtc.com\/es\/tratamiento-del-dolor-en-queens\/\">Servicios de tratamiento del dolor<\/a><\/li>\n\n<li><strong>Fisioterapia y recuperaci\u00f3n de la movilidad<\/strong><br\/> <a href=\"https:\/\/www.medexdtc.com\/es\/physical-therapy\/\">Fisioterapia<\/a><\/li><\/ul><p>Nuestro modelo de atenci\u00f3n coordinada garantiza un diagn\u00f3stico m\u00e1s r\u00e1pido, un tratamiento eficaz y un proceso de recuperaci\u00f3n m\u00e1s suave.<\/p><h2 class=\"wp-block-heading\">M\u00e9dicos con experiencia especializados en lesiones tras accidentes<\/h2><p>En Medex trabajan <strong>m\u00e9dicos colegiados y especialistas<\/strong> con experiencia en el tratamiento de lesiones por resbalones y ca\u00eddas:<\/p><ul class=\"wp-block-list\"><li><a href=\"https:\/\/www.medexdtc.com\/es\/medex-dtc-medicos-de-queens\/dr-irina-benyaminova-do-primary-care-physician-in-queens-ny\/\">M\u00e9dicos de atenci\u00f3n primaria<\/a><\/li>\n\n<li><a href=\"https:\/\/www.medexdtc.com\/es\/medex-dtc-medicos-de-queens\/dr-victor-katz\/\">Especialistas en ortopedia<\/a><\/li>\n\n<li><a href=\"https:\/\/www.medexdtc.com\/es\/medex-dtc-medicos-de-queens\/jacob-k-mathew-md-dpn\/\">Neur\u00f3logos<\/a><\/li>\n\n<li>M\u00e9dicos para el tratamiento del dolor<\/li>\n\n<li><a href=\"https:\/\/www.medexdtc.com\/es\/medex-dtc-medicos-de-queens\/rodrigo-sipalay-pt\/\">Expertos en rehabilitaci\u00f3n f\u00edsica<\/a><\/li><\/ul><p>Cada paciente recibe un <strong>plan de tratamiento personalizado<\/strong> basado en sus s\u00edntomas, resultados de las pruebas de imagen y objetivos de recuperaci\u00f3n.<\/p><h2 class=\"wp-block-heading\">Cu\u00e1ndo concertar una cita despu\u00e9s de una ca\u00edda<\/h2><p>Debes concertar una cita m\u00e9dica <strong>lo antes posible<\/strong> si:<\/p><ul class=\"wp-block-list\"><li>Te ca\u00edste y te golpeaste la cabeza<\/li>\n\n<li>El dolor persiste m\u00e1s de 24 horas<\/li>\n\n<li>Los s\u00edntomas empeoran con el tiempo<\/li>\n\n<li>Experimentas entumecimiento, debilidad o mareos<\/li>\n\n<li>Necesitas documentaci\u00f3n por motivos legales o del seguro<\/li><\/ul><p>Aunque los s\u00edntomas parezcan leves, una evaluaci\u00f3n precoz puede evitar complicaciones graves m\u00e1s adelante.<\/p><h2 class=\"wp-block-heading\">Programa una evaluaci\u00f3n de lesiones por resbal\u00f3n y ca\u00edda en Queens, NY<\/h2><p>Si has sufrido un accidente por resbal\u00f3n y ca\u00edda, no esperes a que empeoren los s\u00edntomas. Protege tu salud con una evaluaci\u00f3n m\u00e9dica exhaustiva en <strong>el Centro de Diagn\u00f3stico y Tratamiento Medex<\/strong>. <\/p><p>\ud83d\udcde <strong>Llama hoy para concertar tu cita<\/strong> al <a href=\"tel:+17182758900\">(718) 275-8900<\/a><br\/>\ud83d\udccd Convenientemente situado en <strong>Queens, NY<\/strong>: 111-29 Queens Blvd Forest Hills, NY 11375<br\/>\ud83e\ude7a Citas disponibles el mismo d\u00eda y para m\u00faltiples especialidades.<\/p><p><strong>Pide cita online<\/strong> <\/p><h2 class=\"wp-block-heading\">Preguntas frecuentes (FAQ): Asistencia m\u00e9dica por accidente de resbal\u00f3n y ca\u00edda<\/h2><p><strong>1) \u00bfDebo ir al m\u00e9dico despu\u00e9s de un resbal\u00f3n y ca\u00edda si me encuentro bien?<\/strong><br\/>S\u00ed. Muchas lesiones no aparecen de inmediato. La adrenalina puede ocultar el dolor, y s\u00edntomas como dolores de cabeza, mareos, hinchaz\u00f3n o dolor de espalda\/cuello pueden aparecer horas o d\u00edas despu\u00e9s. Una evaluaci\u00f3n m\u00e9dica ayuda a detectar precozmente las lesiones ocultas.   <\/p><p><strong>2) \u00bfQu\u00e9 s\u00edntomas tras una ca\u00edda requieren atenci\u00f3n m\u00e9dica inmediata?<\/strong><br\/>Busca atenci\u00f3n urgente de inmediato si tienes dolor intenso, no puedes soportar peso, deformidad visible, hinchaz\u00f3n importante, entumecimiento\/debilidad, empeoramiento del dolor de cabeza, mareos, confusi\u00f3n, n\u00e1useas\/v\u00f3mitos, cambios en la visi\u00f3n, dolor tor\u00e1cico o dificultad para respirar, especialmente si te golpeaste la cabeza o te desmayaste.<\/p><p><strong>3) \u00bfCu\u00e1ndo debo someterme a una revisi\u00f3n tras un resbal\u00f3n y una ca\u00edda?<\/strong><br\/>Lo ideal es el mismo d\u00eda, sobre todo si te golpeas la cabeza, aumenta el dolor o aparecen nuevos s\u00edntomas. Una evaluaci\u00f3n precoz puede evitar complicaciones y acelerar la recuperaci\u00f3n. <\/p><p><strong>4) \u00bfCu\u00e1les son las lesiones por resbal\u00f3n y ca\u00edda m\u00e1s frecuentes?<\/strong><br\/>Entre las lesiones m\u00e1s frecuentes est\u00e1n los esguinces de tobillo o mu\u00f1eca, las lesiones de rodilla, las lesiones de cadera, las fracturas, las contusiones, las distensiones musculares, las lesiones de cuello y espalda, las hernias discales y las conmociones cerebrales.<\/p><p><strong>5) \u00bfPuede un resbal\u00f3n y una ca\u00edda provocar una conmoci\u00f3n cerebral sin golpearme la cabeza?<\/strong><br\/>S\u00ed. Una conmoci\u00f3n cerebral puede producirse porque la fuerza de la ca\u00edda hace que el cerebro se mueva dentro del cr\u00e1neo, incluso sin impacto directo en la cabeza. Presta atenci\u00f3n al dolor de cabeza, mareos, n\u00e1useas, sensibilidad a la luz, confusi\u00f3n o problemas de concentraci\u00f3n.  <\/p><p><strong>6) \u00bfQu\u00e9 pruebas puedo necesitar tras un resbal\u00f3n y ca\u00edda?<\/strong><br\/>Depende de tus s\u00edntomas. Muchos pacientes necesitan una exploraci\u00f3n f\u00edsica y a veces pruebas de imagen (como radiograf\u00edas) para descartar fracturas. Para los s\u00edntomas de cabeza, columna o nervios, puede recomendarse una evaluaci\u00f3n adicional o pruebas de imagen.  <\/p><p><strong>7) \u00bfQu\u00e9 debo hacer inmediatamente despu\u00e9s de caerme?<\/strong><br\/>Trasl\u00e1date a una zona segura si puedes. Comprueba si hay dolor intenso, hemorragia o s\u00edntomas de traumatismo craneal. Evita poner peso sobre una extremidad dolorida. Si los s\u00edntomas son preocupantes, busca atenci\u00f3n urgente. Si es posible, anota d\u00f3nde te ca\u00edste, qu\u00e9 lo caus\u00f3 (suelo mojado, hielo, superficie irregular) y haz fotos, y luego programa una evaluaci\u00f3n m\u00e9dica.    <\/p><p><strong>8) \u00bfPor qu\u00e9 es importante la documentaci\u00f3n m\u00e9dica tras un resbal\u00f3n y ca\u00edda?<\/strong><br\/>El historial m\u00e9dico documenta tus s\u00edntomas, los resultados de la exploraci\u00f3n y el diagn\u00f3stico. Esto ayuda a orientar tu plan de tratamiento y suele ser importante para las reclamaciones al seguro, los informes del lugar de trabajo o a efectos legales. <\/p><p><strong>9) \u00bfQu\u00e9 tipos de m\u00e9dicos pueden ayudar tras un resbal\u00f3n y ca\u00edda en Medex?<\/strong><br\/>Dependiendo de tu lesi\u00f3n, pueden atenderte proveedores de atenci\u00f3n primaria, ortopedia (huesos\/articulaciones\/columna vertebral), neurolog\u00eda (traumatismo craneal, mareos, s\u00edntomas nerviosos), tratamiento del dolor y fisioterapia\/rehabilitaci\u00f3n, a menudo coordinados en un mismo lugar.<\/p><p><strong>10) \u00bfC\u00f3mo puedo concertar una cita en Medex DTC tras un resbal\u00f3n y una ca\u00edda?<\/strong><br\/>Puedes reservar online o llamar para programar una evaluaci\u00f3n. Si tienes s\u00edntomas de urgencia como confusi\u00f3n, dolor de cabeza intenso, dolor tor\u00e1cico, dificultad para respirar o no puedes andar, acude inmediatamente a urgencias. <\/p>","protected":false},"excerpt":{"rendered":"<p>Los accidentes por resbalones y ca\u00eddas ocurren con m\u00e1s frecuencia de lo que la gente cree, y pueden ocurrir en cualquier parte: en casa, en el trabajo o en lugares p\u00fablicos como tiendas de comestibles, aceras y edificios de apartamentos. Aunque mucha gente tacha estos incidentes de \u00ableves\u00bb, la realidad es que las lesiones por &hellip; <\/p>\n<p class=\"link-more\"><a href=\"https:\/\/www.medexdtc.com\/es\/critical-medical-care-after-a-slip-fall-accident\/\" class=\"more-link\">Continue reading<span class=\"screen-reader-text\"> \u00abCuidados M\u00e9dicos Cr\u00edticos Tras un Accidente por Resbal\u00f3n y Ca\u00edda\u00bb<\/span><\/a><\/p>\n","protected":false},"author":3,"featured_media":6790,"parent":0,"menu_order":0,"comment_status":"closed","ping_status":"closed","template":"new_inner.php","meta":{"_acf_changed":false,"footnotes":""},"class_list":["post-6795","page","type-page","status-publish","has-post-thumbnail","hentry"],"acf":[],"yoast_head":"<!-- This site is optimized with the Yoast SEO plugin v27.5 - https:\/\/yoast.com\/product\/yoast-seo-wordpress\/ -->\n<title>Atenci\u00f3n de lesiones por resbal\u00f3n y ca\u00edda en Queens, NY | Medex Diagnostic Center<\/title>\n<meta name=\"description\" content=\"\u00bfHerido en un resbal\u00f3n y ca\u00edda? Obt\u00e9n diagn\u00f3stico, diagn\u00f3stico por imagen y tratamiento el mismo d\u00eda en Queens, NY. M\u00e9dicos expertos en Medex, reserva tu cita hoy mismo.\" \/>\n<meta name=\"robots\" content=\"index, follow, max-snippet:-1, max-image-preview:large, max-video-preview:-1\" \/>\n<link rel=\"canonical\" href=\"https:\/\/www.medexdtc.com\/es\/critical-medical-care-after-a-slip-fall-accident\/\" \/>\n<meta property=\"og:locale\" content=\"es_ES\" \/>\n<meta property=\"og:type\" content=\"article\" \/>\n<meta property=\"og:title\" content=\"Atenci\u00f3n de lesiones por resbal\u00f3n y ca\u00edda en Queens, NY | Medex Diagnostic Center\" \/>\n<meta property=\"og:description\" content=\"\u00bfHerido en un resbal\u00f3n y ca\u00edda? Obt\u00e9n diagn\u00f3stico, diagn\u00f3stico por imagen y tratamiento el mismo d\u00eda en Queens, NY. M\u00e9dicos expertos en Medex, reserva tu cita hoy mismo.\" \/>\n<meta property=\"og:url\" content=\"https:\/\/www.medexdtc.com\/es\/critical-medical-care-after-a-slip-fall-accident\/\" \/>\n<meta property=\"og:site_name\" content=\"Medex Diagnostic and Treatment Center - Queens Medical Center - Medical Clinic in Forest Hills, NY\" \/>\n<meta property=\"article:publisher\" content=\"https:\/\/www.facebook.com\/medexny\" \/>\n<meta property=\"article:modified_time\" content=\"2026-01-19T01:23:58+00:00\" \/>\n<meta property=\"og:image\" content=\"https:\/\/www.medexdtc.com\/wp-content\/uploads\/2026\/01\/slip-and-fall-medical-care-in-queens-ny.jpg\" \/>\n\t<meta property=\"og:image:width\" content=\"800\" \/>\n\t<meta property=\"og:image:height\" content=\"533\" \/>\n\t<meta property=\"og:image:type\" content=\"image\/jpeg\" \/>\n<meta name=\"twitter:card\" content=\"summary_large_image\" \/>\n<meta name=\"twitter:site\" content=\"@DtcMedex\" \/>\n<meta name=\"twitter:label1\" content=\"Tiempo de lectura\" \/>\n\t<meta name=\"twitter:data1\" content=\"9 minutos\" \/>\n<!-- \/ Yoast SEO plugin. -->","yoast_head_json":{"title":"Atenci\u00f3n de lesiones por resbal\u00f3n y ca\u00edda en Queens, NY | Medex Diagnostic Center","description":"\u00bfHerido en un resbal\u00f3n y ca\u00edda? Obt\u00e9n diagn\u00f3stico, diagn\u00f3stico por imagen y tratamiento el mismo d\u00eda en Queens, NY. M\u00e9dicos expertos en Medex, reserva tu cita hoy mismo.","robots":{"index":"index","follow":"follow","max-snippet":"max-snippet:-1","max-image-preview":"max-image-preview:large","max-video-preview":"max-video-preview:-1"},"canonical":"https:\/\/www.medexdtc.com\/es\/critical-medical-care-after-a-slip-fall-accident\/","og_locale":"es_ES","og_type":"article","og_title":"Atenci\u00f3n de lesiones por resbal\u00f3n y ca\u00edda en Queens, NY | Medex Diagnostic Center","og_description":"\u00bfHerido en un resbal\u00f3n y ca\u00edda? Obt\u00e9n diagn\u00f3stico, diagn\u00f3stico por imagen y tratamiento el mismo d\u00eda en Queens, NY. M\u00e9dicos expertos en Medex, reserva tu cita hoy mismo.","og_url":"https:\/\/www.medexdtc.com\/es\/critical-medical-care-after-a-slip-fall-accident\/","og_site_name":"Medex Diagnostic and Treatment Center - Queens Medical Center - Medical Clinic in Forest Hills, NY","article_publisher":"https:\/\/www.facebook.com\/medexny","article_modified_time":"2026-01-19T01:23:58+00:00","og_image":[{"width":800,"height":533,"url":"https:\/\/www.medexdtc.com\/wp-content\/uploads\/2026\/01\/slip-and-fall-medical-care-in-queens-ny.jpg","type":"image\/jpeg"}],"twitter_card":"summary_large_image","twitter_site":"@DtcMedex","twitter_misc":{"Tiempo de lectura":"9 minutos"},"schema":{"@context":"https:\/\/schema.org","@graph":[{"@type":"WebPage","@id":"https:\/\/www.medexdtc.com\/es\/critical-medical-care-after-a-slip-fall-accident\/","url":"https:\/\/www.medexdtc.com\/es\/critical-medical-care-after-a-slip-fall-accident\/","name":"Atenci\u00f3n de lesiones por resbal\u00f3n y ca\u00edda en Queens, NY | Medex Diagnostic Center","isPartOf":{"@id":"https:\/\/www.medexdtc.com\/es\/#website"},"primaryImageOfPage":{"@id":"https:\/\/www.medexdtc.com\/es\/critical-medical-care-after-a-slip-fall-accident\/#primaryimage"},"image":{"@id":"https:\/\/www.medexdtc.com\/es\/critical-medical-care-after-a-slip-fall-accident\/#primaryimage"},"thumbnailUrl":"https:\/\/www.medexdtc.com\/wp-content\/uploads\/2026\/01\/slip-and-fall-medical-care-in-queens-ny.jpg","datePublished":"2026-01-19T01:19:21+00:00","dateModified":"2026-01-19T01:23:58+00:00","description":"\u00bfHerido en un resbal\u00f3n y ca\u00edda? Obt\u00e9n diagn\u00f3stico, diagn\u00f3stico por imagen y tratamiento el mismo d\u00eda en Queens, NY. M\u00e9dicos expertos en Medex, reserva tu cita hoy mismo.","breadcrumb":{"@id":"https:\/\/www.medexdtc.com\/es\/critical-medical-care-after-a-slip-fall-accident\/#breadcrumb"},"inLanguage":"es","potentialAction":[{"@type":"ReadAction","target":["https:\/\/www.medexdtc.com\/es\/critical-medical-care-after-a-slip-fall-accident\/"]}]},{"@type":"ImageObject","inLanguage":"es","@id":"https:\/\/www.medexdtc.com\/es\/critical-medical-care-after-a-slip-fall-accident\/#primaryimage","url":"https:\/\/www.medexdtc.com\/wp-content\/uploads\/2026\/01\/slip-and-fall-medical-care-in-queens-ny.jpg","contentUrl":"https:\/\/www.medexdtc.com\/wp-content\/uploads\/2026\/01\/slip-and-fall-medical-care-in-queens-ny.jpg","width":800,"height":533,"caption":"Injured in a slip & fall? Get same-day diagnosis, imaging, and treatment in Queens, NY. Expert doctors at Medex\u2014book your appointment today."},{"@type":"BreadcrumbList","@id":"https:\/\/www.medexdtc.com\/es\/critical-medical-care-after-a-slip-fall-accident\/#breadcrumb","itemListElement":[{"@type":"ListItem","position":1,"name":"Home","item":"https:\/\/www.medexdtc.com\/es\/"},{"@type":"ListItem","position":2,"name":"Cuidados M\u00e9dicos Cr\u00edticos Tras un Accidente por Resbal\u00f3n y Ca\u00edda"}]},{"@type":"WebSite","@id":"https:\/\/www.medexdtc.com\/es\/#website","url":"https:\/\/www.medexdtc.com\/es\/","name":"Medex DTC","description":"Medex Diagnostic and Treatment Center is a Medical Center in Queens, NY is a dynamic multi-specialty clinic. Physicians delivering high quality individualized care in Forest Hills, Queens, NY.","publisher":{"@id":"https:\/\/www.medexdtc.com\/es\/#organization"},"potentialAction":[{"@type":"SearchAction","target":{"@type":"EntryPoint","urlTemplate":"https:\/\/www.medexdtc.com\/es\/?s={search_term_string}"},"query-input":{"@type":"PropertyValueSpecification","valueRequired":true,"valueName":"search_term_string"}}],"inLanguage":"es"},{"@type":"Organization","@id":"https:\/\/www.medexdtc.com\/es\/#organization","name":"Medex DCT","url":"https:\/\/www.medexdtc.com\/es\/","logo":{"@type":"ImageObject","inLanguage":"es","@id":"https:\/\/www.medexdtc.com\/es\/#\/schema\/logo\/image\/","url":"https:\/\/www.medexdtc.com\/wp-content\/uploads\/2024\/11\/medex-diagnostic-and-treatment-center-in-queens-NY.png","contentUrl":"https:\/\/www.medexdtc.com\/wp-content\/uploads\/2024\/11\/medex-diagnostic-and-treatment-center-in-queens-NY.png","width":226,"height":47,"caption":"Medex DCT"},"image":{"@id":"https:\/\/www.medexdtc.com\/es\/#\/schema\/logo\/image\/"},"sameAs":["https:\/\/www.facebook.com\/medexny","https:\/\/x.com\/DtcMedex","https:\/\/www.instagram.com\/medexdtc\/","https:\/\/www.linkedin.com\/company\/medex-diagnostic-and-treatment-center\/about\/"]}]}},"jetpack_sharing_enabled":true,"_links":{"self":[{"href":"https:\/\/www.medexdtc.com\/es\/wp-json\/wp\/v2\/pages\/6795","targetHints":{"allow":["GET"]}}],"collection":[{"href":"https:\/\/www.medexdtc.com\/es\/wp-json\/wp\/v2\/pages"}],"about":[{"href":"https:\/\/www.medexdtc.com\/es\/wp-json\/wp\/v2\/types\/page"}],"author":[{"embeddable":true,"href":"https:\/\/www.medexdtc.com\/es\/wp-json\/wp\/v2\/users\/3"}],"replies":[{"embeddable":true,"href":"https:\/\/www.medexdtc.com\/es\/wp-json\/wp\/v2\/comments?post=6795"}],"version-history":[{"count":1,"href":"https:\/\/www.medexdtc.com\/es\/wp-json\/wp\/v2\/pages\/6795\/revisions"}],"predecessor-version":[{"id":6796,"href":"https:\/\/www.medexdtc.com\/es\/wp-json\/wp\/v2\/pages\/6795\/revisions\/6796"}],"wp:featuredmedia":[{"embeddable":true,"href":"https:\/\/www.medexdtc.com\/es\/wp-json\/wp\/v2\/media\/6790"}],"wp:attachment":[{"href":"https:\/\/www.medexdtc.com\/es\/wp-json\/wp\/v2\/media?parent=6795"}],"curies":[{"name":"wp","href":"https:\/\/api.w.org\/{rel}","templated":true}]}}