{"id":7061,"date":"2026-03-02T01:58:38","date_gmt":"2026-03-01T20:58:38","guid":{"rendered":"https:\/\/www.medexdtc.com\/polimiositis-sintomas-y-tratamiento\/"},"modified":"2026-03-02T02:00:24","modified_gmt":"2026-03-01T21:00:24","slug":"polymyositis-symptoms-and-treatment","status":"publish","type":"page","link":"https:\/\/www.medexdtc.com\/es\/polymyositis-symptoms-and-treatment\/","title":{"rendered":"Polimiositis: S\u00edntomas y tratamiento"},"content":{"rendered":"<p><strong><strong>Polimiositis<\/strong> <\/strong>es una enfermedad autoinmune sist\u00e9mica que inflama los m\u00fasculos esquel\u00e9ticos, causando debilidad progresiva (a menudo en caderas y hombros), fatiga y, a veces, dolor. Puede volverse peligrosa cuando afecta a la degluci\u00f3n o la respiraci\u00f3n, aumentando el riesgo de neumon\u00eda por aspiraci\u00f3n e insuficiencia respiratoria. En raras ocasiones, la inflamaci\u00f3n sist\u00e9mica puede afectar al tracto gastrointestinal (incluida la vasculitis intestinal). La evaluaci\u00f3n precoz, las pruebas de laboratorio (p. ej., CK), EMG, diagn\u00f3stico por imagen y, a veces, la biopsia muscular ayudan a confirmar el diagn\u00f3stico y orientar el tratamiento.   <\/p><p><strong>Importante:<\/strong> Este art\u00edculo tiene fines educativos y no sustituye al asesoramiento m\u00e9dico. La polimiositis puede llegar a ser grave y requiere la evaluaci\u00f3n de un cl\u00ednico titulado. <\/p><figure class=\"wp-block-image size-large\"><img fetchpriority=\"high\" decoding=\"async\" width=\"1024\" height=\"683\" src=\"https:\/\/www.medexdtc.com\/wp-content\/uploads\/2026\/03\/Polymyositis-1024x683.jpg\" alt=\"Polimiositis\" class=\"wp-image-7056\" srcset=\"https:\/\/www.medexdtc.com\/wp-content\/uploads\/2026\/03\/Polymyositis-1024x683.jpg 1024w, https:\/\/www.medexdtc.com\/wp-content\/uploads\/2026\/03\/Polymyositis-300x200.jpg 300w, https:\/\/www.medexdtc.com\/wp-content\/uploads\/2026\/03\/Polymyositis-768x512.jpg 768w, https:\/\/www.medexdtc.com\/wp-content\/uploads\/2026\/03\/Polymyositis-600x400.jpg 600w, https:\/\/www.medexdtc.com\/wp-content\/uploads\/2026\/03\/Polymyositis-48x32.jpg 48w, https:\/\/www.medexdtc.com\/wp-content\/uploads\/2026\/03\/Polymyositis.jpg 1536w\" sizes=\"(max-width: 1024px) 100vw, 1024px\" \/><\/figure><p>La polimiositis es una <strong>enfermedad autoinmunitaria sist\u00e9mica<\/strong> en la que el sistema inmunitario ataca por error a <strong>los m\u00fasculos esquel\u00e9ticos (estriados)<\/strong>, provocando inflamaci\u00f3n, dolor, debilidad progresiva y, a veces, atrofia muscular. Tambi\u00e9n puede afectar a otros \u00f3rganos y sistemas, como los <strong>pulmones, el coraz\u00f3n y el tubo digestivo<\/strong>. <\/p><p>Un mensaje clave: <strong>las complicaciones pueden poner en peligro la vida<\/strong>. La afectaci\u00f3n gastrointestinal, como la <strong>vasculitis intestinal<\/strong>, as\u00ed como la <strong>neumon\u00eda por aspiraci\u00f3n<\/strong> y la <strong>insuficiencia respiratoria<\/strong>, pueden conducir a desenlaces mortales si se retrasa la atenci\u00f3n m\u00e9dica. <\/p><p>Si notas debilidad muscular nueva o que empeora (sobre todo en hombros\/caderas), dificultad para tragar o dificultad para respirar, <strong>acude r\u00e1pidamente a un m\u00e9dico<\/strong>.<\/p><h2 class=\"wp-block-heading\">C\u00f3mo puede ayudar el Centro de Diagn\u00f3stico y Tratamiento Medex<\/h2><p>En <strong>el Centro de Diagn\u00f3stico y Tratamiento Medex<\/strong> podemos ayudarte a coordinarlo:<\/p><ul class=\"wp-block-list\"><li>Pruebas diagn\u00f3sticas (an\u00e1lisis y pruebas de imagen adecuadas)<\/li>\n\n<li>Derivaciones a especialistas cuando sea necesario (reumatolog\u00eda, neumolog\u00eda, cardiolog\u00eda, gastrointestinal)<\/li>\n\n<li>Seguimiento continuo y planificaci\u00f3n de cuidados de apoyo<\/li><\/ul><p>Si sospechas que tienes polimiositis, o ya te la han diagnosticado y los s\u00edntomas est\u00e1n cambiando, ponte en contacto con<strong>nuestro equipo para programar una evaluaci\u00f3n m\u00e9dica<\/strong>.<\/p><h2 class=\"wp-block-heading\">\u00bfQu\u00e9 es la polimiositis?<\/h2><p>La polimiositis forma parte de un grupo denominado <strong>miopat\u00edas inflamatorias idiop\u00e1ticas<\/strong>, enfermedades caracterizadas por una inflamaci\u00f3n y debilidad musculares continuas. Suele causar <strong>debilidad sim\u00e9trica en los m\u00fasculos m\u00e1s cercanos al torso<\/strong> (caderas, muslos, hombros, parte superior de los brazos, cuello). <\/p><p>A diferencia de <strong>la dermatomiositis<\/strong>, la polimiositis <strong>no<\/strong> suele comenzar con una erupci\u00f3n cut\u00e1nea. Sin embargo, el diagn\u00f3stico requiere una evaluaci\u00f3n cuidadosa porque varias afecciones pueden imitar a la polimiositis, y las decisiones sobre el tratamiento dependen del subtipo exacto de miopat\u00eda inflamatoria. <\/p><h2 class=\"wp-block-heading\">Por qu\u00e9 la polimiositis puede ser peligrosa<\/h2><p>La polimiositis no es \u00abs\u00f3lo dolor muscular\u00bb. Puede afectar a funciones vitales como la degluci\u00f3n y la respiraci\u00f3n: <\/p><ul class=\"wp-block-list\"><li><strong>La debilidad de los m\u00fasculos de la degluci\u00f3n (disfagia)<\/strong> puede hacer que los alimentos\/l\u00edquidos entren en las v\u00edas respiratorias<strong>(aspiraci\u00f3n<\/strong>), lo que provoca <strong>neumon\u00eda por aspiraci\u00f3n<\/strong>.<\/li>\n\n<li>La debilidad de los m\u00fasculos respiratorios y\/o la afectaci\u00f3n pulmonar pueden causar <strong>insuficiencia respiratoria<\/strong>, una situaci\u00f3n de emergencia.<\/li>\n\n<li><strong>La inflamaci\u00f3n sist\u00e9mica<\/strong> tambi\u00e9n puede afectar al coraz\u00f3n y al tracto gastrointestinal; algunos pacientes desarrollan complicaciones gastrointestinales graves, incluida la vasculitis (inflamaci\u00f3n de los vasos sangu\u00edneos).<\/li><\/ul><p><strong>Acude inmediatamente a urgencias<\/strong> si tienes:<\/p><ul class=\"wp-block-list\"><li>Dificultad respiratoria grave, labios\/cara azulados o incapacidad para decir frases completas<\/li>\n\n<li>Dolor en el pecho, desmayo o nuevos latidos irregulares del coraz\u00f3n<\/li>\n\n<li>Episodios de asfixia, tos repetida durante las comidas o sospecha de aspiraci\u00f3n<\/li>\n\n<li>Heces negras\/alquitranadas, dolor abdominal intenso o signos de hemorragia digestiva (posible vasculitis)<\/li><\/ul><hr class=\"wp-block-separator has-alpha-channel-opacity\"\/><h2 class=\"wp-block-heading\">Causas y factores de riesgo<\/h2><p>La causa exacta no se conoce del todo. La polimiositis se considera <strong>autoinmune<\/strong>, lo que significa que el sistema inmunitario ataca al tejido sano. Los investigadores han explorado posibles desencadenantes, como las infecciones y la susceptibilidad gen\u00e9tica.  <\/p><p>Los factores potenciales asociados con el inicio o los brotes pueden incluir:<\/p><ul class=\"wp-block-list\"><li>Ciertos desencadenantes v\u00edricos o inmunitarios (en investigaci\u00f3n)<\/li>\n\n<li>Predisposici\u00f3n familiar a enfermedades autoinmunes (en algunos casos)<\/li>\n\n<li>Enfermedades autoinmunes coexistentes (pueden producirse s\u00edndromes de solapamiento)<\/li><\/ul><h2 class=\"wp-block-heading\">Tipos y formas cl\u00ednicas<\/h2><p>Los cl\u00ednicos pueden hablar de la polimiositis en categor\u00edas basadas en la presentaci\u00f3n y las afecciones asociadas, como \u00abpolimiositis primaria\u00bb, solapamiento con otras enfermedades autoinmunes o miositis asociada al c\u00e1ncer en contextos cl\u00ednicos apropiados.<\/p><p><strong>Los patrones del curso<\/strong> pueden incluir:<\/p><ul class=\"wp-block-list\"><li><strong>Inicio agudo\/subagudo:<\/strong> los s\u00edntomas se desarrollan r\u00e1pidamente durante semanas<\/li>\n\n<li><strong>Curso cr\u00f3nico:<\/strong> los s\u00edntomas evolucionan m\u00e1s lentamente, a menudo con una gravedad creciente o decreciente<\/li><\/ul><h2 class=\"wp-block-heading\">S\u00edntomas de la polimiositis<\/h2><p>Los s\u00edntomas suelen desarrollarse gradualmente a lo largo de semanas o meses.<\/p><h3 class=\"wp-block-heading\">S\u00edntomas comunes<\/h3><ul class=\"wp-block-list\"><li><strong>Debilidad muscular<\/strong> en ambos lados del cuerpo, especialmente:<ul class=\"wp-block-list\"><li>Dificultad para levantarse de una silla, subir escaleras, levantar objetos por encima de la cabeza<\/li>\n\n<li>Dificultad para levantarse del suelo<\/li>\n\n<li>Debilidad en el cuello (dificultad para mantener la cabeza erguida)<\/li><\/ul><\/li>\n\n<li><strong>Dolor o sensibilidad muscular<\/strong> (no siempre presente)<\/li>\n\n<li><strong>Fatiga<\/strong> y disminuci\u00f3n de la resistencia<\/li><\/ul><h3 class=\"wp-block-heading\">S\u00edntomas de degluci\u00f3n y voz (importante)<\/h3><ul class=\"wp-block-list\"><li><strong>Dificultad para tragar<\/strong> (la comida se \u00abpega\u00bb, tos durante las comidas, atragantamiento)<\/li>\n\n<li>P\u00e9rdida de peso o deshidrataci\u00f3n por reducci\u00f3n de la ingesta<\/li><\/ul><h3 class=\"wp-block-heading\">S\u00edntomas respiratorios (importante)<\/h3><ul class=\"wp-block-list\"><li>Dificultad para respirar, especialmente con una actividad m\u00ednima<\/li>\n\n<li>Tos d\u00e9bil o infecciones frecuentes de pecho<\/li><\/ul><h2 class=\"wp-block-heading\">Complicaciones (incluidas las potencialmente mortales)<\/h2><p>Las complicaciones de la polimiositis pueden ser<\/p><ol class=\"wp-block-list\"><li><strong>Vasculitis intestinal \/ Complicaciones GI<\/strong><br\/>La inflamaci\u00f3n de los vasos sangu\u00edneos que irrigan los intestinos puede reducir el flujo sangu\u00edneo y da\u00f1ar los tejidos intestinales; esto puede presentarse como dolor abdominal intenso, hemorragia u obstrucci\u00f3n, y requiere una evaluaci\u00f3n urgente.<\/li>\n\n<li><strong>Neumon\u00eda por aspiraci\u00f3n<\/strong><br\/>Cuando los m\u00fasculos de la degluci\u00f3n se debilitan, la comida\/l\u00edquido\/saliva puede entrar en los pulmones (aspiraci\u00f3n) y causar neumon\u00eda.<\/li>\n\n<li><strong>Insuficiencia respiratoria<\/strong><br\/>La debilidad grave de los m\u00fasculos respiratorios y\/o la afectaci\u00f3n pulmonar pueden afectar a la ventilaci\u00f3n y la oxigenaci\u00f3n: se trata de una urgencia m\u00e9dica.<\/li><\/ol><h2 class=\"wp-block-heading\">Diagn\u00f3stico: C\u00f3mo se confirma la polimiositis<\/h2><p>Un diagn\u00f3stico adecuado suele combinar s\u00edntomas, resultados de la exploraci\u00f3n, an\u00e1lisis de laboratorio y pruebas especializadas. Tu m\u00e9dico tambi\u00e9n puede evaluar afecciones relacionadas que pueden parecer similares. <\/p><p>Los pasos habituales incluyen:<\/p><h3 class=\"wp-block-heading\">1) Historia cl\u00ednica + exploraci\u00f3n f\u00edsica<\/h3><ul class=\"wp-block-list\"><li>Patr\u00f3n de debilidad (proximal, sim\u00e9trico)<\/li>\n\n<li>S\u00edntomas de degluci\u00f3n\/respiraci\u00f3n<\/li>\n\n<li>Revisi\u00f3n de la medicaci\u00f3n e historial autoinmune<\/li><\/ul><h3 class=\"wp-block-heading\">2) An\u00e1lisis de sangre<\/h3><ul class=\"wp-block-list\"><li>Marcadores de lesi\u00f3n muscular (por ejemplo, <strong>creatina quinasa\/CK<\/strong>) e inflamaci\u00f3n<\/li>\n\n<li>Autoanticuerpos en algunos casos<\/li><\/ul><h3 class=\"wp-block-heading\">3) Electromiograf\u00eda (EMG)<\/h3><ul class=\"wp-block-list\"><li>Ayuda a evaluar la afectaci\u00f3n muscular\/nerviosa<\/li><\/ul><h3 class=\"wp-block-heading\">4) Imagen<\/h3><ul class=\"wp-block-list\"><li>La resonancia magn\u00e9tica puede mostrar zonas musculares inflamadas (a menudo se utiliza para guiar la biopsia)<\/li>\n\n<li>Imagen tor\u00e1cica si hay s\u00edntomas pulmonares<\/li><\/ul><h3 class=\"wp-block-heading\">5) Biopsia muscular (cuando sea necesario)<\/h3><ul class=\"wp-block-list\"><li>Puede ayudar a confirmar la miopat\u00eda inflamatoria y descartar otras causas<\/li><\/ul><p>Dado que la polimiositis puede afectar a m\u00faltiples \u00f3rganos, los m\u00e9dicos tambi\u00e9n pueden coordinar la evaluaci\u00f3n con <strong>reumatolog\u00eda, neumolog\u00eda, cardiolog\u00eda, neurolog\u00eda y gastroenterolog\u00eda<\/strong> en funci\u00f3n de los s\u00edntomas.<\/p><h2 class=\"wp-block-heading\">Opciones de tratamiento<\/h2><p>El tratamiento pretende <strong>reducir la inflamaci\u00f3n de origen inmunitario<\/strong>, restablecer la funci\u00f3n y prevenir las complicaciones.<\/p><h3 class=\"wp-block-heading\">Medicamentos<\/h3><ul class=\"wp-block-list\"><li><strong>Los corticosteroides (p. ej., prednisona)<\/strong> suelen utilizarse para controlar la inflamaci\u00f3n, sobre todo al principio del tratamiento.<\/li>\n\n<li>Si la respuesta es incompleta o para reducir la exposici\u00f3n a los corticoides, los m\u00e9dicos pueden a\u00f1adir <strong>medicamentos inmunosupresores o ahorradores de corticoides<\/strong> (elegidos en funci\u00f3n de tu caso y perfil de seguridad).<\/li><\/ul><h3 class=\"wp-block-heading\">Cuidados de apoyo y rehabilitaci\u00f3n<\/h3><ul class=\"wp-block-list\"><li><strong>Fisioterapia<\/strong> para recuperar la fuerza de forma segura y evitar el desacondicionamiento<\/li>\n\n<li><strong>Terapia del habla\/degluci\u00f3n<\/strong> para reducir el riesgo de disfagia (para ayudar a prevenir la aspiraci\u00f3n)<\/li>\n\n<li>Apoyo nutricional si hay p\u00e9rdida de peso o desnutrici\u00f3n<\/li><\/ul><h3 class=\"wp-block-heading\">Seguimiento y prevenci\u00f3n de complicaciones<\/h3><ul class=\"wp-block-list\"><li>Exploraci\u00f3n y seguimiento de la afectaci\u00f3n pulmonar, la seguridad de la degluci\u00f3n y los s\u00edntomas card\u00edacos<\/li>\n\n<li>Tratamiento r\u00e1pido de las infecciones respiratorias y gesti\u00f3n del riesgo de aspiraci\u00f3n<\/li><\/ul><hr class=\"wp-block-separator has-alpha-channel-opacity\"\/><h2 class=\"wp-block-heading\">Cu\u00e1ndo acudir a un especialista<\/h2><p>Pide cita r\u00e1pidamente si la tienes:<\/p><ul class=\"wp-block-list\"><li>Nueva <strong>debilidad en hombros\/caderas<\/strong> que empeora<\/li>\n\n<li>Dificultad para subir escaleras, levantarse de una silla, levantar los brazos por encima de la cabeza<\/li>\n\n<li><strong>Problemas para tragar<\/strong>, atragantarse o toser durante las comidas<\/li>\n\n<li>Falta de aliento persistente o fatiga inexplicable<\/li><\/ul><p>La evaluaci\u00f3n precoz es importante, un tratamiento a tiempo puede ayudar a reducir el riesgo de complicaciones graves y favorecer la funci\u00f3n a m\u00e1s largo plazo.<\/p><h2 class=\"wp-block-heading\">PREGUNTAS FRECUENTES<\/h2><p><strong>\u00bfEs curable la polimiositis?<\/strong><br\/>La polimiositis suele ser una enfermedad cr\u00f3nica, pero muchas personas pueden conseguir un buen control de los s\u00edntomas y periodos de remisi\u00f3n con un tratamiento y un seguimiento adecuados.<\/p><p><strong>\u00bfCu\u00e1l es la diferencia entre polimiositis y dermatomiositis?<\/strong><br\/>La dermatomiositis incluye inflamaci\u00f3n muscular <strong>m\u00e1s una erupci\u00f3n cut\u00e1nea caracter\u00edstica<\/strong>, mientras que la polimiositis no suele tenerla.<\/p><p><strong>\u00bfPor qu\u00e9 resulta dif\u00edcil tragar?<\/strong><br\/>La inflamaci\u00f3n y la debilidad pueden afectar a los m\u00fasculos que intervienen en la degluci\u00f3n, aumentando el riesgo de aspiraci\u00f3n y neumon\u00eda por aspiraci\u00f3n.<\/p><p><strong>\u00bfCu\u00e1ndo es una emergencia?<\/strong><br\/>Acude a urgencias por dificultad respiratoria grave, sospecha de aspiraci\u00f3n con fiebre o empeoramiento de la tos, dolor\/desmayo tor\u00e1cico o dolor\/sangrado abdominal grave.<\/p>","protected":false},"excerpt":{"rendered":"<p>Polimiositis es una enfermedad autoinmune sist\u00e9mica que inflama los m\u00fasculos esquel\u00e9ticos, causando debilidad progresiva (a menudo en caderas y hombros), fatiga y, a veces, dolor. Puede volverse peligrosa cuando afecta a la degluci\u00f3n o la respiraci\u00f3n, aumentando el riesgo de neumon\u00eda por aspiraci\u00f3n e insuficiencia respiratoria. En raras ocasiones, la inflamaci\u00f3n sist\u00e9mica puede afectar al &hellip; <\/p>\n<p class=\"link-more\"><a href=\"https:\/\/www.medexdtc.com\/es\/polymyositis-symptoms-and-treatment\/\" class=\"more-link\">Continue reading<span class=\"screen-reader-text\"> \u00abPolimiositis: S\u00edntomas y tratamiento\u00bb<\/span><\/a><\/p>\n","protected":false},"author":3,"featured_media":7058,"parent":0,"menu_order":0,"comment_status":"closed","ping_status":"closed","template":"new_inner.php","meta":{"_acf_changed":false,"footnotes":""},"class_list":["post-7061","page","type-page","status-publish","has-post-thumbnail","hentry"],"acf":[],"yoast_head":"<!-- This site is optimized with the Yoast SEO plugin v27.3 - https:\/\/yoast.com\/product\/yoast-seo-wordpress\/ -->\n<title>Polimiositis (enfermedad muscular autoinmune) - Medex DTC, NYC<\/title>\n<meta name=\"description\" content=\"La polimiositis es una enfermedad muscular autoinmune que causa debilidad y dolor. Aprende los s\u00edntomas, las complicaciones peligrosas y cu\u00e1ndo buscar atenci\u00f3n m\u00e9dica.\" \/>\n<meta name=\"robots\" content=\"index, follow, max-snippet:-1, max-image-preview:large, max-video-preview:-1\" \/>\n<link rel=\"canonical\" href=\"https:\/\/www.medexdtc.com\/es\/polymyositis-symptoms-and-treatment\/\" \/>\n<meta property=\"og:locale\" content=\"es_ES\" \/>\n<meta property=\"og:type\" content=\"article\" \/>\n<meta property=\"og:title\" content=\"Polimiositis (enfermedad muscular autoinmune) - Medex DTC, NYC\" \/>\n<meta property=\"og:description\" content=\"La polimiositis es una enfermedad muscular autoinmune que causa debilidad y dolor. Aprende los s\u00edntomas, las complicaciones peligrosas y cu\u00e1ndo buscar atenci\u00f3n m\u00e9dica.\" \/>\n<meta property=\"og:url\" content=\"https:\/\/www.medexdtc.com\/es\/polymyositis-symptoms-and-treatment\/\" \/>\n<meta property=\"og:site_name\" content=\"Medex Diagnostic and Treatment Center - Queens Medical Center - Medical Clinic in Forest Hills, NY\" \/>\n<meta property=\"article:publisher\" content=\"https:\/\/www.facebook.com\/medexny\" \/>\n<meta property=\"article:modified_time\" content=\"2026-03-01T21:00:24+00:00\" \/>\n<meta property=\"og:image\" content=\"https:\/\/www.medexdtc.com\/wp-content\/uploads\/2026\/03\/Polymyositis.jpg\" \/>\n\t<meta property=\"og:image:width\" content=\"1536\" \/>\n\t<meta property=\"og:image:height\" content=\"1024\" \/>\n\t<meta property=\"og:image:type\" content=\"image\/jpeg\" \/>\n<meta name=\"twitter:card\" content=\"summary_large_image\" \/>\n<meta name=\"twitter:site\" content=\"@DtcMedex\" \/>\n<meta name=\"twitter:label1\" content=\"Tiempo de lectura\" \/>\n\t<meta name=\"twitter:data1\" content=\"8 minutos\" \/>\n<!-- \/ Yoast SEO plugin. -->","yoast_head_json":{"title":"Polimiositis (enfermedad muscular autoinmune) - Medex DTC, NYC","description":"La polimiositis es una enfermedad muscular autoinmune que causa debilidad y dolor. Aprende los s\u00edntomas, las complicaciones peligrosas y cu\u00e1ndo buscar atenci\u00f3n m\u00e9dica.","robots":{"index":"index","follow":"follow","max-snippet":"max-snippet:-1","max-image-preview":"max-image-preview:large","max-video-preview":"max-video-preview:-1"},"canonical":"https:\/\/www.medexdtc.com\/es\/polymyositis-symptoms-and-treatment\/","og_locale":"es_ES","og_type":"article","og_title":"Polimiositis (enfermedad muscular autoinmune) - Medex DTC, NYC","og_description":"La polimiositis es una enfermedad muscular autoinmune que causa debilidad y dolor. Aprende los s\u00edntomas, las complicaciones peligrosas y cu\u00e1ndo buscar atenci\u00f3n m\u00e9dica.","og_url":"https:\/\/www.medexdtc.com\/es\/polymyositis-symptoms-and-treatment\/","og_site_name":"Medex Diagnostic and Treatment Center - Queens Medical Center - Medical Clinic in Forest Hills, NY","article_publisher":"https:\/\/www.facebook.com\/medexny","article_modified_time":"2026-03-01T21:00:24+00:00","og_image":[{"width":1536,"height":1024,"url":"https:\/\/www.medexdtc.com\/wp-content\/uploads\/2026\/03\/Polymyositis.jpg","type":"image\/jpeg"}],"twitter_card":"summary_large_image","twitter_site":"@DtcMedex","twitter_misc":{"Tiempo de lectura":"8 minutos"},"schema":{"@context":"https:\/\/schema.org","@graph":[{"@type":"WebPage","@id":"https:\/\/www.medexdtc.com\/es\/polymyositis-symptoms-and-treatment\/","url":"https:\/\/www.medexdtc.com\/es\/polymyositis-symptoms-and-treatment\/","name":"Polimiositis (enfermedad muscular autoinmune) - Medex DTC, NYC","isPartOf":{"@id":"https:\/\/www.medexdtc.com\/es\/#website"},"primaryImageOfPage":{"@id":"https:\/\/www.medexdtc.com\/es\/polymyositis-symptoms-and-treatment\/#primaryimage"},"image":{"@id":"https:\/\/www.medexdtc.com\/es\/polymyositis-symptoms-and-treatment\/#primaryimage"},"thumbnailUrl":"https:\/\/www.medexdtc.com\/wp-content\/uploads\/2026\/03\/Polymyositis.jpg","datePublished":"2026-03-01T20:58:38+00:00","dateModified":"2026-03-01T21:00:24+00:00","description":"La polimiositis es una enfermedad muscular autoinmune que causa debilidad y dolor. Aprende los s\u00edntomas, las complicaciones peligrosas y cu\u00e1ndo buscar atenci\u00f3n m\u00e9dica.","breadcrumb":{"@id":"https:\/\/www.medexdtc.com\/es\/polymyositis-symptoms-and-treatment\/#breadcrumb"},"inLanguage":"es","potentialAction":[{"@type":"ReadAction","target":["https:\/\/www.medexdtc.com\/es\/polymyositis-symptoms-and-treatment\/"]}]},{"@type":"ImageObject","inLanguage":"es","@id":"https:\/\/www.medexdtc.com\/es\/polymyositis-symptoms-and-treatment\/#primaryimage","url":"https:\/\/www.medexdtc.com\/wp-content\/uploads\/2026\/03\/Polymyositis.jpg","contentUrl":"https:\/\/www.medexdtc.com\/wp-content\/uploads\/2026\/03\/Polymyositis.jpg","width":1536,"height":1024,"caption":"Polymyositis"},{"@type":"BreadcrumbList","@id":"https:\/\/www.medexdtc.com\/es\/polymyositis-symptoms-and-treatment\/#breadcrumb","itemListElement":[{"@type":"ListItem","position":1,"name":"Home","item":"https:\/\/www.medexdtc.com\/es\/"},{"@type":"ListItem","position":2,"name":"Polimiositis: S\u00edntomas y tratamiento"}]},{"@type":"WebSite","@id":"https:\/\/www.medexdtc.com\/es\/#website","url":"https:\/\/www.medexdtc.com\/es\/","name":"Medex DTC","description":"Medex Diagnostic and Treatment Center is a Medical Center in Queens, NY is a dynamic multi-specialty clinic. Physicians delivering high quality individualized care in Forest Hills, Queens, NY.","publisher":{"@id":"https:\/\/www.medexdtc.com\/es\/#organization"},"potentialAction":[{"@type":"SearchAction","target":{"@type":"EntryPoint","urlTemplate":"https:\/\/www.medexdtc.com\/es\/?s={search_term_string}"},"query-input":{"@type":"PropertyValueSpecification","valueRequired":true,"valueName":"search_term_string"}}],"inLanguage":"es"},{"@type":"Organization","@id":"https:\/\/www.medexdtc.com\/es\/#organization","name":"Medex DCT","url":"https:\/\/www.medexdtc.com\/es\/","logo":{"@type":"ImageObject","inLanguage":"es","@id":"https:\/\/www.medexdtc.com\/es\/#\/schema\/logo\/image\/","url":"https:\/\/www.medexdtc.com\/wp-content\/uploads\/2024\/11\/medex-diagnostic-and-treatment-center-in-queens-NY.png","contentUrl":"https:\/\/www.medexdtc.com\/wp-content\/uploads\/2024\/11\/medex-diagnostic-and-treatment-center-in-queens-NY.png","width":226,"height":47,"caption":"Medex DCT"},"image":{"@id":"https:\/\/www.medexdtc.com\/es\/#\/schema\/logo\/image\/"},"sameAs":["https:\/\/www.facebook.com\/medexny","https:\/\/x.com\/DtcMedex","https:\/\/www.instagram.com\/medexdtc\/","https:\/\/www.linkedin.com\/company\/medex-diagnostic-and-treatment-center\/about\/"]}]}},"jetpack_sharing_enabled":true,"_links":{"self":[{"href":"https:\/\/www.medexdtc.com\/es\/wp-json\/wp\/v2\/pages\/7061","targetHints":{"allow":["GET"]}}],"collection":[{"href":"https:\/\/www.medexdtc.com\/es\/wp-json\/wp\/v2\/pages"}],"about":[{"href":"https:\/\/www.medexdtc.com\/es\/wp-json\/wp\/v2\/types\/page"}],"author":[{"embeddable":true,"href":"https:\/\/www.medexdtc.com\/es\/wp-json\/wp\/v2\/users\/3"}],"replies":[{"embeddable":true,"href":"https:\/\/www.medexdtc.com\/es\/wp-json\/wp\/v2\/comments?post=7061"}],"version-history":[{"count":1,"href":"https:\/\/www.medexdtc.com\/es\/wp-json\/wp\/v2\/pages\/7061\/revisions"}],"predecessor-version":[{"id":7062,"href":"https:\/\/www.medexdtc.com\/es\/wp-json\/wp\/v2\/pages\/7061\/revisions\/7062"}],"wp:featuredmedia":[{"embeddable":true,"href":"https:\/\/www.medexdtc.com\/es\/wp-json\/wp\/v2\/media\/7058"}],"wp:attachment":[{"href":"https:\/\/www.medexdtc.com\/es\/wp-json\/wp\/v2\/media?parent=7061"}],"curies":[{"name":"wp","href":"https:\/\/api.w.org\/{rel}","templated":true}]}}